{"id":638,"date":"2025-09-29T14:27:41","date_gmt":"2025-09-29T17:27:41","guid":{"rendered":"https:\/\/portais.santoandre.sp.gov.br\/hospitaldamulher\/?page_id=638"},"modified":"2025-11-07T17:44:04","modified_gmt":"2025-11-07T20:44:04","slug":"cartao-sus","status":"publish","type":"page","link":"https:\/\/portais.santoandre.sp.gov.br\/hospitaldamulher\/cartao-sus\/","title":{"rendered":"Cart\u00e3o SUS"},"content":{"rendered":"\n<p>O Cart\u00e3o Nacional de Sa\u00fade (CNS) ou Cart\u00e3o SUS \u00e9 o documento de identifica\u00e7\u00e3o do usu\u00e1rio do SUS e \u00e9 v\u00e1lido em todo o territ\u00f3rio brasileiro. Cont\u00e9m as informa\u00e7\u00f5es dos pacientes do Sistema \u00danico de Sa\u00fade, o que possibilita a cria\u00e7\u00e3o do hist\u00f3rico de atendimento de cada cidad\u00e3o.<\/p>\n\n\n<div class=\"wp-block-image\">\n<figure class=\"aligncenter size-full\"><img fetchpriority=\"high\" decoding=\"async\" width=\"300\" height=\"193\" src=\"https:\/\/portais.santoandre.sp.gov.br\/hospitaldamulher\/wp-content\/uploads\/sites\/28\/2025\/11\/cartao-sus-300x193-1.png\" alt=\"\" class=\"wp-image-670\" \/><\/figure><\/div>\n\n\n<p>A base de dados do sistema de Sa\u00fade \u00e9 atualizada sempre, permitindo o acompanhamento dos pacientes pelos profissionais de sa\u00fade, em qualquer parte do Pa\u00eds. O Cart\u00e3o SUS agiliza marca\u00e7\u00f5es de consultas e exames, facilita o acesso a medicamentos e \u00e9 um direito de todo cidad\u00e3o!<\/p>\n\n\n\n<p>Os estabelecimentos que est\u00e3o conectados \u00e0 rede de dados da Secretaria de Sa\u00fade da Prefeitura de Santo Andr\u00e9 emitem o Cart\u00e3o SUS. Para facilitar o direito de acesso aos servi\u00e7os, a Secretaria orienta o mun\u00edcipe que necessite do Cart\u00e3o SUS a procurar a Unidade B\u00e1sica de Sa\u00fade mais pr\u00f3xima de sua resid\u00eancia.<\/p>\n\n\n\n<p>\u00c9 necess\u00e1rio apresentar os seguintes documentos: RG, CPF, n\u00famero de PIS\/PASEP (se tiver) e comprovante de endere\u00e7o.<\/p>\n\n\n\n<p><strong>Em caso de perda, como fazer para obter 2\u00aa via do Cart\u00e3o SUS?<\/strong><\/p>\n\n\n\n<p><strong>R:<\/strong>&nbsp;A segunda via do Cart\u00e3o SUS poder\u00e1 ser obtida na mesma unidade de sa\u00fade em que foi feita a primeira. Caso n\u00e3o seja poss\u00edvel identificar o n\u00famero anteriormente atribu\u00eddo, pode ser solicitada a emiss\u00e3o de um novo cart\u00e3o.<\/p>\n","protected":false},"excerpt":{"rendered":"<p>O Cart\u00e3o Nacional de Sa\u00fade (CNS) ou Cart\u00e3o SUS \u00e9 o documento de identifica\u00e7\u00e3o do usu\u00e1rio do SUS e \u00e9 v\u00e1lido em todo o territ\u00f3rio brasileiro. Cont\u00e9m as informa\u00e7\u00f5es dos pacientes do Sistema \u00danico de Sa\u00fade, o que possibilita a cria\u00e7\u00e3o do hist\u00f3rico de atendimento de cada cidad\u00e3o. A base de dados do sistema de [&hellip;]<\/p>\n","protected":false},"author":39,"featured_media":0,"parent":0,"menu_order":0,"comment_status":"closed","ping_status":"closed","template":"","meta":{"footnotes":""},"class_list":["post-638","page","type-page","status-publish","hentry"],"_links":{"self":[{"href":"https:\/\/portais.santoandre.sp.gov.br\/hospitaldamulher\/wp-json\/wp\/v2\/pages\/638","targetHints":{"allow":["GET"]}}],"collection":[{"href":"https:\/\/portais.santoandre.sp.gov.br\/hospitaldamulher\/wp-json\/wp\/v2\/pages"}],"about":[{"href":"https:\/\/portais.santoandre.sp.gov.br\/hospitaldamulher\/wp-json\/wp\/v2\/types\/page"}],"author":[{"embeddable":true,"href":"https:\/\/portais.santoandre.sp.gov.br\/hospitaldamulher\/wp-json\/wp\/v2\/users\/39"}],"replies":[{"embeddable":true,"href":"https:\/\/portais.santoandre.sp.gov.br\/hospitaldamulher\/wp-json\/wp\/v2\/comments?post=638"}],"version-history":[{"count":3,"href":"https:\/\/portais.santoandre.sp.gov.br\/hospitaldamulher\/wp-json\/wp\/v2\/pages\/638\/revisions"}],"predecessor-version":[{"id":671,"href":"https:\/\/portais.santoandre.sp.gov.br\/hospitaldamulher\/wp-json\/wp\/v2\/pages\/638\/revisions\/671"}],"wp:attachment":[{"href":"https:\/\/portais.santoandre.sp.gov.br\/hospitaldamulher\/wp-json\/wp\/v2\/media?parent=638"}],"curies":[{"name":"wp","href":"https:\/\/api.w.org\/{rel}","templated":true}]}}