{"id":620,"date":"2025-09-29T14:15:22","date_gmt":"2025-09-29T17:15:22","guid":{"rendered":"https:\/\/portais.santoandre.sp.gov.br\/hospitaldamulher\/?page_id=620"},"modified":"2025-11-07T17:07:28","modified_gmt":"2025-11-07T20:07:28","slug":"acompanhantes-e-visitantes","status":"publish","type":"page","link":"https:\/\/portais.santoandre.sp.gov.br\/hospitaldamulher\/acompanhantes-e-visitantes\/","title":{"rendered":"Acompanhantes e Visitantes"},"content":{"rendered":"\n<p><strong>ORIENTA\u00c7\u00d5ES GERAIS:<\/strong><\/p>\n\n\n\n<p>&#8211; N\u00e3o nos responsabilizamos por pertences e valores de pacientes, acompanhantes e\/ou visitantes;<\/p>\n\n\n\n<p>&#8211; O hospital n\u00e3o permite a entrada de pessoas com alimentos para pacientes, acompanhantes e visitantes;<\/p>\n\n\n\n<p>&#8211; Pacientes que fazem uso de medicamentos de uso cont\u00ednuo devem traz\u00ea-los para o tempo de interna\u00e7\u00e3o e entreg\u00e1-los \u00e0 equipe de enfermagem;<\/p>\n\n\n\n<p>&#8211; O registro do rec\u00e9m-nascido \u00e9 gratuito e realizado no pr\u00f3prio hospital (Maternidade) das 10h \u00e0s 14h, de segunda a sexta-feira;<\/p>\n\n\n\n<p>&#8211; Pacientes devem permanecer com os documentos pessoais originais (RG) durante todo o per\u00edodo da interna\u00e7\u00e3o para o preenchimento da Declara\u00e7\u00e3o de Nascido Vivo;<\/p>\n\n\n\n<p>&#8211; N\u00e3o \u00e9 permitido o uso de bolsas e celulares. Verifique com a portaria a disponibilidade dos arm\u00e1rios;<\/p>\n\n\n\n<p>&#8211; Acompanhantes e visitantes n\u00e3o podem apresentar sintomas gripais e devem utilizar m\u00e1scara todo o tempo dentro do hospital;<\/p>\n\n\n\n<p>&#8211; \u00c9 proibido fumar nas depend\u00eancias do hospital (Lei Estadual n\u00ba 13.541, de 07 de maio de 2009) e visitar pacientes sob efeito de \u00e1lcool ou drogas il\u00edcitas;<\/p>\n\n\n\n<p>\u2013 \u00c9 proibido filmar e\/ou fotografar pacientes, funcion\u00e1rios, atividades e as depend\u00eancias do hospital sem autoriza\u00e7\u00e3o expressa da Diretoria Geral.&nbsp;Aten\u00e7\u00e3o:&nbsp;para os casos de registro de imagens, capta\u00e7\u00e3o de \u00e1udio ou exposi\u00e7\u00e3o de pessoas sem a devida autoriza\u00e7\u00e3o, cabem puni\u00e7\u00f5es previstas em Lei;<\/p>\n\n\n\n<p>&#8211; Todos os servi\u00e7os prestados s\u00e3o gratuitos. O Hospital da Mulher n\u00e3o realiza, em hip\u00f3tese alguma, liga\u00e7\u00f5es telef\u00f4nicas ou qualquer outra forma de solicita\u00e7\u00e3o de valores em dinheiro a familiares ou respons\u00e1veis por pacientes internados.<\/p>\n\n\n\n<p><strong>REGRAS PARA ACOMPANHANTES:<\/strong><\/p>\n\n\n\n<p>&#8211; Permitida a presen\u00e7a de 1 (um) acompanhante de livre escolha da gestante durante o trabalho de parto, o parto e o p\u00f3s-parto (n\u00e3o s\u00e3o autorizadas visitas nesse per\u00edodo);<\/p>\n\n\n\n<p>&#8211; Pais menores de 18 anos poder\u00e3o acompanhar o parto (verificar termo);<\/p>\n\n\n\n<p>&#8211; O acompanhante dever\u00e1 ser maior de 18 anos, saud\u00e1vel e apto a executar esse papel;<\/p>\n\n\n\n<p>&#8211; Entrada somente mediante apresenta\u00e7\u00e3o de documento pessoal com foto para realiza\u00e7\u00e3o do cadastro e retirada da etiqueta de acesso;<\/p>\n\n\n\n<p>&#8211; Entre 21h e 8h, apenas acompanhantes do sexo feminino ser\u00e3o autorizadas;<\/p>\n\n\n\n<p>&#8211; Troca de acompanhante s\u00f3 ser\u00e1 permitida no per\u00edodo das 8h \u00e0s 21h e a cada 6 horas (per\u00edodo m\u00ednimo);<\/p>\n\n\n\n<p>&#8211; A etiqueta de identifica\u00e7\u00e3o dever\u00e1 ser devolvida ao controlador de acesso ao sair pela catraca de controle;<\/p>\n\n\n\n<p>&#8211; N\u00e3o \u00e9 permitido que o acompanhante\/visitante fa\u00e7a uso das acomoda\u00e7\u00f5es dos pacientes (banheiro, chuveiro, camas).<\/p>\n\n\n\n<p><strong>HOR\u00c1RIOS PARA VISITAS*:<\/strong><\/p>\n\n\n\n<p><strong>MATERNIDADE E PATOLOGIA OBST\u00c9TRICA<\/strong><\/p>\n\n\n\n<p>Das 16h \u00e0s 17h e das 20h \u00e0s 21h<\/p>\n\n\n\n<p>02 visitantes por per\u00edodo, em revezamento<\/p>\n\n\n\n<p><strong>UTI NEONATAL E CANGURU<\/strong><\/p>\n\n\n\n<p>Acesso 24h por dia<\/p>\n\n\n\n<p>Apenas m\u00e3es e pais, em revezamento<\/p>\n\n\n\n<p><strong>UTI ADULTO<\/strong><\/p>\n\n\n\n<p>Das 11h \u00e0s 11h30 e das 19h \u00e0s 19h30<\/p>\n\n\n\n<p>02 visitantes por per\u00edodo, em revezamento<\/p>\n\n\n\n<p>*<em>Crian\u00e7as menores de 1 ano n\u00e3o est\u00e3o autorizadas \u00e0 visita\u00e7\u00e3o. E maiores de 1 ano devem estar acompanhadas pelo respons\u00e1vel. Entrada somente com documento pessoal (original)<\/em>.<\/p>\n\n\n\n<p><\/p>\n","protected":false},"excerpt":{"rendered":"<p>ORIENTA\u00c7\u00d5ES GERAIS: &#8211; N\u00e3o nos responsabilizamos por pertences e valores de pacientes, acompanhantes e\/ou visitantes; &#8211; O hospital n\u00e3o permite a entrada de pessoas com alimentos para pacientes, acompanhantes e visitantes; &#8211; Pacientes que fazem uso de medicamentos de uso cont\u00ednuo devem traz\u00ea-los para o tempo de interna\u00e7\u00e3o e entreg\u00e1-los \u00e0 equipe de enfermagem; &#8211; [&hellip;]<\/p>\n","protected":false},"author":39,"featured_media":0,"parent":0,"menu_order":0,"comment_status":"closed","ping_status":"closed","template":"","meta":{"footnotes":""},"class_list":["post-620","page","type-page","status-publish","hentry"],"_links":{"self":[{"href":"https:\/\/portais.santoandre.sp.gov.br\/hospitaldamulher\/wp-json\/wp\/v2\/pages\/620","targetHints":{"allow":["GET"]}}],"collection":[{"href":"https:\/\/portais.santoandre.sp.gov.br\/hospitaldamulher\/wp-json\/wp\/v2\/pages"}],"about":[{"href":"https:\/\/portais.santoandre.sp.gov.br\/hospitaldamulher\/wp-json\/wp\/v2\/types\/page"}],"author":[{"embeddable":true,"href":"https:\/\/portais.santoandre.sp.gov.br\/hospitaldamulher\/wp-json\/wp\/v2\/users\/39"}],"replies":[{"embeddable":true,"href":"https:\/\/portais.santoandre.sp.gov.br\/hospitaldamulher\/wp-json\/wp\/v2\/comments?post=620"}],"version-history":[{"count":2,"href":"https:\/\/portais.santoandre.sp.gov.br\/hospitaldamulher\/wp-json\/wp\/v2\/pages\/620\/revisions"}],"predecessor-version":[{"id":654,"href":"https:\/\/portais.santoandre.sp.gov.br\/hospitaldamulher\/wp-json\/wp\/v2\/pages\/620\/revisions\/654"}],"wp:attachment":[{"href":"https:\/\/portais.santoandre.sp.gov.br\/hospitaldamulher\/wp-json\/wp\/v2\/media?parent=620"}],"curies":[{"name":"wp","href":"https:\/\/api.w.org\/{rel}","templated":true}]}}