{"id":617,"date":"2025-09-29T14:14:12","date_gmt":"2025-09-29T17:14:12","guid":{"rendered":"https:\/\/portais.santoandre.sp.gov.br\/hospitaldamulher\/?page_id=617"},"modified":"2025-11-07T17:00:41","modified_gmt":"2025-11-07T20:00:41","slug":"estrutura","status":"publish","type":"page","link":"https:\/\/portais.santoandre.sp.gov.br\/hospitaldamulher\/estrutura\/","title":{"rendered":"Estrutura"},"content":{"rendered":"\n<p>Instalado no Parque Novo Orat\u00f3rio, em \u00e1rea constru\u00edda de mais de 7 mil m\u00b2, o Hospital da Mulher de Santo Andr\u00e9 responde por 100% dos partos da cidade realizados via Sistema \u00danico de Sa\u00fade (SUS). \u00c9 refer\u00eancia em sa\u00fade da mulher em toda a regi\u00e3o do Grande ABC, disponibilizando atendimento qualificado, equipamentos modernos e profissionais especializados.<\/p>\n\n\n\n<p>Os atendimentos s\u00e3o direcionados \u00e0 Obstetr\u00edcia, Mastologia, Ginecologia, Oncoginecologia e Neonatologia. Registra m\u00e9dia mensal de 250 partos, 11 mil consultas e atendimentos e 15,5 mil exames e procedimentos.<\/p>\n\n\n\n<p>S\u00e3o 127 leitos, incluindo Maternidade, Centro de Parto Natural, Incubadora Climatizada, Unidade de Terapia Intensiva Neonatal (UTINEO), Unidade de Cuidados Intermedi\u00e1rios Neonatal (UCINCO), Unidade de Cuidados Intermedi\u00e1rios Canguru (UCINCA), UTI Adulto e Centro Cir\u00fargico, al\u00e9m de Pronto-Socorro 24 horas para o atendimento de emerg\u00eancias nas \u00e1reas de Ginecologia, Obstetr\u00edcia e Viol\u00eancia Sexual.<\/p>\n\n\n\n<p><strong>Casa da Gestante<\/strong><\/p>\n\n\n\n<p>Entregue em 08 de agosto de 2020 pela Prefeitura de Santo Andr\u00e9, a Casa da Gestante, localizada ao lado do Hospital da Mulher, oferece cuidado para gestantes, pu\u00e9rperas e beb\u00eas que apresentam quadro de risco e precisam de cuidado com mais vigil\u00e2ncia e proximidade dos servi\u00e7os de sa\u00fade, ainda que n\u00e3o haja necessidade de interna\u00e7\u00e3o hospitalar.<\/p>\n\n\n\n<p>A Casa da Gestante garante hospedagem, alimenta\u00e7\u00e3o e acompanhamento por equipe multiprofissional, sete dias por semana, 24 horas por dia. O local tamb\u00e9m oferece assist\u00eancia a pu\u00e9rperas com beb\u00ea internado na Unidade de Terapia Intensiva Neonatal (UTINEO), al\u00e9m de pu\u00e9rperas que precisam de orienta\u00e7\u00e3o e treinamento nos cuidados especiais com a crian\u00e7a.<\/p>\n\n\n\n<p>As mulheres que utilizam o equipamento s\u00e3o identificadas pela Aten\u00e7\u00e3o B\u00e1sica ou Especializada e, posteriormente, referenciadas para a Casa da Gestante. Com capacidade para atender at\u00e9 20 usu\u00e1rias, o espa\u00e7o conta com quatro su\u00edtes para acomoda\u00e7\u00e3o, sala de atendimento individualizado, espa\u00e7o de estar e acolhimento das m\u00e3es, cozinha, copa, \u00e1rea de servi\u00e7o e sanit\u00e1rios.<\/p>\n\n\n\n<p><strong>Hospital Escola<\/strong><\/p>\n\n\n\n<p>O Hospital da Mulher \u00e9 campo para estudantes universit\u00e1rios nas \u00e1reas m\u00e9dica e de enfermagem, al\u00e9m de manter conv\u00eanios com escolas de t\u00e9cnica e auxiliar de Enfermagem.<\/p>\n\n\n\n<p><strong>Integra\u00e7\u00e3o com Bibliotecas<\/strong><\/p>\n\n\n\n<p>Possui espa\u00e7o com livros relativos \u00e0 atividade do hospital e mant\u00e9m integra\u00e7\u00e3o efetiva com as bibliotecas do Centro Universit\u00e1rio FMABC e do Centro Hospitalar Municipal de Santo Andr\u00e9 (CHMSA) Dr. Newton da Costa Brand\u00e3o.<\/p>\n\n\n\n<p><strong>Forma\u00e7\u00e3o e desenvolvimento de recursos humanos e de pesquisa&nbsp;<\/strong><\/p>\n\n\n\n<p>A promo\u00e7\u00e3o de cursos de capacita\u00e7\u00e3o, palestras educativas, boas pr\u00e1ticas de trabalho e incentivo \u00e0 pesquisa na \u00e1rea da sa\u00fade fazem parte da pol\u00edtica de gest\u00e3o de qualidade implementada no hospital.<\/p>\n\n\n\n<p><\/p>\n","protected":false},"excerpt":{"rendered":"<p>Instalado no Parque Novo Orat\u00f3rio, em \u00e1rea constru\u00edda de mais de 7 mil m\u00b2, o Hospital da Mulher de Santo Andr\u00e9 responde por 100% dos partos da cidade realizados via Sistema \u00danico de Sa\u00fade (SUS). \u00c9 refer\u00eancia em sa\u00fade da mulher em toda a regi\u00e3o do Grande ABC, disponibilizando atendimento qualificado, equipamentos modernos e profissionais [&hellip;]<\/p>\n","protected":false},"author":39,"featured_media":0,"parent":0,"menu_order":0,"comment_status":"closed","ping_status":"closed","template":"","meta":{"footnotes":""},"class_list":["post-617","page","type-page","status-publish","hentry"],"_links":{"self":[{"href":"https:\/\/portais.santoandre.sp.gov.br\/hospitaldamulher\/wp-json\/wp\/v2\/pages\/617","targetHints":{"allow":["GET"]}}],"collection":[{"href":"https:\/\/portais.santoandre.sp.gov.br\/hospitaldamulher\/wp-json\/wp\/v2\/pages"}],"about":[{"href":"https:\/\/portais.santoandre.sp.gov.br\/hospitaldamulher\/wp-json\/wp\/v2\/types\/page"}],"author":[{"embeddable":true,"href":"https:\/\/portais.santoandre.sp.gov.br\/hospitaldamulher\/wp-json\/wp\/v2\/users\/39"}],"replies":[{"embeddable":true,"href":"https:\/\/portais.santoandre.sp.gov.br\/hospitaldamulher\/wp-json\/wp\/v2\/comments?post=617"}],"version-history":[{"count":3,"href":"https:\/\/portais.santoandre.sp.gov.br\/hospitaldamulher\/wp-json\/wp\/v2\/pages\/617\/revisions"}],"predecessor-version":[{"id":652,"href":"https:\/\/portais.santoandre.sp.gov.br\/hospitaldamulher\/wp-json\/wp\/v2\/pages\/617\/revisions\/652"}],"wp:attachment":[{"href":"https:\/\/portais.santoandre.sp.gov.br\/hospitaldamulher\/wp-json\/wp\/v2\/media?parent=617"}],"curies":[{"name":"wp","href":"https:\/\/api.w.org\/{rel}","templated":true}]}}