{"id":51,"date":"2025-03-24T10:38:26","date_gmt":"2025-03-24T13:38:26","guid":{"rendered":"https:\/\/portais.santoandre.sp.gov.br\/hospitaldamulher\/?page_id=51"},"modified":"2025-09-04T13:13:15","modified_gmt":"2025-09-04T16:13:15","slug":"humanizacao","status":"publish","type":"page","link":"https:\/\/portais.santoandre.sp.gov.br\/hospitaldamulher\/humanizacao\/","title":{"rendered":"Humaniza\u00e7\u00e3o e Voluntariado"},"content":{"rendered":"\n<p>O Hospital da Mulher Maria Jos\u00e9 dos Santos Stein segue a premissa de que todos que passam por aqui s\u00e3o especiais e que \u00e9 nosso dever e miss\u00e3o proporcionar ambiente e assist\u00eancia humanizados, valorizando o indiv\u00edduo nas suas diferen\u00e7as e peculiaridades.<\/p>\n\n\n\n<p>A humaniza\u00e7\u00e3o \u00e9 uma forma de cuidar mais atenta aos direitos do cidad\u00e3o e as suas necessidades, visando uma mudan\u00e7a na cultura do atendimento \u00e0 sa\u00fade.<\/p>\n\n\n\n<p><strong>Pr\u00e1ticas de Humaniza\u00e7\u00e3o:<\/strong><\/p>\n\n\n\n<ul class=\"wp-block-list\">\n<li>Acolher as pessoas na recep\u00e7\u00e3o e em todos os setores, durante a sua perman\u00eancia no hospital;<\/li>\n\n\n\n<li>Reduzir as filas e o tempo de espera;<\/li>\n\n\n\n<li>Examinar os pacientes com suavidade e delicadeza;<\/li>\n\n\n\n<li>Assist\u00eancia m\u00e9dica e multiprofissional com conhecimentos t\u00e9cnicos atuais e baseados em evid\u00eancia cient\u00edfica;<\/li>\n\n\n\n<li>Convidar as gestantes a participar ativamente das decis\u00f5es e condutas do seu parto, com possibilidade de caminhar, comer e receber banho;<\/li>\n\n\n\n<li>Beb\u00eas colocados em contato pele a pele com suas m\u00e3es desde os primeiros minutos de suas vidas;<\/li>\n\n\n\n<li>Escuta atenciosa do paciente e resolu\u00e7\u00e3o dos seus problemas e necessidades;<\/li>\n\n\n\n<li>Beb\u00eas que est\u00e3o internados na Unidade Neonatal ficam enrolados, \u201caninhados\u201d e com m\u00ednima manipula\u00e7\u00e3o;<\/li>\n\n\n\n<li>Presen\u00e7a de acompanhante de livre escolha da mulher durante todos os momentos do parto;<\/li>\n\n\n\n<li>Garantir informa\u00e7\u00e3o aos usu\u00e1rios do hospital sobre o seu tratamento e todos os cuidados de sa\u00fade que est\u00e1 recebendo;<\/li>\n\n\n\n<li>M\u00e3es realizam, junto com os profissionais, os cuidados dos seus beb\u00eas.\u00a0<\/li>\n<\/ul>\n\n\n\n<p><strong>1) Projeto M\u00e3e Canguru<\/strong><\/p>\n\n\n\n<p>Alguns beb\u00eas, que necessitam de interna\u00e7\u00e3o na Terapia Intensiva Infantil, podem sentir o amor da mam\u00e3e nesse contato \u00edntimo, pele a pele, que \u00e9 proporcionado no projeto M\u00e3e Canguru. Esse projeto prev\u00ea a perman\u00eancia da m\u00e3e na terapia intensiva e o contato prolongado do beb\u00ea no colo materno.<\/p>\n\n\n\n<p><strong>2) Presen\u00e7a de familiar na sala de parto<\/strong><\/p>\n\n\n\n<p>No momento do nascimento, \u00e9 muito importante o apoio emocional que um familiar querido pode dar \u00e0 parturiente e, por essa raz\u00e3o, propiciamos, com a anu\u00eancia do m\u00e9dico obstetra, a perman\u00eancia de um familiar, escolhido pela pr\u00f3pria paciente, para participar desse momento inesquec\u00edvel.<\/p>\n\n\n\n<p><strong>3) Aleitamento do RN em sala de parto<\/strong><\/p>\n\n\n\n<p>Sabemos da import\u00e2ncia do aleitamento materno tanto para a m\u00e3e, quanto para o rec\u00e9m-nascido. Por isso, propiciamos o contato do RN no peito materno, logo ap\u00f3s o nascimento. Normalmente, o beb\u00ea ao nascer est\u00e1 alerta e apresenta o reflexo da suc\u00e7\u00e3o bem apurado. \u00d3timo momento para iniciar a estimula\u00e7\u00e3o do leite e favorecer o aleitamento materno.<\/p>\n\n\n\n<p><strong>4) <\/strong><strong>Musicoterapia para pacientes internados<\/strong><\/p>\n\n\n\n<p>A musicoterapia \u00e9 mais uma a\u00e7\u00e3o humanizada que o Hospital da Mulher oferece aos pacientes e acompanhantes. Trata-se da utiliza\u00e7\u00e3o da m\u00fasica e seus elementos, por profissional qualificado, em que as experi\u00eancias musicais s\u00e3o meios de atender \u00e0s necessidades f\u00edsicas, mentais, sociais e cognitivas, a fim de manter ou recuperar o bem-estar do paciente.<\/p>\n\n\n\n<p>Aos beb\u00eas que est\u00e3o internados no setor de Cuidados Intermedi\u00e1rios da Unidade Neonatal \u00e9 realizado atendimento de musicoterapia receptiva (audi\u00e7\u00e3o de uma sele\u00e7\u00e3o de m\u00fasicas previamente selecionadas), uma vez ao dia, com m\u00e9dia de dura\u00e7\u00e3o de 30 a 50 minutos, promovendo um ambiente harmonioso, tranquilo, que proporciona acolhimento n\u00e3o s\u00f3 ao beb\u00ea, mas \u00e0 mam\u00e3e que passa o dia ao seu lado e \u00e0 equipe cuidadora. &nbsp; &nbsp;<\/p>\n\n\n\n<p>Na maternidade, a musicoterapeuta faz visita leito a leito, explanando a import\u00e2ncia da voz da mam\u00e3e e do papai para o beb\u00ea, e que esse contato vocal fortalece o v\u00ednculo entre eles. Ainda \u00e9 apresentada uma can\u00e7\u00e3o de acolhimento para cada beb\u00ea, incentivando os pais a cantarem a can\u00e7\u00e3o de boas-vindas.<\/p>\n\n\n\n<p>As m\u00e3es com beb\u00eas internados na Unidade Neonatal e as gestantes que fazem pr\u00e9-natal de alto risco tamb\u00e9m recebem atendimento musicoterap\u00eautico.<\/p>\n\n\n\n<p><strong>Outras a\u00e7\u00f5es de humaniza\u00e7\u00e3o:<\/strong><\/p>\n\n\n\n<ul class=\"wp-block-list\">\n<li>Alojamento conjunto;<\/li>\n\n\n\n<li>Apoio psicossocial;<\/li>\n\n\n\n<li>\u00a0Certificado do pai;<\/li>\n\n\n\n<li>Clampeamento oportuno do cord\u00e3o umbilical;<\/li>\n\n\n\n<li>Oferta de terapias integrativas como aromaterapia, cromoterapia e hidroterapia durante o trabalho de parto;<\/li>\n\n\n\n<li>Hora Zen para os colaboradores;<\/li>\n\n\n\n<li>Assist\u00eancia diferenciada para casos de OF, aborto legal e entrega volunt\u00e1ria.<\/li>\n<\/ul>\n\n\n\n<p><strong>Atividades volunt\u00e1rias desenvolvidas no HM:<\/strong><\/p>\n\n\n\n<p>Al\u00e9m das iniciativas j\u00e1 existentes, o Hospital da Mulher estimula novas pr\u00e1ticas de humaniza\u00e7\u00e3o junto \u00e0s organiza\u00e7\u00f5es do terceiro setor. A\u00e7\u00f5es promovidas em parceria com ONGs (Organiza\u00e7\u00f5es N\u00e3o Governamentais) e projetos sociais s\u00e3o importantes para o desenvolvimento humanizado do equipamento municipal de sa\u00fade.<\/p>\n\n\n\n<p>Entre elas, destacam-se as visitas das volunt\u00e1rias da AVSSA (Associa\u00e7\u00e3o dos Volunt\u00e1rios da Sa\u00fade de Santo Andr\u00e9), popularmente conhecidas como \u201cRosinhas\u201d &#8211; que se dedicam \u00e0 leitura para acamados, dentre outros suportes a pacientes e acompanhantes -, e o trabalho do grupo Naninhas do Riso, movimento da Par\u00f3quia Matriz de Santo Andr\u00e9 voltado \u00e0 doa\u00e7\u00e3o de travesseiros feitos de tricoline 100% algod\u00e3o e enchimento siliconado hipoalerg\u00eanico.<\/p>\n\n\n\n<p>O trabalho volunt\u00e1rio, a promo\u00e7\u00e3o do voluntariado e apoio aos volunt\u00e1rios est\u00e3o enquadrados pela Lei do Voluntariado \u2013 Lei n\u00ba 9.608, de 18\/02\/1998.<\/p>\n\n\n\n<p><strong>Respons\u00e1vel pelas a\u00e7\u00f5es de voluntariado:\u00a0<\/strong><\/p>\n\n\n\n<div class=\"wp-block-group is-vertical is-layout-flex wp-container-core-group-is-layout-8cf370e7 wp-block-group-is-layout-flex\">\n<p><strong>Camila Turco<\/strong><strong><\/strong><\/p>\n\n\n\n<p>Contato: (11) 4478-5030<\/p>\n\n\n\n<p>E-mail: musicoterapia.hm@santoandre.sp.gov.br<\/p>\n<\/div>\n","protected":false},"excerpt":{"rendered":"<p>O Hospital da Mulher Maria Jos\u00e9 dos Santos Stein segue a premissa de que todos que passam por aqui s\u00e3o especiais e que \u00e9 nosso dever e miss\u00e3o proporcionar ambiente e assist\u00eancia humanizados, valorizando o indiv\u00edduo nas suas diferen\u00e7as e peculiaridades. A humaniza\u00e7\u00e3o \u00e9 uma forma de cuidar mais atenta aos direitos do cidad\u00e3o e [&hellip;]<\/p>\n","protected":false},"author":77,"featured_media":0,"parent":0,"menu_order":0,"comment_status":"closed","ping_status":"closed","template":"","meta":{"footnotes":""},"class_list":["post-51","page","type-page","status-publish","hentry"],"_links":{"self":[{"href":"https:\/\/portais.santoandre.sp.gov.br\/hospitaldamulher\/wp-json\/wp\/v2\/pages\/51","targetHints":{"allow":["GET"]}}],"collection":[{"href":"https:\/\/portais.santoandre.sp.gov.br\/hospitaldamulher\/wp-json\/wp\/v2\/pages"}],"about":[{"href":"https:\/\/portais.santoandre.sp.gov.br\/hospitaldamulher\/wp-json\/wp\/v2\/types\/page"}],"author":[{"embeddable":true,"href":"https:\/\/portais.santoandre.sp.gov.br\/hospitaldamulher\/wp-json\/wp\/v2\/users\/77"}],"replies":[{"embeddable":true,"href":"https:\/\/portais.santoandre.sp.gov.br\/hospitaldamulher\/wp-json\/wp\/v2\/comments?post=51"}],"version-history":[{"count":4,"href":"https:\/\/portais.santoandre.sp.gov.br\/hospitaldamulher\/wp-json\/wp\/v2\/pages\/51\/revisions"}],"predecessor-version":[{"id":391,"href":"https:\/\/portais.santoandre.sp.gov.br\/hospitaldamulher\/wp-json\/wp\/v2\/pages\/51\/revisions\/391"}],"wp:attachment":[{"href":"https:\/\/portais.santoandre.sp.gov.br\/hospitaldamulher\/wp-json\/wp\/v2\/media?parent=51"}],"curies":[{"name":"wp","href":"https:\/\/api.w.org\/{rel}","templated":true}]}}