{"id":40,"date":"2025-03-24T10:27:24","date_gmt":"2025-03-24T13:27:24","guid":{"rendered":"https:\/\/portais.santoandre.sp.gov.br\/hospitaldamulher\/?page_id=40"},"modified":"2025-11-07T17:02:40","modified_gmt":"2025-11-07T20:02:40","slug":"missao-visao-e-valores","status":"publish","type":"page","link":"https:\/\/portais.santoandre.sp.gov.br\/hospitaldamulher\/missao-visao-e-valores\/","title":{"rendered":"Miss\u00e3o, Vis\u00e3o e Valores"},"content":{"rendered":"\n<p><strong>Miss\u00e3o<\/strong><\/p>\n\n\n\n<p>Oferecer atendimento humanizado e com qualidade, voltado ao bem-estar da mulher e do neonato, visando a excel\u00eancia e o reconhecimento da popula\u00e7\u00e3o.<\/p>\n\n\n\n<p><strong>Vis\u00e3o<\/strong><\/p>\n\n\n\n<p>Ser refer\u00eancia regional na assist\u00eancia \u00e0 mulher e ao neonato, certificando-se como hospital de ensino e consolidando o t\u00edtulo \u201cHospital Amigo da Crian\u00e7a\u201d.<\/p>\n\n\n\n<p><strong>Valores<\/strong><\/p>\n\n\n\n<p>Praticar os princ\u00edpios do SUS na presta\u00e7\u00e3o do servi\u00e7o: universalidade, equidade, integridade, descentraliza\u00e7\u00e3o e participa\u00e7\u00e3o social.<\/p>\n\n\n\n<p>Qualidade e seguran\u00e7a: garantir que as a\u00e7\u00f5es sejam realizadas com excel\u00eancia em todas as atividades e com foco na seguran\u00e7a do paciente.<\/p>\n\n\n\n<p>\u00c9tica e transpar\u00eancia: representa nosso comportamento como organiza\u00e7\u00e3o.<\/p>\n\n\n\n<p>Humaniza\u00e7\u00e3o: demonstrar aten\u00e7\u00e3o e interesse, fazer com que cada colaborador e usu\u00e1rio se sintam especiais e acolhidos por todos.<\/p>\n\n\n\n<p>Trabalho em equipe: envolver, valorizar a compet\u00eancia de cada um, cooperar com atitudes positivas, energia e disposi\u00e7\u00e3o.<\/p>\n\n\n\n<p><strong>Mandamentos<\/strong><\/p>\n\n\n\n<ul class=\"wp-block-list\">\n<li>O paciente \u00e9 hospede em nosso hospital;<\/li>\n\n\n\n<li>Todos fazem parte de uma s\u00f3 equipe;<\/li>\n\n\n\n<li>A transpar\u00eancia em nossas atitudes s\u00f3 nos fortalece;<\/li>\n\n\n\n<li>Usu\u00e1rios e fornecedores s\u00e3o parceiros;<\/li>\n\n\n\n<li>Profissionalismo sem protecionismo, sejamos os mais justos poss\u00edveis;<\/li>\n\n\n\n<li>O desenvolvimento pessoal deve ser permanente;<\/li>\n\n\n\n<li>Todos devem ser tratados com respeito e igualdade.<\/li>\n<\/ul>\n","protected":false},"excerpt":{"rendered":"<p>Miss\u00e3o Oferecer atendimento humanizado e com qualidade, voltado ao bem-estar da mulher e do neonato, visando a excel\u00eancia e o reconhecimento da popula\u00e7\u00e3o. Vis\u00e3o Ser refer\u00eancia regional na assist\u00eancia \u00e0 mulher e ao neonato, certificando-se como hospital de ensino e consolidando o t\u00edtulo \u201cHospital Amigo da Crian\u00e7a\u201d. Valores Praticar os princ\u00edpios do SUS na presta\u00e7\u00e3o [&hellip;]<\/p>\n","protected":false},"author":77,"featured_media":0,"parent":0,"menu_order":0,"comment_status":"closed","ping_status":"closed","template":"","meta":{"footnotes":""},"class_list":["post-40","page","type-page","status-publish","hentry"],"_links":{"self":[{"href":"https:\/\/portais.santoandre.sp.gov.br\/hospitaldamulher\/wp-json\/wp\/v2\/pages\/40","targetHints":{"allow":["GET"]}}],"collection":[{"href":"https:\/\/portais.santoandre.sp.gov.br\/hospitaldamulher\/wp-json\/wp\/v2\/pages"}],"about":[{"href":"https:\/\/portais.santoandre.sp.gov.br\/hospitaldamulher\/wp-json\/wp\/v2\/types\/page"}],"author":[{"embeddable":true,"href":"https:\/\/portais.santoandre.sp.gov.br\/hospitaldamulher\/wp-json\/wp\/v2\/users\/77"}],"replies":[{"embeddable":true,"href":"https:\/\/portais.santoandre.sp.gov.br\/hospitaldamulher\/wp-json\/wp\/v2\/comments?post=40"}],"version-history":[{"count":4,"href":"https:\/\/portais.santoandre.sp.gov.br\/hospitaldamulher\/wp-json\/wp\/v2\/pages\/40\/revisions"}],"predecessor-version":[{"id":672,"href":"https:\/\/portais.santoandre.sp.gov.br\/hospitaldamulher\/wp-json\/wp\/v2\/pages\/40\/revisions\/672"}],"wp:attachment":[{"href":"https:\/\/portais.santoandre.sp.gov.br\/hospitaldamulher\/wp-json\/wp\/v2\/media?parent=40"}],"curies":[{"name":"wp","href":"https:\/\/api.w.org\/{rel}","templated":true}]}}