{"id":282,"date":"2025-04-04T13:57:28","date_gmt":"2025-04-04T16:57:28","guid":{"rendered":"https:\/\/portais.santoandre.sp.gov.br\/hospitaldamulher\/?page_id=282"},"modified":"2025-09-04T13:57:04","modified_gmt":"2025-09-04T16:57:04","slug":"eventos","status":"publish","type":"page","link":"https:\/\/portais.santoandre.sp.gov.br\/hospitaldamulher\/eventos\/","title":{"rendered":"Eventos"},"content":{"rendered":"\n<p>Confira o calend\u00e1rio de eventos do Hospital da Mulher de Santo Andr\u00e9 (<em>certifique-se antes se a atividade \u00e9 aberta ao p\u00fablico em geral<\/em>).<\/p>\n","protected":false},"excerpt":{"rendered":"<p>Confira o calend\u00e1rio de eventos do Hospital da Mulher de Santo Andr\u00e9 (certifique-se antes se a atividade \u00e9 aberta ao p\u00fablico em geral).<\/p>\n","protected":false},"author":77,"featured_media":0,"parent":0,"menu_order":0,"comment_status":"closed","ping_status":"closed","template":"","meta":{"footnotes":""},"class_list":["post-282","page","type-page","status-publish","hentry"],"_links":{"self":[{"href":"https:\/\/portais.santoandre.sp.gov.br\/hospitaldamulher\/wp-json\/wp\/v2\/pages\/282","targetHints":{"allow":["GET"]}}],"collection":[{"href":"https:\/\/portais.santoandre.sp.gov.br\/hospitaldamulher\/wp-json\/wp\/v2\/pages"}],"about":[{"href":"https:\/\/portais.santoandre.sp.gov.br\/hospitaldamulher\/wp-json\/wp\/v2\/types\/page"}],"author":[{"embeddable":true,"href":"https:\/\/portais.santoandre.sp.gov.br\/hospitaldamulher\/wp-json\/wp\/v2\/users\/77"}],"replies":[{"embeddable":true,"href":"https:\/\/portais.santoandre.sp.gov.br\/hospitaldamulher\/wp-json\/wp\/v2\/comments?post=282"}],"version-history":[{"count":2,"href":"https:\/\/portais.santoandre.sp.gov.br\/hospitaldamulher\/wp-json\/wp\/v2\/pages\/282\/revisions"}],"predecessor-version":[{"id":408,"href":"https:\/\/portais.santoandre.sp.gov.br\/hospitaldamulher\/wp-json\/wp\/v2\/pages\/282\/revisions\/408"}],"wp:attachment":[{"href":"https:\/\/portais.santoandre.sp.gov.br\/hospitaldamulher\/wp-json\/wp\/v2\/media?parent=282"}],"curies":[{"name":"wp","href":"https:\/\/api.w.org\/{rel}","templated":true}]}}