{"id":278,"date":"2025-04-04T13:54:26","date_gmt":"2025-04-04T16:54:26","guid":{"rendered":"https:\/\/portais.santoandre.sp.gov.br\/hospitaldamulher\/?page_id=278"},"modified":"2025-11-07T17:24:11","modified_gmt":"2025-11-07T20:24:11","slug":"imprensa","status":"publish","type":"page","link":"https:\/\/portais.santoandre.sp.gov.br\/hospitaldamulher\/imprensa\/","title":{"rendered":"Imprensa"},"content":{"rendered":"\n<p>O setor de Comunica\u00e7\u00e3o do Hospital da Mulher est\u00e1 subordinado \u00e0 Coordenadoria de Aten\u00e7\u00e3o Hospitalar de Santo Andr\u00e9 e tem interface direta com a Funda\u00e7\u00e3o do ABC (Fuabc) e as secretarias de Sa\u00fade e Comunica\u00e7\u00e3o da Prefeitura. Responde por a\u00e7\u00f5es estrat\u00e9gicas de comunica\u00e7\u00e3o interna, comunica\u00e7\u00e3o externa e assessoria de imprensa, promovendo e divulgando atividades realizadas na institui\u00e7\u00e3o junto aos funcion\u00e1rios, usu\u00e1rios da rede de sa\u00fade, popula\u00e7\u00e3o e jornalistas.<\/p>\n\n\n\n<p><strong><em>Contato:<\/em><\/strong><\/p>\n\n\n\n<div class=\"wp-block-group is-vertical is-layout-flex wp-container-core-group-is-layout-8cf370e7 wp-block-group-is-layout-flex\">\n<p>Comunica\u00e7\u00e3o \u2013 Rede de Aten\u00e7\u00e3o Hospitalar de Santo Andr\u00e9<\/p>\n\n\n\n<p>Gustavo Baena<\/p>\n\n\n\n<p>(11) 4433-0290<\/p>\n\n\n\n<p><a href=\"mailto:comunicacao.hm@santoandre.sp.gov.br\">comunicacao.hm@santoandre.sp.gov.br<\/a><\/p>\n\n\n\n<p><\/p>\n\n\n\n<p><strong><em>Informa\u00e7\u00f5es \u00e0 imprensa:<\/em><\/strong><\/p>\n\n\n\n<p>As solicita\u00e7\u00f5es de imprensa a respeito do Hospital da Mulher devem ser encaminhadas diretamente \u00e0 Secretaria de Comunica\u00e7\u00e3o da Prefeitura de Santo Andr\u00e9.<\/p>\n\n\n\n<p><a href=\"https:\/\/www3.santoandre.sp.gov.br\/chmsa\/index.php\/o-hospital\/o-hospital-comunicacao\/imprensa@santoandre.sp.gov.br\">imprensa@santoandre.sp.gov.br<\/a><\/p>\n<\/div>\n\n\n\n<p><\/p>\n","protected":false},"excerpt":{"rendered":"<p>O setor de Comunica\u00e7\u00e3o do Hospital da Mulher est\u00e1 subordinado \u00e0 Coordenadoria de Aten\u00e7\u00e3o Hospitalar de Santo Andr\u00e9 e tem interface direta com a Funda\u00e7\u00e3o do ABC (Fuabc) e as secretarias de Sa\u00fade e Comunica\u00e7\u00e3o da Prefeitura. Responde por a\u00e7\u00f5es estrat\u00e9gicas de comunica\u00e7\u00e3o interna, comunica\u00e7\u00e3o externa e assessoria de imprensa, promovendo e divulgando atividades realizadas [&hellip;]<\/p>\n","protected":false},"author":77,"featured_media":0,"parent":0,"menu_order":0,"comment_status":"closed","ping_status":"closed","template":"","meta":{"footnotes":""},"class_list":["post-278","page","type-page","status-publish","hentry"],"_links":{"self":[{"href":"https:\/\/portais.santoandre.sp.gov.br\/hospitaldamulher\/wp-json\/wp\/v2\/pages\/278","targetHints":{"allow":["GET"]}}],"collection":[{"href":"https:\/\/portais.santoandre.sp.gov.br\/hospitaldamulher\/wp-json\/wp\/v2\/pages"}],"about":[{"href":"https:\/\/portais.santoandre.sp.gov.br\/hospitaldamulher\/wp-json\/wp\/v2\/types\/page"}],"author":[{"embeddable":true,"href":"https:\/\/portais.santoandre.sp.gov.br\/hospitaldamulher\/wp-json\/wp\/v2\/users\/77"}],"replies":[{"embeddable":true,"href":"https:\/\/portais.santoandre.sp.gov.br\/hospitaldamulher\/wp-json\/wp\/v2\/comments?post=278"}],"version-history":[{"count":5,"href":"https:\/\/portais.santoandre.sp.gov.br\/hospitaldamulher\/wp-json\/wp\/v2\/pages\/278\/revisions"}],"predecessor-version":[{"id":665,"href":"https:\/\/portais.santoandre.sp.gov.br\/hospitaldamulher\/wp-json\/wp\/v2\/pages\/278\/revisions\/665"}],"wp:attachment":[{"href":"https:\/\/portais.santoandre.sp.gov.br\/hospitaldamulher\/wp-json\/wp\/v2\/media?parent=278"}],"curies":[{"name":"wp","href":"https:\/\/api.w.org\/{rel}","templated":true}]}}