{"id":271,"date":"2025-04-04T13:42:08","date_gmt":"2025-04-04T16:42:08","guid":{"rendered":"https:\/\/portais.santoandre.sp.gov.br\/hospitaldamulher\/?page_id=271"},"modified":"2025-11-07T17:22:33","modified_gmt":"2025-11-07T20:22:33","slug":"ouvidoria-sus","status":"publish","type":"page","link":"https:\/\/portais.santoandre.sp.gov.br\/hospitaldamulher\/ouvidoria-sus\/","title":{"rendered":"Ouvidoria SUS"},"content":{"rendered":"\n<p>A Ouvidoria do SUS de Santo Andr\u00e9 \u00e9 um canal de comunica\u00e7\u00e3o entre os cidad\u00e3os e o Sistema \u00danico de Sa\u00fade. Sua principal fun\u00e7\u00e3o \u00e9 receber, examinar e encaminhar manifesta\u00e7\u00f5es como reclama\u00e7\u00f5es, sugest\u00f5es, elogios e den\u00fancias relacionadas aos servi\u00e7os de sa\u00fade oferecidos no munic\u00edpio. Este servi\u00e7o busca garantir a melhoria cont\u00ednua do atendimento e a participa\u00e7\u00e3o ativa da popula\u00e7\u00e3o na gest\u00e3o da sa\u00fade p\u00fablica.<\/p>\n\n\n\n<p><strong>Quando acionar a Ouvidoria?<\/strong><br>Voc\u00ea pode entrar em contato com a Ouvidoria sempre que precisar registrar uma solicita\u00e7\u00e3o, apontar problemas, sugerir melhorias ou elogiar os servi\u00e7os de sa\u00fade. \u00c9 um espa\u00e7o para garantir que sua voz seja ouvida e que suas demandas sejam analisadas.<\/p>\n\n\n\n<p><strong>Formas de contato<\/strong><br><strong>Telefone:<\/strong>\u00a00800 019 2300<br><strong>E-mail:<\/strong>\u00a0ouvidoriasus@santoandre.sp.gov.br<br><strong>Atendimento presencial:<\/strong>\u00a0Segunda a sexta-feira, das 10h \u00e0s 16h, na Rua Dona Elisa Fl\u00e1quer, 37 \u2013 Centro (dentro da Ouvidoria da Cidade).<\/p>\n\n\n\n<p><strong>Aten\u00e7\u00e3o:\u00a0<\/strong>antes de contatar a Ouvidoria do SUS, recomenda-se buscar atendimento e solu\u00e7\u00f5es internamente nos pr\u00f3prios servi\u00e7os de sa\u00fade. Para isso, o Hospital da Mulher conta com o SAU (Servi\u00e7o de Atendimento ao Usu\u00e1rio).<\/p>\n\n\n\n<p><\/p>\n","protected":false},"excerpt":{"rendered":"<p>A Ouvidoria do SUS de Santo Andr\u00e9 \u00e9 um canal de comunica\u00e7\u00e3o entre os cidad\u00e3os e o Sistema \u00danico de Sa\u00fade. Sua principal fun\u00e7\u00e3o \u00e9 receber, examinar e encaminhar manifesta\u00e7\u00f5es como reclama\u00e7\u00f5es, sugest\u00f5es, elogios e den\u00fancias relacionadas aos servi\u00e7os de sa\u00fade oferecidos no munic\u00edpio. Este servi\u00e7o busca garantir a melhoria cont\u00ednua do atendimento e a [&hellip;]<\/p>\n","protected":false},"author":77,"featured_media":0,"parent":0,"menu_order":0,"comment_status":"closed","ping_status":"closed","template":"","meta":{"footnotes":""},"class_list":["post-271","page","type-page","status-publish","hentry"],"_links":{"self":[{"href":"https:\/\/portais.santoandre.sp.gov.br\/hospitaldamulher\/wp-json\/wp\/v2\/pages\/271","targetHints":{"allow":["GET"]}}],"collection":[{"href":"https:\/\/portais.santoandre.sp.gov.br\/hospitaldamulher\/wp-json\/wp\/v2\/pages"}],"about":[{"href":"https:\/\/portais.santoandre.sp.gov.br\/hospitaldamulher\/wp-json\/wp\/v2\/types\/page"}],"author":[{"embeddable":true,"href":"https:\/\/portais.santoandre.sp.gov.br\/hospitaldamulher\/wp-json\/wp\/v2\/users\/77"}],"replies":[{"embeddable":true,"href":"https:\/\/portais.santoandre.sp.gov.br\/hospitaldamulher\/wp-json\/wp\/v2\/comments?post=271"}],"version-history":[{"count":4,"href":"https:\/\/portais.santoandre.sp.gov.br\/hospitaldamulher\/wp-json\/wp\/v2\/pages\/271\/revisions"}],"predecessor-version":[{"id":664,"href":"https:\/\/portais.santoandre.sp.gov.br\/hospitaldamulher\/wp-json\/wp\/v2\/pages\/271\/revisions\/664"}],"wp:attachment":[{"href":"https:\/\/portais.santoandre.sp.gov.br\/hospitaldamulher\/wp-json\/wp\/v2\/media?parent=271"}],"curies":[{"name":"wp","href":"https:\/\/api.w.org\/{rel}","templated":true}]}}