{"id":22,"date":"2025-03-24T09:51:25","date_gmt":"2025-03-24T12:51:25","guid":{"rendered":"https:\/\/portais.santoandre.sp.gov.br\/hospitaldamulher\/?page_id=22"},"modified":"2025-09-29T14:13:54","modified_gmt":"2025-09-29T17:13:54","slug":"historia","status":"publish","type":"page","link":"https:\/\/portais.santoandre.sp.gov.br\/hospitaldamulher\/historia\/","title":{"rendered":"Hist\u00f3ria"},"content":{"rendered":"\n<div class=\"wp-block-stackable-tabs stk-block-tabs stk-block stk-eb7f4b5\" data-initial-tab=\"1\" data-block-id=\"eb7f4b5\"><style>.stk-eb7f4b5 .stk-block-tab-content .stk-block-content .stk-block-column[hidden]{display:none !important;}<\/style><div class=\"stk-row stk-inner-blocks stk-block-content stk-block-tabs--horizontal stk-block-tabs--fade stk-content-align stk-eb7f4b5-column\">\n<div class=\"wp-block-stackable-tab-labels stk-block-tab-labels stk-block stk-c941f48 is-style-buttons\" data-block-id=\"c941f48\"><style>.stk-c941f48 .stk-block-tabs__tab{color:#7a3d83 !important;border-top-left-radius:4px !important;border-top-right-radius:4px !important;border-bottom-right-radius:4px !important;border-bottom-left-radius:4px !important;border-color:transparent !important;border-top-width:0px !important;border-right-width:0px !important;border-bottom-width:2px !important;border-left-width:0px !important;}.stk-c941f48 .stk-block-tabs__tab.stk-block-tabs__tab--active .stk-block-tab-labels__text{color:#ffffff !important;}.stk-c941f48 {overflow:hidden !important;}.stk-c941f48 .stk-block-tab-labels__text{color:#7a3d83 !important;}.stk-c941f48 .stk-block-tabs__tab:not(.stk-block-tabs__tab--active):hover{background:#eeeeee !important;opacity:1 !important;}.stk-c941f48 .stk-block-tabs__tab .stk--inner-svg svg:last-child, .stk-c941f48 .stk-block-tabs__tab .stk--inner-svg svg:last-child :is(g, path, rect, polygon, ellipse){fill:#000000 !important;}.stk-c941f48 .stk-block-tabs__tab.stk-block-tabs__tab--active{background:#7a3d83 !important;border-color:#000000 !important;}.stk-c941f48 .stk-block-tabs__tab.stk-block-tabs__tab--active .stk--inner-svg svg:last-child, .stk-c941f48 .stk-block-tabs__tab.stk-block-tabs__tab--active .stk--inner-svg svg:last-child :is(g, path, rect, polygon, ellipse){fill:#ffffff !important;}<\/style><div class=\"stk-block-tab-labels__wrapper\" role=\"tablist\"><button class=\"stk-block-tabs__tab\" role=\"tab\"><div class=\"stk-block-tab-labels__text\"><span>O Hospital<\/span><\/div><\/button><button class=\"stk-block-tabs__tab\" role=\"tab\"><div class=\"stk-block-tab-labels__text\"><span>Maria Jos\u00e9 dos Santos Stein<\/span><\/div><\/button><\/div><\/div>\n\n\n\n<div class=\"wp-block-stackable-tab-content stk-block-tab-content stk-block stk-bf45a4e\" data-block-id=\"bf45a4e\"><div class=\"stk-row stk-inner-blocks stk-block-content stk-content-align stk-bf45a4e-column\">\n<div class=\"wp-block-stackable-column stk-block-column stk-column stk-block stk-5e59dfd\" data-v=\"4\" role=\"tabpanel\" data-block-id=\"5e59dfd\"><div class=\"stk-column-wrapper stk-block-column__content stk-container stk-5e59dfd-container stk--no-background stk--no-padding\"><div class=\"stk-block-content stk-inner-blocks stk-5e59dfd-inner-blocks\">\n<h2 class=\"wp-block-heading has-text-color has-link-color wp-elements-31d215f0f15ecb103c0dff2896038df9\" style=\"color:#7a3d83\">Hospital da Mulher &#8211; Maria Jos\u00e9 dos Santos Stein<\/h2>\n\n\n<div class=\"wp-block-image\">\n<figure class=\"aligncenter size-full\"><img fetchpriority=\"high\" decoding=\"async\" width=\"600\" height=\"400\" src=\"https:\/\/portais.santoandre.sp.gov.br\/hospitaldamulher\/wp-content\/uploads\/sites\/28\/2025\/09\/hm2.jpg\" alt=\"\" class=\"wp-image-372\" srcset=\"https:\/\/portais.santoandre.sp.gov.br\/hospitaldamulher\/wp-content\/uploads\/sites\/28\/2025\/09\/hm2.jpg 600w, https:\/\/portais.santoandre.sp.gov.br\/hospitaldamulher\/wp-content\/uploads\/sites\/28\/2025\/09\/hm2-300x200.jpg 300w\" sizes=\"(max-width: 600px) 100vw, 600px\" \/><\/figure><\/div>\n\n\n<p>Fundado em agosto de 2008 pela Prefeitura de Santo Andr\u00e9, em parceria com a Funda\u00e7\u00e3o do ABC, dentro do modelo de Organiza\u00e7\u00e3o Social de Sa\u00fade (OSS), o Hospital da Mulher Maria Jos\u00e9 dos Santos Stein \u00e9 considerado o maior centro de refer\u00eancia em sa\u00fade da mulher da regi\u00e3o do Grande ABC, com atendimento qualificado, equipamentos modernos e profissionais especializados. \u00c9 parte integrante da Rede Cegonha, que \u00e9 a rede regional de aten\u00e7\u00e3o ao pr\u00e9-natal, parto, pu\u00e9rperio, rec\u00e9m-nascidos e crian\u00e7as at\u00e9 dois anos de idade.<\/p>\n\n\n\n<p>Desde 2010, o Hospital da Mulher \u00e9 certificado pela Organiza\u00e7\u00e3o Mundial da Sa\u00fade (OMS) e pelo Fundo das Na\u00e7\u00f5es Unidas para a Inf\u00e2ncia (Unicef) com o t\u00edtulo de Hospital Amigo da Crian\u00e7a por cumprir os 10 passos para o sucesso da amamenta\u00e7\u00e3o: \u201cAqui o beb\u00ea j\u00e1 mama na sala de parto\u201d. No ano de 2015, foi o \u00fanico equipamento de sa\u00fade em todo Estado de S\u00e3o Paulo a receber o Pr\u00eamio Dr. Pinotti &#8211; Hospital Amigo da Mulher.<\/p>\n\n\n\n<p class=\"has-text-align-left\">Os servi\u00e7os prestados pelo hospital s\u00e3o direcionados para:<\/p>\n\n\n\n<ul class=\"wp-block-list\">\n<li><strong><strong>Presta\u00e7\u00e3o de atendimentos eletivos de promo\u00e7\u00e3o e assist\u00eancia \u00e0 sa\u00fade<\/strong><\/strong><br>Atrav\u00e9s de a\u00e7\u00f5es de educa\u00e7\u00e3o, preven\u00e7\u00e3o, diagn\u00f3stica e tratamento \u00e0 sa\u00fade; vigil\u00e2ncia epidemiol\u00f3gica; consultas m\u00e9dicas de ginecologia, obstetr\u00edcia, mastologia e neonatologia; atendimentos nas \u00e1reas de psicologia, assist\u00eancia social, nutri\u00e7\u00e3o, farm\u00e1cia, fisioterapia, musicoterapia, fonoaudiologia e enfermagem. As consultas ambulatoriais s\u00e3o solicitadas pelas unidades b\u00e1sicas de sa\u00fade e s\u00e3o intermediadas pela Central de Regula\u00e7\u00e3o Ambulatorial.<\/li>\n\n\n\n<li><strong>Presta\u00e7\u00e3o de atendimento de assist\u00eancia \u00e0 sa\u00fade em regime de interna\u00e7\u00e3o<\/strong><br>O Hospital da Mulher oferece assist\u00eancia total nas \u00e1reas de obstetr\u00edcia e ginecologia, nos per\u00edodos de pr\u00e9-parto, parto e p\u00f3s-parto imediato e p\u00f3s-operat\u00f3rio; faz a promo\u00e7\u00e3o do alojamento conjunto para m\u00e3e e beb\u00ea; incentiva e d\u00e1 condi\u00e7\u00f5es para acompanhamento familiar e presta assist\u00eancia total e humanizada aos rec\u00e9m-nascidos, tanto saud\u00e1veis como em regime de terapia intensiva. S\u00e3o realizados no hospital uma m\u00e9dia de 250 partos por m\u00eas, sempre seguindo o conceito de humaniza\u00e7\u00e3o e priorizando o parto normal.<\/li>\n\n\n\n<li><strong><strong>Presta\u00e7\u00e3o de atendimento imediato de assist\u00eancia \u00e0 sa\u00fade nos casos de urg\u00eancia obst\u00e9trica e ginecol\u00f3gica<\/strong><\/strong><br>24 horas para baixa e m\u00e9dia complexidade.<\/li>\n\n\n\n<li><strong>Presta\u00e7\u00e3o de atendimento de apoio ao diagn\u00f3stico e terapia<\/strong><br>Al\u00e9m de todos os exames necess\u00e1rios para apoio ao parto e procedimentos obst\u00e9tricos, o Hospital da Mulher oferece, nas \u00e1reas diagn\u00f3stica e terap\u00eautica: m\u00e9todos gr\u00e1ficos, patologia cl\u00ednica, imagenologia, anatomia patol\u00f3gica e citopatologia, procedimentos cir\u00fargicos e videolaparosc\u00f3picos, reabilita\u00e7\u00e3o de pacientes internados, desenvolvimento de atividades hemoter\u00e1picas e hematol\u00f3gicas e pronto atendimento no Banco de Leite Humano.<\/li>\n<\/ul>\n\n\n<div class=\"wp-block-image\">\n<figure class=\"aligncenter size-full\"><img decoding=\"async\" width=\"600\" height=\"400\" src=\"https:\/\/portais.santoandre.sp.gov.br\/hospitaldamulher\/wp-content\/uploads\/sites\/28\/2025\/09\/hm3.jpg\" alt=\"\" class=\"wp-image-374\" srcset=\"https:\/\/portais.santoandre.sp.gov.br\/hospitaldamulher\/wp-content\/uploads\/sites\/28\/2025\/09\/hm3.jpg 600w, https:\/\/portais.santoandre.sp.gov.br\/hospitaldamulher\/wp-content\/uploads\/sites\/28\/2025\/09\/hm3-300x200.jpg 300w\" sizes=\"(max-width: 600px) 100vw, 600px\" \/><\/figure><\/div><\/div><\/div><\/div>\n\n\n\n<div class=\"wp-block-stackable-column stk-block-column stk-column stk-block stk-81899de\" data-v=\"4\" role=\"tabpanel\" data-block-id=\"81899de\"><div class=\"stk-column-wrapper stk-block-column__content stk-container stk-81899de-container stk--no-background stk--no-padding\"><div class=\"stk-block-content stk-inner-blocks stk-81899de-inner-blocks\">\n<p>Oper\u00e1ria e militante, Maria Jos\u00e9 dos Santos Stein dedicou sua vida a defender a classe trabalhadora, o SUS, uma sa\u00fade p\u00fablica humanizada e de qualidade, bem como a igualdade entre homens e mulheres.<\/p>\n\n\n\n<div class=\"wp-block-stackable-image stk-block-image stk-block stk-a88de7e\" data-block-id=\"a88de7e\"><style>.stk-a88de7e .stk-img-wrapper{width:185px !important;}<\/style><figure><span class=\"stk-img-wrapper stk-image--shape-stretch\"><img decoding=\"async\" class=\"stk-img wp-image-26\" src=\"https:\/\/portais.santoandre.sp.gov.br\/hospitaldamulher\/wp-content\/uploads\/sites\/28\/2025\/03\/maria.jpg\" width=\"185\" height=\"234\" \/><\/span><\/figure><\/div>\n\n\n\n<p>Nascida em Gar\u00e7a (SP), em 12 de maio de 1942, chegou a Santo Andr\u00e9 ainda menina e colecionou muitas hist\u00f3rias vividas na cidade. Na Vila Humait\u00e1, sua fam\u00edlia criou la\u00e7os, participando de a\u00e7\u00f5es da Sociedade Amigos de Bairro e da Igreja Nossa Senhora das Gra\u00e7as.<\/p>\n\n\n\n<p>A casa de Salvador dos Santos, seu pai, era pouso seguro na acolhida a necessitados e perseguidos pol\u00edticos. Logo, Maria Jos\u00e9 se tornou andreense de cora\u00e7\u00e3o, aprendendo a conviver com as necessidades, a diversidade e a solidariedade, marcas com as quais trilhou sua vida.<\/p>\n\n\n\n<p>Aos 14 anos, ela come\u00e7ou a trabalhar como fiandeira na Tecelagem Vit\u00f3ria. Diante do trabalho \u00e1rduo e das dificuldades da f\u00e1brica, se engajou na Juventude Oper\u00e1ria Cat\u00f3lica (JOC). Inquieta, participava ativamente das reuni\u00f5es, dos encontros e tamb\u00e9m dos bailes de confraterniza\u00e7\u00e3o &#8211; assim, conheceu Elias Stein, que passou a ser seu companheiro de vida e de lutas.<\/p>\n\n\n\n<p>Foram anos dif\u00edceis de ditadura militar, na d\u00e9cada de 1960. Rapidamente, Maria Jos\u00e9 transformou-se em dirigente estadual e depois nacional da JOC. Longe de Santo Andr\u00e9, no Rio de Janeiro, buscou sua express\u00e3o, sua maneira de ver o mundo. Seu orgulho, sua determina\u00e7\u00e3o e o sorriso de sempre a acompanhavam nessas investidas.<\/p>\n\n\n\n<p>A d\u00e9cada de 1970 trouxe-lhe o casamento e os filhos. Sua vida batalhadora n\u00e3o ocultou sua persist\u00eancia em favor daquilo que acreditava. Nas d\u00e9cadas seguintes, 1980 e 1990, dedicou-se com afinco e muito trabalho aos sonhos que queria ver conquistados: inclus\u00e3o social, participa\u00e7\u00e3o popular, sa\u00fade para todos, por meio do SUS (Sistema \u00danico de Sa\u00fade), em especial \u00e0s mulheres.<\/p>\n\n\n\n<p>Sua vitalidade foi canalizada at\u00e9 o final para os desafios da sa\u00fade p\u00fablica, o esclarecimento das mulheres e por sua atua\u00e7\u00e3o no Sindicato dos Servidores Municipais. Al\u00e9m disso, sempre esteve ligada aos movimentos sociais, em especial ao \u201cF\u00e9-minina\u201d &#8211; Movimento das Mulheres de Santo Andr\u00e9, criado em 1992.<\/p>\n\n\n\n<p>Maria Jos\u00e9 dos Santos Stein faleceu em 04 de julho de 2005, mas seus trabalhos continuam para al\u00e9m de suas m\u00e3os e de sua alegria contagiante. A inaugura\u00e7\u00e3o do Hospital da Mulher Maria Jos\u00e9 dos Santos Stein representa a realidade de conquistas almejadas por ela e por todas.<\/p>\n\n\n\n<p><\/p>\n<\/div><\/div><\/div>\n<\/div><\/div>\n<\/div><\/div>\n\n\n\n<p><\/p>\n","protected":false},"excerpt":{"rendered":"<p>O Hospital Maria Jos\u00e9 dos Santos Stein Hospital da Mulher &#8211; Maria Jos\u00e9 dos Santos Stein Fundado em agosto de 2008 pela Prefeitura de Santo Andr\u00e9, em parceria com a Funda\u00e7\u00e3o do ABC, dentro do modelo de Organiza\u00e7\u00e3o Social de Sa\u00fade (OSS), o Hospital da Mulher Maria Jos\u00e9 dos Santos Stein \u00e9 considerado o maior [&hellip;]<\/p>\n","protected":false},"author":77,"featured_media":0,"parent":0,"menu_order":0,"comment_status":"closed","ping_status":"closed","template":"","meta":{"footnotes":""},"class_list":["post-22","page","type-page","status-publish","hentry"],"_links":{"self":[{"href":"https:\/\/portais.santoandre.sp.gov.br\/hospitaldamulher\/wp-json\/wp\/v2\/pages\/22","targetHints":{"allow":["GET"]}}],"collection":[{"href":"https:\/\/portais.santoandre.sp.gov.br\/hospitaldamulher\/wp-json\/wp\/v2\/pages"}],"about":[{"href":"https:\/\/portais.santoandre.sp.gov.br\/hospitaldamulher\/wp-json\/wp\/v2\/types\/page"}],"author":[{"embeddable":true,"href":"https:\/\/portais.santoandre.sp.gov.br\/hospitaldamulher\/wp-json\/wp\/v2\/users\/77"}],"replies":[{"embeddable":true,"href":"https:\/\/portais.santoandre.sp.gov.br\/hospitaldamulher\/wp-json\/wp\/v2\/comments?post=22"}],"version-history":[{"count":22,"href":"https:\/\/portais.santoandre.sp.gov.br\/hospitaldamulher\/wp-json\/wp\/v2\/pages\/22\/revisions"}],"predecessor-version":[{"id":616,"href":"https:\/\/portais.santoandre.sp.gov.br\/hospitaldamulher\/wp-json\/wp\/v2\/pages\/22\/revisions\/616"}],"wp:attachment":[{"href":"https:\/\/portais.santoandre.sp.gov.br\/hospitaldamulher\/wp-json\/wp\/v2\/media?parent=22"}],"curies":[{"name":"wp","href":"https:\/\/api.w.org\/{rel}","templated":true}]}}