{"id":101,"date":"2025-03-24T11:24:00","date_gmt":"2025-03-24T14:24:00","guid":{"rendered":"https:\/\/portais.santoandre.sp.gov.br\/hospitaldamulher\/?page_id=101"},"modified":"2025-09-04T13:44:31","modified_gmt":"2025-09-04T16:44:31","slug":"curso-de-gestante","status":"publish","type":"page","link":"https:\/\/portais.santoandre.sp.gov.br\/hospitaldamulher\/curso-de-gestante\/","title":{"rendered":"Curso de gestante"},"content":{"rendered":"\n<p>Com a proximidade do nascimento do beb\u00ea, aumentam as d\u00favidas da gestante sobre o parto. Mitos e falta de informa\u00e7\u00e3o podem gerar medo, em especial nas primigestas \u2013 como s\u00e3o chamadas as mulheres na primeira gesta\u00e7\u00e3o. Para aumentar a seguran\u00e7a nessa fase, o Hospital da Mulher promove palestras e visita\u00e7\u00f5es guiadas \u00e0 unidade, toda \u00faltima sexta-feira de cada m\u00eas.<\/p>\n\n\n\n<p>O programa tem como objetivo preparar a mulher e acompanhante para uma experi\u00eancia positiva, ativa e consciente da gesta\u00e7\u00e3o e do parto. A agenda \u00e9 aberta mensalmente pelas unidades b\u00e1sicas de Sa\u00fade de Santo Andr\u00e9 e as visitas t\u00eam, em m\u00e9dia, duas horas de dura\u00e7\u00e3o.<\/p>\n\n\n\n<p>O trabalho \u00e9 coordenado por equipe multiprofissional composta por m\u00e9dica obstetra, enfermeira obstetra,&nbsp;psic\u00f3loga, nutricionista, assistente social, musicoterapeuta e fonoaudi\u00f3loga. Durante as palestras, s\u00e3o esclarecidas as poss\u00edveis altera\u00e7\u00f5es corporais no per\u00edodo gestacional, as gestantes s\u00e3o sensibilizadas a respeito da import\u00e2ncia do pr\u00e9-natal e s\u00e3o desmistificadas certas cren\u00e7as a respeito do parto.<\/p>\n\n\n\n<p>Isso facilita o progresso do parto e o al\u00edvio da dor das gestantes, preparando corpo e mente para o momento. As participantes s\u00e3o informadas sobre rotinas e procedimentos desenvolvidos no momento do trabalho de pr\u00e9-parto, parto e puerp\u00e9rio, enfocando o parto humanizado, al\u00e9m de informa\u00e7\u00f5es referentes \u00e0 postura f\u00edsica da gestante, cuidados espec\u00edficos da enfermagem, orienta\u00e7\u00e3o nutricional e cuidados com o rec\u00e9m-nascido (teste do pezinho, teste auditivo e teste do cora\u00e7\u00e3ozinho).<\/p>\n\n\n\n<p>Ainda s\u00e3o apresentadas as depend\u00eancias do Hospital da Mulher para gestantes e acompanhantes e informadas todas as etapas do processo. Tamb\u00e9m buscamos formar grupos de apoio ao aleitamento materno e consulta puerperal.<\/p>\n\n\n\n<p><strong>Como participar?<\/strong><\/p>\n\n\n\n<p>As vagas para o Curso de Gestante s\u00e3o disponibilizadas pelas unidades b\u00e1sicas de sa\u00fade de Santo Andr\u00e9. Procure sua UBS de refer\u00eancia e se informe.<\/p>\n\n\n\n<p>Apenas gestantes de alto risco s\u00e3o agendadas diretamente pelo Hospital da Mulher. Mais informa\u00e7\u00f5es sobre a visita\u00e7\u00e3o podem ser obtidas pelo (11) 4478-5000.\u00a0<\/p>\n\n\n\n<p><\/p>\n","protected":false},"excerpt":{"rendered":"<p>Com a proximidade do nascimento do beb\u00ea, aumentam as d\u00favidas da gestante sobre o parto. Mitos e falta de informa\u00e7\u00e3o podem gerar medo, em especial nas primigestas \u2013 como s\u00e3o chamadas as mulheres na primeira gesta\u00e7\u00e3o. Para aumentar a seguran\u00e7a nessa fase, o Hospital da Mulher promove palestras e visita\u00e7\u00f5es guiadas \u00e0 unidade, toda \u00faltima [&hellip;]<\/p>\n","protected":false},"author":77,"featured_media":0,"parent":0,"menu_order":0,"comment_status":"closed","ping_status":"closed","template":"","meta":{"footnotes":""},"class_list":["post-101","page","type-page","status-publish","hentry"],"_links":{"self":[{"href":"https:\/\/portais.santoandre.sp.gov.br\/hospitaldamulher\/wp-json\/wp\/v2\/pages\/101","targetHints":{"allow":["GET"]}}],"collection":[{"href":"https:\/\/portais.santoandre.sp.gov.br\/hospitaldamulher\/wp-json\/wp\/v2\/pages"}],"about":[{"href":"https:\/\/portais.santoandre.sp.gov.br\/hospitaldamulher\/wp-json\/wp\/v2\/types\/page"}],"author":[{"embeddable":true,"href":"https:\/\/portais.santoandre.sp.gov.br\/hospitaldamulher\/wp-json\/wp\/v2\/users\/77"}],"replies":[{"embeddable":true,"href":"https:\/\/portais.santoandre.sp.gov.br\/hospitaldamulher\/wp-json\/wp\/v2\/comments?post=101"}],"version-history":[{"count":2,"href":"https:\/\/portais.santoandre.sp.gov.br\/hospitaldamulher\/wp-json\/wp\/v2\/pages\/101\/revisions"}],"predecessor-version":[{"id":401,"href":"https:\/\/portais.santoandre.sp.gov.br\/hospitaldamulher\/wp-json\/wp\/v2\/pages\/101\/revisions\/401"}],"wp:attachment":[{"href":"https:\/\/portais.santoandre.sp.gov.br\/hospitaldamulher\/wp-json\/wp\/v2\/media?parent=101"}],"curies":[{"name":"wp","href":"https:\/\/api.w.org\/{rel}","templated":true}]}}