{"id":86,"date":"2023-04-04T14:12:36","date_gmt":"2023-04-04T17:12:36","guid":{"rendered":"https:\/\/portais.santoandre.sp.gov.br\/gcm\/?page_id=86"},"modified":"2026-05-08T12:55:53","modified_gmt":"2026-05-08T15:55:53","slug":"patrulha-maria-da-penha","status":"publish","type":"page","link":"https:\/\/portais.santoandre.sp.gov.br\/gcm\/patrulha-maria-da-penha\/","title":{"rendered":"Patrulha Maria da Penha"},"content":{"rendered":"\n<p>A Patrulha Maria da Penha est\u00e1 ao lado das mulheres v\u00edtimas de viol\u00eancia, garantindo seguran\u00e7a, apoio e acompanhamento especializado. N\u00e3o se cale, n\u00e3o se esconda voc\u00ea n\u00e3o est\u00e1 sozinha!<\/p>\n\n\n\n<p>Denuncie. Busque ajuda. Exija prote\u00e7\u00e3o.<\/p>\n\n\n\n<p><strong><span style=\"color: #1c1b1b\" class=\"stk-highlight\">PATRULHA MARIA DA PENHA<\/span><\/strong><\/p>\n\n\n\n<figure class=\"wp-block-image size-full is-resized\"><img fetchpriority=\"high\" decoding=\"async\" width=\"496\" height=\"372\" src=\"https:\/\/portais.santoandre.sp.gov.br\/gcm\/wp-content\/uploads\/sites\/7\/2024\/05\/images-2022-08-15T194741.126-edited.jpg\" alt=\"\" class=\"wp-image-464\" style=\"aspect-ratio:1.3333333333333333;width:841px;height:auto\" srcset=\"https:\/\/portais.santoandre.sp.gov.br\/gcm\/wp-content\/uploads\/sites\/7\/2024\/05\/images-2022-08-15T194741.126-edited.jpg 496w, https:\/\/portais.santoandre.sp.gov.br\/gcm\/wp-content\/uploads\/sites\/7\/2024\/05\/images-2022-08-15T194741.126-edited-300x225.jpg 300w\" sizes=\"(max-width: 496px) 100vw, 496px\" \/><\/figure>\n\n\n\n<div style=\"height:33px\" aria-hidden=\"true\" class=\"wp-block-spacer\"><\/div>\n\n\n\n<div class=\"wp-block-stackable-text stk-block-text stk-block stk-636a668\" data-block-id=\"636a668\"><p class=\"stk-block-text__text has-text-align-justify\">A <strong>Patrulha Maria da Penha<\/strong> iniciou suas atividades em outubro de 2020 na cidade de Santo Andr\u00e9. \u00c9poca em que formalizou Conv\u00eanio com o Tribunal de Justi\u00e7a do Estado de S\u00e3o Paulo \u2013 Comarca de Santo Andr\u00e9, com intuito de fiscalizar os cumprimentos de Medidas Protetivas Judicias deferidas \u00e0s mulheres que residem no Munic\u00edpio. (Decreto n.\u00ba: 17.220 \u2013 12\/08\/2019).<\/p><\/div>\n\n\n\n<div class=\"wp-block-stackable-text stk-block-text stk-block stk-b2a5904\" data-block-id=\"b2a5904\"><p class=\"stk-block-text__text has-text-align-justify\">No desempenho do trabalho atua em parceria com a Delegacia de Defesa da Mulher, deste modo unindo esfor\u00e7os conjuntos no combate contra a Viol\u00eancia Dom\u00e9stica e Familiar, visando-se o cumprimento das Medidas Judiciais. Atua, ainda, de maneira cooperativa com o Centro de Refer\u00eancia de Prote\u00e7\u00e3o a Mulher \u2013 VEM Maria rumo a prioriza\u00e7\u00e3o da Vida e da Integridade das mulheres v\u00edtimas de Viol\u00eancia Dom\u00e9stica.<\/p><\/div>\n\n\n\n<div class=\"wp-block-stackable-text stk-block-text stk-block stk-7cc4db5\" data-block-id=\"7cc4db5\"><p class=\"stk-block-text__text has-text-align-justify\">Mant\u00e9m rondas de monitoramento no entorno da resid\u00eancia, do trabalho ou de locais indicados por mulheres que det\u00e9m a Medida Protetiva Judicial vigente, bem como atende todo acionamento relacionado ao Descumprimento de Medida Protetiva Judicial.<\/p><\/div>\n\n\n\n<div style=\"height:64px\" aria-hidden=\"true\" class=\"wp-block-spacer\"><\/div>\n\n\n\n<hr class=\"wp-block-separator has-text-color has-black-color has-alpha-channel-opacity has-black-background-color has-background is-style-dots\" \/>\n\n\n\n<details class=\"wp-block-stackable-accordion stk-block-accordion stk-inner-blocks stk-block-content stk--is-open stk-block stk-0db2321 is-style-default\" open data-block-id=\"0db2321\">\n<summary class=\"wp-block-stackable-column stk-block-column stk-column stk-block stk-0bb397b stk--container-small stk-block-accordion__heading\" data-v=\"4\" data-block-id=\"0bb397b\"><div class=\"stk-column-wrapper stk-block-column__content stk-container stk-0bb397b-container stk-hover-parent\"><div class=\"stk-block-content stk-inner-blocks stk-0bb397b-inner-blocks\">\n<div class=\"wp-block-stackable-icon-label stk-block-icon-label stk-block stk-44ba4ec\" data-block-id=\"44ba4ec\"><div class=\"stk-row stk-inner-blocks stk-block-content\">\n<div class=\"wp-block-stackable-heading stk-block-heading stk-block-heading--v2 stk-block stk-06a9ce1\" id=\"span-style-color-00316-a-class-stk-highlight-informacoes-span\" data-block-id=\"06a9ce1\"><h4 class=\"stk-block-heading__text\"><span style=\"color: #00316a\" class=\"stk-highlight\">Informa\u00e7\u00f5es<\/span><\/h4><\/div>\n\n\n\n<div class=\"wp-block-stackable-icon stk-block-icon stk-block stk-63dca2d\" data-block-id=\"63dca2d\"><span class=\"stk--svg-wrapper\"><div class=\"stk--inner-svg\"><svg style=\"height:0;width:0\"><defs><linearGradient id=\"linear-gradient-63dca2d\" x1=\"0\" x2=\"100%\" y1=\"0\" y2=\"0\"><stop offset=\"0%\" style=\"stop-opacity:1;stop-color:var(--linear-gradient-63-dca-2-d-color-1)\"><\/stop><stop offset=\"100%\" style=\"stop-opacity:1;stop-color:var(--linear-gradient-63-dca-2-d-color-2)\"><\/stop><\/linearGradient><\/defs><\/svg><svg data-prefix=\"fas\" data-icon=\"chevron-down\" class=\"svg-inline--fa fa-chevron-down fa-w-14\" xmlns=\"http:\/\/www.w3.org\/2000\/svg\" viewBox=\"0 0 448 512\" aria-hidden=\"true\" width=\"32\" height=\"32\"><path fill=\"currentColor\" d=\"M207.029 381.476L12.686 187.132c-9.373-9.373-9.373-24.569 0-33.941l22.667-22.667c9.357-9.357 24.522-9.375 33.901-.04L224 284.505l154.745-154.021c9.379-9.335 24.544-9.317 33.901.04l22.667 22.667c9.373 9.373 9.373 24.569 0 33.941L240.971 381.476c-9.373 9.372-24.569 9.372-33.942 0z\"><\/path><\/svg><\/div><\/span><\/div>\n<\/div><\/div>\n<\/div><\/div><\/summary>\n\n\n\n<div class=\"wp-block-stackable-column stk-block-column stk-column stk-block stk-bc915b5 stk-block-accordion__content\" data-v=\"4\" data-block-id=\"bc915b5\"><div class=\"stk-column-wrapper stk-block-column__content stk-container stk-bc915b5-container stk--no-background stk--no-padding\"><div class=\"stk-block-content stk-inner-blocks stk-bc915b5-inner-blocks\">\n<div class=\"wp-block-stackable-text stk-block-text stk-block stk-7f45997\" data-block-id=\"7f45997\"><style>.stk-7f45997 .stk-block-text__text{font-size:20px !important;}@media screen and (max-width: 1023px){.stk-7f45997 .stk-block-text__text{font-size:20px !important;}}<\/style><p class=\"stk-block-text__text\"><strong>Capacita\u00e7\u00e3o e Treinamento para Enfrentamento e Preven\u00e7\u00e3o \u00e0 Viol\u00eancia Contra Mulheres &#8211; For\u00e7a de Seguran\u00e7a<\/strong><\/p><\/div>\n\n\n\n<div class=\"wp-block-stackable-text stk-block-text stk-block stk-27b5feb\" data-block-id=\"27b5feb\"><style>.stk-27b5feb .stk-block-text__text{font-size:20px !important;}@media screen and (max-width: 1023px){.stk-27b5feb .stk-block-text__text{font-size:20px !important;}}<\/style><p class=\"stk-block-text__text\"><strong>Organiza\u00e7\u00e3o: <\/strong>Prefeitura de Santo Andr\u00e9, Secretaria de Seguran\u00e7a Cidad\u00e3 e Guarda Civil Municipal<\/p><\/div>\n\n\n\n<div class=\"wp-block-stackable-text stk-block-text stk-block stk-46a8dab\" data-block-id=\"46a8dab\"><style>.stk-46a8dab .stk-block-text__text{font-size:20px !important;}@media screen and (max-width: 1023px){.stk-46a8dab .stk-block-text__text{font-size:20px !important;}}<\/style><p class=\"stk-block-text__text\"><strong>Apoio:<\/strong> Escola de Governo do Executivo Andreense<\/p><\/div>\n\n\n\n<div class=\"wp-block-stackable-text stk-block-text stk-block stk-ce5e3ef\" data-block-id=\"ce5e3ef\"><style>.stk-ce5e3ef .stk-block-text__text{font-size:20px !important;}@media screen and (max-width: 1023px){.stk-ce5e3ef .stk-block-text__text{font-size:20px !important;}}<\/style><p class=\"stk-block-text__text\"><strong>Turmas:<\/strong> Agosto a Novembro de 2024<\/p><\/div>\n\n\n\n<div class=\"wp-block-stackable-text stk-block-text stk-block stk-7972755\" data-block-id=\"7972755\"><style>.stk-7972755 .stk-block-text__text{font-size:20px !important;}@media screen and (max-width: 1023px){.stk-7972755 .stk-block-text__text{font-size:20px !important;}}<\/style><p class=\"stk-block-text__text\"><strong>Carga Hor\u00e1ria:<\/strong> 08 horas<\/p><\/div>\n<\/div><\/div><\/div>\n<\/details>\n\n\n\n<div class=\"wp-block-stackable-button-group stk-block-button-group stk-block stk-8a5e39b\" data-block-id=\"8a5e39b\"><div class=\"stk-row stk-inner-blocks stk-block-content stk-button-group\">\n<div class=\"wp-block-stackable-button stk-block-button stk-block stk-ce2d8b7\" data-block-id=\"ce2d8b7\"><style>.stk-ce2d8b7 , .stk-ce2d8b7 .stk-button{width:100% !important;}.stk-ce2d8b7 {flex:1 0 var(--stk-button-group-flex-wrap, 0) !important;}.stk-ce2d8b7 .stk-button{background:#021570 !important;}.stk-ce2d8b7 .stk-button__inner-text{font-weight:bold !important;}<\/style><a class=\"stk-link stk-button stk--hover-effect-darken\" href=\"https:\/\/portais.santoandre.sp.gov.br\/escoladegoverno\/capacitacao-maria-da-penha\/\" target=\"_blank\" rel=\"noreferrer noopener\"><span class=\"stk-button__inner-text\">Inscreva-se aqui!<\/span><\/a><\/div>\n<\/div><\/div>\n\n\n\n<div style=\"height:81px\" aria-hidden=\"true\" class=\"wp-block-spacer\"><\/div>\n\n\n\n<h2 class=\"wp-block-heading\"><span style=\"color: #2b475e\" class=\"stk-highlight\"><strong>Fa\u00e7a o download da cartilha<\/strong><br><\/span><span style=\"color: #f78da7\" class=\"stk-highlight\">Patrulha Maria da Penha<\/span><\/h2>\n\n\n\n<div class=\"wp-block-stackable-feature stk-block-feature stk-block stk-6404b3c is-style-default\" data-v=\"2\" data-block-id=\"6404b3c\"><style>.stk-6404b3c {--stk-feature-flex-wrap:nowrap !important;}<\/style><div class=\"stk-content-align stk-6404b3c-column stk-container stk-6404b3c-container stk--no-background stk--no-padding\"><div class=\"stk-inner-blocks stk-block-content stk-row\">\n<div class=\"wp-block-stackable-column stk-block-column stk-column stk-block stk-6edae45\" data-v=\"4\" data-block-id=\"6edae45\"><style>.stk-6edae45 {align-self:center !important;}<\/style><div class=\"stk-column-wrapper stk-block-column__content stk-container stk-6edae45-container stk--no-background stk--no-padding\"><div class=\"stk-block-content stk-inner-blocks stk-6edae45-inner-blocks\">\n<div class=\"wp-block-stackable-image stk-block-image stk-block stk-5218a2f\" data-block-id=\"5218a2f\"><style>.stk-5218a2f .stk-img-wrapper{width:100% !important;height:412px !important;}<\/style><figure><span class=\"stk-img-wrapper stk-image--shape-stretch\"><img decoding=\"async\" class=\"stk-img wp-image-94\" src=\"https:\/\/portais.santoandre.sp.gov.br\/gcm\/wp-content\/uploads\/sites\/7\/2023\/04\/mockup-cartilha-gcm.png\" width=\"900\" height=\"600\" srcset=\"https:\/\/portais.santoandre.sp.gov.br\/gcm\/wp-content\/uploads\/sites\/7\/2023\/04\/mockup-cartilha-gcm.png 900w, https:\/\/portais.santoandre.sp.gov.br\/gcm\/wp-content\/uploads\/sites\/7\/2023\/04\/mockup-cartilha-gcm-300x200.png 300w, https:\/\/portais.santoandre.sp.gov.br\/gcm\/wp-content\/uploads\/sites\/7\/2023\/04\/mockup-cartilha-gcm-768x512.png 768w\" sizes=\"(max-width: 900px) 100vw, 900px\" \/><\/span><\/figure><\/div>\n<\/div><\/div><\/div>\n\n\n\n<div class=\"wp-block-stackable-column stk-block-column stk-column stk-block stk-0f8ecf7\" data-v=\"4\" data-block-id=\"0f8ecf7\"><style>.stk-0f8ecf7 {align-self:center !important;}<\/style><div class=\"stk-column-wrapper stk-block-column__content stk-container stk-0f8ecf7-container stk--no-background stk--no-padding\"><div class=\"stk-block-content stk-inner-blocks stk-0f8ecf7-inner-blocks\">\n<div class=\"wp-block-stackable-heading stk-block-heading stk-block-heading--v2 stk-block stk-a8e300d\" id=\"informacao-e-conscientizacao\" data-block-id=\"a8e300d\"><h2 class=\"stk-block-heading__text\">Informa\u00e7\u00e3o e conscientiza\u00e7\u00e3o<\/h2><\/div>\n\n\n\n<div class=\"wp-block-stackable-text stk-block-text stk-block stk-31e76cb\" data-block-id=\"31e76cb\"><p class=\"stk-block-text__text has-text-align-justify\">A viol\u00eancia dom\u00e9stica e de g\u00eanero \u00e9 uma realidade em muitos lugares do mundo, e <b>aqui no Brasil vem aumentando consideravelmente nos \u00faltimos anos.<\/b><\/p><\/div>\n\n\n\n<div class=\"wp-block-stackable-text stk-block-text stk-block stk-4eda114\" data-block-id=\"4eda114\"><p class=\"stk-block-text__text has-text-align-justify\">Por isso, a <b>Guarda Civil Municipal de Santo Andr\u00e9 <\/b>desenvolveu uma cartilha explicativa para&nbsp;ajudar a conscientizar as pessoas sobre a gravidade e as consequ\u00eancias da viol\u00eancia contra as mulheres, bem como oferecer orienta\u00e7\u00f5es e recursos para ajudar as v\u00edtimas de viol\u00eancia a buscar ajuda e prote\u00e7\u00e3o.<\/p><\/div>\n\n\n\n<div class=\"wp-block-stackable-text stk-block-text stk-block stk-cb10a9c\" data-block-id=\"cb10a9c\"><p class=\"stk-block-text__text has-text-align-justify\"><b>Baixe gratuitamente o e-book e compartilhe com quem precisa desta ajuda!<\/b><\/p><\/div>\n\n\n\n<div class=\"wp-block-stackable-button-group stk-block-button-group stk-block stk-8138ef3\" data-block-id=\"8138ef3\"><div class=\"stk-row stk-inner-blocks stk-block-content stk-button-group\">\n<div class=\"wp-block-stackable-button stk-block-button stk-block stk-fa80c0d\" data-block-id=\"fa80c0d\"><style>.stk-fa80c0d .stk-button{background:#2b475e !important;}.stk-fa80c0d .stk-button__inner-text{color:#f78da7 !important;}<\/style><a class=\"stk-link stk-button stk--hover-effect-darken\" href=\"\"><span class=\"has-text-color stk-button__inner-text\"><strong>Clique aqui!<\/strong><\/span><\/a><\/div>\n<\/div><\/div>\n<\/div><\/div><\/div>\n<\/div><\/div><\/div>\n\n\n\n<div style=\"height:100px\" aria-hidden=\"true\" class=\"wp-block-spacer\"><\/div>\n","protected":false},"excerpt":{"rendered":"<p>A Patrulha Maria da Penha est\u00e1 ao lado das mulheres v\u00edtimas de viol\u00eancia, garantindo seguran\u00e7a, apoio e acompanhamento especializado. N\u00e3o se cale, n\u00e3o se esconda voc\u00ea n\u00e3o est\u00e1 sozinha! Denuncie. Busque ajuda. Exija prote\u00e7\u00e3o. PATRULHA MARIA DA PENHA A Patrulha Maria da Penha iniciou suas atividades em outubro de 2020 na cidade de Santo Andr\u00e9. [&hellip;]<\/p>\n","protected":false},"author":2,"featured_media":70,"parent":0,"menu_order":0,"comment_status":"closed","ping_status":"closed","template":"","meta":{"footnotes":""},"class_list":["post-86","page","type-page","status-publish","has-post-thumbnail","hentry"],"_links":{"self":[{"href":"https:\/\/portais.santoandre.sp.gov.br\/gcm\/wp-json\/wp\/v2\/pages\/86","targetHints":{"allow":["GET"]}}],"collection":[{"href":"https:\/\/portais.santoandre.sp.gov.br\/gcm\/wp-json\/wp\/v2\/pages"}],"about":[{"href":"https:\/\/portais.santoandre.sp.gov.br\/gcm\/wp-json\/wp\/v2\/types\/page"}],"author":[{"embeddable":true,"href":"https:\/\/portais.santoandre.sp.gov.br\/gcm\/wp-json\/wp\/v2\/users\/2"}],"replies":[{"embeddable":true,"href":"https:\/\/portais.santoandre.sp.gov.br\/gcm\/wp-json\/wp\/v2\/comments?post=86"}],"version-history":[{"count":19,"href":"https:\/\/portais.santoandre.sp.gov.br\/gcm\/wp-json\/wp\/v2\/pages\/86\/revisions"}],"predecessor-version":[{"id":2265,"href":"https:\/\/portais.santoandre.sp.gov.br\/gcm\/wp-json\/wp\/v2\/pages\/86\/revisions\/2265"}],"wp:featuredmedia":[{"embeddable":true,"href":"https:\/\/portais.santoandre.sp.gov.br\/gcm\/wp-json\/wp\/v2\/media\/70"}],"wp:attachment":[{"href":"https:\/\/portais.santoandre.sp.gov.br\/gcm\/wp-json\/wp\/v2\/media?parent=86"}],"curies":[{"name":"wp","href":"https:\/\/api.w.org\/{rel}","templated":true}]}}