{"id":834,"date":"2024-10-08T12:32:12","date_gmt":"2024-10-08T15:32:12","guid":{"rendered":"https:\/\/portais.santoandre.sp.gov.br\/gcm\/?page_id=834"},"modified":"2024-10-08T12:32:12","modified_gmt":"2024-10-08T15:32:12","slug":"prevencao-primaria-volante-cidada","status":"publish","type":"page","link":"https:\/\/portais.santoandre.sp.gov.br\/gcm\/prevencao-primaria-volante-cidada\/","title":{"rendered":"Preven\u00e7\u00e3o Prim\u00e1ria volante Cidad\u00e3"},"content":{"rendered":"","protected":false},"excerpt":{"rendered":"","protected":false},"author":48,"featured_media":0,"parent":0,"menu_order":0,"comment_status":"closed","ping_status":"closed","template":"","meta":{"footnotes":""},"class_list":["post-834","page","type-page","status-publish","hentry"],"_links":{"self":[{"href":"https:\/\/portais.santoandre.sp.gov.br\/gcm\/wp-json\/wp\/v2\/pages\/834","targetHints":{"allow":["GET"]}}],"collection":[{"href":"https:\/\/portais.santoandre.sp.gov.br\/gcm\/wp-json\/wp\/v2\/pages"}],"about":[{"href":"https:\/\/portais.santoandre.sp.gov.br\/gcm\/wp-json\/wp\/v2\/types\/page"}],"author":[{"embeddable":true,"href":"https:\/\/portais.santoandre.sp.gov.br\/gcm\/wp-json\/wp\/v2\/users\/48"}],"replies":[{"embeddable":true,"href":"https:\/\/portais.santoandre.sp.gov.br\/gcm\/wp-json\/wp\/v2\/comments?post=834"}],"version-history":[{"count":1,"href":"https:\/\/portais.santoandre.sp.gov.br\/gcm\/wp-json\/wp\/v2\/pages\/834\/revisions"}],"predecessor-version":[{"id":863,"href":"https:\/\/portais.santoandre.sp.gov.br\/gcm\/wp-json\/wp\/v2\/pages\/834\/revisions\/863"}],"wp:attachment":[{"href":"https:\/\/portais.santoandre.sp.gov.br\/gcm\/wp-json\/wp\/v2\/media?parent=834"}],"curies":[{"name":"wp","href":"https:\/\/api.w.org\/{rel}","templated":true}]}}