{"id":611,"date":"2024-07-18T11:52:09","date_gmt":"2024-07-18T14:52:09","guid":{"rendered":"https:\/\/portais.santoandre.sp.gov.br\/gcm\/?page_id=611"},"modified":"2024-08-07T13:17:32","modified_gmt":"2024-08-07T16:17:32","slug":"inspetorias-de-operacoes-especiais","status":"publish","type":"page","link":"https:\/\/portais.santoandre.sp.gov.br\/gcm\/inspetorias-de-operacoes-especiais\/","title":{"rendered":"Inspetorias de Opera\u00e7\u00f5es Especiais IOPE"},"content":{"rendered":"\n<p>RONDAS OPERACIONAIS MUNICIPAIS &#8211; ROMU <\/p>\n\n\n\n<p>RONDAS OPERACIONAIS COM MOTOCICLETAS &#8211; ROMO <\/p>\n\n\n\n<p>GRUPAMENTO AMBIENTAL &#8211; GAMB <\/p>\n\n\n\n<p>CANIL DA GUARDA CIVIL MUNICIPAL &#8211; K9 MUNICIPAL <\/p>\n\n\n\n<p>GRUPAMENTO DE OPERA\u00c7\u00d5ES COM DRONES &#8211; DRONEPOL<\/p>\n\n\n\n<h2 class=\"wp-block-heading\">Patrulhamento Especializado<\/h2>\n\n\n\n<div class=\"wp-block-stackable-text stk-block-text stk-block stk-87fdd57\" data-block-id=\"87fdd57\"><p class=\"stk-block-text__text has-text-align-justify\">Diuturnamente a cidade \u00e9 atendida com patrulhamento motorizado, seja ele em ve\u00edculos de duas ou quatros rodas, e tamb\u00e9m com patrulhamento \u00e0 p\u00e9. O Quadro T\u00e9cnico da GCM trabalha dividido sob a coordena\u00e7\u00e3o de quatros Inspetorias que compreendem todo territ\u00f3rio da cidade.<\/p><\/div>\n\n\n\n<div class=\"wp-block-stackable-text stk-block-text stk-block stk-fb85cb3\" data-block-id=\"fb85cb3\"><p class=\"stk-block-text__text has-text-align-justify\">Al\u00e9m das Inspetorias, <b>existem as unidades especializadas Rondas Operacionais Municipais ROMU, Rondas Operacionais com Motocicletas ROMO, Grupamento Ambiental GAMB, em projetos Canil da GCM &#8211; K-9 MUNICIPAL e Grupamento de Opera\u00e7\u00f5es com Drones &#8211; DRONEPOL<\/b> estas atuam tamb\u00e9m em todo territ\u00f3rio, por\u00e9m seu trabalho \u00e9 direcionado de acordo com as necessidades e miss\u00f5es espec\u00edficas.<\/p><\/div>\n\n\n\n<figure class=\"wp-block-image size-full\"><img fetchpriority=\"high\" decoding=\"async\" width=\"800\" height=\"300\" src=\"https:\/\/portais.santoandre.sp.gov.br\/gcm\/wp-content\/uploads\/sites\/7\/2024\/08\/banner-fiscalizacao.png\" alt=\"\" class=\"wp-image-821\" srcset=\"https:\/\/portais.santoandre.sp.gov.br\/gcm\/wp-content\/uploads\/sites\/7\/2024\/08\/banner-fiscalizacao.png 800w, https:\/\/portais.santoandre.sp.gov.br\/gcm\/wp-content\/uploads\/sites\/7\/2024\/08\/banner-fiscalizacao-300x113.png 300w, https:\/\/portais.santoandre.sp.gov.br\/gcm\/wp-content\/uploads\/sites\/7\/2024\/08\/banner-fiscalizacao-768x288.png 768w\" sizes=\"(max-width: 800px) 100vw, 800px\" \/><\/figure>\n\n\n\n<h2 class=\"wp-block-heading\">Prote\u00e7\u00e3o e preven\u00e7\u00e3o atrav\u00e9s da fiscaliza\u00e7\u00e3o<\/h2>\n\n\n\n<div style=\"height:32px\" aria-hidden=\"true\" class=\"wp-block-spacer\"><\/div>\n\n\n\n<div class=\"wp-block-stackable-text stk-block-text stk-block stk-7d61ad6\" data-block-id=\"7d61ad6\"><p class=\"stk-block-text__text has-text-align-justify\">Uma das rotinas da Guarda Civil de Santo Andr\u00e9 \u00e9 a<b> prote\u00e7\u00e3o e preven\u00e7\u00e3o aos crimes<\/b>, de modo a reduzir o sofrimento da sociedade e melhorar a qualidade de vida de todos, ajudando \u00e0 manter Santo Andr\u00e9 dentro dos par\u00e2metros da ONU como uma cidade com alto \u00edndice de desenvolvimento humano (IDH).<\/p><\/div>\n\n\n\n<div class=\"wp-block-stackable-text stk-block-text stk-block stk-9f051f1\" data-block-id=\"9f051f1\"><p class=\"stk-block-text__text has-text-align-justify\">A\u00e7\u00f5es como bloqueios vi\u00e1rios para fiscaliza\u00e7\u00e3o de ve\u00edculos e motoristas s\u00e3o de suma import\u00e2ncia para recupera\u00e7\u00e3o de ve\u00edculos produtos de il\u00edcitos, conscientiza\u00e7\u00e3o de condutores e redu\u00e7\u00e3o dos crimes contra o patrim\u00f4nio particular.<\/p><\/div>\n","protected":false},"excerpt":{"rendered":"<p>RONDAS OPERACIONAIS MUNICIPAIS &#8211; ROMU RONDAS OPERACIONAIS COM MOTOCICLETAS &#8211; ROMO GRUPAMENTO AMBIENTAL &#8211; GAMB CANIL DA GUARDA CIVIL MUNICIPAL &#8211; K9 MUNICIPAL GRUPAMENTO DE OPERA\u00c7\u00d5ES COM DRONES &#8211; DRONEPOL Patrulhamento Especializado Diuturnamente a cidade \u00e9 atendida com patrulhamento motorizado, seja ele em ve\u00edculos de duas ou quatros rodas, e tamb\u00e9m com patrulhamento \u00e0 p\u00e9. [&hellip;]<\/p>\n","protected":false},"author":48,"featured_media":0,"parent":0,"menu_order":0,"comment_status":"closed","ping_status":"closed","template":"","meta":{"footnotes":""},"class_list":["post-611","page","type-page","status-publish","hentry"],"_links":{"self":[{"href":"https:\/\/portais.santoandre.sp.gov.br\/gcm\/wp-json\/wp\/v2\/pages\/611","targetHints":{"allow":["GET"]}}],"collection":[{"href":"https:\/\/portais.santoandre.sp.gov.br\/gcm\/wp-json\/wp\/v2\/pages"}],"about":[{"href":"https:\/\/portais.santoandre.sp.gov.br\/gcm\/wp-json\/wp\/v2\/types\/page"}],"author":[{"embeddable":true,"href":"https:\/\/portais.santoandre.sp.gov.br\/gcm\/wp-json\/wp\/v2\/users\/48"}],"replies":[{"embeddable":true,"href":"https:\/\/portais.santoandre.sp.gov.br\/gcm\/wp-json\/wp\/v2\/comments?post=611"}],"version-history":[{"count":5,"href":"https:\/\/portais.santoandre.sp.gov.br\/gcm\/wp-json\/wp\/v2\/pages\/611\/revisions"}],"predecessor-version":[{"id":822,"href":"https:\/\/portais.santoandre.sp.gov.br\/gcm\/wp-json\/wp\/v2\/pages\/611\/revisions\/822"}],"wp:attachment":[{"href":"https:\/\/portais.santoandre.sp.gov.br\/gcm\/wp-json\/wp\/v2\/media?parent=611"}],"curies":[{"name":"wp","href":"https:\/\/api.w.org\/{rel}","templated":true}]}}