{"id":610,"date":"2024-07-18T11:52:09","date_gmt":"2024-07-18T14:52:09","guid":{"rendered":"https:\/\/portais.santoandre.sp.gov.br\/gcm\/?page_id=610"},"modified":"2024-07-18T11:52:09","modified_gmt":"2024-07-18T14:52:09","slug":"inspetorias-de-governanca-cidada","status":"publish","type":"page","link":"https:\/\/portais.santoandre.sp.gov.br\/gcm\/inspetorias-de-governanca-cidada\/","title":{"rendered":"Inspetorias de Governan\u00e7a Cidad\u00e3"},"content":{"rendered":"\n<p>PROGRAMA PATRULHA MARIA DA PENHA <\/p>\n\n\n\n<p>PROGRAMA DE POLICIAMENTO EM PARQUES E PRA\u00c7AS MUNICIPAIS &#8211; PPMmunicipais <\/p>\n\n\n\n<p>PROGRAMA DE RONDAS ESCOLARES MUNICIPAIS &#8211; REmunicipais <\/p>\n\n\n\n<p>PROGRAMA DE PREVEN\u00c7\u00c3O PRIM\u00c1RIA VOLANTE CIDAD\u00c3 &#8211; Policiamento Comunit\u00e1rio<\/p>\n\n\n","protected":false},"excerpt":{"rendered":"<p>PROGRAMA PATRULHA MARIA DA PENHA PROGRAMA DE POLICIAMENTO EM PARQUES E PRA\u00c7AS MUNICIPAIS &#8211; PPMmunicipais PROGRAMA DE RONDAS ESCOLARES MUNICIPAIS &#8211; REmunicipais PROGRAMA DE PREVEN\u00c7\u00c3O PRIM\u00c1RIA VOLANTE CIDAD\u00c3 &#8211; Policiamento Comunit\u00e1rio<\/p>\n","protected":false},"author":48,"featured_media":0,"parent":0,"menu_order":0,"comment_status":"closed","ping_status":"closed","template":"","meta":{"footnotes":""},"class_list":["post-610","page","type-page","status-publish","hentry"],"_links":{"self":[{"href":"https:\/\/portais.santoandre.sp.gov.br\/gcm\/wp-json\/wp\/v2\/pages\/610","targetHints":{"allow":["GET"]}}],"collection":[{"href":"https:\/\/portais.santoandre.sp.gov.br\/gcm\/wp-json\/wp\/v2\/pages"}],"about":[{"href":"https:\/\/portais.santoandre.sp.gov.br\/gcm\/wp-json\/wp\/v2\/types\/page"}],"author":[{"embeddable":true,"href":"https:\/\/portais.santoandre.sp.gov.br\/gcm\/wp-json\/wp\/v2\/users\/48"}],"replies":[{"embeddable":true,"href":"https:\/\/portais.santoandre.sp.gov.br\/gcm\/wp-json\/wp\/v2\/comments?post=610"}],"version-history":[{"count":2,"href":"https:\/\/portais.santoandre.sp.gov.br\/gcm\/wp-json\/wp\/v2\/pages\/610\/revisions"}],"predecessor-version":[{"id":618,"href":"https:\/\/portais.santoandre.sp.gov.br\/gcm\/wp-json\/wp\/v2\/pages\/610\/revisions\/618"}],"wp:attachment":[{"href":"https:\/\/portais.santoandre.sp.gov.br\/gcm\/wp-json\/wp\/v2\/media?parent=610"}],"curies":[{"name":"wp","href":"https:\/\/api.w.org\/{rel}","templated":true}]}}