{"id":6050,"date":"2025-07-02T16:07:55","date_gmt":"2025-07-02T19:07:55","guid":{"rendered":"https:\/\/portais.santoandre.sp.gov.br\/escoladegoverno\/?page_id=6050"},"modified":"2026-02-20T12:26:49","modified_gmt":"2026-02-20T15:26:49","slug":"manuais","status":"publish","type":"page","link":"https:\/\/portais.santoandre.sp.gov.br\/escoladegoverno\/manuais\/","title":{"rendered":"Manuais"},"content":{"rendered":"\t\t<div data-elementor-type=\"wp-page\" data-elementor-id=\"6050\" class=\"elementor elementor-6050\" data-elementor-post-type=\"page\">\n\t\t\t\t\t\t<section class=\"elementor-section elementor-top-section elementor-element elementor-element-3bdfaa06 elementor-section-boxed elementor-section-height-default elementor-section-height-default\" data-id=\"3bdfaa06\" data-element_type=\"section\" data-e-type=\"section\">\n\t\t\t\t\t\t<div class=\"elementor-container elementor-column-gap-default\">\n\t\t\t\t\t<div class=\"elementor-column elementor-col-100 elementor-top-column elementor-element elementor-element-2bb53d61\" data-id=\"2bb53d61\" data-element_type=\"column\" data-e-type=\"column\">\n\t\t\t<div class=\"elementor-widget-wrap elementor-element-populated\">\n\t\t\t\t\t\t<div class=\"elementor-element elementor-element-5572f647 elementor-widget elementor-widget-text-editor\" data-id=\"5572f647\" data-element_type=\"widget\" data-e-type=\"widget\" data-widget_type=\"text-editor.default\">\n\t\t\t\t<div class=\"elementor-widget-container\">\n\t\t\t\t\t\t\t\t\t<p>A Escola de Governo do Executivo Andreense pensando em disponibilizar conhecimento para os servidores da Prefeitura de Santo Andr\u00e9 disponibiliza os documentos abaixo para download.<\/p>\n<p><!-- \/wp:paragraph --><!-- wp:separator {\"className\":\"is-style-dots\"} --><\/p>\n<hr class=\"wp-block-separator has-alpha-channel-opacity is-style-dots\" \/>\n<p><!-- \/wp:separator --><!-- wp:stackable\/feature {\"uniqueId\":\"e1a8e91\",\"className\":\"is-style-default\"} --><\/p>\n<div class=\"wp-block-stackable-feature stk-block-feature stk-block stk-e1a8e91 is-style-default\" data-v=\"2\" data-block-id=\"e1a8e91\"><style>.stk-e1a8e91 {--stk-feature-flex-wrap:nowrap !important;}<\/style>\n<div class=\"stk-content-align stk-e1a8e91-column stk-container stk-e1a8e91-container stk--no-background stk--no-padding\">\n<div class=\"stk-inner-blocks stk-block-content stk-row\">\n<p><!-- wp:stackable\/column {\"uniqueId\":\"828e086\",\"columnAlign\":\"center\"} --><\/p>\n<div class=\"wp-block-stackable-column stk-block-column stk-column stk-block stk-828e086\" data-v=\"4\" data-block-id=\"828e086\"><style>.stk-828e086 {align-self:center !important;}<\/style>\n<div class=\"stk-column-wrapper stk-block-column__content stk-container stk-828e086-container stk--no-background stk--no-padding\">\n<div class=\"stk-block-content stk-inner-blocks stk-828e086-inner-blocks\">\n<p><!-- wp:stackable\/heading {\"uniqueId\":\"33aca7e\"} --><\/p>\n<div id=\"span-style-color-0693-e-3-class-stk-highlight-rh-facil-br-strong-manual-para-servidores-strong-span\" class=\"wp-block-stackable-heading stk-block-heading stk-block-heading--v2 stk-block stk-33aca7e\" data-block-id=\"33aca7e\">\n<h2 class=\"stk-block-heading__text\"><span class=\"stk-highlight\" style=\"color: #0693e3\">RH F\u00e1cil<br \/><strong>Manual para servidores<\/strong><\/span><\/h2>\n<\/div>\n<p><!-- \/wp:stackable\/heading --><!-- wp:stackable\/text {\"uniqueId\":\"99850ac\"} --><\/p>\n<div class=\"wp-block-stackable-text stk-block-text stk-block stk-99850ac\" data-block-id=\"99850ac\">\n<p class=\"stk-block-text__text\">A Secretaria de Administra\u00e7\u00e3o e Finan\u00e7as, por meio da Escola de Governo do Executivo Andreense e do Departamento de Recursos Humanos, lan\u00e7a o <strong>Manual RH F\u00e1cil<\/strong>, com todas as informa\u00e7\u00f5es que o servidor e servidora de Santo Andr\u00e9 precisa saber de forma clara e acess\u00edvel.<\/p>\n<\/div>\n<p><!-- \/wp:stackable\/text --><!-- wp:stackable\/button-group {\"uniqueId\":\"4c1917d\"} --><\/p>\n<div class=\"wp-block-stackable-button-group stk-block-button-group stk-block stk-4c1917d\" data-block-id=\"4c1917d\">\n<div class=\"stk-row stk-inner-blocks stk-block-content stk-button-group\">\n<p><!-- wp:stackable\/button {\"uniqueId\":\"cfc6c11\"} --><\/p>\n<div class=\"wp-block-stackable-button stk-block-button stk-block stk-cfc6c11\" data-block-id=\"cfc6c11\"><a class=\"stk-link stk-button stk--hover-effect-darken\" href=\"https:\/\/portais.santoandre.sp.gov.br\/escoladegoverno\/wp-content\/uploads\/sites\/2\/2026\/02\/Manual-RH-Facil-Fevereiro2026.pdf\"><span class=\"stk-button__inner-text\"><strong>Fazer download<\/strong><\/span><\/a><\/div>\n<p><!-- \/wp:stackable\/button --><\/p>\n<\/div>\n<\/div>\n<p><!-- \/wp:stackable\/button-group --><\/p>\n<\/div>\n<\/div>\n<\/div>\n<p><!-- \/wp:stackable\/column --><!-- wp:stackable\/column {\"uniqueId\":\"77090bf\",\"columnAlign\":\"center\",\"templateLock\":\"insert\"} --><\/p>\n<div class=\"wp-block-stackable-column stk-block-column stk-column stk-block stk-77090bf\" data-v=\"4\" data-block-id=\"77090bf\"><style>.stk-77090bf {align-self:center !important;}<\/style>\n<div class=\"stk-column-wrapper stk-block-column__content stk-container stk-77090bf-container stk--no-background stk--no-padding\">\n<div class=\"stk-block-content stk-inner-blocks stk-77090bf-inner-blocks\">\n<p><!-- wp:stackable\/image {\"uniqueId\":\"39a2754\",\"imageUrl\":\"https:\/\/portais.santoandre.sp.gov.br\/escoladegoverno\/wp-content\/uploads\/sites\/2\/2025\/07\/ebook-RHFacil.png\",\"imageId\":6054,\"imageWidthAttribute\":691,\"imageHeightAttribute\":689} --><\/p>\n<div class=\"wp-block-stackable-image stk-block-image stk-block stk-39a2754\" data-block-id=\"39a2754\">\n<figure><span class=\"stk-img-wrapper stk-image--shape-stretch\"><img fetchpriority=\"high\" decoding=\"async\" class=\"stk-img wp-image-6054\" src=\"https:\/\/portais.santoandre.sp.gov.br\/escoladegoverno\/wp-content\/uploads\/sites\/2\/2025\/07\/ebook-RHFacil.png\" width=\"691\" height=\"689\" srcset=\"https:\/\/portais.santoandre.sp.gov.br\/escoladegoverno\/wp-content\/uploads\/sites\/2\/2025\/07\/ebook-RHFacil.png 691w, https:\/\/portais.santoandre.sp.gov.br\/escoladegoverno\/wp-content\/uploads\/sites\/2\/2025\/07\/ebook-RHFacil-300x300.png 300w, https:\/\/portais.santoandre.sp.gov.br\/escoladegoverno\/wp-content\/uploads\/sites\/2\/2025\/07\/ebook-RHFacil-150x150.png 150w\" sizes=\"(max-width: 691px) 100vw, 691px\" \/><\/span><\/figure>\n<\/div>\n<p><!-- \/wp:stackable\/image --><\/p>\n<\/div>\n<\/div>\n<\/div>\n<p><!-- \/wp:stackable\/column --><\/p>\n<\/div>\n<\/div>\n<\/div>\n<p><!-- \/wp:stackable\/feature --><!-- wp:spacer {\"height\":\"146px\"} --><\/p>\n<div class=\"wp-block-spacer\" style=\"height: 146px\" aria-hidden=\"true\">\u00a0<\/div>\n<p><!-- \/wp:spacer --><\/p>\t\t\t\t\t\t\t\t<\/div>\n\t\t\t\t<\/div>\n\t\t\t\t\t<\/div>\n\t\t<\/div>\n\t\t\t\t\t<\/div>\n\t\t<\/section>\n\t\t\t\t<\/div>\n\t\t","protected":false},"excerpt":{"rendered":"<p>A Escola de Governo do Executivo Andreense pensando em disponibilizar conhecimento para os servidores da Prefeitura de Santo Andr\u00e9 disponibiliza os documentos abaixo para download. RH F\u00e1cilManual para servidores A Secretaria de Administra\u00e7\u00e3o e Finan\u00e7as, por meio da Escola de Governo do Executivo Andreense e do Departamento de Recursos Humanos, lan\u00e7a o Manual RH F\u00e1cil, [&hellip;]<\/p>\n","protected":false},"author":16,"featured_media":0,"parent":0,"menu_order":0,"comment_status":"closed","ping_status":"closed","template":"","meta":{"footnotes":""},"class_list":["post-6050","page","type-page","status-publish","hentry"],"_links":{"self":[{"href":"https:\/\/portais.santoandre.sp.gov.br\/escoladegoverno\/wp-json\/wp\/v2\/pages\/6050","targetHints":{"allow":["GET"]}}],"collection":[{"href":"https:\/\/portais.santoandre.sp.gov.br\/escoladegoverno\/wp-json\/wp\/v2\/pages"}],"about":[{"href":"https:\/\/portais.santoandre.sp.gov.br\/escoladegoverno\/wp-json\/wp\/v2\/types\/page"}],"author":[{"embeddable":true,"href":"https:\/\/portais.santoandre.sp.gov.br\/escoladegoverno\/wp-json\/wp\/v2\/users\/16"}],"replies":[{"embeddable":true,"href":"https:\/\/portais.santoandre.sp.gov.br\/escoladegoverno\/wp-json\/wp\/v2\/comments?post=6050"}],"version-history":[{"count":32,"href":"https:\/\/portais.santoandre.sp.gov.br\/escoladegoverno\/wp-json\/wp\/v2\/pages\/6050\/revisions"}],"predecessor-version":[{"id":6117,"href":"https:\/\/portais.santoandre.sp.gov.br\/escoladegoverno\/wp-json\/wp\/v2\/pages\/6050\/revisions\/6117"}],"wp:attachment":[{"href":"https:\/\/portais.santoandre.sp.gov.br\/escoladegoverno\/wp-json\/wp\/v2\/media?parent=6050"}],"curies":[{"name":"wp","href":"https:\/\/api.w.org\/{rel}","templated":true}]}}