{"id":5947,"date":"2025-05-15T14:30:15","date_gmt":"2025-05-15T17:30:15","guid":{"rendered":"https:\/\/portais.santoandre.sp.gov.br\/escoladegoverno\/?page_id=5947"},"modified":"2025-05-15T15:17:11","modified_gmt":"2025-05-15T18:17:11","slug":"instituicoes-parceiras","status":"publish","type":"page","link":"https:\/\/portais.santoandre.sp.gov.br\/escoladegoverno\/instituicoes-parceiras\/","title":{"rendered":"Institui\u00e7\u00f5es Parceiras"},"content":{"rendered":"\n<div style=\"height:30px\" aria-hidden=\"true\" class=\"wp-block-spacer\"><\/div>\n\n\n\n<p>A <strong>EGEA<\/strong> atrav\u00e9s de edital de chamamento, realiza parceria com institui\u00e7\u00f5es de ensino para concess\u00e3o de bolsas de estudos e descontos aos servidores e seus dependentes:<\/p>\n\n\n\n<p><\/p>\n\n\n\n<div style=\"height:40px\" aria-hidden=\"true\" class=\"wp-block-spacer\"><\/div>\n\n\n\n<div class=\"wp-block-stackable-columns stk-block-columns stk-block stk-56de1ba\" data-block-id=\"56de1ba\"><div class=\"stk-row stk-inner-blocks stk-block-content stk-content-align stk-56de1ba-column\">\n<div class=\"wp-block-stackable-column stk-block-column stk-column stk-block stk-c4760e5\" data-v=\"4\" data-block-id=\"c4760e5\"><div class=\"stk-column-wrapper stk-block-column__content stk-container stk-c4760e5-container stk--no-background stk--no-padding\"><div class=\"stk-block-content stk-inner-blocks stk-c4760e5-inner-blocks\">\n<details class=\"wp-block-stackable-accordion stk-block-accordion stk-inner-blocks stk-block-content stk--is-open stk-block stk-af9050a is-style-default\" open data-block-id=\"af9050a\">\n<summary class=\"wp-block-stackable-column stk-block-column stk-column stk-block stk-26331d2 stk--container-small stk-block-accordion__heading\" data-v=\"4\" data-block-id=\"26331d2\"><div class=\"stk-column-wrapper stk-block-column__content stk-container stk-26331d2-container stk-hover-parent\"><div class=\"stk-block-content stk-inner-blocks stk-26331d2-inner-blocks\">\n<div class=\"wp-block-stackable-icon-label stk-block-icon-label stk-block stk-87f1440\" data-block-id=\"87f1440\"><div class=\"stk-row stk-inner-blocks stk-block-content\">\n<div class=\"wp-block-stackable-heading stk-block-heading stk-block-heading--v2 stk-block stk-1cd8e42\" id=\"span-style-color-16316-a-class-stk-highlight-instituicoes-cadastradas-span\" data-block-id=\"1cd8e42\"><h3 class=\"stk-block-heading__text\"><span style=\"color: #16316a\" class=\"stk-highlight\">Institui\u00e7\u00f5es Cadastradas<\/span><\/h3><\/div>\n\n\n\n<div class=\"wp-block-stackable-icon stk-block-icon stk-block stk-c3459cb\" data-block-id=\"c3459cb\"><span class=\"stk--svg-wrapper\"><div class=\"stk--inner-svg\"><svg style=\"height:0;width:0\"><defs><linearGradient id=\"linear-gradient-c3459cb\" x1=\"0\" x2=\"100%\" y1=\"0\" y2=\"0\"><stop offset=\"0%\" style=\"stop-opacity:1;stop-color:var(--linear-gradient-c-3459-cb-color-1)\"><\/stop><stop offset=\"100%\" style=\"stop-opacity:1;stop-color:var(--linear-gradient-c-3459-cb-color-2)\"><\/stop><\/linearGradient><\/defs><\/svg><svg data-prefix=\"fas\" data-icon=\"chevron-down\" class=\"svg-inline--fa fa-chevron-down fa-w-14\" xmlns=\"http:\/\/www.w3.org\/2000\/svg\" viewBox=\"0 0 448 512\" aria-hidden=\"true\" width=\"32\" height=\"32\"><path fill=\"currentColor\" d=\"M207.029 381.476L12.686 187.132c-9.373-9.373-9.373-24.569 0-33.941l22.667-22.667c9.357-9.357 24.522-9.375 33.901-.04L224 284.505l154.745-154.021c9.379-9.335 24.544-9.317 33.901.04l22.667 22.667c9.373 9.373 9.373 24.569 0 33.941L240.971 381.476c-9.373 9.372-24.569 9.372-33.942 0z\"><\/path><\/svg><\/div><\/span><\/div>\n<\/div><\/div>\n<\/div><\/div><\/summary>\n\n\n\n<div class=\"wp-block-stackable-column stk-block-column stk-column stk-block stk-7ae0e4e stk-block-accordion__content\" data-v=\"4\" data-block-id=\"7ae0e4e\"><div class=\"stk-column-wrapper stk-block-column__content stk-container stk-7ae0e4e-container stk--no-background stk--no-padding\"><div class=\"stk-block-content stk-inner-blocks stk-7ae0e4e-inner-blocks\">\n<div class=\"wp-block-stackable-text stk-block-text stk-block stk-80eb207\" data-block-id=\"80eb207\"><p class=\"stk-block-text__text\"><\/p><\/div>\n\n\n\n<figure class=\"wp-block-table\"><table class=\"has-fixed-layout\"><tbody><tr><td>INSTITUI\u00c7\u00c3O<\/td><td>EMAIL<\/td><td>CONTATO<\/td><td>TELEFONE<\/td><\/tr><tr><td>Alian\u00e7a Francesa<\/td><td><a href=\"mailto:aliancafrancesagabc@aliancafrancesagabc.com.br\">aliancafrancesagabc@aliancafrancesagabc.com.br<\/a><\/td><td>Maria Rafaela Medeiros<\/td><td>4436-9578<\/td><\/tr><tr><td>Anhanguera gradua\u00e7\u00e3o e p\u00f3s gradua\u00e7\u00e3o<\/td><td><a href=\"mailto:valdir.m.junior@anhanguera.com\">valdir.m.junior@anhanguera.com<\/a><\/td><td>Valdir Medeiros Junior<\/td><td>4097-1400<\/td><\/tr><tr><td>Col\u00e9gio Adventista (V Assun\u00e7\u00e3o)<\/td><td><a href=\"mailto:SantoAndre@ucb.org.br\">SantoAndre@ucb.org.br<\/a><\/td><td>Maria Ginalva Pereira dos Santos<\/td><td>4468-5800<\/td><\/tr><tr><td>Cruzeiro do Sul Virtual &#8211; Polo Santo Andr\u00e9, Centro<\/td><td><a href=\"mailto:gabriel.fernando@universidadesead.com.br\">gabriel.fernando@universidadesead.com.br<\/a><\/td><td>Gabriel Fernando<\/td><td>&nbsp;<\/td><\/tr><tr><td>Cruzeiro do Sul EAD<\/td><td><a href=\"mailto:externopolos04@gmail.com\">externopolos04@gmail.com<\/a> e <a href=\"mailto:gabriel.fernando@universidadesead.com.br\">gabriel.fernando@universidadesead.com.br<\/a><\/td><td>Cl\u00e1udia e Gabriel Fernando<\/td><td>4852-2188<\/td><\/tr><tr><td>Estacio<\/td><td><a href=\"mailto:SILMARA.PAPARELLA@ESTACIO.BR\">SILMARA.PAPARELLA@ESTACIO.BR<\/a><\/td><td>&nbsp;<\/td><td>&nbsp;<\/td><\/tr><tr><td>ETIP centro educacional<\/td><td><a href=\"mailto:etipmaster@etip.com.br\">etipmaster@etip.com.br<\/a><\/td><td>Cl\u00e1udia<\/td><td>4990-3395<\/td><\/tr><tr><td>FAPEN &#8211; Col\u00e9gio Pent\u00e1gono<\/td><td><a href=\"mailto:empresasparceiras@pentagonoedu.com.br\">empresasparceiras@pentagonoedu.com.br<\/a> e <a href=\"mailto:comercial@pentagonoedu.com.br\">comercial@pentagonoedu.com.br<\/a><\/td><td>Bruna Gregorio Souza e Giovana Suzart<\/td><td>4437-5577<\/td><\/tr><tr><td>FATEJ<\/td><td><a href=\"mailto:fatej.fatej@gmail.com\">fatej.fatej@gmail.com<\/a><\/td><td>Stephany<\/td><td>4436-6489<\/td><\/tr><tr><td>Funda\u00e7\u00e3o Santo Andr\u00e9<\/td><td><a href=\"mailto:roberto.silva@fsa.br\">roberto.silva@fsa.br<\/a><\/td><td>Roberto Rodrigues da Silva<\/td><td>4979-3397<\/td><\/tr><tr><td>Pent\u00e1gono Ensino m\u00e9dio<\/td><td><a href=\"mailto:empresasparceiras@pentagonoedu.com.br\">empresasparceiras@pentagonoedu.com.br<\/a><\/td><td>Giovana Suzart<\/td><td>4437-5577<\/td><\/tr><tr><td>USCS (Strictu Sensu)<\/td><td><a href=\"mailto:mestradoedoutorado@adm.uscs.edu.br\">mestradoedoutorado@adm.uscs.edu.br<\/a><\/td><td>Denise Rossito<\/td><td>4227-7819<\/td><\/tr><tr><td>UNICESUMAR<\/td><td><a href=\"mailto:amanda.souza@unicesumar.edu.br\">amanda.souza@unicesumar.edu.br<\/a><\/td><td>Amanda Souza<\/td><td>4436-1886<\/td><\/tr><tr><td>UNYLEYA<\/td><td><a href=\"mailto:guilherme.carvalho@unyleya.com.br\">guilherme.carvalho@unyleya.com.br<\/a><\/td><td>Guilherme Carvalho<\/td><td>4765-0102<\/td><\/tr><tr><td>Vox 2 You<\/td><td><a href=\"mailto:comercial3.santoandre@vox2you.com.br\">comercial3.santoandre@vox2you.com.br<\/a><\/td><td>William<\/td><td>4427-9050<\/td><\/tr><tr><td>WIZARD<\/td><td><a href=\"mailto:comercial.wizard.santoandre@gmail.com\">comercial.wizard.santoandre@gmail.com<\/a><\/td><td>Depto Comercial<\/td><td>94011-4191<\/td><\/tr><tr><td>YBR &#8211; Escolas do Brasil &#8211; SBC<\/td><td><a href=\"mailto:yesbras.sbc20@gmail.com\">yesbras.sbc20@gmail.com<\/a><\/td><td>Andrea Velar<\/td><td>4337-8484<\/td><\/tr><\/tbody><\/table><\/figure>\n<\/div><\/div><\/div>\n<\/details>\n<\/div><\/div><\/div>\n<\/div><\/div>\n\n\n\n<div class=\"wp-block-stackable-tabs stk-block-tabs stk-block stk-18749be\" data-initial-tab=\"1\" data-block-id=\"18749be\"><style>.stk-18749be .stk-block-tab-content .stk-block-content .stk-block-column[hidden]{display:none !important;}.stk-18749be {margin-bottom:159px !important;}<\/style><div class=\"stk-row stk-inner-blocks stk-block-content stk-block-tabs--horizontal stk-block-tabs--fade stk-content-align stk-18749be-column\">\n<div class=\"wp-block-stackable-tab-labels stk-block-tab-labels stk-block stk-20c4dcd\" data-block-id=\"20c4dcd\"><style>.stk-block-content.stk-block-tabs--horizontal .stk-20c4dcd{--tabs-flex:1 1 auto !important;}.stk-20c4dcd .stk-block-tabs__tab{color:#999999 !important;background:transparent !important;border-style:solid !important;border-color:transparent !important;border-top-width:0px !important;border-right-width:0px !important;border-bottom-width:2px !important;border-left-width:0px !important;}.stk-20c4dcd .stk-block-tabs__tab.stk-block-tabs__tab--active .stk-block-tab-labels__text{color:#000000 !important;}.stk-20c4dcd {box-shadow:inset 0px -1px 0px 0px #0000001a !important;}.stk-20c4dcd .stk-block-tab-labels__text{color:#999999 !important;}.stk-20c4dcd .stk-block-tabs__tab .stk--inner-svg svg:last-child, .stk-20c4dcd .stk-block-tabs__tab .stk--inner-svg svg:last-child :is(g, path, rect, polygon, ellipse){fill:#909090 !important;}.stk-20c4dcd .stk-block-tabs__tab:not(.stk-block-tabs__tab--active):hover .stk--inner-svg svg:last-child, .stk-20c4dcd .stk-block-tabs__tab:not(.stk-block-tabs__tab--active):hover .stk--inner-svg svg:last-child :is(g, path, rect, polygon, ellipse){fill:#909090 !important;}.stk-20c4dcd .stk-block-tabs__tab.stk-block-tabs__tab--active{border-color:#000000 !important;}.stk-20c4dcd .stk-block-tabs__tab.stk-block-tabs__tab--active .stk--inner-svg svg:last-child, .stk-20c4dcd .stk-block-tabs__tab.stk-block-tabs__tab--active .stk--inner-svg svg:last-child :is(g, path, rect, polygon, ellipse){fill:#000000 !important;}.stk-20c4dcd .stk-block-tabs__tab.stk-block-tabs__tab--active:hover .stk--inner-svg svg:last-child, .stk-20c4dcd .stk-block-tabs__tab.stk-block-tabs__tab--active:hover .stk--inner-svg svg:last-child :is(g, path, rect, polygon, ellipse){fill:#000000 !important;}<\/style><div class=\"stk-block-tab-labels__wrapper\" role=\"tablist\"><button class=\"stk-block-tabs__tab\" role=\"tab\"><div class=\"stk-block-tab-labels__text\"><span>Edital<\/span><\/div><\/button><\/div><\/div>\n\n\n\n<div class=\"wp-block-stackable-tab-content stk-block-tab-content stk-block stk-bfc34aa\" data-block-id=\"bfc34aa\"><div class=\"stk-row stk-inner-blocks stk-block-content stk-content-align stk-bfc34aa-column\">\n<div class=\"wp-block-stackable-column stk-block-column stk-column stk-block stk-8810aa2\" data-v=\"4\" role=\"tabpanel\" data-block-id=\"8810aa2\"><div class=\"stk-column-wrapper stk-block-column__content stk-container stk-8810aa2-container stk--no-background stk--no-padding\"><div class=\"stk-block-content stk-inner-blocks stk-8810aa2-inner-blocks\">\n<div class=\"wp-block-stackable-button-group stk-block-button-group stk-block stk-b0c09a3\" data-block-id=\"b0c09a3\"><style>.stk-b0c09a3 .stk-block-button, .stk-b0c09a3 .stk-block-icon-button{flex:1 0 0% !important;}<\/style><div class=\"stk-row stk-inner-blocks stk-block-content stk-button-group\">\n<div class=\"wp-block-stackable-button stk-block-button stk-block stk-31d5619\" data-block-id=\"31d5619\"><a class=\"stk-link stk-button stk--hover-effect-darken\" href=\"https:\/\/portais.santoandre.sp.gov.br\/escoladegoverno\/wp-content\/uploads\/sites\/2\/2025\/05\/Edital-07.04.2023.pdf\" target=\"_blank\" rel=\"noreferrer noopener\"><span class=\"stk-button__inner-text\">Edital 001\/2023 &#8211; Cadastramento de Institui\u00e7\u00f5es de Ensino<\/span><\/a><\/div>\n<\/div><\/div>\n<\/div><\/div><\/div>\n<\/div><\/div>\n<\/div><\/div>\n\n\n\n<p><\/p>\n","protected":false},"excerpt":{"rendered":"<p>A EGEA atrav\u00e9s de edital de chamamento, realiza parceria com institui\u00e7\u00f5es de ensino para concess\u00e3o de bolsas de estudos e descontos aos servidores e seus dependentes: Institui\u00e7\u00f5es Cadastradas INSTITUI\u00c7\u00c3O EMAIL CONTATO TELEFONE Alian\u00e7a Francesa aliancafrancesagabc@aliancafrancesagabc.com.br Maria Rafaela Medeiros 4436-9578 Anhanguera gradua\u00e7\u00e3o e p\u00f3s gradua\u00e7\u00e3o valdir.m.junior@anhanguera.com Valdir Medeiros Junior 4097-1400 Col\u00e9gio Adventista (V Assun\u00e7\u00e3o) SantoAndre@ucb.org.br Maria [&hellip;]<\/p>\n","protected":false},"author":17,"featured_media":0,"parent":0,"menu_order":0,"comment_status":"closed","ping_status":"closed","template":"","meta":{"footnotes":""},"class_list":["post-5947","page","type-page","status-publish","hentry"],"_links":{"self":[{"href":"https:\/\/portais.santoandre.sp.gov.br\/escoladegoverno\/wp-json\/wp\/v2\/pages\/5947","targetHints":{"allow":["GET"]}}],"collection":[{"href":"https:\/\/portais.santoandre.sp.gov.br\/escoladegoverno\/wp-json\/wp\/v2\/pages"}],"about":[{"href":"https:\/\/portais.santoandre.sp.gov.br\/escoladegoverno\/wp-json\/wp\/v2\/types\/page"}],"author":[{"embeddable":true,"href":"https:\/\/portais.santoandre.sp.gov.br\/escoladegoverno\/wp-json\/wp\/v2\/users\/17"}],"replies":[{"embeddable":true,"href":"https:\/\/portais.santoandre.sp.gov.br\/escoladegoverno\/wp-json\/wp\/v2\/comments?post=5947"}],"version-history":[{"count":3,"href":"https:\/\/portais.santoandre.sp.gov.br\/escoladegoverno\/wp-json\/wp\/v2\/pages\/5947\/revisions"}],"predecessor-version":[{"id":5976,"href":"https:\/\/portais.santoandre.sp.gov.br\/escoladegoverno\/wp-json\/wp\/v2\/pages\/5947\/revisions\/5976"}],"wp:attachment":[{"href":"https:\/\/portais.santoandre.sp.gov.br\/escoladegoverno\/wp-json\/wp\/v2\/media?parent=5947"}],"curies":[{"name":"wp","href":"https:\/\/api.w.org\/{rel}","templated":true}]}}