{"id":4051,"date":"2024-05-28T10:25:06","date_gmt":"2024-05-28T13:25:06","guid":{"rendered":"https:\/\/portais.santoandre.sp.gov.br\/escoladegoverno\/?page_id=4051"},"modified":"2024-05-28T14:37:31","modified_gmt":"2024-05-28T17:37:31","slug":"capacitacao-maria-da-penha","status":"publish","type":"page","link":"https:\/\/portais.santoandre.sp.gov.br\/escoladegoverno\/capacitacao-maria-da-penha\/","title":{"rendered":"INSCRI\u00c7\u00d5ES PARA CAPACITA\u00c7\u00c3O:"},"content":{"rendered":"\n<figure class=\"wp-block-image size-large\"><img fetchpriority=\"high\" decoding=\"async\" width=\"1024\" height=\"458\" src=\"https:\/\/portais.santoandre.sp.gov.br\/escoladegoverno\/wp-content\/uploads\/sites\/2\/2024\/05\/WhatsApp-Image-2024-05-13-at-13.25.44-1-1024x458.jpeg\" alt=\"\" class=\"wp-image-4030\" srcset=\"https:\/\/portais.santoandre.sp.gov.br\/escoladegoverno\/wp-content\/uploads\/sites\/2\/2024\/05\/WhatsApp-Image-2024-05-13-at-13.25.44-1-1024x458.jpeg 1024w, https:\/\/portais.santoandre.sp.gov.br\/escoladegoverno\/wp-content\/uploads\/sites\/2\/2024\/05\/WhatsApp-Image-2024-05-13-at-13.25.44-1-300x134.jpeg 300w, https:\/\/portais.santoandre.sp.gov.br\/escoladegoverno\/wp-content\/uploads\/sites\/2\/2024\/05\/WhatsApp-Image-2024-05-13-at-13.25.44-1-768x343.jpeg 768w, https:\/\/portais.santoandre.sp.gov.br\/escoladegoverno\/wp-content\/uploads\/sites\/2\/2024\/05\/WhatsApp-Image-2024-05-13-at-13.25.44-1-1536x686.jpeg 1536w, https:\/\/portais.santoandre.sp.gov.br\/escoladegoverno\/wp-content\/uploads\/sites\/2\/2024\/05\/WhatsApp-Image-2024-05-13-at-13.25.44-1.jpeg 1600w\" sizes=\"(max-width: 1024px) 100vw, 1024px\" \/><\/figure>\n\n\n\n<div style=\"height:41px\" aria-hidden=\"true\" class=\"wp-block-spacer\"><\/div>\n\n\n\n<div class=\"wp-block-stackable-text stk-block-text stk-block stk-7c5b74d\" data-block-id=\"7c5b74d\"><style>.stk-7c5b74d .stk-block-text__text{font-size:18px !important}@media screen and (max-width:1023px){.stk-7c5b74d .stk-block-text__text{font-size:18px !important}}<\/style><p class=\"stk-block-text__text has-text-align-justify\"><strong>PROGRAMA DE CAPACITA\u00c7\u00c3O E TREINAMENTO PARA ENFRENTAMENTO E PREVEN\u00c7\u00c3O \u00c0 VIOL\u00caNCIA CONTRA MULHERES &#8211; FOR\u00c7AS DE SEGURAN\u00c7A<\/strong>.<\/p><\/div>\n\n\n\n<div style=\"height:100px\" aria-hidden=\"true\" class=\"wp-block-spacer\"><\/div>\n\n\n\n<details class=\"wp-block-stackable-accordion stk-block-accordion stk-inner-blocks stk-block-content stk--is-open stk-block stk-0db2321 is-style-default\" open data-block-id=\"0db2321\">\n<summary class=\"wp-block-stackable-column stk-block-column stk-column stk-block stk-0bb397b stk--container-small stk-block-accordion__heading\" data-v=\"4\" data-block-id=\"0bb397b\"><div class=\"stk-column-wrapper stk-block-column__content stk-container stk-0bb397b-container stk-hover-parent\"><div class=\"stk-block-content stk-inner-blocks stk-0bb397b-inner-blocks\">\n<div class=\"wp-block-stackable-icon-label stk-block-icon-label stk-block stk-44ba4ec\" data-block-id=\"44ba4ec\"><div class=\"stk-row stk-inner-blocks stk-block-content\">\n<div class=\"wp-block-stackable-heading stk-block-heading stk-block-heading--v2 stk-block stk-06a9ce1\" id=\"span-style-color-00316-a-class-stk-highlight-informacoes-span\" data-block-id=\"06a9ce1\"><h4 class=\"stk-block-heading__text\"><span style=\"color: #00316a\" class=\"stk-highlight\">Informa\u00e7\u00f5es<\/span><\/h4><\/div>\n\n\n\n<div class=\"wp-block-stackable-icon stk-block-icon stk-block stk-63dca2d\" data-block-id=\"63dca2d\"><span class=\"stk--svg-wrapper\"><div class=\"stk--inner-svg\"><svg style=\"height:0;width:0\"><defs><linearGradient id=\"linear-gradient-63dca2d\" x1=\"0\" x2=\"100%\" y1=\"0\" y2=\"0\"><stop offset=\"0%\" style=\"stop-opacity:1;stop-color:var(--linear-gradient-63-dca-2-d-color-1)\"><\/stop><stop offset=\"100%\" style=\"stop-opacity:1;stop-color:var(--linear-gradient-63-dca-2-d-color-2)\"><\/stop><\/linearGradient><\/defs><\/svg><svg data-prefix=\"fas\" data-icon=\"chevron-down\" class=\"svg-inline--fa fa-chevron-down fa-w-14\" xmlns=\"http:\/\/www.w3.org\/2000\/svg\" viewBox=\"0 0 448 512\" aria-hidden=\"true\" width=\"32\" height=\"32\"><path fill=\"currentColor\" d=\"M207.029 381.476L12.686 187.132c-9.373-9.373-9.373-24.569 0-33.941l22.667-22.667c9.357-9.357 24.522-9.375 33.901-.04L224 284.505l154.745-154.021c9.379-9.335 24.544-9.317 33.901.04l22.667 22.667c9.373 9.373 9.373 24.569 0 33.941L240.971 381.476c-9.373 9.372-24.569 9.372-33.942 0z\"><\/path><\/svg><\/div><\/span><\/div>\n<\/div><\/div>\n<\/div><\/div><\/summary>\n\n\n\n<div class=\"wp-block-stackable-column stk-block-column stk-column stk-block stk-bc915b5 stk-block-accordion__content\" data-v=\"4\" data-block-id=\"bc915b5\"><div class=\"stk-column-wrapper stk-block-column__content stk-container stk-bc915b5-container stk--no-background stk--no-padding\"><div class=\"stk-block-content stk-inner-blocks stk-bc915b5-inner-blocks\">\n<div class=\"wp-block-stackable-text stk-block-text stk-block stk-7f45997\" data-block-id=\"7f45997\"><style>.stk-7f45997 .stk-block-text__text{font-size:20px !important}@media screen and (max-width:1023px){.stk-7f45997 .stk-block-text__text{font-size:20px !important}}<\/style><p class=\"stk-block-text__text\"><strong>Capacita\u00e7\u00e3o e Treinamento para Enfrentamento e Preven\u00e7\u00e3o \u00e0 Viol\u00eancia Contra Mulheres &#8211; For\u00e7a de Seguran\u00e7a<\/strong><\/p><\/div>\n\n\n\n<div class=\"wp-block-stackable-text stk-block-text stk-block stk-27b5feb\" data-block-id=\"27b5feb\"><style>.stk-27b5feb .stk-block-text__text{font-size:20px !important}@media screen and (max-width:1023px){.stk-27b5feb .stk-block-text__text{font-size:20px !important}}<\/style><p class=\"stk-block-text__text\"><strong>Organiza\u00e7\u00e3o: <\/strong>Prefeitura de Santo Andr\u00e9, Secretaria de Seguran\u00e7a Cidad\u00e3 e Guarda Civil Municipal<\/p><\/div>\n\n\n\n<div class=\"wp-block-stackable-text stk-block-text stk-block stk-46a8dab\" data-block-id=\"46a8dab\"><style>.stk-46a8dab .stk-block-text__text{font-size:20px !important}@media screen and (max-width:1023px){.stk-46a8dab .stk-block-text__text{font-size:20px !important}}<\/style><p class=\"stk-block-text__text\"><strong>Apoio:<\/strong> Escola de Governo do Executivo Andreense<\/p><\/div>\n\n\n\n<div class=\"wp-block-stackable-text stk-block-text stk-block stk-ce5e3ef\" data-block-id=\"ce5e3ef\"><style>.stk-ce5e3ef .stk-block-text__text{font-size:20px !important}@media screen and (max-width:1023px){.stk-ce5e3ef .stk-block-text__text{font-size:20px !important}}<\/style><p class=\"stk-block-text__text\"><strong>Turmas:<\/strong> Agosto a Novembro de 2024<\/p><\/div>\n\n\n\n<div class=\"wp-block-stackable-text stk-block-text stk-block stk-7972755\" data-block-id=\"7972755\"><style>.stk-7972755 .stk-block-text__text{font-size:20px !important}@media screen and (max-width:1023px){.stk-7972755 .stk-block-text__text{font-size:20px !important}}<\/style><p class=\"stk-block-text__text\"><strong>Carga Hor\u00e1ria:<\/strong> 08 horas<\/p><\/div>\n<\/div><\/div><\/div>\n<\/details>\n\n\n\n<h3 class=\"wp-block-heading\">Realize sua inscri\u00e7\u00e3o abaixo<strong>!<\/strong><\/h3>\n\n\n\n<div style=\"height:100px\" aria-hidden=\"true\" class=\"wp-block-spacer\"><\/div>\n\n\n\n<div class=\"wp-block-weforms-form\">\r\n        \r\n\r\n                <form class=\"wpuf-form-add weforms-4038  wpuf-style\" action=\"\" method=\"post\"   id=\"\">\r\n\r\n            <ul class=\"wpuf-form form-label-above\">\r\n\r\n                        <li class=\"wpuf-el nome_completo__sem_abrevia__es_ field-size-large\" data-label=\"Nome Completo (Sem abrevia\u00e7\u00f5es)\">\r\n                    <div class=\"wpuf-label\">\r\n            <label for=\"nome_completo__sem_abrevia__es__4038\">Nome Completo (Sem abrevia\u00e7\u00f5es) <span class=\"required\">*<\/span><\/label>\r\n        <\/div>\r\n        \r\n            <div class=\"wpuf-fields\">\r\n                <input\r\n                    class=\"textfield wpuf_nome_completo__sem_abrevia__es__4038\"\r\n                    id=\"nome_completo__sem_abrevia__es__4038\"\r\n                    type=\"text\"\r\n                    data-duplicate=\"no\"\r\n                    data-required=\"yes\"\r\n                    data-type=\"text\" name=\"nome_completo__sem_abrevia__es_\"\r\n                    placeholder=\"\"\r\n                    value=\"\"\r\n                    size=\"100\"\r\n                    data-style=\"wpuf-style\"\r\n                \/>\r\n\r\n                <span class=\"wpuf-wordlimit-message wpuf-help\"><\/span>\r\n                        <span class=\"wpuf-help\">IMPORTANTE: Nome completo e sem abrevia\u00e7\u00f5es, pois esse dado ser\u00e1 utilizado no certificado da capacita\u00e7\u00e3o.<\/span>\r\n                    <\/div>\r\n                    <\/li>\r\n                <li class=\"wpuf-el n_mero_de_telefone field-size-large\" data-label=\"N\u00famero de Telefone\">\r\n                    <div class=\"wpuf-label\">\r\n            <label for=\"n_mero_de_telefone_4038\">N\u00famero de Telefone <span class=\"required\">*<\/span><\/label>\r\n        <\/div>\r\n        \r\n            <div class=\"wpuf-fields\">\r\n                <input\r\n                    class=\"textfield wpuf_n_mero_de_telefone_4038\"\r\n                    id=\"n_mero_de_telefone_4038\"\r\n                    type=\"text\"\r\n                    data-duplicate=\"no\"\r\n                    data-required=\"yes\"\r\n                    data-type=\"text\" name=\"n_mero_de_telefone\"\r\n                    placeholder=\"\"\r\n                    value=\"\"\r\n                    size=\"40\"\r\n                    data-style=\"wpuf-style\"\r\n                \/>\r\n\r\n                <span class=\"wpuf-wordlimit-message wpuf-help\"><\/span>\r\n                            <\/div>\r\n                    <\/li>\r\n                <li class=\"wpuf-el cpf field-size-large\" data-label=\"CPF\">\r\n                    <div class=\"wpuf-label\">\r\n            <label for=\"cpf_4038\">CPF <span class=\"required\">*<\/span><\/label>\r\n        <\/div>\r\n        \r\n            <div class=\"wpuf-fields\">\r\n                <input\r\n                    class=\"textfield wpuf_cpf_4038\"\r\n                    id=\"cpf_4038\"\r\n                    type=\"text\"\r\n                    data-duplicate=\"no\"\r\n                    data-required=\"yes\"\r\n                    data-type=\"text\" name=\"cpf\"\r\n                    placeholder=\"\"\r\n                    value=\"\"\r\n                    size=\"40\"\r\n                    data-style=\"wpuf-style\"\r\n                \/>\r\n\r\n                <span class=\"wpuf-wordlimit-message wpuf-help\"><\/span>\r\n                            <\/div>\r\n                    <\/li>\r\n                <li class=\"wpuf-el e_mai_ field-size-large\" data-label=\"E-mai:\">\r\n                    <div class=\"wpuf-label\">\r\n            <label for=\"e_mai__4038\">E-mai: <span class=\"required\">*<\/span><\/label>\r\n        <\/div>\r\n        \r\n            <div class=\"wpuf-fields\">\r\n                <input\r\n                    id=\"e_mai__4038\"\r\n                    type=\"email\"\r\n                    class=\"email  wpuf_e_mai__4038\"\r\n                    data-duplicate=\"\"\r\n                    data-required=\"yes\"\r\n                    data-type=\"email\"\r\n                    data-style=\"wpuf-style\"\r\n                    name=\"e_mai_\"\r\n                    placeholder=\"\"\r\n                    value=\"\"\r\n                    size=\"40\"\r\n                    autocomplete=\"email\"\r\n                \/>\r\n                            <\/div>\r\n        <\/li>\r\n                <li class=\"wpuf-el institui__o field-size-large\" data-label=\"Institui\u00e7\u00e3o\">\r\n                    <div class=\"wpuf-label\">\r\n            <label for=\"institui__o_4038\">Institui\u00e7\u00e3o <span class=\"required\">*<\/span><\/label>\r\n        <\/div>\r\n        \r\n            <div class=\"wpuf-fields\">\r\n                <input\r\n                    class=\"textfield wpuf_institui__o_4038\"\r\n                    id=\"institui__o_4038\"\r\n                    type=\"text\"\r\n                    data-duplicate=\"no\"\r\n                    data-required=\"yes\"\r\n                    data-type=\"text\" name=\"institui__o\"\r\n                    placeholder=\"\"\r\n                    value=\"\"\r\n                    size=\"80\"\r\n                    data-style=\"wpuf-style\"\r\n                \/>\r\n\r\n                <span class=\"wpuf-wordlimit-message wpuf-help\"><\/span>\r\n                            <\/div>\r\n                    <\/li>\r\n                <li class=\"wpuf-el cidade field-size-large\" data-label=\"Cidade\">\r\n                    <div class=\"wpuf-label\">\r\n            <label for=\"cidade_4038\">Cidade <span class=\"required\">*<\/span><\/label>\r\n        <\/div>\r\n        \r\n            <div class=\"wpuf-fields\">\r\n                <input\r\n                    class=\"textfield wpuf_cidade_4038\"\r\n                    id=\"cidade_4038\"\r\n                    type=\"text\"\r\n                    data-duplicate=\"no\"\r\n                    data-required=\"yes\"\r\n                    data-type=\"text\" name=\"cidade\"\r\n                    placeholder=\"\"\r\n                    value=\"\"\r\n                    size=\"40\"\r\n                    data-style=\"wpuf-style\"\r\n                \/>\r\n\r\n                <span class=\"wpuf-wordlimit-message wpuf-help\"><\/span>\r\n                            <\/div>\r\n                    <\/li>\r\n                <li class=\"wpuf-el cargo___fun__o field-size-large\" data-label=\"Cargo \/ Fun\u00e7\u00e3o\">\r\n                    <div class=\"wpuf-label\">\r\n            <label for=\"cargo___fun__o_4038\">Cargo \/ Fun\u00e7\u00e3o <span class=\"required\">*<\/span><\/label>\r\n        <\/div>\r\n        \r\n            <div class=\"wpuf-fields\">\r\n                <input\r\n                    class=\"textfield wpuf_cargo___fun__o_4038\"\r\n                    id=\"cargo___fun__o_4038\"\r\n                    type=\"text\"\r\n                    data-duplicate=\"no\"\r\n                    data-required=\"yes\"\r\n                    data-type=\"text\" name=\"cargo___fun__o\"\r\n                    placeholder=\"\"\r\n                    value=\"\"\r\n                    size=\"40\"\r\n                    data-style=\"wpuf-style\"\r\n                \/>\r\n\r\n                <span class=\"wpuf-wordlimit-message wpuf-help\"><\/span>\r\n                            <\/div>\r\n                    <\/li>\r\n                <li class=\"wpuf-el em_sua_institui__o_j__existe_patrulha_maria_da_penha_ou_guardi__maria_da_penha_ field-size-large\" data-label=\"Em sua institui\u00e7\u00e3o j\u00e1 existe Patrulha Maria da Penha ou Guardi\u00e3 Maria da Penha?\">\r\n                    <div class=\"wpuf-label\">\r\n            <label for=\"em_sua_institui__o_j__existe_patrulha_maria_da_penha_ou_guardi__maria_da_penha__4038\">Em sua institui\u00e7\u00e3o j\u00e1 existe Patrulha Maria da Penha ou Guardi\u00e3 Maria da Penha? <span class=\"required\">*<\/span><\/label>\r\n        <\/div>\r\n        \r\n                        <div class=\"wpuf-fields\" data-required=\"yes\" data-type=\"radio\" data-style=\"wpuf-style\">\r\n\r\n                \r\n                        <label class=\"wpuf-radio-block\">\r\n                            <input\r\n                                name=\"em_sua_institui__o_j__existe_patrulha_maria_da_penha_ou_guardi__maria_da_penha_\"\r\n                                class=\"wpuf_em_sua_institui__o_j__existe_patrulha_maria_da_penha_ou_guardi__maria_da_penha__4038\"\r\n                                type=\"radio\"\r\n                                value=\"sim\"                            \/>\r\n                            SIM                        <\/label>\r\n                        \r\n                        <label class=\"wpuf-radio-block\">\r\n                            <input\r\n                                name=\"em_sua_institui__o_j__existe_patrulha_maria_da_penha_ou_guardi__maria_da_penha_\"\r\n                                class=\"wpuf_em_sua_institui__o_j__existe_patrulha_maria_da_penha_ou_guardi__maria_da_penha__4038\"\r\n                                type=\"radio\"\r\n                                value=\"n\u00e3o\"                            \/>\r\n                            N\u00c3O                        <\/label>\r\n                        \r\n                \r\n            <\/div>\r\n        <\/li>\r\n                <li class=\"wpuf-el voc__trabalha_ou_j__trabalhou_na_patrulha_maria_da_penha_ou_guardi__maria_da_penha_ field-size-large\" data-label=\"Voc\u00ea trabalha ou j\u00e1 trabalhou na Patrulha Maria da Penha ou Guardi\u00e3 Maria da Penha?\">\r\n                    <div class=\"wpuf-label\">\r\n            <label for=\"voc__trabalha_ou_j__trabalhou_na_patrulha_maria_da_penha_ou_guardi__maria_da_penha__4038\">Voc\u00ea trabalha ou j\u00e1 trabalhou na Patrulha Maria da Penha ou Guardi\u00e3 Maria da Penha? <span class=\"required\">*<\/span><\/label>\r\n        <\/div>\r\n        \r\n                        <div class=\"wpuf-fields\" data-required=\"yes\" data-type=\"radio\" data-style=\"wpuf-style\">\r\n\r\n                \r\n                        <label class=\"wpuf-radio-block\">\r\n                            <input\r\n                                name=\"voc__trabalha_ou_j__trabalhou_na_patrulha_maria_da_penha_ou_guardi__maria_da_penha_\"\r\n                                class=\"wpuf_voc__trabalha_ou_j__trabalhou_na_patrulha_maria_da_penha_ou_guardi__maria_da_penha__4038\"\r\n                                type=\"radio\"\r\n                                value=\"sim\"                            \/>\r\n                            SIM                        <\/label>\r\n                        \r\n                        <label class=\"wpuf-radio-block\">\r\n                            <input\r\n                                name=\"voc__trabalha_ou_j__trabalhou_na_patrulha_maria_da_penha_ou_guardi__maria_da_penha_\"\r\n                                class=\"wpuf_voc__trabalha_ou_j__trabalhou_na_patrulha_maria_da_penha_ou_guardi__maria_da_penha__4038\"\r\n                                type=\"radio\"\r\n                                value=\"n\u00e3o\"                            \/>\r\n                            N\u00c3O                        <\/label>\r\n                        \r\n                \r\n            <\/div>\r\n        <\/li>\r\n                <li class=\"wpuf-el possui_necessidade_de_acessibilidade__pcd___copy field-size-large\" data-label=\"Possui necessidade de acessibilidade (PCD)?\">\r\n                    <div class=\"wpuf-label\">\r\n            <label for=\"possui_necessidade_de_acessibilidade__pcd___copy_4038\">Possui necessidade de acessibilidade (PCD)? <span class=\"required\">*<\/span><\/label>\r\n        <\/div>\r\n        \r\n                        <div class=\"wpuf-fields\" data-required=\"yes\" data-type=\"radio\" data-style=\"wpuf-style\">\r\n\r\n                \r\n                        <label class=\"wpuf-radio-block\">\r\n                            <input\r\n                                name=\"possui_necessidade_de_acessibilidade__pcd___copy\"\r\n                                class=\"wpuf_possui_necessidade_de_acessibilidade__pcd___copy_4038\"\r\n                                type=\"radio\"\r\n                                value=\"sim\"                            \/>\r\n                            SIM                        <\/label>\r\n                        \r\n                        <label class=\"wpuf-radio-block\">\r\n                            <input\r\n                                name=\"possui_necessidade_de_acessibilidade__pcd___copy\"\r\n                                class=\"wpuf_possui_necessidade_de_acessibilidade__pcd___copy_4038\"\r\n                                type=\"radio\"\r\n                                value=\"n\u00e3o\"                            \/>\r\n                            N\u00c3O                        <\/label>\r\n                        \r\n                \r\n            <\/div>\r\n        <\/li>\r\n                <li class=\"wpuf-el caso_a_resposta_acima_seja_sim__informar_a_necessidade_ field-size-large\" data-label=\"Caso a resposta acima seja SIM, informar a necessidade:\">\r\n                    <div class=\"wpuf-label\">\r\n            <label for=\"caso_a_resposta_acima_seja_sim__informar_a_necessidade__4038\">Caso a resposta acima seja SIM, informar a necessidade: <span class=\"required\">*<\/span><\/label>\r\n        <\/div>\r\n        \r\n            <div class=\"wpuf-fields\">\r\n                <input\r\n                    class=\"textfield wpuf_caso_a_resposta_acima_seja_sim__informar_a_necessidade__4038\"\r\n                    id=\"caso_a_resposta_acima_seja_sim__informar_a_necessidade__4038\"\r\n                    type=\"text\"\r\n                    data-duplicate=\"no\"\r\n                    data-required=\"yes\"\r\n                    data-type=\"text\" name=\"caso_a_resposta_acima_seja_sim__informar_a_necessidade_\"\r\n                    placeholder=\"\"\r\n                    value=\"\"\r\n                    size=\"40\"\r\n                    data-style=\"wpuf-style\"\r\n                \/>\r\n\r\n                <span class=\"wpuf-wordlimit-message wpuf-help\"><\/span>\r\n                            <\/div>\r\n                    <\/li>\r\n                <li class=\"wpuf-el em_qual_turma_gostaria_de_se_inscrever_ field-size-large\" data-label=\"Em qual turma gostaria de se inscrever?\">\r\n                    <div class=\"wpuf-label\">\r\n            <label for=\"em_qual_turma_gostaria_de_se_inscrever__4038\">Em qual turma gostaria de se inscrever? <span class=\"required\">*<\/span><\/label>\r\n        <\/div>\r\n        \r\n            \r\n            <div class=\"wpuf-fields\">\r\n                <select\r\n                    multiple=\"multiple\"\r\n                    class=\"multiselect wpuf_em_qual_turma_gostaria_de_se_inscrever__4038\"\r\n                    id=\"em_qual_turma_gostaria_de_se_inscrever__4038\"\r\n                    name=\"em_qual_turma_gostaria_de_se_inscrever_[]\"\r\n                    mulitple=\"multiple\"\r\n                    data-required=\"yes\"\r\n                    data-type=\"multiselect\"\r\n                    data-style=\"wpuf-style\"\r\n                >\r\n\r\n                                            <option value=\"\">Selecione sua turma.<\/option>\r\n                    \r\n                                                <option value=\"agosto\/2024\">Agosto\/2024<\/option>\r\n                                                        <option value=\"setembro\/2024\">Setembro\/2024<\/option>\r\n                                                        <option value=\"outubro\/2024\">Outubro\/2024<\/option>\r\n                                                        <option value=\"novembro\/2024\">Novembro\/2024<\/option>\r\n                                            <\/select>\r\n                            <\/div>\r\n\r\n        <\/li>\r\n                <li class=\"wpuf-submit\">\r\n            <div class=\"wpuf-label\">\r\n                &nbsp;\r\n            <\/div>\r\n\r\n            <input type=\"hidden\" id=\"_wpnonce\" name=\"_wpnonce\" value=\"61676f2f6a\" \/><input type=\"hidden\" name=\"_wp_http_referer\" value=\"\/escoladegoverno\/wp-json\/wp\/v2\/pages\/4051\" \/>\r\n            <input type=\"hidden\" name=\"form_id\" value=\"4038\">\r\n            <input type=\"hidden\" name=\"page_id\" value=\"4051\">\r\n            <input type=\"hidden\" name=\"action\" value=\"weforms_frontend_submit\">\r\n\r\n                            <input type=\"hidden\" name=\"weforms-front-report\" value=\"no\">\r\n            \r\n            \r\n                            <input type=\"submit\" class=\"weforms_submit_btn wpuf_submit_4038\" name=\"submit\" value=\"Confirmar Participa\u00e7\u00e3o\" \/>\r\n                    <\/li>\r\n                <\/ul>\r\n\r\n        <\/form>\r\n                <\/div>\n","protected":false},"excerpt":{"rendered":"<p>PROGRAMA DE CAPACITA\u00c7\u00c3O E TREINAMENTO PARA ENFRENTAMENTO E PREVEN\u00c7\u00c3O \u00c0 VIOL\u00caNCIA CONTRA MULHERES &#8211; FOR\u00c7AS DE SEGURAN\u00c7A. Informa\u00e7\u00f5es Capacita\u00e7\u00e3o e Treinamento para Enfrentamento e Preven\u00e7\u00e3o \u00e0 Viol\u00eancia Contra Mulheres &#8211; For\u00e7a de Seguran\u00e7a Organiza\u00e7\u00e3o: Prefeitura de Santo Andr\u00e9, Secretaria de Seguran\u00e7a Cidad\u00e3 e Guarda Civil Municipal Apoio: Escola de Governo do Executivo Andreense Turmas: Agosto [&hellip;]<\/p>\n","protected":false},"author":17,"featured_media":0,"parent":0,"menu_order":0,"comment_status":"closed","ping_status":"closed","template":"","meta":{"footnotes":""},"class_list":["post-4051","page","type-page","status-publish","hentry"],"_links":{"self":[{"href":"https:\/\/portais.santoandre.sp.gov.br\/escoladegoverno\/wp-json\/wp\/v2\/pages\/4051","targetHints":{"allow":["GET"]}}],"collection":[{"href":"https:\/\/portais.santoandre.sp.gov.br\/escoladegoverno\/wp-json\/wp\/v2\/pages"}],"about":[{"href":"https:\/\/portais.santoandre.sp.gov.br\/escoladegoverno\/wp-json\/wp\/v2\/types\/page"}],"author":[{"embeddable":true,"href":"https:\/\/portais.santoandre.sp.gov.br\/escoladegoverno\/wp-json\/wp\/v2\/users\/17"}],"replies":[{"embeddable":true,"href":"https:\/\/portais.santoandre.sp.gov.br\/escoladegoverno\/wp-json\/wp\/v2\/comments?post=4051"}],"version-history":[{"count":3,"href":"https:\/\/portais.santoandre.sp.gov.br\/escoladegoverno\/wp-json\/wp\/v2\/pages\/4051\/revisions"}],"predecessor-version":[{"id":4062,"href":"https:\/\/portais.santoandre.sp.gov.br\/escoladegoverno\/wp-json\/wp\/v2\/pages\/4051\/revisions\/4062"}],"wp:attachment":[{"href":"https:\/\/portais.santoandre.sp.gov.br\/escoladegoverno\/wp-json\/wp\/v2\/media?parent=4051"}],"curies":[{"name":"wp","href":"https:\/\/api.w.org\/{rel}","templated":true}]}}