{"id":2920,"date":"2023-09-25T17:15:56","date_gmt":"2023-09-25T20:15:56","guid":{"rendered":"https:\/\/portais.santoandre.sp.gov.br\/escoladegoverno\/?page_id=2920"},"modified":"2024-04-17T15:01:42","modified_gmt":"2024-04-17T18:01:42","slug":"redacao-institucional","status":"publish","type":"page","link":"https:\/\/portais.santoandre.sp.gov.br\/escoladegoverno\/redacao-institucional\/","title":{"rendered":"Reda\u00e7\u00e3o Institucional"},"content":{"rendered":"\n<figure class=\"wp-block-image size-full\"><img fetchpriority=\"high\" decoding=\"async\" width=\"980\" height=\"368\" src=\"https:\/\/portais.santoandre.sp.gov.br\/escoladegoverno\/wp-content\/uploads\/sites\/2\/2024\/03\/banner-egea-cursos-RedacaoInstitucional.png\" alt=\"\" class=\"wp-image-3569\" srcset=\"https:\/\/portais.santoandre.sp.gov.br\/escoladegoverno\/wp-content\/uploads\/sites\/2\/2024\/03\/banner-egea-cursos-RedacaoInstitucional.png 980w, https:\/\/portais.santoandre.sp.gov.br\/escoladegoverno\/wp-content\/uploads\/sites\/2\/2024\/03\/banner-egea-cursos-RedacaoInstitucional-300x113.png 300w, https:\/\/portais.santoandre.sp.gov.br\/escoladegoverno\/wp-content\/uploads\/sites\/2\/2024\/03\/banner-egea-cursos-RedacaoInstitucional-768x288.png 768w\" sizes=\"(max-width: 980px) 100vw, 980px\" \/><\/figure>\n\n\n\n<div style=\"height:41px\" aria-hidden=\"true\" class=\"wp-block-spacer\"><\/div>\n\n\n\n<div class=\"wp-block-stackable-text stk-block-text stk-block stk-3e4cd6a\" data-block-id=\"3e4cd6a\"><style>.stk-3e4cd6a .stk-block-text__text{font-size:18px !important}@media screen and (max-width:1023px){.stk-3e4cd6a .stk-block-text__text{font-size:18px !important}}<\/style><p class=\"stk-block-text__text has-text-align-justify\">Este curso tem por finalidade facilitar a reda\u00e7\u00e3o de documentos por parte dos servidores, melhorar a comunica\u00e7\u00e3o interna e externa dos diferentes setores, demonstrar a import\u00e2ncia de se redigir um texto compreens\u00edvel e de f\u00e1cil acesso, <strong>orientar sobre a produ\u00e7\u00e3o de uma comunica\u00e7\u00e3o escrita eficaz<\/strong>.<\/p><\/div>\n\n\n\n<div style=\"height:100px\" aria-hidden=\"true\" class=\"wp-block-spacer\"><\/div>\n\n\n\n<details class=\"wp-block-stackable-accordion stk-block-accordion stk-inner-blocks stk-block-content stk--is-open stk-block stk-0db2321 is-style-default\" open data-block-id=\"0db2321\">\n<summary class=\"wp-block-stackable-column stk-block-column stk-column stk-block stk-0bb397b stk--container-small stk-block-accordion__heading\" data-v=\"4\" data-block-id=\"0bb397b\"><div class=\"stk-column-wrapper stk-block-column__content stk-container stk-0bb397b-container stk-hover-parent\"><div class=\"stk-block-content stk-inner-blocks stk-0bb397b-inner-blocks\">\n<div class=\"wp-block-stackable-icon-label stk-block-icon-label stk-block stk-44ba4ec\" data-block-id=\"44ba4ec\"><div class=\"stk-row stk-inner-blocks stk-block-content\">\n<div class=\"wp-block-stackable-heading stk-block-heading stk-block-heading--v2 stk-block stk-06a9ce1\" id=\"span-style-color-00316-a-class-stk-highlight-informacoes-span\" data-block-id=\"06a9ce1\"><h4 class=\"stk-block-heading__text\"><span style=\"color: #00316a\" class=\"stk-highlight\">Informa\u00e7\u00f5es<\/span><\/h4><\/div>\n\n\n\n<div class=\"wp-block-stackable-icon stk-block-icon stk-block stk-63dca2d\" data-block-id=\"63dca2d\"><span class=\"stk--svg-wrapper\"><div class=\"stk--inner-svg\"><svg style=\"height:0;width:0\"><defs><linearGradient id=\"linear-gradient-63dca2d\" x1=\"0\" x2=\"100%\" y1=\"0\" y2=\"0\"><stop offset=\"0%\" style=\"stop-opacity:1;stop-color:var(--linear-gradient-63-dca-2-d-color-1)\"><\/stop><stop offset=\"100%\" style=\"stop-opacity:1;stop-color:var(--linear-gradient-63-dca-2-d-color-2)\"><\/stop><\/linearGradient><\/defs><\/svg><svg data-prefix=\"fas\" data-icon=\"chevron-down\" class=\"svg-inline--fa fa-chevron-down fa-w-14\" xmlns=\"http:\/\/www.w3.org\/2000\/svg\" viewBox=\"0 0 448 512\" aria-hidden=\"true\" width=\"32\" height=\"32\"><path fill=\"currentColor\" d=\"M207.029 381.476L12.686 187.132c-9.373-9.373-9.373-24.569 0-33.941l22.667-22.667c9.357-9.357 24.522-9.375 33.901-.04L224 284.505l154.745-154.021c9.379-9.335 24.544-9.317 33.901.04l22.667 22.667c9.373 9.373 9.373 24.569 0 33.941L240.971 381.476c-9.373 9.372-24.569 9.372-33.942 0z\"><\/path><\/svg><\/div><\/span><\/div>\n<\/div><\/div>\n<\/div><\/div><\/summary>\n\n\n\n<div class=\"wp-block-stackable-column stk-block-column stk-column stk-block stk-bc915b5 stk-block-accordion__content\" data-v=\"4\" data-block-id=\"bc915b5\"><div class=\"stk-column-wrapper stk-block-column__content stk-container stk-bc915b5-container stk--no-background stk--no-padding\"><div class=\"stk-block-content stk-inner-blocks stk-bc915b5-inner-blocks\">\n<div class=\"wp-block-stackable-text stk-block-text stk-block stk-7f45997\" data-block-id=\"7f45997\"><style>.stk-7f45997 .stk-block-text__text{font-size:20px !important}@media screen and (max-width:1023px){.stk-7f45997 .stk-block-text__text{font-size:20px !important}}<\/style><p class=\"stk-block-text__text\"><strong>Tutor:<\/strong> S\u00e9rgio Simka<\/p><\/div>\n\n\n\n<div class=\"wp-block-stackable-text stk-block-text stk-block stk-27b5feb\" data-block-id=\"27b5feb\"><style>.stk-27b5feb .stk-block-text__text{font-size:20px !important}@media screen and (max-width:1023px){.stk-27b5feb .stk-block-text__text{font-size:20px !important}}<\/style><p class=\"stk-block-text__text\"><strong>Carga hor\u00e1ria: <\/strong>12 horas<\/p><\/div>\n\n\n\n<div class=\"wp-block-stackable-text stk-block-text stk-block stk-46a8dab\" data-block-id=\"46a8dab\"><style>.stk-46a8dab .stk-block-text__text{font-size:20px !important}@media screen and (max-width:1023px){.stk-46a8dab .stk-block-text__text{font-size:20px !important}}<\/style><p class=\"stk-block-text__text\"><strong>P\u00fablico:<\/strong> Servidores p\u00fablicos da administra\u00e7\u00e3o direta e indireta<\/p><\/div>\n\n\n\n<div class=\"wp-block-stackable-text stk-block-text stk-block stk-b941df9\" data-block-id=\"b941df9\"><style>.stk-b941df9 .stk-block-text__text{font-size:20px !important}@media screen and (max-width:1023px){.stk-b941df9 .stk-block-text__text{font-size:20px !important}}<\/style><p class=\"stk-block-text__text\"><strong>Local:<\/strong> Audit\u00f3rio da C\u00e2mara Municipal de Santo Andr\u00e9<\/p><\/div>\n\n\n\n<div class=\"wp-block-stackable-text stk-block-text stk-block stk-36c1e54\" data-block-id=\"36c1e54\"><style>.stk-36c1e54 .stk-block-text__text{font-size:20px !important}@media screen and (max-width:1023px){.stk-36c1e54 .stk-block-text__text{font-size:20px !important}}<\/style><p class=\"stk-block-text__text\"><strong>Datas:<\/strong> 29 de Abril, 02, 06 e 09 de Maio &#8211; 09h \u00e0s 12h<\/p><\/div>\n<\/div><\/div><\/div>\n<\/details>\n\n\n\n<div style=\"height:34px\" aria-hidden=\"true\" class=\"wp-block-spacer\"><\/div>\n\n\n\n<h3 class=\"wp-block-heading\">Inscreva-se <strong>agora!<\/strong><\/h3>\n\n\n\n<div class=\"wp-block-weforms-form\"><div class=\"wpuf-info\">Desculpe! Todas as inscri\u00e7\u00f5es foram preenchidas. Em breve disponibilizaremos novas turmas.<\/div><\/div>\n","protected":false},"excerpt":{"rendered":"<p>Este curso tem por finalidade facilitar a reda\u00e7\u00e3o de documentos por parte dos servidores, melhorar a comunica\u00e7\u00e3o interna e externa dos diferentes setores, demonstrar a import\u00e2ncia de se redigir um texto compreens\u00edvel e de f\u00e1cil acesso, orientar sobre a produ\u00e7\u00e3o de uma comunica\u00e7\u00e3o escrita eficaz. Informa\u00e7\u00f5es Tutor: S\u00e9rgio Simka Carga hor\u00e1ria: 12 horas P\u00fablico: Servidores [&hellip;]<\/p>\n","protected":false},"author":2,"featured_media":0,"parent":0,"menu_order":0,"comment_status":"closed","ping_status":"closed","template":"","meta":{"footnotes":""},"class_list":["post-2920","page","type-page","status-publish","hentry"],"_links":{"self":[{"href":"https:\/\/portais.santoandre.sp.gov.br\/escoladegoverno\/wp-json\/wp\/v2\/pages\/2920","targetHints":{"allow":["GET"]}}],"collection":[{"href":"https:\/\/portais.santoandre.sp.gov.br\/escoladegoverno\/wp-json\/wp\/v2\/pages"}],"about":[{"href":"https:\/\/portais.santoandre.sp.gov.br\/escoladegoverno\/wp-json\/wp\/v2\/types\/page"}],"author":[{"embeddable":true,"href":"https:\/\/portais.santoandre.sp.gov.br\/escoladegoverno\/wp-json\/wp\/v2\/users\/2"}],"replies":[{"embeddable":true,"href":"https:\/\/portais.santoandre.sp.gov.br\/escoladegoverno\/wp-json\/wp\/v2\/comments?post=2920"}],"version-history":[{"count":6,"href":"https:\/\/portais.santoandre.sp.gov.br\/escoladegoverno\/wp-json\/wp\/v2\/pages\/2920\/revisions"}],"predecessor-version":[{"id":3839,"href":"https:\/\/portais.santoandre.sp.gov.br\/escoladegoverno\/wp-json\/wp\/v2\/pages\/2920\/revisions\/3839"}],"wp:attachment":[{"href":"https:\/\/portais.santoandre.sp.gov.br\/escoladegoverno\/wp-json\/wp\/v2\/media?parent=2920"}],"curies":[{"name":"wp","href":"https:\/\/api.w.org\/{rel}","templated":true}]}}