{"id":991,"date":"2026-04-02T11:42:18","date_gmt":"2026-04-02T14:42:18","guid":{"rendered":"https:\/\/portais.santoandre.sp.gov.br\/escoladasaude\/?page_id=991"},"modified":"2026-04-07T10:14:11","modified_gmt":"2026-04-07T13:14:11","slug":"talentos-da-rede","status":"publish","type":"page","link":"https:\/\/portais.santoandre.sp.gov.br\/escoladasaude\/talentos-da-rede\/","title":{"rendered":"Talentos da Rede"},"content":{"rendered":"\n<p>A Escola da Sa\u00fade de Santo Andr\u00e9 convida os trabalhadores e trabalhadoras da Rede Municipal de Sa\u00fade a integrarem nosso Banco de Facilitadores e Talentos da Rede.<\/p>\n\n\n\n<p>Acreditamos que o conhecimento produzido no cotidiano do SUS \u00e9 potente, transformador e merece ser compartilhado. Nossa proposta \u00e9 identificar profissionais com expertise t\u00e9cnica, experi\u00eancia pr\u00e1tica, habilidades did\u00e1ticas ou talentos culturais que desejem contribuir voluntariamente com as a\u00e7\u00f5es formativas e eventos institucionais da Escola da Sa\u00fade. <\/p>\n\n\n\n<div style=\"height:42px\" aria-hidden=\"true\" class=\"wp-block-spacer\"><\/div>\n\n\n\n<div class=\"wp-block-stackable-icon-box stk-block-icon-box stk-block stk-0e06fd5\" data-v=\"2\" data-block-id=\"0e06fd5\"><style>.stk-0e06fd5 {margin-bottom:25px !important;}<\/style><div class=\"stk-block-content stk-inner-blocks stk-block-icon-box__content stk-container stk-0e06fd5-container stk--no-background stk--no-padding\">\n<div class=\"wp-block-stackable-icon-label stk-block-icon-label stk-block stk-cefb853\" data-block-id=\"cefb853\"><style>.stk-cefb853 {margin-bottom:0px !important;}<\/style><div class=\"stk-row stk-inner-blocks stk-block-content\">\n<div class=\"wp-block-stackable-icon stk-block-icon has-text-align-left stk-block stk-f41017d\" data-block-id=\"f41017d\"><style>.stk-f41017d .stk--svg-wrapper .stk--inner-svg svg:last-child, .stk-f41017d .stk--svg-wrapper .stk--inner-svg svg:last-child :is(g, path, rect, polygon, ellipse){fill:#0693e3 !important;}<\/style><span class=\"stk--svg-wrapper\"><div class=\"stk--inner-svg\"><svg style=\"height:0;width:0\"><defs><linearGradient id=\"linear-gradient-f41017d\" x1=\"0\" x2=\"100%\" y1=\"0\" y2=\"0\"><stop offset=\"0%\" style=\"stop-opacity:1;stop-color:var(--linear-gradient-f-41017-d-color-1)\"><\/stop><stop offset=\"100%\" style=\"stop-opacity:1;stop-color:var(--linear-gradient-f-41017-d-color-2)\"><\/stop><\/linearGradient><\/defs><\/svg><svg xmlns=\"http:\/\/www.w3.org\/2000\/svg\" viewBox=\"0 0 320 512\" aria-hidden=\"true\" width=\"32\" height=\"32\"><path d=\"M80 160c0-35.3 28.7-64 64-64h32c35.3 0 64 28.7 64 64v3.6c0 21.8-11.1 42.1-29.4 53.8l-42.2 27.1c-25.2 16.2-40.4 44.1-40.4 74V320c0 17.7 14.3 32 32 32s32-14.3 32-32v-1.4c0-8.2 4.2-15.8 11-20.2l42.2-27.1c36.6-23.6 58.8-64.1 58.8-107.7V160c0-70.7-57.3-128-128-128H144C73.3 32 16 89.3 16 160c0 17.7 14.3 32 32 32s32-14.3 32-32zm80 320a40 40 0 1 0 0-80 40 40 0 1 0 0 80z\" \/><\/svg><\/div><\/span><\/div>\n\n\n\n<div class=\"wp-block-stackable-heading stk-block-heading stk-block-heading--v2 stk-block stk-5ed46c0\" id=\"quem-pode-se-inscrever-como-facilitador-a-instrutor-a\" data-block-id=\"5ed46c0\"><style>.stk-5ed46c0 .stk-block-heading__text{font-size:24px !important;color:#0693e3 !important;}@media screen and (max-width: 1023px){.stk-5ed46c0 .stk-block-heading__text{font-size:24px !important;}}<\/style><h4 class=\"stk-block-heading__text has-text-color\">Quem pode se inscrever como Facilitador(a)\/Instrutor(a)?<\/h4><\/div>\n<\/div><\/div>\n\n\n\n<div class=\"wp-block-stackable-text stk-block-text stk-block stk-382c2a4\" data-block-id=\"382c2a4\"><style>.stk-382c2a4 .stk-block-text__text{color:#0f0e17 !important;}<\/style><p class=\"stk-block-text__text has-text-color\"><strong>Profissionais da Rede Municipal de Sa\u00fade que:<\/strong><br>\u2022 Possuam experi\u00eancia t\u00e9cnica em sua \u00e1rea de atua\u00e7\u00e3o<br>\u2022 Desenvolvam boas pr\u00e1ticas reconhecidas no servi\u00e7o<br>\u2022 Tenham viv\u00eancia em projetos, protocolos, fluxos ou iniciativas exitosas<br>\u2022 J\u00e1 ministrem ou desejem ministrar aulas, oficinas, palestras ou rodas de conversa<br>\u2022 Tenham interesse em atuar na Educa\u00e7\u00e3o Permanente em Sa\u00fade<\/p><\/div>\n<\/div><\/div>\n\n\n\n<p class=\"has-vivid-cyan-blue-color has-text-color has-link-color has-medium-font-size wp-elements-ce05f909ce05e92cd3b9c0a977f875f7\"><strong>No momento da inscri\u00e7\u00e3o, o(a) colaborador(a) poder\u00e1 indicar:<\/strong><\/p>\n\n\n\n<p><strong>\u00c1rea(s) de expertise<\/strong><br>\u2022 Temas que se sente apto(a) a ministrar<br>\u2022 Experi\u00eancia pr\u00e9via como docente\/facilitador(a)<br>\u2022 Disponibilidade<\/p>\n\n\n\n<div style=\"height:51px\" aria-hidden=\"true\" class=\"wp-block-spacer\"><\/div>\n\n\n\n<div class=\"wp-block-stackable-icon-box stk-block-icon-box stk-block stk-7518d66\" data-v=\"2\" data-block-id=\"7518d66\"><style>.stk-7518d66 {margin-bottom:29px !important;}<\/style><div class=\"stk-block-content stk-inner-blocks stk-block-icon-box__content stk-container stk-7518d66-container stk--no-background stk--no-padding\">\n<div class=\"wp-block-stackable-icon-label stk-block-icon-label stk-block stk-108487e\" data-block-id=\"108487e\"><style>.stk-108487e {margin-bottom:15px !important;}<\/style><div class=\"stk-row stk-inner-blocks stk-block-content\">\n<div class=\"wp-block-stackable-icon stk-block-icon has-text-align-left stk-block stk-88aead1\" data-block-id=\"88aead1\"><style>.stk-88aead1 .stk--svg-wrapper .stk--inner-svg svg:last-child, .stk-88aead1 .stk--svg-wrapper .stk--inner-svg svg:last-child :is(g, path, rect, polygon, ellipse){fill:#0693e3 !important;}<\/style><span class=\"stk--svg-wrapper\"><div class=\"stk--inner-svg\"><svg style=\"height:0;width:0\"><defs><linearGradient id=\"linear-gradient-88aead1\" x1=\"0\" x2=\"100%\" y1=\"0\" y2=\"0\"><stop offset=\"0%\" style=\"stop-opacity:1;stop-color:var(--linear-gradient-88-aead-1-color-1)\"><\/stop><stop offset=\"100%\" style=\"stop-opacity:1;stop-color:var(--linear-gradient-88-aead-1-color-2)\"><\/stop><\/linearGradient><\/defs><\/svg><svg data-prefix=\"fa\" data-icon=\"star\" class=\"svg-inline--fa fa-star fa-w-18\" xmlns=\"http:\/\/www.w3.org\/2000\/svg\" viewBox=\"0 0 576 512\" aria-hidden=\"true\" width=\"32\" height=\"32\"><path fill=\"currentColor\" d=\"M259.3 17.8L194 150.2 47.9 171.5c-26.2 3.8-36.7 36.1-17.7 54.6l105.7 103-25 145.5c-4.5 26.3 23.2 46 46.4 33.7L288 439.6l130.7 68.7c23.2 12.2 50.9-7.4 46.4-33.7l-25-145.5 105.7-103c19-18.5 8.5-50.8-17.7-54.6L382 150.2 316.7 17.8c-11.7-23.6-45.6-23.9-57.4 0z\"><\/path><\/svg><\/div><\/span><\/div>\n\n\n\n<div class=\"wp-block-stackable-heading stk-block-heading stk-block-heading--v2 stk-block stk-71bb7c2\" id=\"talentos-da-rede-atividades-culturais\" data-block-id=\"71bb7c2\"><style>.stk-71bb7c2 .stk-block-heading__text{font-size:25px !important;color:#0693e3 !important;}@media screen and (max-width: 1023px){.stk-71bb7c2 .stk-block-heading__text{font-size:25px !important;}}<\/style><h4 class=\"stk-block-heading__text has-text-color\">Talentos da Rede \u2013 Atividades Culturais<\/h4><\/div>\n<\/div><\/div>\n\n\n\n<div class=\"wp-block-stackable-text stk-block-text stk-block stk-125bc20\" data-block-id=\"125bc20\"><style>.stk-125bc20 {margin-bottom:0px !important;}<\/style><p class=\"stk-block-text__text\">Tamb\u00e9m convidamos os trabalhadores e trabalhadoras que possuem <strong>talentos art\u00edsticos e culturais<\/strong> para compor nossas programa\u00e7\u00f5es de abertura de eventos, como:<br>\u2022 M\u00fasica (instrumental ou vocal)<br>\u2022 Coral<br>\u2022 Poesia<br>\u2022 Teatro<br>\u2022 Dan\u00e7a<br>\u2022 Express\u00f5es culturais regionais<br>\u2022 Outras manifesta\u00e7\u00f5es art\u00edsticas<\/p><\/div>\n\n\n\n<p>Acreditamos que a arte<strong> humaniza<\/strong> os espa\u00e7os institucionais, <strong>fortalece v\u00ednculos e valoriza as m\u00faltiplas dimens\u00f5es<\/strong> de quem constr\u00f3i o SUS diariamente. <\/p>\n<\/div><\/div>\n\n\n\n<div class=\"wp-block-stackable-icon-box stk-block-icon-box stk-block stk-44fe2b8\" data-v=\"2\" data-block-id=\"44fe2b8\"><style>.stk-44fe2b8 {margin-bottom:30px !important;}<\/style><div class=\"stk-block-content stk-inner-blocks stk-block-icon-box__content stk-container stk-44fe2b8-container stk--no-background stk--no-padding\">\n<div class=\"wp-block-stackable-icon-label stk-block-icon-label stk-block stk-32687d3\" data-block-id=\"32687d3\"><style>.stk-32687d3 {margin-bottom:0px !important;}<\/style><div class=\"stk-row stk-inner-blocks stk-block-content\">\n<div class=\"wp-block-stackable-icon stk-block-icon has-text-align-left stk-block stk-ee8d189\" data-block-id=\"ee8d189\"><style>.stk-ee8d189 .stk--svg-wrapper .stk--inner-svg svg:last-child, .stk-ee8d189 .stk--svg-wrapper .stk--inner-svg svg:last-child :is(g, path, rect, polygon, ellipse){fill:#0693e3 !important;}<\/style><span class=\"stk--svg-wrapper\"><div class=\"stk--inner-svg\"><svg style=\"height:0;width:0\"><defs><linearGradient id=\"linear-gradient-ee8d189\" x1=\"0\" x2=\"100%\" y1=\"0\" y2=\"0\"><stop offset=\"0%\" style=\"stop-opacity:1;stop-color:var(--linear-gradient-ee-8-d-189-color-1)\"><\/stop><stop offset=\"100%\" style=\"stop-opacity:1;stop-color:var(--linear-gradient-ee-8-d-189-color-2)\"><\/stop><\/linearGradient><\/defs><\/svg><svg xmlns=\"http:\/\/www.w3.org\/2000\/svg\" viewBox=\"0 0 512 512\" aria-hidden=\"true\" width=\"32\" height=\"32\"><path d=\"M323.8 34.8c-38.2-10.9-78.1 11.2-89 49.4l-5.7 20c-3.7 13-10.4 25-19.5 35l-51.3 56.4c-8.9 9.8-8.2 25 1.6 33.9s25 8.2 33.9-1.6l51.3-56.4c14.1-15.5 24.4-34 30.1-54.1l5.7-20c3.6-12.7 16.9-20.1 29.7-16.5s20.1 16.9 16.5 29.7l-5.7 20c-5.7 19.9-14.7 38.7-26.6 55.5c-5.2 7.3-5.8 16.9-1.7 24.9s12.3 13 21.3 13L448 224c8.8 0 16 7.2 16 16c0 6.8-4.3 12.7-10.4 15c-7.4 2.8-13 9-14.9 16.7s.1 15.8 5.3 21.7c2.5 2.8 4 6.5 4 10.6c0 7.8-5.6 14.3-13 15.7c-8.2 1.6-15.1 7.3-18 15.2s-1.6 16.7 3.6 23.3c2.1 2.7 3.4 6.1 3.4 9.9c0 6.7-4.2 12.6-10.2 14.9c-11.5 4.5-17.7 16.9-14.4 28.8c.4 1.3 .6 2.8 .6 4.3c0 8.8-7.2 16-16 16H286.5c-12.6 0-25-3.7-35.5-10.7l-61.7-41.1c-11-7.4-25.9-4.4-33.3 6.7s-4.4 25.9 6.7 33.3l61.7 41.1c18.4 12.3 40 18.8 62.1 18.8H384c34.7 0 62.9-27.6 64-62c14.6-11.7 24-29.7 24-50c0-4.5-.5-8.8-1.3-13c15.4-11.7 25.3-30.2 25.3-51c0-6.5-1-12.8-2.8-18.7C504.8 273.7 512 257.7 512 240c0-35.3-28.6-64-64-64l-92.3 0c4.7-10.4 8.7-21.2 11.8-32.2l5.7-20c10.9-38.2-11.2-78.1-49.4-89zM32 192c-17.7 0-32 14.3-32 32V448c0 17.7 14.3 32 32 32H96c17.7 0 32-14.3 32-32V224c0-17.7-14.3-32-32-32H32z\" \/><\/svg><\/div><\/span><\/div>\n\n\n\n<div class=\"wp-block-stackable-heading stk-block-heading stk-block-heading--v2 stk-block stk-dbd0735\" id=\"por-que-participar\" data-block-id=\"dbd0735\"><style>.stk-dbd0735 .stk-block-heading__text{font-size:26px !important;color:#0693e3 !important;}@media screen and (max-width: 1023px){.stk-dbd0735 .stk-block-heading__text{font-size:26px !important;}}<\/style><h4 class=\"stk-block-heading__text has-text-color\">Por que participar?<\/h4><\/div>\n<\/div><\/div>\n\n\n\n<div class=\"wp-block-stackable-text stk-block-text stk-block stk-0a1bf01\" data-block-id=\"0a1bf01\"><style>.stk-0a1bf01 {margin-bottom:0px !important;}<\/style><p class=\"stk-block-text__text\">* Compartilhar saberes e experi\u00eancias<br>\u2022 Fortalecer a integra\u00e7\u00e3o ensino-servi\u00e7o<br>\u2022 Contribuir com a qualifica\u00e7\u00e3o da Rede<br>\u2022 Valorizar talentos internos<br>\u2022 Protagonizar processos de Educa\u00e7\u00e3o Permanente<\/p><\/div>\n\n\n\n<p>A participa\u00e7\u00e3o \u00e9 volunt\u00e1ria e poder\u00e1 ser acionada conforme planejamento das atividades formativas e eventos institucionais. <\/p>\n<\/div><\/div>\n\n\n\n<div class=\"wp-block-stackable-icon-box stk-block-icon-box stk-block stk-3447981\" data-v=\"2\" data-block-id=\"3447981\"><style>.stk-3447981 {margin-bottom:14px !important;}<\/style><div class=\"stk-block-content stk-inner-blocks stk-block-icon-box__content stk-container stk-3447981-container stk--no-background stk--no-padding\">\n<div class=\"wp-block-stackable-icon-label stk-block-icon-label stk-block stk-274b36a\" data-block-id=\"274b36a\"><style>.stk-274b36a {margin-bottom:0px !important;}<\/style><div class=\"stk-row stk-inner-blocks stk-block-content\">\n<div class=\"wp-block-stackable-icon stk-block-icon has-text-align-left stk-block stk-45d92b2\" data-block-id=\"45d92b2\"><style>.stk-45d92b2 .stk--svg-wrapper .stk--inner-svg svg:last-child, .stk-45d92b2 .stk--svg-wrapper .stk--inner-svg svg:last-child :is(g, path, rect, polygon, ellipse){fill:#0693e3 !important;}<\/style><span class=\"stk--svg-wrapper\"><div class=\"stk--inner-svg\"><svg style=\"height:0;width:0\"><defs><linearGradient id=\"linear-gradient-45d92b2\" x1=\"0\" x2=\"100%\" y1=\"0\" y2=\"0\"><stop offset=\"0%\" style=\"stop-opacity:1;stop-color:var(--linear-gradient-45-d-92-b-2-color-1)\"><\/stop><stop offset=\"100%\" style=\"stop-opacity:1;stop-color:var(--linear-gradient-45-d-92-b-2-color-2)\"><\/stop><\/linearGradient><\/defs><\/svg><svg xmlns=\"http:\/\/www.w3.org\/2000\/svg\" viewBox=\"0 0 192 512\" aria-hidden=\"true\" width=\"32\" height=\"32\"><path d=\"M48 80a48 48 0 1 1 96 0A48 48 0 1 1 48 80zM0 224c0-17.7 14.3-32 32-32H96c17.7 0 32 14.3 32 32V448h32c17.7 0 32 14.3 32 32s-14.3 32-32 32H32c-17.7 0-32-14.3-32-32s14.3-32 32-32H64V256H32c-17.7 0-32-14.3-32-32z\" \/><\/svg><\/div><\/span><\/div>\n\n\n\n<div class=\"wp-block-stackable-heading stk-block-heading stk-block-heading--v2 stk-block stk-f3ad5b6\" id=\"como-se-inscrever\" data-block-id=\"f3ad5b6\"><style>.stk-f3ad5b6 .stk-block-heading__text{font-size:25px !important;color:#0693e3 !important;}@media screen and (max-width: 1023px){.stk-f3ad5b6 .stk-block-heading__text{font-size:25px !important;}}<\/style><h4 class=\"stk-block-heading__text has-text-color\">Como se inscrever?<\/h4><\/div>\n<\/div><\/div>\n\n\n\n<div class=\"wp-block-stackable-text stk-block-text stk-block stk-ead1e67\" data-block-id=\"ead1e67\"><style>.stk-ead1e67 {margin-bottom:12px !important;}<\/style><p class=\"stk-block-text__text\">Preencha o formul\u00e1rio de inscri\u00e7\u00e3o dispon\u00edvel abaixo e fa\u00e7a parte desta rede de educadores e talentos da Sa\u00fade de Santo Andr\u00e9.<\/p><\/div>\n\n\n\n<div class=\"wp-block-stackable-button-group stk-block-button-group stk-block stk-00cb15d\" data-block-id=\"00cb15d\"><style>.stk-00cb15d .stk-button-group{flex-direction:row !important;align-items:center !important;}.stk-00cb15d .stk-block{flex-basis:0 !important;}.stk-00cb15d .stk-inner-blocks{column-gap:9px !important;row-gap:12px !important;}<\/style><div class=\"stk-row stk-inner-blocks stk-block-content stk-button-group\">\n<div class=\"wp-block-stackable-button stk-block-button stk-block stk-7f1e8e2\" data-block-id=\"7f1e8e2\"><style>.stk-7f1e8e2 {min-height:0px !important;align-items:center !important;padding-top:9px !important;padding-right:9px !important;padding-bottom:9px !important;padding-left:9px !important;display:flex !important;}.stk-7f1e8e2 .stk-button{min-height:60px !important;padding-top:0px !important;padding-right:17px !important;padding-bottom:0px !important;padding-left:17px !important;}<\/style><a class=\"stk-link stk-button stk--hover-effect-darken\" href=\"https:\/\/docs.google.com\/forms\/d\/e\/1FAIpQLSfvAfWscjEIkSwUhQaJSb3jXQnkOYQW2tZ80KxUZlwBZThtxg\/viewform\" target=\"_blank\" rel=\"https:\/\/docs.google.com\/forms\/d\/e\/1FAIpQLSfvAfWscjEIkSwUhQaJSb3jXQnkOYQW2tZ80KxUZlwBZThtxg\/viewform noreferrer noopener\"><span class=\"stk-button__inner-text\">Participe <\/span><\/a><\/div>\n<\/div><\/div>\n<\/div><\/div>\n\n\n\n<div class=\"wp-block-stackable-icon-label stk-block-icon-label stk-block stk-1fd7a01\" data-block-id=\"1fd7a01\"><div class=\"stk-row stk-inner-blocks stk-block-content\">\n<div class=\"wp-block-stackable-icon stk-block-icon has-text-align-left stk-block stk-1a255fd\" data-block-id=\"1a255fd\"><style>.stk-1a255fd .stk--svg-wrapper .stk--inner-svg svg:last-child, .stk-1a255fd .stk--svg-wrapper .stk--inner-svg svg:last-child :is(g, path, rect, polygon, ellipse){fill:#0693e3 !important;}<\/style><span class=\"stk--svg-wrapper\"><div class=\"stk--inner-svg\"><svg style=\"height:0;width:0\"><defs><linearGradient id=\"linear-gradient-1a255fd\" x1=\"0\" x2=\"100%\" y1=\"0\" y2=\"0\"><stop offset=\"0%\" style=\"stop-opacity:1;stop-color:var(--linear-gradient-1-a-255-fd-color-1)\"><\/stop><stop offset=\"100%\" style=\"stop-opacity:1;stop-color:var(--linear-gradient-1-a-255-fd-color-2)\"><\/stop><\/linearGradient><\/defs><\/svg><svg data-prefix=\"fa\" data-icon=\"star\" class=\"svg-inline--fa fa-star fa-w-18\" xmlns=\"http:\/\/www.w3.org\/2000\/svg\" viewBox=\"0 0 576 512\" aria-hidden=\"true\" width=\"32\" height=\"32\"><path fill=\"currentColor\" d=\"M259.3 17.8L194 150.2 47.9 171.5c-26.2 3.8-36.7 36.1-17.7 54.6l105.7 103-25 145.5c-4.5 26.3 23.2 46 46.4 33.7L288 439.6l130.7 68.7c23.2 12.2 50.9-7.4 46.4-33.7l-25-145.5 105.7-103c19-18.5 8.5-50.8-17.7-54.6L382 150.2 316.7 17.8c-11.7-23.6-45.6-23.9-57.4 0z\"><\/path><\/svg><\/div><\/span><\/div>\n\n\n\n<div class=\"wp-block-stackable-heading stk-block-heading stk-block-heading--v2 stk-block stk-1e03157\" id=\"a-escola-da-saude-entrara-em-contato-conforme-a-programacao-e-necessidade-das-atividades\" data-block-id=\"1e03157\"><style>.stk-1e03157 .stk-block-heading__text{font-size:19px !important;color:#0693e3 !important;}@media screen and (max-width: 1023px){.stk-1e03157 .stk-block-heading__text{font-size:19px !important;}}<\/style><h4 class=\"stk-block-heading__text has-text-color\">A Escola da Sa\u00fade entrar\u00e1 em contato conforme a programa\u00e7\u00e3o e necessidade das atividades.<\/h4><\/div>\n<\/div><\/div>\n\n\n\n<p><\/p>\n","protected":false},"excerpt":{"rendered":"<p>A Escola da Sa\u00fade de Santo Andr\u00e9 convida os trabalhadores e trabalhadoras da Rede Municipal de Sa\u00fade a integrarem nosso Banco de Facilitadores e Talentos da Rede. Acreditamos que o conhecimento produzido no cotidiano do SUS \u00e9 potente, transformador e merece ser compartilhado. Nossa proposta \u00e9 identificar profissionais com expertise t\u00e9cnica, experi\u00eancia pr\u00e1tica, habilidades did\u00e1ticas [&hellip;]<\/p>\n","protected":false},"author":87,"featured_media":0,"parent":0,"menu_order":0,"comment_status":"closed","ping_status":"closed","template":"","meta":{"footnotes":""},"class_list":["post-991","page","type-page","status-publish","hentry"],"_links":{"self":[{"href":"https:\/\/portais.santoandre.sp.gov.br\/escoladasaude\/wp-json\/wp\/v2\/pages\/991","targetHints":{"allow":["GET"]}}],"collection":[{"href":"https:\/\/portais.santoandre.sp.gov.br\/escoladasaude\/wp-json\/wp\/v2\/pages"}],"about":[{"href":"https:\/\/portais.santoandre.sp.gov.br\/escoladasaude\/wp-json\/wp\/v2\/types\/page"}],"author":[{"embeddable":true,"href":"https:\/\/portais.santoandre.sp.gov.br\/escoladasaude\/wp-json\/wp\/v2\/users\/87"}],"replies":[{"embeddable":true,"href":"https:\/\/portais.santoandre.sp.gov.br\/escoladasaude\/wp-json\/wp\/v2\/comments?post=991"}],"version-history":[{"count":3,"href":"https:\/\/portais.santoandre.sp.gov.br\/escoladasaude\/wp-json\/wp\/v2\/pages\/991\/revisions"}],"predecessor-version":[{"id":1001,"href":"https:\/\/portais.santoandre.sp.gov.br\/escoladasaude\/wp-json\/wp\/v2\/pages\/991\/revisions\/1001"}],"wp:attachment":[{"href":"https:\/\/portais.santoandre.sp.gov.br\/escoladasaude\/wp-json\/wp\/v2\/media?parent=991"}],"curies":[{"name":"wp","href":"https:\/\/api.w.org\/{rel}","templated":true}]}}