{"id":365,"date":"2025-07-15T15:44:29","date_gmt":"2025-07-15T18:44:29","guid":{"rendered":"https:\/\/portais.santoandre.sp.gov.br\/escoladasaude\/?page_id=365"},"modified":"2025-07-28T15:20:39","modified_gmt":"2025-07-28T18:20:39","slug":"artigos-cientificos-2","status":"publish","type":"page","link":"https:\/\/portais.santoandre.sp.gov.br\/escoladasaude\/artigos-cientificos-2\/","title":{"rendered":"Conte\u00fados Normativos do SUS"},"content":{"rendered":"\n<p>Este espa\u00e7o disponibiliza uma <strong>sele\u00e7\u00e3o qualificada de conte\u00fados t\u00e9cnicos e cient\u00edficos<\/strong> que subsidiam a atua\u00e7\u00e3o profissional e contribuem para a atualiza\u00e7\u00e3o permanente dos trabalhadores da sa\u00fade.<\/p>\n\n\n\n<p>Est\u00e3o reunidos nesta p\u00e1gina:<\/p>\n\n\n\n<ul class=\"wp-block-list\">\n<li><strong>Artigos cient\u00edficos<\/strong> com embasamento atualizado e relev\u00e2ncia para a pr\u00e1tica em diferentes n\u00edveis de aten\u00e7\u00e3o<\/li>\n\n\n\n<li><strong>Diretrizes cl\u00ednicas, protocolos assistenciais <\/strong> que orientam condutas baseadas em evid\u00eancias<\/li>\n\n\n\n<li><strong>Guias t\u00e9cnicos, manuais e notas informativas<\/strong> que apoiam processos de trabalho e aprimoram a qualidade do cuidado<\/li>\n\n\n\n<li><strong>Documentos de pol\u00edticas p\u00fablicas<\/strong> que norteiam a\u00e7\u00f5es, estrat\u00e9gias e programas no \u00e2mbito do Sistema \u00danico de Sa\u00fade e demais esferas da gest\u00e3o em sa\u00fade<\/li>\n<\/ul>\n\n\n\n<p>O objetivo \u00e9 promover o acesso a refer\u00eancias confi\u00e1veis que fortale\u00e7am a tomada de decis\u00e3o, a educa\u00e7\u00e3o permanente e a melhoria cont\u00ednua dos servi\u00e7os de sa\u00fade. <\/p>\n\n\n\n<p><strong>Consulte os links a seguir e utilize estes materiais como ferramentas de apoio \u00e0 pr\u00e1tica profissional e ao desenvolvimento t\u00e9cnico-cient\u00edfico.<\/strong><\/p>\n\n\n\n<div style=\"height:17px\" aria-hidden=\"true\" class=\"wp-block-spacer\"><\/div>\n\n\n<form role=\"search\" method=\"get\" action=\"https:\/\/portais.santoandre.sp.gov.br\/escoladasaude\/\" class=\"wp-block-search__button-outside wp-block-search__icon-button wp-block-search\"    ><label class=\"wp-block-search__label\" for=\"wp-block-search__input-1\" >Pesquisa<\/label><div class=\"wp-block-search__inside-wrapper \" ><input class=\"wp-block-search__input\" id=\"wp-block-search__input-1\" placeholder=\"\" value=\"\" type=\"search\" name=\"s\" required \/><button aria-label=\"Pesquisar\" class=\"wp-block-search__button has-icon wp-element-button\" type=\"submit\" ><svg class=\"search-icon\" viewBox=\"0 0 24 24\" width=\"24\" height=\"24\">\n\t\t\t\t\t<path d=\"M13 5c-3.3 0-6 2.7-6 6 0 1.4.5 2.7 1.3 3.7l-3.8 3.8 1.1 1.1 3.8-3.8c1 .8 2.3 1.3 3.7 1.3 3.3 0 6-2.7 6-6S16.3 5 13 5zm0 10.5c-2.5 0-4.5-2-4.5-4.5s2-4.5 4.5-4.5 4.5 2 4.5 4.5-2 4.5-4.5 4.5z\"><\/path>\n\t\t\t\t<\/svg><\/button><\/div><\/form>\n\n\n<div style=\"height:29px\" aria-hidden=\"true\" class=\"wp-block-spacer\"><\/div>\n\n\n\n<p><a href=\"https:\/\/materiais.ead.fiocruz.br\/especializacao\/gestao-de-risco-de-emergencias-e-desastres-em-saude-publica\/percurso\/documents\/Principios_diretrizes_sus.pdf\" data-type=\"link\" data-id=\"https:\/\/materiais.ead.fiocruz.br\/especializacao\/gestao-de-risco-de-emergencias-e-desastres-em-saude-publica\/percurso\/documents\/Principios_diretrizes_sus.pdf\">Princ\u00edpios e diretrizes do Sistema \u00danico de Sa\u00fade (SUS)<\/a><\/p>\n\n\n\n<p><a href=\"https:\/\/bvsms.saude.gov.br\/bvs\/publicacoes\/progestores\/leg_sus.pdf\" data-type=\"link\" data-id=\"https:\/\/bvsms.saude.gov.br\/bvs\/publicacoes\/progestores\/leg_sus.pdf\">Arcabou\u00e7o legal no SUS I<\/a><\/p>\n\n\n\n<p><a href=\"https:\/\/bvsms.saude.gov.br\/bvs\/folder\/dreceto_7508_desafios_gestao_sus.pdf\" data-type=\"link\" data-id=\"https:\/\/bvsms.saude.gov.br\/bvs\/folder\/dreceto_7508_desafios_gestao_sus.pdf\">Arcabou\u00e7o legal no SUS II<\/a><\/p>\n\n\n\n<p><a href=\"https:\/\/bvsms.saude.gov.br\/bvs\/publicacoes\/modulo4_regulacao_redes_atencao_saude.pdf\" data-type=\"link\" data-id=\"https:\/\/bvsms.saude.gov.br\/bvs\/publicacoes\/modulo4_regulacao_redes_atencao_saude.pdf\">Redes de Aten\u00e7\u00e3o \u00e0 Sa\u00fade<\/a><\/p>\n\n\n\n<p><a href=\"https:\/\/www.scielo.br\/j\/icse\/a\/f3gtbdppCQLJGFdbcGrct3w\/?lang=pt\" data-type=\"link\" data-id=\"https:\/\/www.scielo.br\/j\/icse\/a\/f3gtbdppCQLJGFdbcGrct3w\/?lang=pt\">Bases filos\u00f3ficas da Medicina de Fam\u00edlia e Comunidade<\/a><\/p>\n\n\n\n<p><a href=\"https:\/\/www.paho.org\/pt\/topicos\/atencao-primaria-saude\" data-type=\"link\" data-id=\"https:\/\/www.paho.org\/pt\/topicos\/atencao-primaria-saude\">Gest\u00e3o da APS<\/a><\/p>\n\n\n\n<p><a href=\"https:\/\/unasus.unifesp.br\/biblioteca_virtual\/pab\/7\/unidades_conteudos\/unidade05\/unidade05.pdf\" data-type=\"link\" data-id=\"https:\/\/unasus.unifesp.br\/biblioteca_virtual\/pab\/7\/unidades_conteudos\/unidade05\/unidade05.pdf\">Determinantes sociais do processo sa\u00fade\/doen\u00e7a<\/a><\/p>\n\n\n\n<p><a href=\"https:\/\/www.nescon.medicina.ufmg.br\/biblioteca\/imagem\/3972.pdf\" data-type=\"link\" data-id=\"https:\/\/www.nescon.medicina.ufmg.br\/biblioteca\/imagem\/3972.pdf\">Princ\u00edpios da Aten\u00e7\u00e3o Prim\u00e1ria \u00e0 Sa\u00fade<\/a><\/p>\n\n\n\n<p><a href=\"https:\/\/bvsms.saude.gov.br\/bvs\/publicacoes\/politica_nacional_atencao_basica_2006.pdf\" data-type=\"link\" data-id=\"https:\/\/bvsms.saude.gov.br\/bvs\/publicacoes\/politica_nacional_atencao_basica_2006.pdf\">Pol\u00edtica Nacional de Aten\u00e7\u00e3o B\u00e1sica<\/a><\/p>\n\n\n\n<p><a href=\"https:\/\/bvsms.saude.gov.br\/bvs\/saudelegis\/gm\/2017\/prt2436_22_09_2017.html\" data-type=\"link\" data-id=\"https:\/\/bvsms.saude.gov.br\/bvs\/saudelegis\/gm\/2017\/prt2436_22_09_2017.html\">PORTARIA N\u00ba 2.436<\/a><\/p>\n\n\n\n<p><a href=\"https:\/\/conasems-ava-prod.s3.sa-east-1.amazonaws.com\/institucional\/orientacoes\/nota-informativa-e-multi-portaria-635-2023-1684936021.pdf\" data-type=\"link\" data-id=\"https:\/\/conasems-ava-prod.s3.sa-east-1.amazonaws.com\/institucional\/orientacoes\/nota-informativa-e-multi-portaria-635-2023-1684936021.pdf\">PORTARIA GM\/MS N\u00ba 635<\/a><\/p>\n\n\n\n<p><a href=\"https:\/\/funsaco.uff.br\/wp-content\/uploads\/sites\/210\/2020\/05\/APOSTILA-FUNSACO-2019.pdf\" data-type=\"link\" data-id=\"https:\/\/funsaco.uff.br\/wp-content\/uploads\/sites\/210\/2020\/05\/APOSTILA-FUNSACO-2019.pdf\">Princ\u00edpios de sa\u00fade coletiva<\/a><\/p>\n\n\n\n<p><a href=\"https:\/\/bvsms.saude.gov.br\/bvs\/publicacoes\/nucleo_apoio_saude_familia_cab39.pdf\" data-type=\"link\" data-id=\"https:\/\/bvsms.saude.gov.br\/bvs\/publicacoes\/nucleo_apoio_saude_familia_cab39.pdf\">N\u00facleos Ampliados de Sa\u00fade da Fam\u00edlia (NASF)<\/a><\/p>\n\n\n\n<p><a href=\"https:\/\/www.scielo.br\/j\/tes\/a\/tWS99FwJwhn55N9jGLSNDhR\/\" data-type=\"link\" data-id=\"https:\/\/www.scielo.br\/j\/tes\/a\/tWS99FwJwhn55N9jGLSNDhR\/\">N\u00daCLEO AMPLIADO DE SA\u00daDE DA FAM\u00cdLIA E ATEN\u00c7\u00c3O B\u00c1SICA: AN\u00c1LISE DO PROCESSO DE TRABALHO<\/a><\/p>\n\n\n\n<p><a href=\"https:\/\/bvsms.saude.gov.br\/bvs\/saudelegis\/gm\/2023\/prt0635_22_05_2023.html\" data-type=\"link\" data-id=\"https:\/\/bvsms.saude.gov.br\/bvs\/saudelegis\/gm\/2023\/prt0635_22_05_2023.html\">E-multi<\/a><\/p>\n\n\n\n<p><a href=\"https:\/\/www2.ufjf.br\/nates\/wp-content\/uploads\/sites\/628\/2009\/12\/principios.pdf\" data-type=\"link\" data-id=\"https:\/\/www2.ufjf.br\/nates\/wp-content\/uploads\/sites\/628\/2009\/12\/principios.pdf\">Princ\u00edpios da Medicina e Comunidade<\/a><\/p>\n\n\n\n<p><a href=\"\/Users\/eagtonso\/Downloads\/_2388-Texto%20do%20artigo-19357-17146-10-20211110.pdf\" data-type=\"link\" data-id=\"file:\/\/\/C:\/Users\/eagtonso\/Downloads\/_2388-Texto%20do%20artigo-19357-17146-10-20211110.pdf\">Decis\u00e3o compartilhada na APS<\/a> <\/p>\n\n\n\n<p><a href=\"https:\/\/bvsms.saude.gov.br\/bvs\/publicacoes\/metodo_clinico_acolhimento_coleta_dados_v3.pdf\" data-type=\"link\" data-id=\"https:\/\/bvsms.saude.gov.br\/bvs\/publicacoes\/metodo_clinico_acolhimento_coleta_dados_v3.pdf\">MCCP<\/a><\/p>\n\n\n\n<p><a href=\"https:\/\/www.scielo.br\/j\/csc\/a\/MJPk7QSnsM9wQ8vfkVYRJTm\/\" data-type=\"link\" data-id=\"https:\/\/www.scielo.br\/j\/csc\/a\/MJPk7QSnsM9wQ8vfkVYRJTm\/\">Projeto terap\u00eautico singular I<\/a><\/p>\n\n\n\n<p><a href=\"https:\/\/www.scielo.br\/j\/tce\/a\/8HVkGwqgWKYZSzH8xdpxcqH\/\" data-type=\"link\" data-id=\"https:\/\/www.scielo.br\/j\/tce\/a\/8HVkGwqgWKYZSzH8xdpxcqH\/\">Projeto terap\u00eautico singular II <\/a><\/p>\n\n\n\n<p><a href=\"https:\/\/rbmfc.org.br\/rbmfc\/article\/view\/4222\/1982\" data-type=\"link\" data-id=\"https:\/\/rbmfc.org.br\/rbmfc\/article\/view\/4222\/1982\">Abordagem comunit\u00e1ria<\/a><\/p>\n\n\n\n<p><a href=\"https:\/\/fiocruz.teiascampogrande.com.br\/documentos_do_portal\/rmfc\/tcr\/primeira_turma\/tcr_marco_tulio_mendes_rodovalho.pdf\" data-type=\"link\" data-id=\"https:\/\/fiocruz.teiascampogrande.com.br\/documentos_do_portal\/rmfc\/tcr\/primeira_turma\/tcr_marco_tulio_mendes_rodovalho.pdf\">Cuidado compartilhado e manejo do tempo<\/a><\/p>\n\n\n\n<p><a href=\"https:\/\/ninho.inca.gov.br\/jspui\/bitstream\/123456789\/9869\/1\/Ferramentas%20de%20apoio%20na%20tomada%20de%20decis%C3%A3o%20compartilhada%20-%202022.pdf\" data-type=\"link\" data-id=\"https:\/\/ninho.inca.gov.br\/jspui\/bitstream\/123456789\/9869\/1\/Ferramentas%20de%20apoio%20na%20tomada%20de%20decis%C3%A3o%20compartilhada%20-%202022.pdf\">Ferramentas de apoio na tomada de decis\u00e3o compartilhada<\/a><\/p>\n\n\n\n<p><a href=\"https:\/\/www.scielo.br\/j\/sdeb\/a\/Hxv9TnNdBf4bQrz6vpKVh7g\/\" data-type=\"link\" data-id=\"https:\/\/www.scielo.br\/j\/sdeb\/a\/Hxv9TnNdBf4bQrz6vpKVh7g\/\">Abordagem familiar e ecomapa<\/a><\/p>\n\n\n\n<p><a href=\"https:\/\/rbmfc.org.br\/rbmfc\/article\/view\/3410\/1939\" data-type=\"link\" data-id=\"https:\/\/rbmfc.org.br\/rbmfc\/article\/view\/3410\/1939\">Ferramentas de abordagem familiar<\/a><\/p>\n\n\n\n<p><a href=\"https:\/\/bvsms.saude.gov.br\/bvs\/publicacoes\/politica_nacional_educacao_permanente_saude_fortalecimento.pdf\" data-type=\"link\" data-id=\"https:\/\/bvsms.saude.gov.br\/bvs\/publicacoes\/politica_nacional_educacao_permanente_saude_fortalecimento.pdf\">Pol\u00edtica Nacional de Educa\u00e7\u00e3o Permanente em Sa\u00fade<\/a><\/p>\n\n\n\n<p><a href=\"https:\/\/nuceconcursos.com.br\/wp-content\/uploads\/2017\/09\/Aula-05_Pol%C3%ADtica-Nacional-de-Humaniza%C3%A7%C3%A3o.pdf\" data-type=\"link\" data-id=\"https:\/\/nuceconcursos.com.br\/wp-content\/uploads\/2017\/09\/Aula-05_Pol%C3%ADtica-Nacional-de-Humaniza%C3%A7%C3%A3o.pdf\">Politica Nacional de Humaniza\u00e7\u00e3o<\/a><\/p>\n\n\n\n<p><a href=\"https:\/\/bvsms.saude.gov.br\/bvs\/publicacoes\/politica_nacional_humanizacao_pnh_folheto.pdf\" data-type=\"link\" data-id=\"https:\/\/bvsms.saude.gov.br\/bvs\/publicacoes\/politica_nacional_humanizacao_pnh_folheto.pdf\">PNH<\/a><\/p>\n\n\n\n<p><a href=\"https:\/\/bvsms.saude.gov.br\/bvs\/publicacoes\/politica_nacional_saude_populacao_negra_3d.pdf\" data-type=\"link\" data-id=\"https:\/\/bvsms.saude.gov.br\/bvs\/publicacoes\/politica_nacional_saude_populacao_negra_3d.pdf\">Pol\u00edtica Nacional de Sa\u00fade Integral da Popula\u00e7\u00e3o Negra<\/a><\/p>\n\n\n\n<p><a href=\"https:\/\/bvsms.saude.gov.br\/bvs\/publicacoes\/politica_nacional_saude_lesbicas_gays.pdf\" data-type=\"link\" data-id=\"https:\/\/bvsms.saude.gov.br\/bvs\/publicacoes\/politica_nacional_saude_lesbicas_gays.pdf\">Politica nacional de sa\u00fade integral da popula\u00e7\u00e3o lgbtqia+<\/a><\/p>\n\n\n\n<p><a href=\"https:\/\/wiki.saude.gov.br\/regulacao\/index.php\/P%C3%A1gina_principal\" data-type=\"link\" data-id=\"https:\/\/wiki.saude.gov.br\/regulacao\/index.php\/P%C3%A1gina_principal\">Politica nacional de regula\u00e7\u00e3o I<\/a><\/p>\n\n\n\n<p><a href=\"https:\/\/bvsms.saude.gov.br\/bvs\/saudelegis\/gm\/2008\/prt1559_01_08_2008.html\" data-type=\"link\" data-id=\"https:\/\/bvsms.saude.gov.br\/bvs\/saudelegis\/gm\/2008\/prt1559_01_08_2008.html\">Politica nacional de regula\u00e7\u00e3o II<\/a><\/p>\n\n\n\n<p><a href=\"https:\/\/bvsms.saude.gov.br\/bvs\/publicacoes\/politica_nacional_mulher_principios_diretrizes.pdf\" data-type=\"link\" data-id=\"https:\/\/bvsms.saude.gov.br\/bvs\/publicacoes\/politica_nacional_mulher_principios_diretrizes.pdf\">Politica Nacional de Sa\u00fade integral da sa\u00fade da mulher &#8211; Diretriz<\/a><\/p>\n\n\n\n<p><a href=\"https:\/\/www.scielo.br\/j\/sdeb\/a\/4JncpcMDZ7TQ9Hd7dkMPMpt\/?format=pdf&amp;lang=pt\" data-type=\"link\" data-id=\"https:\/\/www.scielo.br\/j\/sdeb\/a\/4JncpcMDZ7TQ9Hd7dkMPMpt\/?format=pdf&amp;lang=pt\">Protagonismo do movimento de mulheres<\/a><\/p>\n\n\n\n<p><a href=\"https:\/\/portaldeboaspraticas.iff.fiocruz.br\/wp-content\/uploads\/2018\/07\/Pol%C3%ADtica-Nacional-de-Aten%C3%A7%C3%A3o-Integral-%C3%A0-Sa%C3%BAde-da-Crian%C3%A7a-PNAISC-Vers%C3%A3o-Eletr%C3%B4nica.pdf\" data-type=\"link\" data-id=\"https:\/\/portaldeboaspraticas.iff.fiocruz.br\/wp-content\/uploads\/2018\/07\/Pol%C3%ADtica-Nacional-de-Aten%C3%A7%C3%A3o-Integral-%C3%A0-Sa%C3%BAde-da-Crian%C3%A7a-PNAISC-Vers%C3%A3o-Eletr%C3%B4nica.pdf\">Politica Nacional de Sa\u00fade Integral da Crian\u00e7a<\/a><\/p>\n\n\n\n<p><a href=\"https:\/\/bvsms.saude.gov.br\/bvs\/saudelegis\/gm\/2015\/prt1130_05_08_2015.html\" data-type=\"link\" data-id=\"https:\/\/bvsms.saude.gov.br\/bvs\/saudelegis\/gm\/2015\/prt1130_05_08_2015.html\">Politica Nacional de Sa\u00fade Integral da Crian\u00e7a II<\/a><\/p>\n\n\n\n<p><a href=\"https:\/\/bvsms.saude.gov.br\/bvs\/publicacoes\/diretrizes_nacionais_atencao_saude_adolescentes_jovens_promocao_saude.pdf\" data-type=\"link\" data-id=\"https:\/\/bvsms.saude.gov.br\/bvs\/publicacoes\/diretrizes_nacionais_atencao_saude_adolescentes_jovens_promocao_saude.pdf\">Politica Nacional de Sa\u00fade Integral do Adolescente<\/a><\/p>\n\n\n\n<p><a href=\"https:\/\/bvsms.saude.gov.br\/bvs\/saudelegis\/gm\/2012\/prt1823_23_08_2012.html\" data-type=\"link\" data-id=\"https:\/\/bvsms.saude.gov.br\/bvs\/saudelegis\/gm\/2012\/prt1823_23_08_2012.html\">Pol\u00edtica Nacional de Sa\u00fade Integral do Trabalhador &#8211; PORTARIA N\u00ba 1.823<\/a><\/p>\n\n\n\n<p><a href=\"https:\/\/bvsms.saude.gov.br\/bvs\/publicacoes\/politica_nacional_seguranca_saude.pdf\" data-type=\"link\" data-id=\"https:\/\/bvsms.saude.gov.br\/bvs\/publicacoes\/politica_nacional_seguranca_saude.pdf\">Pol\u00edtica Nacional de Sa\u00fade Integral do Trabalhador<\/a><\/p>\n\n\n\n<p> <a href=\"https:\/\/bvsms.saude.gov.br\/bvs\/saudelegis\/gm\/2006\/prt2528_19_10_2006.html\" data-type=\"link\" data-id=\"https:\/\/bvsms.saude.gov.br\/bvs\/saudelegis\/gm\/2006\/prt2528_19_10_2006.html\">Pol\u00edtica Nacional de Sa\u00fade Integral do Idoso &#8211; PORTARIA N\u00ba 2.528<\/a><\/p>\n\n\n\n<p><a href=\"https:\/\/www.mds.gov.br\/webarquivos\/publicacao\/assistencia_social\/normativas\/politica_idoso.pdf\" data-type=\"link\" data-id=\"https:\/\/www.mds.gov.br\/webarquivos\/publicacao\/assistencia_social\/normativas\/politica_idoso.pdf\">Pol\u00edtica Nacional de Sa\u00fade Integral do Idoso<\/a><\/p>\n\n\n\n<p><a href=\"https:\/\/bvsms.saude.gov.br\/bvs\/publicacoes\/politica_nacional_atencao_saude_homem.pdf\" data-type=\"link\" data-id=\"https:\/\/bvsms.saude.gov.br\/bvs\/publicacoes\/politica_nacional_atencao_saude_homem.pdf\">Pol\u00edtica Nacional de Sa\u00fade Integral do adulto<\/a><\/p>\n\n\n\n<p><a href=\"https:\/\/bvsms.saude.gov.br\/bvs\/publicacoes\/politica_nacional_atencao_saude_homem.pdf\" data-type=\"link\" data-id=\"https:\/\/bvsms.saude.gov.br\/bvs\/publicacoes\/politica_nacional_atencao_saude_homem.pdf\">Pol\u00edtica Nacional de Sa\u00fade Integral do homem I<\/a><\/p>\n\n\n\n<p><a href=\"https:\/\/bvsms.saude.gov.br\/bvs\/publicacoes\/politica_nacional_atencao_integral_saude_homem.pdf\" data-type=\"link\" data-id=\"https:\/\/bvsms.saude.gov.br\/bvs\/publicacoes\/politica_nacional_atencao_integral_saude_homem.pdf\">Pol\u00edtica Nacional de Sa\u00fade Integral do homem II<\/a><\/p>\n\n\n\n<p><a href=\"https:\/\/bvsms.saude.gov.br\/bvs\/saudelegis\/gm\/2011\/prt3088_23_12_2011_rep.html\" data-type=\"link\" data-id=\"https:\/\/bvsms.saude.gov.br\/bvs\/saudelegis\/gm\/2011\/prt3088_23_12_2011_rep.html\">Pol\u00edtica Nacional de Sa\u00fade Mental &#8211; PORTARIA N\u00ba 3.088<\/a><\/p>\n\n\n\n<p><a href=\"https:\/\/bvsms.saude.gov.br\/bvs\/publicacoes\/Relatorio15_anos_Caracas.pdf\" data-type=\"link\" data-id=\"https:\/\/bvsms.saude.gov.br\/bvs\/publicacoes\/Relatorio15_anos_Caracas.pdf\">Reforma Psiqui\u00e1trica e Pol\u00edtica de Sa\u00fade Mental no Brasil<\/a><\/p>\n\n\n\n<p><a href=\"https:\/\/www.planalto.gov.br\/ccivil_03\/_ato2023-2026\/2024\/lei\/l14831.htm\" data-type=\"link\" data-id=\"https:\/\/www.planalto.gov.br\/ccivil_03\/_ato2023-2026\/2024\/lei\/l14831.htm\"><strong><small>LEI N\u00ba 14.831<\/small><\/strong> &#8211; Pol\u00edtica Nacional de Sa\u00fade Mental<\/a><\/p>\n\n\n\n<p><\/p>\n\n\n\n<p><\/p>\n","protected":false},"excerpt":{"rendered":"<p>Este espa\u00e7o disponibiliza uma sele\u00e7\u00e3o qualificada de conte\u00fados t\u00e9cnicos e cient\u00edficos que subsidiam a atua\u00e7\u00e3o profissional e contribuem para a atualiza\u00e7\u00e3o permanente dos trabalhadores da sa\u00fade. Est\u00e3o reunidos nesta p\u00e1gina: O objetivo \u00e9 promover o acesso a refer\u00eancias confi\u00e1veis que fortale\u00e7am a tomada de decis\u00e3o, a educa\u00e7\u00e3o permanente e a melhoria cont\u00ednua dos servi\u00e7os de [&hellip;]<\/p>\n","protected":false},"author":87,"featured_media":0,"parent":0,"menu_order":0,"comment_status":"closed","ping_status":"closed","template":"","meta":{"footnotes":""},"class_list":["post-365","page","type-page","status-publish","hentry"],"_links":{"self":[{"href":"https:\/\/portais.santoandre.sp.gov.br\/escoladasaude\/wp-json\/wp\/v2\/pages\/365","targetHints":{"allow":["GET"]}}],"collection":[{"href":"https:\/\/portais.santoandre.sp.gov.br\/escoladasaude\/wp-json\/wp\/v2\/pages"}],"about":[{"href":"https:\/\/portais.santoandre.sp.gov.br\/escoladasaude\/wp-json\/wp\/v2\/types\/page"}],"author":[{"embeddable":true,"href":"https:\/\/portais.santoandre.sp.gov.br\/escoladasaude\/wp-json\/wp\/v2\/users\/87"}],"replies":[{"embeddable":true,"href":"https:\/\/portais.santoandre.sp.gov.br\/escoladasaude\/wp-json\/wp\/v2\/comments?post=365"}],"version-history":[{"count":11,"href":"https:\/\/portais.santoandre.sp.gov.br\/escoladasaude\/wp-json\/wp\/v2\/pages\/365\/revisions"}],"predecessor-version":[{"id":512,"href":"https:\/\/portais.santoandre.sp.gov.br\/escoladasaude\/wp-json\/wp\/v2\/pages\/365\/revisions\/512"}],"wp:attachment":[{"href":"https:\/\/portais.santoandre.sp.gov.br\/escoladasaude\/wp-json\/wp\/v2\/media?parent=365"}],"curies":[{"name":"wp","href":"https:\/\/api.w.org\/{rel}","templated":true}]}}