{"id":274,"date":"2025-07-14T10:41:51","date_gmt":"2025-07-14T13:41:51","guid":{"rendered":"https:\/\/portais.santoandre.sp.gov.br\/escoladasaude\/?page_id=274"},"modified":"2026-04-09T09:32:23","modified_gmt":"2026-04-09T12:32:23","slug":"equipe","status":"publish","type":"page","link":"https:\/\/portais.santoandre.sp.gov.br\/escoladasaude\/equipe\/","title":{"rendered":"Quem somos:"},"content":{"rendered":"\n<p>A<strong> Escola da Sa\u00fade<\/strong>, ligada diretamente ao <strong>Gabinete da Secretaria de Sa\u00fade de Santo Andr\u00e9<\/strong>, \u00e9 um departamento que promove a\u00e7\u00f5es voltadas \u00e0 educa\u00e7\u00e3o permanente, \u00e0 educa\u00e7\u00e3o continuada e \u00e0 realiza\u00e7\u00e3o de eventos estrat\u00e9gicos aos colaboradores da Sa\u00fade. <\/p>\n\n\n\n<p>Atua na constru\u00e7\u00e3o de parcerias que tenham como objeto o ensino, a extens\u00e3o universit\u00e1ria, projetos de pesquisa e desenvolvimento tecnol\u00f3gico. \u00c9 respons\u00e1vel por toda articula\u00e7\u00e3o, media\u00e7\u00e3o e representa\u00e7\u00e3o institucional frente \u00e0s Institui\u00e7\u00f5es de Ensino no tocante \u00e0 cess\u00e3o e gest\u00e3o de campos de est\u00e1gio nos equipamentos de sa\u00fade do munic\u00edpio. <\/p>\n\n\n\n<p>Nesta perspectiva, busca a <strong>consolida\u00e7\u00e3o e fortalecimento do SUS,<\/strong> enquanto pol\u00edtica social, melhorando o cuidado em sa\u00fade.<\/p>\n\n\n\n<div style=\"height:63px\" aria-hidden=\"true\" class=\"wp-block-spacer\"><\/div>\n\n\n\n<h2 class=\"wp-block-heading\">Nossa Equipe:<\/h2>\n\n\n\n<div class=\"wp-block-stackable-team-member stk-block-team-member stk-block stk-8e95f2b is-style-default\" data-v=\"2\" data-block-id=\"8e95f2b\"><style>.stk-8e95f2b-container{background-color:#e9f5ff !important;}.stk-8e95f2b-container:before{background-color:#e9f5ff !important;}<\/style><div class=\"stk-block-team-member__content stk-content-align stk-8e95f2b-column stk-container stk-8e95f2b-container stk-hover-parent\"><div class=\"stk-block-content stk-inner-blocks has-text-align-center stk-8e95f2b-inner-blocks\">\n<div class=\"wp-block-stackable-heading stk-block-heading stk-block-heading--v2 stk-block stk-cc4ac39\" id=\"alessandra-holovatiuk\" data-block-id=\"cc4ac39\"><style>.stk-cc4ac39 .stk-block-heading__text{color:#0693e3 !important;}<\/style><h3 class=\"stk-block-heading__text has-text-color\">Alessandra Holovatiuk<\/h3><\/div>\n\n\n\n<div class=\"wp-block-stackable-subtitle stk-block-subtitle stk-block stk-fbaee35\" data-block-id=\"fbaee35\"><style>.stk-fbaee35 .stk-block-subtitle__text{color:#0693e3 !important;}<\/style><p class=\"stk-block-subtitle__text stk-subtitle has-text-color\">Coordenadora Geral <\/p><\/div>\n<\/div><\/div><\/div>\n\n\n\n<div class=\"wp-block-stackable-columns stk-block-columns stk-block stk-6b41000\" data-block-id=\"6b41000\"><div class=\"stk-row stk-inner-blocks stk-block-content stk-content-align stk-6b41000-column\">\n<div class=\"wp-block-stackable-column stk-block-column stk-column stk-block stk-f57ce83\" data-v=\"4\" data-block-id=\"f57ce83\"><div class=\"stk-column-wrapper stk-block-column__content stk-container stk-f57ce83-container stk--no-background stk--no-padding\"><div class=\"stk-block-content stk-inner-blocks stk-f57ce83-inner-blocks\"><\/div><\/div><\/div>\n<\/div><\/div>\n\n\n\n<div class=\"wp-block-stackable-feature-grid alignwide stk-block-feature-grid stk-block-columns stk-block stk-247516e is-style-default\" data-block-id=\"247516e\"><style>.stk-247516e {margin-bottom:80px !important;}<\/style><div class=\"stk-row stk-inner-blocks has-text-align-center stk-block-content stk-content-align stk-247516e-column alignwide\">\n<div class=\"wp-block-stackable-column stk-block-column stk-column stk-block stk-944b1e9\" data-v=\"4\" data-block-id=\"944b1e9\"><style>.stk-944b1e9-container{background-color:#e9f5ff !important;}.stk-944b1e9-container:before{background-color:#e9f5ff !important;}<\/style><div class=\"stk-column-wrapper stk-block-column__content stk-container stk-944b1e9-container stk-hover-parent\"><div class=\"stk-block-content stk-inner-blocks stk-944b1e9-inner-blocks\">\n<div class=\"wp-block-stackable-heading stk-block-heading stk-block-heading--v2 stk-block stk-b1d957e\" id=\"dra-ekatriny\" data-block-id=\"b1d957e\"><style>.stk-b1d957e .stk-block-heading__text{color:#0693e3 !important;}<\/style><h3 class=\"stk-block-heading__text has-text-color\">Dra. Ekatriny<\/h3><\/div>\n\n\n\n<div class=\"wp-block-stackable-text stk-block-text stk-block stk-0a50be0\" data-block-id=\"0a50be0\"><style>.stk-0a50be0 .stk-block-text__text{color:#0693e3 !important;}<\/style><p class=\"stk-block-text__text has-text-color\">M\u00e9dica<\/p><\/div>\n<\/div><\/div><\/div>\n\n\n\n<div class=\"wp-block-stackable-column stk-block-column stk-column stk-block stk-16efae2\" data-v=\"4\" data-block-id=\"16efae2\"><style>.stk-16efae2-container{background-color:#e9f5ff !important;}.stk-16efae2-container:before{background-color:#e9f5ff !important;}<\/style><div class=\"stk-column-wrapper stk-block-column__content stk-container stk-16efae2-container stk-hover-parent\"><div class=\"stk-block-content stk-inner-blocks stk-16efae2-inner-blocks\">\n<div class=\"wp-block-stackable-heading stk-block-heading stk-block-heading--v2 stk-block stk-ae2bec9\" id=\"dra-maria-aparecida-dos-santos\" data-block-id=\"ae2bec9\"><style>.stk-ae2bec9 .stk-block-heading__text{color:#0693e3 !important;}<\/style><h3 class=\"stk-block-heading__text has-text-color\">Dra. Maria Aparecida dos Santos <\/h3><\/div>\n\n\n\n<div class=\"wp-block-stackable-text stk-block-text stk-block stk-2ce30db\" data-block-id=\"2ce30db\"><style>.stk-2ce30db {border-color:#ffffff !important;}.stk-2ce30db .stk-block-text__text{color:#0693e3 !important;}<\/style><p class=\"stk-block-text__text has-text-color\">M\u00e9dica <\/p><\/div>\n<\/div><\/div><\/div>\n<\/div><\/div>\n\n\n\n<div class=\"wp-block-stackable-feature-grid alignwide stk-block-feature-grid stk-block-columns stk-block stk-6f7b38f is-style-default\" data-block-id=\"6f7b38f\"><style>.stk-6f7b38f {margin-bottom:80px !important;}<\/style><div class=\"stk-row stk-inner-blocks has-text-align-center stk-block-content stk-content-align stk-6f7b38f-column alignwide\">\n<div class=\"wp-block-stackable-column stk-block-column stk-column stk-block stk-1aaf34e\" data-v=\"4\" data-block-id=\"1aaf34e\"><style>.stk-1aaf34e-container{background-color:#e9f5ff !important;}.stk-1aaf34e-container:before{background-color:#e9f5ff !important;}<\/style><div class=\"stk-column-wrapper stk-block-column__content stk-container stk-1aaf34e-container stk-hover-parent\"><div class=\"stk-block-content stk-inner-blocks stk-1aaf34e-inner-blocks\">\n<div class=\"wp-block-stackable-heading stk-block-heading stk-block-heading--v2 stk-block stk-2527e4a\" id=\"andreia-crocco\" data-block-id=\"2527e4a\"><style>.stk-2527e4a .stk-block-heading__text{color:#0693e3 !important;}<\/style><h3 class=\"stk-block-heading__text has-text-color\">Andr\u00e9ia Crocco <\/h3><\/div>\n\n\n\n<div class=\"wp-block-stackable-text stk-block-text stk-block stk-3d71dd0\" data-block-id=\"3d71dd0\"><style>.stk-3d71dd0 .stk-block-text__text{color:#0693e3 !important;}<\/style><p class=\"stk-block-text__text has-text-color\">Psic\u00f3loga<\/p><\/div>\n<\/div><\/div><\/div>\n\n\n\n<div class=\"wp-block-stackable-column stk-block-column stk-column stk-block stk-2a88aa8\" data-v=\"4\" data-block-id=\"2a88aa8\"><style>.stk-2a88aa8-container{background-color:#e9f5ff !important;}.stk-2a88aa8-container:before{background-color:#e9f5ff !important;}<\/style><div class=\"stk-column-wrapper stk-block-column__content stk-container stk-2a88aa8-container stk-hover-parent\"><div class=\"stk-block-content stk-inner-blocks stk-2a88aa8-inner-blocks\">\n<div class=\"wp-block-stackable-heading stk-block-heading stk-block-heading--v2 stk-block stk-638ab0d\" id=\"claudia-nemer\" data-block-id=\"638ab0d\"><style>.stk-638ab0d .stk-block-heading__text{color:#0693e3 !important;}<\/style><h3 class=\"stk-block-heading__text has-text-color\">Cl\u00e1udia Nemer<\/h3><\/div>\n\n\n\n<div class=\"wp-block-stackable-text stk-block-text stk-block stk-680e525\" data-block-id=\"680e525\"><style>.stk-680e525 .stk-block-text__text{color:#0693e3 !important;}<\/style><p class=\"stk-block-text__text has-text-color\">Enfermeira <\/p><\/div>\n<\/div><\/div><\/div>\n<\/div><\/div>\n\n\n\n<div class=\"wp-block-stackable-feature-grid alignwide stk-block-feature-grid stk-block-columns stk-block stk-52da7df is-style-default\" data-block-id=\"52da7df\"><style>.stk-52da7df {margin-bottom:60px !important;}<\/style><div class=\"stk-row stk-inner-blocks has-text-align-center stk-block-content stk-content-align stk-52da7df-column alignwide\">\n<div class=\"wp-block-stackable-column stk-block-column stk-column stk-block stk-9148e4e\" data-v=\"4\" data-block-id=\"9148e4e\"><style>.stk-9148e4e-container{background-color:#e9f5ff !important;}.stk-9148e4e-container:before{background-color:#e9f5ff !important;}<\/style><div class=\"stk-column-wrapper stk-block-column__content stk-container stk-9148e4e-container stk-hover-parent\"><div class=\"stk-block-content stk-inner-blocks stk-9148e4e-inner-blocks\">\n<div class=\"wp-block-stackable-heading stk-block-heading stk-block-heading--v2 stk-block stk-167e349\" id=\"kessy-roza\" data-block-id=\"167e349\"><style>.stk-167e349 .stk-block-heading__text{color:#0693e3 !important;}<\/style><h3 class=\"stk-block-heading__text has-text-color\">Kessy Roza<\/h3><\/div>\n\n\n\n<div class=\"wp-block-stackable-text stk-block-text stk-block stk-dfe34a0\" data-block-id=\"dfe34a0\"><style>.stk-dfe34a0 .stk-block-text__text{color:#0693e3 !important;}<\/style><p class=\"stk-block-text__text has-text-color\">T\u00e9cnica de Enfermagem <\/p><\/div>\n<\/div><\/div><\/div>\n\n\n\n<div class=\"wp-block-stackable-column stk-block-column stk-column stk-block stk-1043723\" data-v=\"4\" data-block-id=\"1043723\"><style>.stk-1043723-container{background-color:#e9f5ff !important;}.stk-1043723-container:before{background-color:#e9f5ff !important;}<\/style><div class=\"stk-column-wrapper stk-block-column__content stk-container stk-1043723-container stk-hover-parent\"><div class=\"stk-block-content stk-inner-blocks stk-1043723-inner-blocks\">\n<div class=\"wp-block-stackable-heading stk-block-heading stk-block-heading--v2 stk-block stk-6ab82ea\" id=\"gilmara-pereira\" data-block-id=\"6ab82ea\"><style>.stk-6ab82ea .stk-block-heading__text{color:#0693e3 !important;}<\/style><h3 class=\"stk-block-heading__text has-text-color\">Gilmara Pereira<\/h3><\/div>\n\n\n\n<div class=\"wp-block-stackable-text stk-block-text stk-block stk-e5db8b2\" data-block-id=\"e5db8b2\"><style>.stk-e5db8b2 .stk-block-text__text{color:#0693e3 !important;}<\/style><p class=\"stk-block-text__text has-text-color\">Administrativo<\/p><\/div>\n<\/div><\/div><\/div>\n<\/div><\/div>\n\n\n\n<div class=\"wp-block-stackable-feature-grid alignwide stk-block-feature-grid stk-block-columns stk-block stk-debf3ae is-style-default\" data-block-id=\"debf3ae\"><div class=\"stk-row stk-inner-blocks has-text-align-center stk-block-content stk-content-align stk-debf3ae-column alignwide\">\n<div class=\"wp-block-stackable-column stk-block-column stk-column stk-block stk-2b1b00c\" data-v=\"4\" data-block-id=\"2b1b00c\"><style>.stk-2b1b00c-container{background-color:#e9f5ff !important;}.stk-2b1b00c-container:before{background-color:#e9f5ff !important;}<\/style><div class=\"stk-column-wrapper stk-block-column__content stk-container stk-2b1b00c-container stk-hover-parent\"><div class=\"stk-block-content stk-inner-blocks stk-2b1b00c-inner-blocks\">\n<div class=\"wp-block-stackable-heading stk-block-heading stk-block-heading--v2 stk-block stk-ec59bbc\" id=\"giovana-capito\" data-block-id=\"ec59bbc\"><style>.stk-ec59bbc .stk-block-heading__text{color:#0693e3 !important;}<\/style><h3 class=\"stk-block-heading__text has-text-color\">Giovana Capito <\/h3><\/div>\n\n\n\n<div class=\"wp-block-stackable-text stk-block-text stk-block stk-65e7a21\" data-block-id=\"65e7a21\"><style>.stk-65e7a21 .stk-block-text__text{color:#0693e3 !important;}<\/style><p class=\"stk-block-text__text has-text-color\">Administrativo <\/p><\/div>\n<\/div><\/div><\/div>\n\n\n\n<div class=\"wp-block-stackable-column stk-block-column stk-column stk-block stk-4f8c0f7\" data-v=\"4\" data-block-id=\"4f8c0f7\"><style>.stk-4f8c0f7-container{background-color:#e9f5ff !important;}.stk-4f8c0f7-container:before{background-color:#e9f5ff !important;}<\/style><div class=\"stk-column-wrapper stk-block-column__content stk-container stk-4f8c0f7-container stk-hover-parent\"><div class=\"stk-block-content stk-inner-blocks stk-4f8c0f7-inner-blocks\">\n<div class=\"wp-block-stackable-heading stk-block-heading stk-block-heading--v2 stk-block stk-4d5cded\" id=\"tomaz-eugenio-de-abreu-silva\" data-block-id=\"4d5cded\"><style>.stk-4d5cded .stk-block-heading__text{color:#0693e3 !important;}<\/style><h3 class=\"stk-block-heading__text has-text-color\">Tomaz Eugenio de Abreu Silva<\/h3><\/div>\n\n\n\n<div class=\"wp-block-stackable-text stk-block-text stk-block stk-64e590e\" data-block-id=\"64e590e\"><style>.stk-64e590e .stk-block-text__text{color:#0693e3 !important;}<\/style><p class=\"stk-block-text__text has-text-color\">M\u00e9dico<\/p><\/div>\n<\/div><\/div><\/div>\n<\/div><\/div>\n\n\n\n<div class=\"wp-block-stackable-feature-grid alignwide stk-block-feature-grid stk-block-columns stk-block stk-d95dd01 is-style-default\" data-block-id=\"d95dd01\"><div class=\"stk-row stk-inner-blocks has-text-align-center stk-block-content stk-content-align stk-d95dd01-column alignwide\">\n<div class=\"wp-block-stackable-column stk-block-column stk-column stk-block stk-6821834\" data-v=\"4\" data-block-id=\"6821834\"><div class=\"stk-column-wrapper stk-block-column__content stk-container stk-6821834-container stk-hover-parent\"><div class=\"stk-block-content stk-inner-blocks stk-6821834-inner-blocks\">\n<div class=\"wp-block-stackable-image stk-block-image stk-block stk-1c29e43\" data-block-id=\"1c29e43\"><\/div>\n\n\n\n<div class=\"wp-block-stackable-heading stk-block-heading stk-block-heading--v2 stk-block stk-bb66a64\" id=\"title-for-this-block\" data-block-id=\"bb66a64\"><h3 class=\"stk-block-heading__text\">Title for This Block<\/h3><\/div>\n\n\n\n<div class=\"wp-block-stackable-text stk-block-text stk-block stk-e0842b4\" data-block-id=\"e0842b4\"><p class=\"stk-block-text__text\">Description for this block. Use this space for describing your block. Any text will do. Description for this block. You can use this space for describing your block.<\/p><\/div>\n\n\n\n<div class=\"wp-block-stackable-button-group stk-block-button-group stk-block stk-a5aaff4\" data-block-id=\"a5aaff4\"><div class=\"stk-row stk-inner-blocks stk-block-content stk-button-group\">\n<div class=\"wp-block-stackable-button stk-block-button is-style-plain stk-block stk-418a2bd\" data-block-id=\"418a2bd\"><style>.stk-418a2bd .stk-button{background:transparent !important;}<\/style><a class=\"stk-link stk-button stk--hover-effect-darken\" href=\"\"><span class=\"stk-button__inner-text\">Button<\/span><\/a><\/div>\n<\/div><\/div>\n<\/div><\/div><\/div>\n\n\n\n<div class=\"wp-block-stackable-column stk-block-column stk-column stk-block stk-2dbda28\" data-v=\"4\" data-block-id=\"2dbda28\"><div class=\"stk-column-wrapper stk-block-column__content stk-container stk-2dbda28-container stk-hover-parent\"><div class=\"stk-block-content stk-inner-blocks stk-2dbda28-inner-blocks\">\n<div class=\"wp-block-stackable-image stk-block-image stk-block stk-e41a2b3\" data-block-id=\"e41a2b3\"><\/div>\n\n\n\n<div class=\"wp-block-stackable-heading stk-block-heading stk-block-heading--v2 stk-block stk-ad9fadf\" id=\"title-for-this-block\" data-block-id=\"ad9fadf\"><h3 class=\"stk-block-heading__text\">Title for This Block<\/h3><\/div>\n\n\n\n<div class=\"wp-block-stackable-text stk-block-text stk-block stk-00bb208\" data-block-id=\"00bb208\"><p class=\"stk-block-text__text\">Description for this block. Use this space for describing your block. Any text will do. Description for this block. You can use this space for describing your block.<\/p><\/div>\n\n\n\n<div class=\"wp-block-stackable-button-group stk-block-button-group stk-block stk-01659bf\" data-block-id=\"01659bf\"><div class=\"stk-row stk-inner-blocks stk-block-content stk-button-group\">\n<div class=\"wp-block-stackable-button stk-block-button is-style-plain stk-block stk-6737755\" data-block-id=\"6737755\"><style>.stk-6737755 .stk-button{background:transparent !important;}<\/style><a class=\"stk-link stk-button stk--hover-effect-darken\" href=\"\"><span class=\"stk-button__inner-text\">Button<\/span><\/a><\/div>\n<\/div><\/div>\n<\/div><\/div><\/div>\n\n\n\n<div class=\"wp-block-stackable-column stk-block-column stk-column stk-block stk-33d79eb\" data-v=\"4\" data-block-id=\"33d79eb\"><div class=\"stk-column-wrapper stk-block-column__content stk-container stk-33d79eb-container stk-hover-parent\"><div class=\"stk-block-content stk-inner-blocks stk-33d79eb-inner-blocks\">\n<div class=\"wp-block-stackable-image stk-block-image stk-block stk-76fdf68\" data-block-id=\"76fdf68\"><\/div>\n\n\n\n<div class=\"wp-block-stackable-heading stk-block-heading stk-block-heading--v2 stk-block stk-fe76227\" id=\"title-for-this-block\" data-block-id=\"fe76227\"><h3 class=\"stk-block-heading__text\">Title for This Block<\/h3><\/div>\n\n\n\n<div class=\"wp-block-stackable-text stk-block-text stk-block stk-9d4e4a0\" data-block-id=\"9d4e4a0\"><p class=\"stk-block-text__text\">Description for this block. Use this space for describing your block. Any text will do. Description for this block. You can use this space for describing your block.<\/p><\/div>\n\n\n\n<div class=\"wp-block-stackable-button-group stk-block-button-group stk-block stk-48e860d\" data-block-id=\"48e860d\"><div class=\"stk-row stk-inner-blocks stk-block-content stk-button-group\">\n<div class=\"wp-block-stackable-button stk-block-button is-style-plain stk-block stk-6ba4c37\" data-block-id=\"6ba4c37\"><style>.stk-6ba4c37 .stk-button{background:transparent !important;}<\/style><a class=\"stk-link stk-button stk--hover-effect-darken\" href=\"\"><span class=\"stk-button__inner-text\">Button<\/span><\/a><\/div>\n<\/div><\/div>\n<\/div><\/div><\/div>\n<\/div><\/div>\n\n\n\n<h2 class=\"wp-block-heading\">Localiza\u00e7\u00e3o e Contato:<\/h2>\n\n\n\n<p>Rua Catequese, 242 \u2013 5\u00ba andar<br>E-mail: escola.saude@santoandre.sp.gov.br<\/p>\n","protected":false},"excerpt":{"rendered":"<p>A Escola da Sa\u00fade, ligada diretamente ao Gabinete da Secretaria de Sa\u00fade de Santo Andr\u00e9, \u00e9 um departamento que promove a\u00e7\u00f5es voltadas \u00e0 educa\u00e7\u00e3o permanente, \u00e0 educa\u00e7\u00e3o continuada e \u00e0 realiza\u00e7\u00e3o de eventos estrat\u00e9gicos aos colaboradores da Sa\u00fade. Atua na constru\u00e7\u00e3o de parcerias que tenham como objeto o ensino, a extens\u00e3o universit\u00e1ria, projetos de pesquisa [&hellip;]<\/p>\n","protected":false},"author":87,"featured_media":0,"parent":0,"menu_order":0,"comment_status":"closed","ping_status":"closed","template":"","meta":{"footnotes":""},"class_list":["post-274","page","type-page","status-publish","hentry"],"_links":{"self":[{"href":"https:\/\/portais.santoandre.sp.gov.br\/escoladasaude\/wp-json\/wp\/v2\/pages\/274","targetHints":{"allow":["GET"]}}],"collection":[{"href":"https:\/\/portais.santoandre.sp.gov.br\/escoladasaude\/wp-json\/wp\/v2\/pages"}],"about":[{"href":"https:\/\/portais.santoandre.sp.gov.br\/escoladasaude\/wp-json\/wp\/v2\/types\/page"}],"author":[{"embeddable":true,"href":"https:\/\/portais.santoandre.sp.gov.br\/escoladasaude\/wp-json\/wp\/v2\/users\/87"}],"replies":[{"embeddable":true,"href":"https:\/\/portais.santoandre.sp.gov.br\/escoladasaude\/wp-json\/wp\/v2\/comments?post=274"}],"version-history":[{"count":24,"href":"https:\/\/portais.santoandre.sp.gov.br\/escoladasaude\/wp-json\/wp\/v2\/pages\/274\/revisions"}],"predecessor-version":[{"id":1002,"href":"https:\/\/portais.santoandre.sp.gov.br\/escoladasaude\/wp-json\/wp\/v2\/pages\/274\/revisions\/1002"}],"wp:attachment":[{"href":"https:\/\/portais.santoandre.sp.gov.br\/escoladasaude\/wp-json\/wp\/v2\/media?parent=274"}],"curies":[{"name":"wp","href":"https:\/\/api.w.org\/{rel}","templated":true}]}}