{"id":173,"date":"2025-06-16T14:42:04","date_gmt":"2025-06-16T17:42:04","guid":{"rendered":"https:\/\/portais.santoandre.sp.gov.br\/escoladasaude\/?page_id=173"},"modified":"2025-07-25T11:52:27","modified_gmt":"2025-07-25T14:52:27","slug":"solicitacao-de-demandas-a-escola-da-saude","status":"publish","type":"page","link":"https:\/\/portais.santoandre.sp.gov.br\/escoladasaude\/solicitacao-de-demandas-a-escola-da-saude\/","title":{"rendered":"Solicita\u00e7\u00e3o de Demandas \u00e0 Escola da Sa\u00fade"},"content":{"rendered":"\n<p>Organizamos este canal exclusivo para agilizar, alinhar e dar transpar\u00eancia \u00e0s solicita\u00e7\u00f5es da rede.<\/p>\n\n\n\n<p><\/p>\n\n\n\n<p>Este formul\u00e1rio foi criado para tornar mais eficiente o fluxo de demandas recebidas pela Escola da Sa\u00fade \u2013 Secretaria de Sa\u00fade de Santo Andr\u00e9.<\/p>\n\n\n\n<p><\/p>\n\n\n\n<p>Nosso objetivo \u00e9 <strong>planejar<\/strong>, desenvolver e acompanhar a\u00e7\u00f5es com mais <strong>resolutividade<\/strong>, alinhadas \u00e0s necessidades das Coordena\u00e7\u00f5es das \u00c1reas.<\/p>\n\n\n\n<div style=\"height:57px\" aria-hidden=\"true\" class=\"wp-block-spacer\"><\/div>\n\n\n\n<div class=\"wp-block-stackable-icon-box stk-block-icon-box stk-block stk-af693f9\" data-v=\"2\" data-block-id=\"af693f9\"><style>.stk-af693f9 {margin-bottom:20px !important;}<\/style><div class=\"stk-block-content stk-inner-blocks stk-block-icon-box__content stk-container stk-af693f9-container stk--no-background stk--no-padding\">\n<div class=\"wp-block-stackable-icon-label stk-block-icon-label stk-block stk-e278c5e\" data-block-id=\"e278c5e\"><style>.stk-e278c5e {margin-bottom:0px !important;}<\/style><div class=\"stk-row stk-inner-blocks stk-block-content\">\n<div class=\"wp-block-stackable-icon stk-block-icon has-text-align-left stk-block stk-dfec1e0\" data-block-id=\"dfec1e0\"><span class=\"stk--svg-wrapper\"><div class=\"stk--inner-svg\"><svg style=\"height:0;width:0\"><defs><linearGradient id=\"linear-gradient-dfec1e0\" x1=\"0\" x2=\"100%\" y1=\"0\" y2=\"0\"><stop offset=\"0%\" style=\"stop-opacity:1;stop-color:var(--linear-gradient-dfec-1-e-0-color-1)\"><\/stop><stop offset=\"100%\" style=\"stop-opacity:1;stop-color:var(--linear-gradient-dfec-1-e-0-color-2)\"><\/stop><\/linearGradient><\/defs><\/svg><svg xmlns=\"http:\/\/www.w3.org\/2000\/svg\" viewBox=\"0 0 512 512\" aria-hidden=\"true\" width=\"32\" height=\"32\"><path d=\"M256 512A256 256 0 1 0 256 0a256 256 0 1 0 0 512zM216 336h24V272H216c-13.3 0-24-10.7-24-24s10.7-24 24-24h48c13.3 0 24 10.7 24 24v88h8c13.3 0 24 10.7 24 24s-10.7 24-24 24H216c-13.3 0-24-10.7-24-24s10.7-24 24-24zm40-208a32 32 0 1 1 0 64 32 32 0 1 1 0-64z\"><\/path><\/svg><\/div><\/span><\/div>\n\n\n\n<div class=\"wp-block-stackable-heading stk-block-heading stk-block-heading--v2 stk-block stk-e777214\" id=\"strong-o-que-pode-ser-solicitado-por-aqui-strong\" data-block-id=\"e777214\"><h4 class=\"stk-block-heading__text\"><strong> O que pode ser solicitado por aqui:<\/strong><\/h4><\/div>\n<\/div><\/div>\n\n\n\n<ul class=\"wp-block-list\">\n<li>A\u00e7\u00f5es de <strong>Educa\u00e7\u00e3o Permanente<\/strong><\/li>\n\n\n\n<li>A\u00e7\u00f5es de <strong>Educa\u00e7\u00e3o Continuada<\/strong><\/li>\n\n\n\n<li><strong>Palestras<\/strong>, <strong>capacita\u00e7\u00f5es<\/strong> e <strong>eventos internos<\/strong><\/li>\n\n\n\n<li>Apoio log\u00edstico para a\u00e7\u00f5es educativas<\/li>\n\n\n\n<li>Outras demandas que envolvam a atua\u00e7\u00e3o da Escola da Sa\u00fade<\/li>\n<\/ul>\n\n\n\n<div style=\"height:28px\" aria-hidden=\"true\" class=\"wp-block-spacer\"><\/div>\n\n\n\n<div class=\"wp-block-stackable-notification stk-block-notification stk--is-dismissible stk-block stk-2a08cb9 is-style-plain\" data-v=\"2\" data-block-id=\"2a08cb9\"><style>.stk-2a08cb9 .stk-block-notification__close-button svg{fill:var(--stk-container-background-color, #40ba7b) !important;}.stk-2a08cb9 {box-shadow:0px 2px 20px #99999933 !important;}.stk-2a08cb9 .stk-block-notification__content{padding-top:32px !important;padding-right:32px !important;padding-bottom:32px !important;padding-left:32px !important;}<\/style><div class=\"stk-block-notification__content stk-content-align stk-2a08cb9-column stk-container stk-2a08cb9-container stk--no-background stk--no-padding\"><div class=\"stk-block-content stk-inner-blocks stk-2a08cb9-inner-blocks\">\n<div class=\"wp-block-stackable-icon stk-block-icon stk-block stk-2b8902a\" data-block-id=\"2b8902a\"><style>.stk-2b8902a .stk--svg-wrapper .stk--inner-svg svg:last-child, .stk-2b8902a .stk--svg-wrapper .stk--inner-svg svg:last-child :is(g, path, rect, polygon, ellipse){fill:#0693e3 !important;}<\/style><span class=\"stk--svg-wrapper\"><div class=\"stk--inner-svg\"><svg style=\"height:0;width:0\"><defs><linearGradient id=\"linear-gradient-2b8902a\" x1=\"0\" x2=\"100%\" y1=\"0\" y2=\"0\"><stop offset=\"0%\" style=\"stop-opacity:1;stop-color:var(--linear-gradient-2-b-8902-a-color-1)\"><\/stop><stop offset=\"100%\" style=\"stop-opacity:1;stop-color:var(--linear-gradient-2-b-8902-a-color-2)\"><\/stop><\/linearGradient><\/defs><\/svg><svg xmlns=\"http:\/\/www.w3.org\/2000\/svg\" viewBox=\"0 0 512 512\" aria-hidden=\"true\" width=\"32\" height=\"32\"><path d=\"M256 32c14.2 0 27.3 7.5 34.5 19.8l216 368c7.3 12.4 7.3 27.7 .2 40.1S486.3 480 472 480H40c-14.3 0-27.6-7.7-34.7-20.1s-7-27.8 .2-40.1l216-368C228.7 39.5 241.8 32 256 32zm0 128c-13.3 0-24 10.7-24 24V296c0 13.3 10.7 24 24 24s24-10.7 24-24V184c0-13.3-10.7-24-24-24zm32 224a32 32 0 1 0 -64 0 32 32 0 1 0 64 0z\"><\/path><\/svg><\/div><\/span><\/div>\n\n\n\n<div class=\"wp-block-stackable-heading stk-block-heading stk-block-heading--v2 stk-block stk-e6420f1\" id=\"importante\" data-block-id=\"e6420f1\"><style>.stk-e6420f1 .stk-block-heading__text{color:#0693e3 !important;}<\/style><h3 class=\"stk-block-heading__text has-text-color\">Importante! <\/h3><\/div>\n\n\n\n<div class=\"wp-block-stackable-text stk-block-text stk-block stk-ce97cbc\" data-block-id=\"ce97cbc\"><style>.stk-ce97cbc .stk-block-text__text{color:#0693e3 !important;}<\/style><p class=\"stk-block-text__text has-text-color\"> Se voc\u00ea <strong>n\u00e3o \u00e9 Coordenador(a) de \u00c1rea<\/strong>, procure-o(a) para valida\u00e7\u00e3o e envio da solicita\u00e7\u00e3o<\/p><\/div>\n<\/div><button class=\"stk-block-notification__close-button\"><svg viewBox=\"0 0 28.3 28.3\" xmlns=\"http:\/\/www.w3.org\/2000\/svg\" width=\"16\" height=\"16\"><path d=\"M52.4-166.2c3.2 0 3.2-5 0-5s-3.2 5 0 5zM16.8 13.9L26.9 3.8c.6-.6.6-1.5 0-2.1s-1.5-.6-2.1 0L14.7 11.8 4.6 1.7c-.6-.6-1.5-.6-2.1 0s-.6 1.5 0 2.1l10.1 10.1L2.5 24c-.6.6-.6 1.5 0 2.1.3.3.7.4 1.1.4s.8-.1 1.1-.4l10-10.1 10.1 10.1c.3.3.7.4 1.1.4s.8-.1 1.1-.4c.6-.6.6-1.5 0-2.1L16.8 13.9z\"><\/path><\/svg><\/button><\/div><\/div>\n<\/div><\/div>\n\n\n\n<div style=\"height:20px\" aria-hidden=\"true\" class=\"wp-block-spacer\"><\/div>\n\n\n\n<div class=\"wp-block-stackable-heading stk-block-heading stk-block-heading--v2 stk-block stk-c812038\" id=\"span-style-color-0-c-73-af-class-stk-highlight-como-funciona-o-fluxo-span\" data-block-id=\"c812038\"><style>.stk-c812038 {margin-bottom:8px !important;}<\/style><h2 class=\"stk-block-heading__text\"><span style=\"color: #0c73af\" class=\"stk-highlight\">Como funciona o fluxo:<\/span><\/h2><\/div>\n\n\n\n<div style=\"height:0px\" aria-hidden=\"true\" class=\"wp-block-spacer\"><\/div>\n\n\n\n<p>Etapas necess\u00e1rias:<\/p>\n\n\n\n<ul class=\"wp-block-list\">\n<li><strong>Preenchimento deste formul\u00e1rio<\/strong> pela Coordena\u00e7\u00e3o de \u00c1rea solicitante;<\/li>\n\n\n\n<li><strong>An\u00e1lise da viabilidade<\/strong>\/calend\u00e1rio do pedido pela equipe da Escola da Sa\u00fade;<\/li>\n\n\n\n<li><strong>Aprova\u00e7\u00e3o <\/strong>do pedido pelo Gabinete, quando pertinente;<\/li>\n\n\n\n<li>Caso n\u00e3o seja poss\u00edvel atender, a Coordena\u00e7\u00e3o solicitante receber\u00e1 a<strong> devolutiva <\/strong>com a justificativa;<\/li>\n\n\n\n<li>Sendo poss\u00edvel atender, a Coordena\u00e7\u00e3o solicitante ser\u00e1 comunicada e informada sobre as etapas seguintes.<\/li>\n<\/ul>\n\n\n\n<div style=\"height:44px\" aria-hidden=\"true\" class=\"wp-block-spacer\"><\/div>\n\n\n\n<h2 class=\"wp-block-heading\"><strong><span style=\"color: #000000;background-color: #ffffff\" class=\"stk-highlight\">Acesse o Formul\u00e1rio de Solicita\u00e7\u00e3o:<\/span><\/strong><\/h2>\n\n\n\n<div style=\"height:24px\" aria-hidden=\"true\" class=\"wp-block-spacer\"><\/div>\n\n\n\n<div class=\"wp-block-buttons is-layout-flex wp-block-buttons-is-layout-flex\">\n<div class=\"wp-block-button\"><a class=\"wp-block-button__link has-vivid-cyan-blue-background-color has-background wp-element-button\" href=\"https:\/\/docs.google.com\/forms\/d\/e\/1FAIpQLScjcGp8OAMeLP1yO0QvwKFO-2-Y1gymPjhTS7_yC4QZhZbXNw\/viewform\">Fa\u00e7a sua requisi\u00e7\u00e3o<\/a><\/div>\n<\/div>\n\n\n\n<div class=\"wp-block-stackable-columns stk-block-columns stk-block stk-3796144\" data-block-id=\"3796144\"><style>.stk-3796144 {margin-bottom:13px !important;}<\/style><div class=\"stk-row stk-inner-blocks stk-block-content stk-content-align stk-3796144-column\">\n<div class=\"wp-block-stackable-column stk-block-column stk-column stk-block stk-c781c29\" data-v=\"4\" data-block-id=\"c781c29\"><div class=\"stk-column-wrapper stk-block-column__content stk-container stk-c781c29-container stk--no-background stk--no-padding\"><div class=\"stk-block-content stk-inner-blocks stk-c781c29-inner-blocks\">\n<div class=\"wp-block-stackable-columns stk-block-columns stk-block stk-56bd9e1\" data-block-id=\"56bd9e1\"><div class=\"stk-row stk-inner-blocks stk-block-content stk-content-align stk-56bd9e1-column\">\n<div class=\"wp-block-stackable-column stk-block-column stk-column stk-block stk-9b4ce76\" data-v=\"4\" data-block-id=\"9b4ce76\"><div class=\"stk-column-wrapper stk-block-column__content stk-container stk-9b4ce76-container stk--no-background stk--no-padding\"><div class=\"stk-block-content stk-inner-blocks stk-9b4ce76-inner-blocks\">\n<div class=\"wp-block-stackable-columns stk-block-columns stk-block stk-36df380\" data-block-id=\"36df380\"><div class=\"stk-row stk-inner-blocks stk-block-content stk-content-align stk-36df380-column\">\n<div class=\"wp-block-stackable-column stk-block-column stk-column stk-block stk-7d2536d\" data-v=\"4\" data-block-id=\"7d2536d\"><div class=\"stk-column-wrapper stk-block-column__content stk-container stk-7d2536d-container stk--no-background stk--no-padding\"><div class=\"stk-block-content stk-inner-blocks stk-7d2536d-inner-blocks\"><\/div><\/div><\/div>\n<\/div><\/div>\n<\/div><\/div><\/div>\n<\/div><\/div>\n<\/div><\/div><\/div>\n<\/div><\/div>\n\n\n\n<p><\/p>\n","protected":false},"excerpt":{"rendered":"<p>Organizamos este canal exclusivo para agilizar, alinhar e dar transpar\u00eancia \u00e0s solicita\u00e7\u00f5es da rede. Este formul\u00e1rio foi criado para tornar mais eficiente o fluxo de demandas recebidas pela Escola da Sa\u00fade \u2013 Secretaria de Sa\u00fade de Santo Andr\u00e9. Nosso objetivo \u00e9 planejar, desenvolver e acompanhar a\u00e7\u00f5es com mais resolutividade, alinhadas \u00e0s necessidades das Coordena\u00e7\u00f5es das [&hellip;]<\/p>\n","protected":false},"author":87,"featured_media":0,"parent":0,"menu_order":0,"comment_status":"closed","ping_status":"closed","template":"","meta":{"footnotes":""},"class_list":["post-173","page","type-page","status-publish","hentry"],"_links":{"self":[{"href":"https:\/\/portais.santoandre.sp.gov.br\/escoladasaude\/wp-json\/wp\/v2\/pages\/173","targetHints":{"allow":["GET"]}}],"collection":[{"href":"https:\/\/portais.santoandre.sp.gov.br\/escoladasaude\/wp-json\/wp\/v2\/pages"}],"about":[{"href":"https:\/\/portais.santoandre.sp.gov.br\/escoladasaude\/wp-json\/wp\/v2\/types\/page"}],"author":[{"embeddable":true,"href":"https:\/\/portais.santoandre.sp.gov.br\/escoladasaude\/wp-json\/wp\/v2\/users\/87"}],"replies":[{"embeddable":true,"href":"https:\/\/portais.santoandre.sp.gov.br\/escoladasaude\/wp-json\/wp\/v2\/comments?post=173"}],"version-history":[{"count":19,"href":"https:\/\/portais.santoandre.sp.gov.br\/escoladasaude\/wp-json\/wp\/v2\/pages\/173\/revisions"}],"predecessor-version":[{"id":445,"href":"https:\/\/portais.santoandre.sp.gov.br\/escoladasaude\/wp-json\/wp\/v2\/pages\/173\/revisions\/445"}],"wp:attachment":[{"href":"https:\/\/portais.santoandre.sp.gov.br\/escoladasaude\/wp-json\/wp\/v2\/media?parent=173"}],"curies":[{"name":"wp","href":"https:\/\/api.w.org\/{rel}","templated":true}]}}