{"id":933,"date":"2024-04-12T15:15:46","date_gmt":"2024-04-12T18:15:46","guid":{"rendered":"https:\/\/portais.santoandre.sp.gov.br\/educacao\/?page_id=933"},"modified":"2024-04-12T15:16:14","modified_gmt":"2024-04-12T18:16:14","slug":"emeief-candido-portinari-2023","status":"publish","type":"page","link":"https:\/\/portais.santoandre.sp.gov.br\/educacao\/emeief-candido-portinari-2023\/","title":{"rendered":"EMEIEF C\u00e2ndido Portinari &#8211; 2023"},"content":{"rendered":"\n<ol class=\"wp-block-list\" type=\"1\">\n<li><strong><span style=\"color: #000000\" class=\"stk-highlight\">S\u00edntese de&nbsp;aplica\u00e7\u00f5es financeiras&nbsp;&#8211;<\/span> <\/strong><a rel=\"noreferrer noopener\" href=\"https:\/\/santoandreedu-my.sharepoint.com\/:b:\/g\/personal\/siteeducacao_edu_santoandre_sp_gov_br\/Ef8ExuOMPg1ArxMhLNiarhMBODBNlaogBue6QjWaRa_5Mg?e=KFbKDo\" target=\"_blank\">Clique Aqui!<\/a><\/li>\n\n\n\n<li><strong><span style=\"color: #000000\" class=\"stk-highlight\">Prestadores de servi\u00e7os Fornecedores &#8211;<\/span> <\/strong><a rel=\"noreferrer noopener\" href=\"https:\/\/santoandreedu-my.sharepoint.com\/:b:\/g\/personal\/siteeducacao_edu_santoandre_sp_gov_br\/ETPexqO7gRtNoEIbKhAutWYBCjJqqXfQCoiOXuPkTiX7bQ?e=eidkdR\" target=\"_blank\">Clique Aqui!<\/a><\/li>\n\n\n\n<li><strong><span style=\"color: #000000\" class=\"stk-highlight\">S\u00edntese do relat\u00f3rio f\u00edsico-financeiros&nbsp;de receitas e despesas &#8211;<\/span> <\/strong><a rel=\"noreferrer noopener\" href=\"https:\/\/santoandreedu-my.sharepoint.com\/:b:\/g\/personal\/siteeducacao_edu_santoandre_sp_gov_br\/EUYFBPRkchFBpTcaRG-x3MABSnsFPVQzLJ6WwPSolhgA4g?e=wr63lY\" target=\"_blank\">Clique Aqui!<\/a><\/li>\n\n\n\n<li><strong><span style=\"color: #000000\" class=\"stk-highlight\">Plano de Trabalho \u2013 2023\/2024 &#8211;<\/span> <\/strong><a rel=\"noreferrer noopener\" href=\"https:\/\/santoandreedu-my.sharepoint.com\/:b:\/g\/personal\/siteeducacao_edu_santoandre_sp_gov_br\/EX4s3YNDTvRBuZxqkGTO_IMBwn7AOe7gHWmZopyf9fCgzw?e=hutAFT\" target=\"_blank\">Clique Aqui!<\/a><\/li>\n\n\n\n<li><strong><span style=\"color: #000000\" class=\"stk-highlight\">Termo Aditivo 2023\/2024 &#8211;<\/span> <\/strong><a rel=\"noreferrer noopener\" href=\"https:\/\/santoandreedu-my.sharepoint.com\/:b:\/g\/personal\/siteeducacao_edu_santoandre_sp_gov_br\/ESjcw6J2eM9PnVIwUDpUswYBtrXaxomFNpuAN338-QUbtQ?e=1yAgFc\" target=\"_blank\">Clique Aqui!<\/a><strong> <\/strong><\/li>\n\n\n\n<li><strong><span style=\"color: #000000\" class=\"stk-highlight\">Valores Repassados &#8211;<\/span> <\/strong><a rel=\"noreferrer noopener\" href=\"https:\/\/santoandreedu-my.sharepoint.com\/:b:\/g\/personal\/siteeducacao_edu_santoandre_sp_gov_br\/ERXmBHllo0lFsrhirMOrKPoB-YpkplTo9uzzhxUUVjmx9Q?e=zCs1cb\" target=\"_blank\">Clique Aqui!<\/a><\/li>\n\n\n\n<li><strong><span style=\"color: #000000\" class=\"stk-highlight\">Demonstrativo de Receitas e Despesas &#8211;<\/span> <\/strong><a rel=\"noreferrer noopener\" href=\"https:\/\/santoandreedu-my.sharepoint.com\/:b:\/g\/personal\/siteeducacao_edu_santoandre_sp_gov_br\/EX6A_XKPpy1BpNokKl_t78gBeET7bJLjcKQIXrGfWnUNAw?e=UxSNxo\" target=\"_blank\">Clique Aqui!<\/a><\/li>\n\n\n\n<li><strong><span style=\"color: #000000\" class=\"stk-highlight\">Remunera\u00e7\u00e3o individualizada dos Dirigentes &#8211;<\/span> <\/strong><a rel=\"noreferrer noopener\" href=\"https:\/\/santoandreedu-my.sharepoint.com\/:b:\/g\/personal\/siteeducacao_edu_santoandre_sp_gov_br\/Eb2JwGG1v5FNv69TxdQONesBuS73vdHTDZPXYPHvJNFSUg?e=nYYsb0\" target=\"_blank\">Clique Aqui!<\/a><\/li>\n\n\n\n<li><strong><span style=\"color: #000000\" class=\"stk-highlight\">Manual de Compras: Aquisi\u00e7\u00f5es, Servi\u00e7os e Contrata\u00e7\u00e3o de Pessoal &#8211;<\/span> <\/strong><a rel=\"noreferrer noopener\" href=\"https:\/\/santoandreedu-my.sharepoint.com\/:b:\/g\/personal\/siteeducacao_edu_santoandre_sp_gov_br\/EbCyXgOP03dJgncANnBvbhQBhoFq644u0L82Nm9oUBZCDw?e=x22Vsh\" target=\"_blank\">Clique Aqui!<\/a><\/li>\n\n\n\n<li><strong><span style=\"color: #000000\" class=\"stk-highlight\">Estatuto &#8211;<\/span> <\/strong><a rel=\"noreferrer noopener\" href=\"https:\/\/santoandreedu-my.sharepoint.com\/:b:\/g\/personal\/siteeducacao_edu_santoandre_sp_gov_br\/EUWzlJh9XIJHvzwHAAWA_iYBVJz1t7Gs4WP8PtYzGt3kdg?e=328BF4\" target=\"_blank\">Clique Aqui!<\/a><\/li>\n<\/ol>\n","protected":false},"excerpt":{"rendered":"","protected":false},"author":50,"featured_media":0,"parent":0,"menu_order":0,"comment_status":"closed","ping_status":"closed","template":"","meta":{"footnotes":""},"class_list":["post-933","page","type-page","status-publish","hentry"],"_links":{"self":[{"href":"https:\/\/portais.santoandre.sp.gov.br\/educacao\/wp-json\/wp\/v2\/pages\/933","targetHints":{"allow":["GET"]}}],"collection":[{"href":"https:\/\/portais.santoandre.sp.gov.br\/educacao\/wp-json\/wp\/v2\/pages"}],"about":[{"href":"https:\/\/portais.santoandre.sp.gov.br\/educacao\/wp-json\/wp\/v2\/types\/page"}],"author":[{"embeddable":true,"href":"https:\/\/portais.santoandre.sp.gov.br\/educacao\/wp-json\/wp\/v2\/users\/50"}],"replies":[{"embeddable":true,"href":"https:\/\/portais.santoandre.sp.gov.br\/educacao\/wp-json\/wp\/v2\/comments?post=933"}],"version-history":[{"count":2,"href":"https:\/\/portais.santoandre.sp.gov.br\/educacao\/wp-json\/wp\/v2\/pages\/933\/revisions"}],"predecessor-version":[{"id":935,"href":"https:\/\/portais.santoandre.sp.gov.br\/educacao\/wp-json\/wp\/v2\/pages\/933\/revisions\/935"}],"wp:attachment":[{"href":"https:\/\/portais.santoandre.sp.gov.br\/educacao\/wp-json\/wp\/v2\/media?parent=933"}],"curies":[{"name":"wp","href":"https:\/\/api.w.org\/{rel}","templated":true}]}}