{"id":8970,"date":"2025-04-02T14:47:41","date_gmt":"2025-04-02T17:47:41","guid":{"rendered":"https:\/\/portais.santoandre.sp.gov.br\/educacao\/?page_id=8970"},"modified":"2025-04-02T14:47:41","modified_gmt":"2025-04-02T17:47:41","slug":"orientacoes-normativas-da-se-2025","status":"publish","type":"page","link":"https:\/\/portais.santoandre.sp.gov.br\/educacao\/orientacoes-normativas-da-se-2025\/","title":{"rendered":"Orienta\u00e7\u00f5es Normativas da SE &#8211; 2025"},"content":{"rendered":"\n<p><span style=\"color: #000000\" class=\"stk-highlight\">Orienta\u00e7\u00e3o Normativa n\u00ba 01\/2025 &#8211; SE: A Secretaria de Educa\u00e7\u00e3o, no uso e gozo de suas atribui\u00e7\u00f5es, normatiza a organiza\u00e7\u00e3o dos pedidos de Licen\u00e7a Pr\u00eamio para servidores lotados em Unidades Escolares, considerando a necessidade de garantir o atendimento ao mun\u00edcipe.<\/span> <a href=\"https:\/\/portais.santoandre.sp.gov.br\/educacao\/wp-content\/uploads\/sites\/17\/2025\/04\/Orientacao-Normativa-n-01-2025-Licenca-Premio.pdf\" target=\"_blank\" rel=\"noreferrer noopener\">Clique Aqui!<\/a><\/p>\n\n\n\n<p><\/p>\n","protected":false},"excerpt":{"rendered":"<p>Orienta\u00e7\u00e3o Normativa n\u00ba 01\/2025 &#8211; SE: A Secretaria de Educa\u00e7\u00e3o, no uso e gozo de suas atribui\u00e7\u00f5es, normatiza a organiza\u00e7\u00e3o dos pedidos de Licen\u00e7a Pr\u00eamio para servidores lotados em Unidades Escolares, considerando a necessidade de garantir o atendimento ao mun\u00edcipe. Clique Aqui!<\/p>\n","protected":false},"author":50,"featured_media":0,"parent":0,"menu_order":0,"comment_status":"closed","ping_status":"closed","template":"","meta":{"footnotes":""},"class_list":["post-8970","page","type-page","status-publish","hentry"],"_links":{"self":[{"href":"https:\/\/portais.santoandre.sp.gov.br\/educacao\/wp-json\/wp\/v2\/pages\/8970","targetHints":{"allow":["GET"]}}],"collection":[{"href":"https:\/\/portais.santoandre.sp.gov.br\/educacao\/wp-json\/wp\/v2\/pages"}],"about":[{"href":"https:\/\/portais.santoandre.sp.gov.br\/educacao\/wp-json\/wp\/v2\/types\/page"}],"author":[{"embeddable":true,"href":"https:\/\/portais.santoandre.sp.gov.br\/educacao\/wp-json\/wp\/v2\/users\/50"}],"replies":[{"embeddable":true,"href":"https:\/\/portais.santoandre.sp.gov.br\/educacao\/wp-json\/wp\/v2\/comments?post=8970"}],"version-history":[{"count":1,"href":"https:\/\/portais.santoandre.sp.gov.br\/educacao\/wp-json\/wp\/v2\/pages\/8970\/revisions"}],"predecessor-version":[{"id":8972,"href":"https:\/\/portais.santoandre.sp.gov.br\/educacao\/wp-json\/wp\/v2\/pages\/8970\/revisions\/8972"}],"wp:attachment":[{"href":"https:\/\/portais.santoandre.sp.gov.br\/educacao\/wp-json\/wp\/v2\/media?parent=8970"}],"curies":[{"name":"wp","href":"https:\/\/api.w.org\/{rel}","templated":true}]}}