{"id":8957,"date":"2025-04-02T14:33:36","date_gmt":"2025-04-02T17:33:36","guid":{"rendered":"https:\/\/portais.santoandre.sp.gov.br\/educacao\/?page_id=8957"},"modified":"2026-02-06T14:07:44","modified_gmt":"2026-02-06T17:07:44","slug":"resolucoes-da-secretaria-de-educacao-2025","status":"publish","type":"page","link":"https:\/\/portais.santoandre.sp.gov.br\/educacao\/resolucoes-da-secretaria-de-educacao-2025\/","title":{"rendered":"Resolu\u00e7\u00f5es da Secretaria de Educa\u00e7\u00e3o &#8211; 2025"},"content":{"rendered":"\t\t<div data-elementor-type=\"wp-page\" data-elementor-id=\"8957\" class=\"elementor elementor-8957\" data-elementor-post-type=\"page\">\n\t\t\t\t<div class=\"elementor-element elementor-element-22f4aacf e-flex e-con-boxed e-con e-parent\" data-id=\"22f4aacf\" data-element_type=\"container\" data-e-type=\"container\">\n\t\t\t\t\t<div class=\"e-con-inner\">\n\t\t\t\t<div class=\"elementor-element elementor-element-1e7afb04 elementor-widget elementor-widget-text-editor\" data-id=\"1e7afb04\" data-element_type=\"widget\" data-e-type=\"widget\" data-widget_type=\"text-editor.default\">\n\t\t\t\t<div class=\"elementor-widget-container\">\n\t\t\t\t\t\t\t\t\t\n<p><span class=\"stk-highlight\" style=\"color: #000000\">Resolu\u00e7\u00e3o n\u00ba 01\/2025 \u2013 SE: Estabelece regular funcionamento das unidades escolares da rede municipal de ensino para o ano letivo de 2025, bem como as suas respectivas modalidades de atendimento.\u00a0<\/span><a href=\"https:\/\/portais.santoandre.sp.gov.br\/educacao\/wp-content\/uploads\/sites\/17\/2025\/04\/Resolucao-01-2025-estabelece-regular-funcionamento-das-unidades.pdf\" target=\"_blank\" rel=\"noreferrer noopener\">Clique Aqui!<\/a><\/p>\n\n<p><span class=\"stk-highlight\" style=\"color: #000000\">Resolu\u00e7\u00e3o n\u00ba 01\/2025 \u2013 SE: Anexo I &#8211; Funcionamento de Creches.<\/span> <a href=\"https:\/\/portais.santoandre.sp.gov.br\/educacao\/wp-content\/uploads\/sites\/17\/2025\/04\/Anexo-I-Resolucao-funcionamento-Creche-2025SE.pdf\" target=\"_blank\" rel=\"noreferrer noopener\">Clique Aqui!<\/a><\/p>\n\n<p><span class=\"stk-highlight\" style=\"color: #000000\">Resolu\u00e7\u00e3o n\u00ba 01\/2025 \u2013 SE: <span class=\"stk-highlight\" style=\"color: #000000\">Anexo II &#8211; Funcionamento de EMEF, EMEI e EMEIEF.<\/span><\/span> <a href=\"https:\/\/portais.santoandre.sp.gov.br\/educacao\/wp-content\/uploads\/sites\/17\/2025\/04\/Anexo-II-Resolucao-de-funcionamento-EMEF-EMEI-e-EMEIEF-2025SE.pdf\" target=\"_blank\" rel=\"noreferrer noopener\">Clique Aqui!<\/a><\/p>\n\n<p><span class=\"stk-highlight\" style=\"color: #000000\">Resolu\u00e7\u00e3o n\u00ba 01\/2025 \u2013 SE: <span class=\"stk-highlight\" style=\"color: #000000\">Anexo III &#8211; Funcionamento de CPFP.<\/span><\/span> <a href=\"https:\/\/portais.santoandre.sp.gov.br\/educacao\/wp-content\/uploads\/sites\/17\/2025\/04\/Anexo-III-Resolucao-de-funcionamento-CPFP-2025SE.pdf\" target=\"_blank\" rel=\"noreferrer noopener\">Clique Aqui!<\/a><\/p>\n\n<p><span class=\"stk-highlight\" style=\"color: #000000\">Resolu\u00e7\u00e3o n\u00ba 02\/2025 \u2013 SE: Altera dispositivos da Resolu\u00e7\u00e3o n\u00ba 13\/2024 &#8211; SE, acerca da organiza\u00e7\u00e3o das Unidades Escolares da rede municipal para o ano letivo de 2025.\u00a0<\/span><a href=\"https:\/\/portais.santoandre.sp.gov.br\/educacao\/wp-content\/uploads\/sites\/17\/2025\/07\/Resolucao-02-2025-Alteracao-Calendario-Escolar-.pdf\" target=\"_blank\" rel=\"noreferrer noopener\">Clique Aqui!<\/a><\/p>\n\n<p><span class=\"stk-highlight\" style=\"color: #000000\">Resolu\u00e7\u00e3o n\u00ba 03\/2025 \u2013 SE: Disp\u00f5e sobre normas relacionadas sobre o processo de inscri\u00e7\u00e3o e disponibiliza\u00e7\u00e3o das vagas na Educa\u00e7\u00e3o Infantil da Rede Municipal de Santo Andr\u00e9, na faixa et\u00e1ria entre 04 meses e 03 anos, em Creches Municipais e Conveniadas para atendimento \u00e0 demanda da Rede P\u00fablica Municipal de Ensino.\u00a0<\/span><a href=\"https:\/\/portais.santoandre.sp.gov.br\/educacao\/wp-content\/uploads\/sites\/17\/2025\/07\/Resolucao-n.o-03-2025-SE.pdf\" target=\"_blank\" rel=\"noreferrer noopener\">Clique Aqui!<\/a><\/p>\n\n<p><span class=\"stk-highlight\" style=\"color: #000000\">Resolu\u00e7\u00e3o n\u00ba 04\/2025 \u2013 SE: Disp\u00f5e sobre os par\u00e2metros operacionais para o atendimento a crian\u00e7as em faixa et\u00e1ria correspondente ao atendimento em creches, por meio de Termos de Colabora\u00e7\u00e3o.\u00a0<\/span><a href=\"https:\/\/portais.santoandre.sp.gov.br\/educacao\/wp-content\/uploads\/sites\/17\/2025\/10\/Resolucao-04-2025-atendimentos-em-creches-Termos-de-Colaboracao.pdf\" target=\"_blank\" rel=\"noreferrer noopener\">Clique Aqui!<\/a><\/p>\n\n<p><span class=\"stk-highlight\" style=\"color: #000000\">Resolu\u00e7\u00e3o n\u00ba 05\/2025 \u2013 SE: <\/span><span class=\"stk-highlight\" style=\"color: #0f0e17\">Disp\u00f5e sobre normas relacionadas ao processo de inscri\u00e7\u00e3o e disponibiliza\u00e7\u00e3o de vagas na Educa\u00e7\u00e3o Infantil da Rede Municipal (Pr\u00e9-Escola &#8211; crian\u00e7as de 04 e 05 anos) em Escola Municipal de Educa\u00e7\u00e3o Infantil (EMEI) e Escola Municipal de Educa\u00e7\u00e3o Infantil e Ensino Fundamental (EMEIEF) que atendem \u00e0 pr\u00e9-escola, para o atendimento \u00e0 demanda da Rede P\u00fablica Municipal de Ensino.<\/span> <a href=\"https:\/\/portais.santoandre.sp.gov.br\/educacao\/wp-content\/uploads\/sites\/17\/2025\/10\/Resolucao-05-2025-de-Inscricoes-2026-Pre-Escola.pdf\" target=\"_blank\" rel=\"noreferrer noopener\">Clique Aqui!<\/a><\/p>\n\n<p><span class=\"stk-highlight\" style=\"color: #0f0e17\">Resolu\u00e7\u00e3o n\u00ba 06\/2025 \u2013 SE: Regulamenta as a\u00e7\u00f5es para o Processo de Remo\u00e7\u00e3o Parcial de Cargos, Atribui\u00e7\u00e3o de Classes de Jovens e Adultos I; Remo\u00e7\u00e3o de Modalidades; Atribui\u00e7\u00e3o de Cargos; e Atribui\u00e7\u00e3o de Classes &#8211; per\u00edodo e turma\/ciclo para atua\u00e7\u00e3o dos Professores de Educa\u00e7\u00e3o Infantil e Ensino Fundamental e Professores de Educa\u00e7\u00e3o Fundamental no ano letivo de 2026 na Rede Municipal de Ensino de Santo Andr\u00e9.<\/span> <a href=\"https:\/\/portais.santoandre.sp.gov.br\/educacao\/wp-content\/uploads\/sites\/17\/2025\/10\/Resolucao-no-06-2025-Atribuicao-e-Remocao-Educ-Inf-e-Fund-e-EJA-I.pdf\" target=\"_blank\" rel=\"noreferrer noopener\">Clique Aqui!<\/a><\/p>\n\n<p><span class=\"stk-highlight\" style=\"color: #0f0e17\">Resolu\u00e7\u00e3o n\u00ba 08\/2025 \u2013 SE: Regulamenta as a\u00e7\u00f5es para o Processo de Atribui\u00e7\u00e3o de aulas de Arte para titulares de cargo efetivo de Professor de Educa\u00e7\u00e3o Fundamental II na disciplina de Arte, lotados no Departamento de Educa\u00e7\u00e3o Infantil e Ensino Fundamental em 2025, para o ano letivo de 2026 na Rede Municipal de Ensino de Santo Andr\u00e9.<\/span>\u00a0<a href=\"https:\/\/portais.santoandre.sp.gov.br\/educacao\/wp-content\/uploads\/sites\/17\/2025\/10\/Resolucao-no-08-2025-Atribuicao-Professores-de-Arte-DEIEF.pdf\" target=\"_blank\" rel=\"noreferrer noopener\">Clique Aqui!<\/a><\/p>\n\n<p><span class=\"stk-highlight\" style=\"color: #0f0e17\">Resolu\u00e7\u00e3o n\u00ba 09\/2025 \u2013 SE: Regulamenta as a\u00e7\u00f5es para o Processo de Atribui\u00e7\u00e3o de Aulas de Jovens e Adultos II para o ano letivo de 2026 na Rede Municipal de Ensino de Santo Andr\u00e9.<\/span>\u00a0<a href=\"https:\/\/portais.santoandre.sp.gov.br\/educacao\/wp-content\/uploads\/sites\/17\/2025\/10\/Resolucao-no-09-2025-Atribuicao-Professores-de-EJA-II.pdf\" target=\"_blank\" rel=\"noreferrer noopener\">Clique Aqui!<\/a><\/p>\n\n<p><span class=\"stk-highlight\" style=\"color: #0f0e17\">Resolu\u00e7\u00e3o n\u00ba 10\/2025 \u2013 SE: Regulamenta as a\u00e7\u00f5es para o processo de Atribui\u00e7\u00e3o das vagas para atua\u00e7\u00e3o dos Professores de Atendimento Educacional Especializado, para o ano letivo de 2026 na Rede Municipal de Ensino de Santo Andr\u00e9.<\/span>\u00a0<a href=\"https:\/\/portais.santoandre.sp.gov.br\/educacao\/wp-content\/uploads\/sites\/17\/2025\/10\/Resolucao-no-10-2025-Atribuicao-Professores-de-Atend.-Educacional-Especializado.pdf\" target=\"_blank\" rel=\"noreferrer noopener\">Clique Aqui!<\/a><\/p>\n\n<p><span class=\"stk-highlight\" style=\"color: #0f0e17\">Resolu\u00e7\u00e3o n\u00ba 11\/2025 &#8211; SE: Disp\u00f5e sobre os par\u00e2metros operacionais para o atendimento a crian\u00e7as em faixa et\u00e1ria correspondente ao atendimento em creches, por meio de Termos de<br \/>Colabora\u00e7\u00e3o. <a href=\"https:\/\/portais.santoandre.sp.gov.br\/educacao\/wp-content\/uploads\/sites\/17\/2026\/02\/Resolucao11-2025.pdf\">Clique Aqui!<\/a><\/span><\/p>\n\n<p><span class=\"stk-highlight\" style=\"color: #0f0e17\">Resolu\u00e7\u00e3o n\u00ba 12\/2025 &#8211; SE: Disp\u00f5e sobre a formaliza\u00e7\u00e3o da Computa\u00e7\u00e3o na Educa\u00e7\u00e3o B\u00e1sica, como diretriz curricular obrigat\u00f3ria nos planos pol\u00edtico-pedag\u00f3gicos das unidades escolares da Rede Municipal de Ensino de Santo Andr\u00e9, em conson\u00e2ncia com a Base Nacional Comum Curricular (BNCC) e legisla\u00e7\u00e3o pertinente, nos termos que especifica. <a href=\"https:\/\/portais.santoandre.sp.gov.br\/educacao\/wp-content\/uploads\/sites\/17\/2026\/02\/Resolucao12-2025-Computacao-na-Educacao-Basica.pdf\">Clique Aqui!<\/a> <a href=\"https:\/\/portais.santoandre.sp.gov.br\/educacao\/wp-content\/uploads\/sites\/17\/2026\/02\/resolucao-CNE-CEB-01_2022.pdf\">Resolu\u00e7\u00e3o CNE CEB 001\/2022<\/a> <a href=\"https:\/\/portais.santoandre.sp.gov.br\/educacao\/wp-content\/uploads\/sites\/17\/2026\/02\/anexo_bncc_computacao.pdf\">anexo da CNE CEB 001\/2022<\/a><\/span><\/p>\n\n<p><span class=\"stk-highlight\" style=\"color: #0f0e17\">Resolu\u00e7\u00e3o n\u00ba 13\/2025 \u2013 SE: Estabelece diretrizes para a defini\u00e7\u00e3o dos calend\u00e1rios das Unidades Escolares da rede municipal de ensino para o ano letivo de 2026. <a href=\"https:\/\/portais.santoandre.sp.gov.br\/educacao\/wp-content\/uploads\/sites\/17\/2026\/02\/Resolucao-13-2025-Calendario-Escolar-2026.pdf\">Clique Aqui!<\/a><\/span><\/p>\n\n<p><span class=\"stk-highlight\" style=\"color: #0f0e17\">Errata Resolu\u00e7\u00e3o n\u00ba 13\/2025 \u2013 SE: <a href=\"https:\/\/portais.santoandre.sp.gov.br\/educacao\/wp-content\/uploads\/sites\/17\/2026\/02\/Errata-Resolucao-n.-13-2025-Calendario-Escolar.pdf\">Clique Aqui!<\/a><\/span><\/p>\n\n<p><span class=\"stk-highlight\" style=\"color: #0f0e17\">Resolu\u00e7\u00e3o n\u00ba 14\/2025 &#8211; SE: Disp\u00f5e sobre a entrega do Calend\u00e1rio Escolar e do<br \/>Projeto Pol\u00edtico Pedag\u00f3gico \u2013 PPP 2026 pelas Creches Filantr\u00f3picas\/Conveniadas e Escolas Particulares de Educa\u00e7\u00e3o Infantil do Munic\u00edpio de Santo Andr\u00e9. <a href=\"https:\/\/portais.santoandre.sp.gov.br\/educacao\/wp-content\/uploads\/sites\/17\/2026\/02\/Resolucao-14-2025-PPP.pdf\">Clique Aqui!<\/a><\/span><\/p>\n<p>\u00a0<\/p>\n\t\t\t\t\t\t\t\t<\/div>\n\t\t\t\t<\/div>\n\t\t\t\t\t<\/div>\n\t\t\t\t<\/div>\n\t\t\t\t<\/div>\n\t\t","protected":false},"excerpt":{"rendered":"<p>Resolu\u00e7\u00e3o n\u00ba 01\/2025 \u2013 SE: Estabelece regular funcionamento das unidades escolares da rede municipal de ensino para o ano letivo de 2025, bem como as suas respectivas modalidades de atendimento.\u00a0Clique Aqui! Resolu\u00e7\u00e3o n\u00ba 01\/2025 \u2013 SE: Anexo I &#8211; Funcionamento de Creches. Clique Aqui! Resolu\u00e7\u00e3o n\u00ba 01\/2025 \u2013 SE: Anexo II &#8211; Funcionamento de EMEF, [&hellip;]<\/p>\n","protected":false},"author":50,"featured_media":0,"parent":0,"menu_order":0,"comment_status":"closed","ping_status":"closed","template":"","meta":{"footnotes":""},"class_list":["post-8957","page","type-page","status-publish","hentry"],"_links":{"self":[{"href":"https:\/\/portais.santoandre.sp.gov.br\/educacao\/wp-json\/wp\/v2\/pages\/8957","targetHints":{"allow":["GET"]}}],"collection":[{"href":"https:\/\/portais.santoandre.sp.gov.br\/educacao\/wp-json\/wp\/v2\/pages"}],"about":[{"href":"https:\/\/portais.santoandre.sp.gov.br\/educacao\/wp-json\/wp\/v2\/types\/page"}],"author":[{"embeddable":true,"href":"https:\/\/portais.santoandre.sp.gov.br\/educacao\/wp-json\/wp\/v2\/users\/50"}],"replies":[{"embeddable":true,"href":"https:\/\/portais.santoandre.sp.gov.br\/educacao\/wp-json\/wp\/v2\/comments?post=8957"}],"version-history":[{"count":53,"href":"https:\/\/portais.santoandre.sp.gov.br\/educacao\/wp-json\/wp\/v2\/pages\/8957\/revisions"}],"predecessor-version":[{"id":12258,"href":"https:\/\/portais.santoandre.sp.gov.br\/educacao\/wp-json\/wp\/v2\/pages\/8957\/revisions\/12258"}],"wp:attachment":[{"href":"https:\/\/portais.santoandre.sp.gov.br\/educacao\/wp-json\/wp\/v2\/media?parent=8957"}],"curies":[{"name":"wp","href":"https:\/\/api.w.org\/{rel}","templated":true}]}}