{"id":8098,"date":"2024-11-07T09:41:51","date_gmt":"2024-11-07T12:41:51","guid":{"rendered":"https:\/\/portais.santoandre.sp.gov.br\/educacao\/?page_id=8098"},"modified":"2026-05-11T08:44:02","modified_gmt":"2026-05-11T11:44:02","slug":"listas-de-espera-das-creches-conveniadas","status":"publish","type":"page","link":"https:\/\/portais.santoandre.sp.gov.br\/educacao\/listas-de-espera-das-creches-conveniadas\/","title":{"rendered":"Listas de Espera das Creches Conveniadas"},"content":{"rendered":"\n<p><span style=\"color: #000000\" class=\"stk-highlight\">Clique no nome da Creche para consultar a lista de espera.<\/span><\/p>\n\n\n\n<p><span style=\"color: #000000\" class=\"stk-highlight\"><strong>ATUALIZA\u00c7\u00c3O: 06\/05\/2026<\/strong><\/span><\/p>\n\n\n\n<p><span style=\"color: #ffffff\" class=\"stk-highlight\">.<\/span><\/p>\n\n\n\n<p><a href=\"https:\/\/portais.santoandre.sp.gov.br\/educacao\/wp-content\/uploads\/sites\/17\/2026\/05\/AMELIA-RODRIGUES.pdf\" target=\"_blank\" rel=\"noreferrer noopener\">CRECHE AM\u00c9LIA RODRIGUES<\/a><\/p>\n\n\n\n<p><a href=\"https:\/\/portais.santoandre.sp.gov.br\/educacao\/wp-content\/uploads\/sites\/17\/2026\/05\/CAAP.pdf\" target=\"_blank\" rel=\"noreferrer noopener\">CRECHE AMOR AO PR\u00d3XIMO &#8211; CAAP<\/a><\/p>\n\n\n\n<p><a href=\"https:\/\/portais.santoandre.sp.gov.br\/educacao\/wp-content\/uploads\/sites\/17\/2026\/05\/CELIVI.pdf\" target=\"_blank\" rel=\"noreferrer noopener\">CRECHE LIBERTA\u00c7\u00c3O DE VIDAS &#8211; CELIVI<\/a><\/p>\n\n\n\n<p><a href=\"https:\/\/portais.santoandre.sp.gov.br\/educacao\/wp-content\/uploads\/sites\/17\/2026\/05\/CIDADE-DOS-MENINOS.pdf\" target=\"_blank\" rel=\"noreferrer noopener\">CRECHE CIDADE DOS MENINOS<\/a><\/p>\n\n\n\n<p><a href=\"https:\/\/portais.santoandre.sp.gov.br\/educacao\/wp-content\/uploads\/sites\/17\/2026\/05\/INAMAR.pdf\" target=\"_blank\" rel=\"noreferrer noopener\">CRECHE COMUNIDADE INAMAR<\/a><\/p>\n\n\n\n<p><a href=\"https:\/\/portais.santoandre.sp.gov.br\/educacao\/wp-content\/uploads\/sites\/17\/2026\/05\/CATA-PRETA.pdf\">CRECHE DA CATA PRETA<\/a><\/p>\n\n\n\n<p><a href=\"https:\/\/portais.santoandre.sp.gov.br\/educacao\/wp-content\/uploads\/sites\/17\/2026\/05\/DR.-KLAIDE.pdf\" target=\"_blank\" rel=\"noreferrer noopener\">CRECHE DR. KLAIDE<\/a><\/p>\n\n\n\n<p><a href=\"https:\/\/portais.santoandre.sp.gov.br\/educacao\/wp-content\/uploads\/sites\/17\/2026\/05\/MENINO-JESUS.pdf\" target=\"_blank\" rel=\"noreferrer noopener\">CRECHE FRATERNIDADE MENINO JESUS<\/a><\/p>\n\n\n\n<p><a href=\"https:\/\/portais.santoandre.sp.gov.br\/educacao\/wp-content\/uploads\/sites\/17\/2026\/05\/JARDIM-SANTO-ANDRE.pdf\" target=\"_blank\" rel=\"noreferrer noopener\">CRECHE JARDIM SANTO ANDR\u00c9 &#8211; S\u00c3O JERONIMO EMILIANI<\/a><\/p>\n\n\n\n<p><a href=\"https:\/\/portais.santoandre.sp.gov.br\/educacao\/wp-content\/uploads\/sites\/17\/2026\/05\/L.-POLLONE.pdf\" target=\"_blank\" rel=\"noreferrer noopener\">CRECHE L. POLLONE<\/a><\/p>\n\n\n\n<p><a href=\"https:\/\/portais.santoandre.sp.gov.br\/educacao\/wp-content\/uploads\/sites\/17\/2026\/05\/LAR-BENVINDO.pdf\" target=\"_blank\" rel=\"noreferrer noopener\">CRECHE LAR BENVINDO<\/a><\/p>\n\n\n\n<p><a href=\"https:\/\/portais.santoandre.sp.gov.br\/educacao\/wp-content\/uploads\/sites\/17\/2026\/05\/LAR-DE-MARIA-LUZITA.pdf\" target=\"_blank\" rel=\"noreferrer noopener\">CRECHE LAR DE MARIA &#8211; VILA LUZITA<\/a><\/p>\n\n\n\n<p><a href=\"https:\/\/portais.santoandre.sp.gov.br\/educacao\/wp-content\/uploads\/sites\/17\/2026\/05\/LAR-DE-MARIA-SEDE.pdf\" target=\"_blank\" rel=\"noreferrer noopener\">CRECHE LAR DE MARIA &#8211; VILA SCARPELLI (MATRIZ)<\/a><\/p>\n\n\n\n<p><a href=\"https:\/\/portais.santoandre.sp.gov.br\/educacao\/wp-content\/uploads\/sites\/17\/2026\/05\/MADRE-TEREZA.pdf\" target=\"_blank\" rel=\"noreferrer noopener\">CRECHE MADRE TEREZA<\/a><\/p>\n\n\n\n<p><a href=\"https:\/\/portais.santoandre.sp.gov.br\/educacao\/wp-content\/uploads\/sites\/17\/2026\/05\/MEIMEI.pdf\" target=\"_blank\" rel=\"noreferrer noopener\">CRECHE MEIMEI<\/a><\/p>\n\n\n\n<p><a href=\"https:\/\/portais.santoandre.sp.gov.br\/educacao\/wp-content\/uploads\/sites\/17\/2026\/05\/PADRE-RUBENS.pdf\" target=\"_blank\" rel=\"noreferrer noopener\">CRECHE PADRE RUBENS CHASSERAUX<\/a><\/p>\n\n\n\n<p><a href=\"https:\/\/portais.santoandre.sp.gov.br\/educacao\/wp-content\/uploads\/sites\/17\/2026\/05\/PROXIMOS-PASSOS-I.pdf\" target=\"_blank\" rel=\"noreferrer noopener\">CRECHE PR\u00d3XIMOS PASSOS I<\/a><\/p>\n\n\n\n<p><a href=\"https:\/\/portais.santoandre.sp.gov.br\/educacao\/wp-content\/uploads\/sites\/17\/2026\/05\/PROXIMOS-PASSOS-II-.pdf\" target=\"_blank\" rel=\"noreferrer noopener\">CRECHE PR\u00d3XIMOS PASSOS II<\/a><\/p>\n\n\n\n<p><a href=\"https:\/\/portais.santoandre.sp.gov.br\/educacao\/wp-content\/uploads\/sites\/17\/2026\/05\/SIMAO-PEDRO.pdf\" target=\"_blank\" rel=\"noreferrer noopener\">CRECHE SIM\u00c3O PEDRO<\/a><\/p>\n\n\n\n<p><a href=\"https:\/\/portais.santoandre.sp.gov.br\/educacao\/wp-content\/uploads\/sites\/17\/2026\/05\/SOMASQUINHO-.pdf\" target=\"_blank\" rel=\"noreferrer noopener\">CRECHE SOMASQUINHO<\/a><\/p>\n\n\n\n<p><a href=\"https:\/\/portais.santoandre.sp.gov.br\/educacao\/wp-content\/uploads\/sites\/17\/2026\/05\/TODO-MUNDO-FELIZ-.pdf\" target=\"_blank\" rel=\"noreferrer noopener\">CRECHE TODO MUNDO FELIZ<\/a><\/p>\n\n\n\n<p><\/p>\n","protected":false},"excerpt":{"rendered":"<p>Clique no nome da Creche para consultar a lista de espera. ATUALIZA\u00c7\u00c3O: 06\/05\/2026 . CRECHE AM\u00c9LIA RODRIGUES CRECHE AMOR AO PR\u00d3XIMO &#8211; CAAP CRECHE LIBERTA\u00c7\u00c3O DE VIDAS &#8211; CELIVI CRECHE CIDADE DOS MENINOS CRECHE COMUNIDADE INAMAR CRECHE DA CATA PRETA CRECHE DR. KLAIDE CRECHE FRATERNIDADE MENINO JESUS CRECHE JARDIM SANTO ANDR\u00c9 &#8211; S\u00c3O JERONIMO EMILIANI [&hellip;]<\/p>\n","protected":false},"author":50,"featured_media":0,"parent":0,"menu_order":0,"comment_status":"closed","ping_status":"closed","template":"","meta":{"footnotes":""},"class_list":["post-8098","page","type-page","status-publish","hentry"],"_links":{"self":[{"href":"https:\/\/portais.santoandre.sp.gov.br\/educacao\/wp-json\/wp\/v2\/pages\/8098","targetHints":{"allow":["GET"]}}],"collection":[{"href":"https:\/\/portais.santoandre.sp.gov.br\/educacao\/wp-json\/wp\/v2\/pages"}],"about":[{"href":"https:\/\/portais.santoandre.sp.gov.br\/educacao\/wp-json\/wp\/v2\/types\/page"}],"author":[{"embeddable":true,"href":"https:\/\/portais.santoandre.sp.gov.br\/educacao\/wp-json\/wp\/v2\/users\/50"}],"replies":[{"embeddable":true,"href":"https:\/\/portais.santoandre.sp.gov.br\/educacao\/wp-json\/wp\/v2\/comments?post=8098"}],"version-history":[{"count":46,"href":"https:\/\/portais.santoandre.sp.gov.br\/educacao\/wp-json\/wp\/v2\/pages\/8098\/revisions"}],"predecessor-version":[{"id":12936,"href":"https:\/\/portais.santoandre.sp.gov.br\/educacao\/wp-json\/wp\/v2\/pages\/8098\/revisions\/12936"}],"wp:attachment":[{"href":"https:\/\/portais.santoandre.sp.gov.br\/educacao\/wp-json\/wp\/v2\/media?parent=8098"}],"curies":[{"name":"wp","href":"https:\/\/api.w.org\/{rel}","templated":true}]}}