{"id":762,"date":"2024-04-11T13:53:55","date_gmt":"2024-04-11T16:53:55","guid":{"rendered":"https:\/\/portais.santoandre.sp.gov.br\/educacao\/?page_id=762"},"modified":"2024-05-02T08:19:19","modified_gmt":"2024-05-02T11:19:19","slug":"creche-professora-iara-balieiro-lima-2023","status":"publish","type":"page","link":"https:\/\/portais.santoandre.sp.gov.br\/educacao\/creche-professora-iara-balieiro-lima-2023\/","title":{"rendered":"Creche Professora Iara Balieiro Lima &#8211; 2023"},"content":{"rendered":"\n<ol class=\"wp-block-list\" type=\"1\">\n<li><strong><span style=\"color: #000000\" class=\"stk-highlight\">S\u00edntese de\u00a0aplica\u00e7\u00f5es financeiras<\/span>\u00a0&#8211;<\/strong> <a href=\"https:\/\/santoandreedu-my.sharepoint.com\/:b:\/g\/personal\/siteeducacao_edu_santoandre_sp_gov_br\/EfRyvNLuW29MjebpW9vQPakBMr1QoBAtnzHwBhb9t4gt5w?e=opgczC\" target=\"_blank\" rel=\"noreferrer noopener\">Clique Aqui!<\/a><\/li>\n\n\n\n<li><strong><span style=\"color: #000000\" class=\"stk-highlight\">Prestadores de servi\u00e7os Fornecedores<\/span><\/strong> <strong>&#8211;<\/strong> <a href=\"https:\/\/santoandreedu-my.sharepoint.com\/:b:\/g\/personal\/siteeducacao_edu_santoandre_sp_gov_br\/Eb2yGFwU0AJIm8_oLKvkNjUBRJDcUQf7UGqkfzdVDN7IIQ?e=vfgslI\" target=\"_blank\" rel=\"noreferrer noopener\">Clique Aqui!<\/a><\/li>\n\n\n\n<li><strong><span style=\"color: #000000\" class=\"stk-highlight\">S\u00edntese do relat\u00f3rio f\u00edsico-financeiros\u00a0de receitas e despesas<\/span> &#8211;<\/strong> <a href=\"https:\/\/santoandreedu-my.sharepoint.com\/:b:\/g\/personal\/siteeducacao_edu_santoandre_sp_gov_br\/ETEePDQ3qRhEr5vV55Y1RWkBkwax5SKh6LTD8ZH9pMdoKw?e=MkYw83\" target=\"_blank\" rel=\"noreferrer noopener\">Clique Aqui!<\/a><\/li>\n\n\n\n<li><strong><span style=\"color: #000000\" class=\"stk-highlight\">Plano de Trabalho \u2013 2023\/2024 &#8211;<\/span> <\/strong><a rel=\"noreferrer noopener\" href=\"https:\/\/santoandreedu-my.sharepoint.com\/:b:\/g\/personal\/siteeducacao_edu_santoandre_sp_gov_br\/EeeEHtCFKWtHmiiu4v45Q6MBzJKqL9g6Od0DE2LNqtLeyA?e=hSuECT\" target=\"_blank\">Clique Aqui!<\/a><\/li>\n\n\n\n<li><strong><span style=\"color: #000000\" class=\"stk-highlight\">Termo de Conv\u00eanio &#8211;<\/span> <\/strong><a rel=\"noreferrer noopener\" href=\"https:\/\/santoandreedu-my.sharepoint.com\/:b:\/g\/personal\/siteeducacao_edu_santoandre_sp_gov_br\/ERZNKHLRS5ZHnpmIm8P3Y4wBlq10_pav6jufLb8AjavDlw?e=XFLffw\" target=\"_blank\">Clique Aqui!<\/a><\/li>\n\n\n\n<li><strong><span style=\"color: #000000\" class=\"stk-highlight\">Valores Repassados &#8211;<\/span> <\/strong><a rel=\"noreferrer noopener\" href=\"https:\/\/santoandreedu-my.sharepoint.com\/:b:\/g\/personal\/siteeducacao_edu_santoandre_sp_gov_br\/ESiBTas2xR5GqQi_Re07rQkBReGQ6-Nwb6q--gBMSy5U9w?e=ss8Vaq\" target=\"_blank\">Clique Aqui!<\/a><\/li>\n\n\n\n<li><strong><span style=\"color: #000000\" class=\"stk-highlight\">Demonstrativo de Receitas e Despesas<\/span> &#8211; <\/strong><a rel=\"noreferrer noopener\" href=\"https:\/\/santoandreedu-my.sharepoint.com\/:b:\/g\/personal\/siteeducacao_edu_santoandre_sp_gov_br\/ESwaIT8gXNFBjeNvmuSVjZIBuW0FoTExl1uhPHZF71ytfw?e=x54HFx\" target=\"_blank\">Clique Aqui!<\/a><strong>\u00a0\u00a0\u00a0 <\/strong><\/li>\n\n\n\n<li><strong><span style=\"color: #000000\" class=\"stk-highlight\">Manual de Compras: Aquisi\u00e7\u00f5es, Servi\u00e7os e Contrata\u00e7\u00e3o de Pessoal&nbsp;&#8211;<\/span> <\/strong><a rel=\"noreferrer noopener\" href=\"https:\/\/santoandreedu-my.sharepoint.com\/:b:\/g\/personal\/siteeducacao_edu_santoandre_sp_gov_br\/EbCyXgOP03dJgncANnBvbhQBhoFq644u0L82Nm9oUBZCDw?e=mGhjcB\" target=\"_blank\">Clique Aqui!<\/a><\/li>\n\n\n\n<li><strong><span style=\"color: #000000\" class=\"stk-highlight\">Estatuto<\/span> &#8211; <\/strong><a href=\"https:\/\/santoandreedu-my.sharepoint.com\/:b:\/g\/personal\/siteeducacao_edu_santoandre_sp_gov_br\/ETpjPYM5RW5MklVEbbB8CaQByxFUNcEBF0WALqiUEscHQg?e=ICiH1M\" target=\"_blank\" rel=\"noreferrer noopener\">Clique Aqui!<\/a><strong> <\/strong><\/li>\n<\/ol>\n","protected":false},"excerpt":{"rendered":"","protected":false},"author":50,"featured_media":0,"parent":0,"menu_order":0,"comment_status":"closed","ping_status":"closed","template":"","meta":{"footnotes":""},"class_list":["post-762","page","type-page","status-publish","hentry"],"_links":{"self":[{"href":"https:\/\/portais.santoandre.sp.gov.br\/educacao\/wp-json\/wp\/v2\/pages\/762","targetHints":{"allow":["GET"]}}],"collection":[{"href":"https:\/\/portais.santoandre.sp.gov.br\/educacao\/wp-json\/wp\/v2\/pages"}],"about":[{"href":"https:\/\/portais.santoandre.sp.gov.br\/educacao\/wp-json\/wp\/v2\/types\/page"}],"author":[{"embeddable":true,"href":"https:\/\/portais.santoandre.sp.gov.br\/educacao\/wp-json\/wp\/v2\/users\/50"}],"replies":[{"embeddable":true,"href":"https:\/\/portais.santoandre.sp.gov.br\/educacao\/wp-json\/wp\/v2\/comments?post=762"}],"version-history":[{"count":3,"href":"https:\/\/portais.santoandre.sp.gov.br\/educacao\/wp-json\/wp\/v2\/pages\/762\/revisions"}],"predecessor-version":[{"id":1372,"href":"https:\/\/portais.santoandre.sp.gov.br\/educacao\/wp-json\/wp\/v2\/pages\/762\/revisions\/1372"}],"wp:attachment":[{"href":"https:\/\/portais.santoandre.sp.gov.br\/educacao\/wp-json\/wp\/v2\/media?parent=762"}],"curies":[{"name":"wp","href":"https:\/\/api.w.org\/{rel}","templated":true}]}}