{"id":7333,"date":"2024-10-14T10:17:08","date_gmt":"2024-10-14T13:17:08","guid":{"rendered":"https:\/\/portais.santoandre.sp.gov.br\/educacao\/?page_id=7333"},"modified":"2025-03-12T08:57:33","modified_gmt":"2025-03-12T11:57:33","slug":"orientacoes-normativas-da-se-2024","status":"publish","type":"page","link":"https:\/\/portais.santoandre.sp.gov.br\/educacao\/orientacoes-normativas-da-se-2024\/","title":{"rendered":"Orienta\u00e7\u00f5es Normativas da SE &#8211; 2024"},"content":{"rendered":"\n<p><span style=\"color: #000000\" class=\"stk-highlight\">Orienta\u00e7\u00e3o Normativa n\u00ba 01\/2024 &#8211; SE: A Secretaria de Educa\u00e7\u00e3o, no uso e gozo de suas atribui\u00e7\u00f5es, normatiza a organiza\u00e7\u00e3o dos pedidos de Licen\u00e7a Pr\u00eamio para servidores lotados em Unidades Escolares, considerando a necessidade de garantir o atendimento ao mun\u00edcipe.<\/span> <a href=\"https:\/\/portais.santoandre.sp.gov.br\/educacao\/wp-content\/uploads\/sites\/17\/2024\/10\/Orientacao-Normativa-n\u00b0-01-2024-Licenca-Premio.pdf\" target=\"_blank\" rel=\"noreferrer noopener\">Clique Aqui!<\/a><\/p>\n\n\n\n<p><span style=\"color: #000000\" class=\"stk-highlight\">Orienta\u00e7\u00e3o Normativa n\u00ba 02\/2024 &#8211; SE: Estabelece normas e procedimentos internos a fim de regulamentar as a\u00e7\u00f5es para o Processo de Flexibiliza\u00e7\u00e3o de Jornada de Trabalho para o ano letivo de 2024 na modalidade de Educa\u00e7\u00e3o F\u00edsica na Rede Municipal de Ensino de Santo Andr\u00e9.<\/span> <a href=\"https:\/\/portais.santoandre.sp.gov.br\/educacao\/wp-content\/uploads\/sites\/17\/2024\/10\/Orientacao-Normativa-n\u00b002-2024-Flexibilizacao-Educacao-Fisica.pdf\" target=\"_blank\" rel=\"noreferrer noopener\">Clique Aqui!<\/a><\/p>\n\n\n\n<p><span style=\"color: #000000\" class=\"stk-highlight\">Orienta\u00e7\u00e3o Normativa n\u00ba 03\/2024 &#8211; SE: Estabelece normas e procedimentos internos a fim de regulamentas as a\u00e7\u00f5es para o Processo de Flexibiliza\u00e7\u00e3o de Jornada de Trabalho para o ano letivo de 2024 na Rede Municipal de Ensino de Santo Andr\u00e9.<\/span> <a href=\"https:\/\/portais.santoandre.sp.gov.br\/educacao\/wp-content\/uploads\/sites\/17\/2024\/10\/Orientacao-Normativa-n\u00b003-2024-Flexibilizacao-Geral.pdf\" target=\"_blank\" rel=\"noreferrer noopener\">Clique Aqui!<\/a><\/p>\n\n\n\n<p><span style=\"color: #000000\" class=\"stk-highlight\">Orienta\u00e7\u00e3o Normativa n\u00ba 04\/2024 &#8211; SE: Estabelece normas e procedimentos internos a fim de regulamentar as a\u00e7\u00f5es para o Processo de Flexibiliza\u00e7\u00e3o de Jornada de Trabalho para o ano letivo de 2024 na modalidade de Educa\u00e7\u00e3o F\u00edsica na Rede Municipal de Ensino de Santo Andr\u00e9.<\/span> <a href=\"https:\/\/portais.santoandre.sp.gov.br\/educacao\/wp-content\/uploads\/sites\/17\/2024\/10\/Orientacao-Normativa-n\u00b004-2024-Flexibilizacao-Educacao-Fisica.pdf\" target=\"_blank\" rel=\"noreferrer noopener\">Clique Aqui!<\/a><\/p>\n\n\n\n<p><span style=\"color: #000000\" class=\"stk-highlight\">Orienta\u00e7\u00e3o Normativa n\u00ba 05\/2024 &#8211; SE: Estabelece normas e procedimentos internos a fim de regulamentas as a\u00e7\u00f5es para o Processo de Flexibiliza\u00e7\u00e3o de Jornada de Trabalho para o ano letivo de 2024 na Rede Municipal de Ensino de Santo Andr\u00e9.<\/span> <a href=\"https:\/\/portais.santoandre.sp.gov.br\/educacao\/wp-content\/uploads\/sites\/17\/2024\/10\/Orientacao-Normativa-n\u00b005-2024-Flexibilizacao-Geral.pdf\" target=\"_blank\" rel=\"noreferrer noopener\">Clique Aqui!<\/a><\/p>\n\n\n\n<p><span style=\"color: #000000\" class=\"stk-highlight\">Orienta\u00e7\u00e3o Normativa n\u00ba 06\/2024 &#8211; SE: Disp\u00f5e sobre os procedimentos para a realiza\u00e7\u00e3o de cadastro de demanda e matr\u00edculas na Educa\u00e7\u00e3o de Jovens e Adultos \u2013 EJA 2\u00ba semestre de 2024.<\/span> <a href=\"https:\/\/portais.santoandre.sp.gov.br\/educacao\/wp-content\/uploads\/sites\/17\/2024\/10\/Orientacao-Normativa-06-2024-cadastro-de-demanda-EJA-revisada.pdf\" target=\"_blank\" rel=\"noreferrer noopener\">Clique Aqui!<\/a><\/p>\n\n\n\n<p><span style=\"color: #000000\" class=\"stk-highlight\">Orienta\u00e7\u00e3o Normativa n\u00ba 07\/2024 &#8211; SE:<\/span> <span style=\"color: #000000\" class=\"stk-highlight\">Disp\u00f5e sobre as a\u00e7\u00f5es para reorganiza\u00e7\u00e3o dos Agentes de Desenvolvimento Infantil para o ano letivo de 2025 na Rede Municipal de Ensino de Santo Andr\u00e9.<\/span> <a href=\"https:\/\/portais.santoandre.sp.gov.br\/educacao\/wp-content\/uploads\/sites\/17\/2024\/11\/Orientacao-Normativa-n.o-07-2024-ADIs.pdf\" target=\"_blank\" rel=\"noreferrer noopener\">Clique Aqui!<\/a><\/p>\n\n\n\n<p><span style=\"color: #000000\" class=\"stk-highlight\">Orienta\u00e7\u00e3o Normativa n\u00ba 08\/2024 &#8211; SE: Disp\u00f5e sobre os procedimentos para a realiza\u00e7\u00e3o de cadastro de demanda e matr\u00edculas na Educa\u00e7\u00e3o de Jovens e Adultos &#8211; EJA 1\u00ba semestre de 2025.<\/span> <a rel=\"noreferrer noopener\" href=\"https:\/\/portais.santoandre.sp.gov.br\/educacao\/wp-content\/uploads\/sites\/17\/2024\/11\/Orientacao-Normativa-n.\u00b0-08-2024-EJA-2025.pdf\" target=\"_blank\">Clique Aqui!<\/a><\/p>\n\n\n\n<p><span style=\"color: #000000\" class=\"stk-highlight\">Orienta\u00e7\u00e3o Normativa n\u00ba 09\/2024 &#8211; SE:<\/span> <span style=\"color: #000000\" class=\"stk-highlight\">Disp\u00f5e sobre a organiza\u00e7\u00e3o da jornada docente extraclasse dos integrantes do quadro do magist\u00e9rio municipal em efetivo exerc\u00edcio da doc\u00eancia, para o ano letivo de 2025.<\/span> <a href=\"https:\/\/portais.santoandre.sp.gov.br\/educacao\/wp-content\/uploads\/sites\/17\/2025\/01\/ANEXO-03-Orientacao-Normativa-no-09-2024-Jornada-Extraclasse.pdf\" target=\"_blank\" rel=\"noreferrer noopener\">Clique Aqui!<\/a><\/p>\n\n\n\n<p><span style=\"color: #000000\" class=\"stk-highlight\">Orienta\u00e7\u00e3o Normativa n\u00ba 10\/2024 &#8211; SE: Disp\u00f5e sobre a organiza\u00e7\u00e3o da jornada docente extraclasse dos integrantes do quadro do magist\u00e9rio municipal em efetivo exerc\u00edcio da doc\u00eancia, para o ano letivo de 2025.<\/span> <a href=\"https:\/\/portais.santoandre.sp.gov.br\/educacao\/wp-content\/uploads\/sites\/17\/2025\/01\/Orientacao-Normativa-n.\u00b0-10-2024-SE_0001.pdf\" target=\"_blank\" rel=\"noreferrer noopener\">Clique Aqui!<\/a><\/p>\n","protected":false},"excerpt":{"rendered":"<p>Orienta\u00e7\u00e3o Normativa n\u00ba 01\/2024 &#8211; SE: A Secretaria de Educa\u00e7\u00e3o, no uso e gozo de suas atribui\u00e7\u00f5es, normatiza a organiza\u00e7\u00e3o dos pedidos de Licen\u00e7a Pr\u00eamio para servidores lotados em Unidades Escolares, considerando a necessidade de garantir o atendimento ao mun\u00edcipe. Clique Aqui! Orienta\u00e7\u00e3o Normativa n\u00ba 02\/2024 &#8211; SE: Estabelece normas e procedimentos internos a fim [&hellip;]<\/p>\n","protected":false},"author":50,"featured_media":0,"parent":0,"menu_order":0,"comment_status":"closed","ping_status":"closed","template":"","meta":{"footnotes":""},"class_list":["post-7333","page","type-page","status-publish","hentry"],"_links":{"self":[{"href":"https:\/\/portais.santoandre.sp.gov.br\/educacao\/wp-json\/wp\/v2\/pages\/7333","targetHints":{"allow":["GET"]}}],"collection":[{"href":"https:\/\/portais.santoandre.sp.gov.br\/educacao\/wp-json\/wp\/v2\/pages"}],"about":[{"href":"https:\/\/portais.santoandre.sp.gov.br\/educacao\/wp-json\/wp\/v2\/types\/page"}],"author":[{"embeddable":true,"href":"https:\/\/portais.santoandre.sp.gov.br\/educacao\/wp-json\/wp\/v2\/users\/50"}],"replies":[{"embeddable":true,"href":"https:\/\/portais.santoandre.sp.gov.br\/educacao\/wp-json\/wp\/v2\/comments?post=7333"}],"version-history":[{"count":5,"href":"https:\/\/portais.santoandre.sp.gov.br\/educacao\/wp-json\/wp\/v2\/pages\/7333\/revisions"}],"predecessor-version":[{"id":8893,"href":"https:\/\/portais.santoandre.sp.gov.br\/educacao\/wp-json\/wp\/v2\/pages\/7333\/revisions\/8893"}],"wp:attachment":[{"href":"https:\/\/portais.santoandre.sp.gov.br\/educacao\/wp-json\/wp\/v2\/media?parent=7333"}],"curies":[{"name":"wp","href":"https:\/\/api.w.org\/{rel}","templated":true}]}}