{"id":7302,"date":"2024-10-14T09:34:38","date_gmt":"2024-10-14T12:34:38","guid":{"rendered":"https:\/\/portais.santoandre.sp.gov.br\/educacao\/?page_id=7302"},"modified":"2025-04-02T14:47:51","modified_gmt":"2025-04-02T17:47:51","slug":"orientacoes-normativas-da-secretaria-de-educacao","status":"publish","type":"page","link":"https:\/\/portais.santoandre.sp.gov.br\/educacao\/orientacoes-normativas-da-secretaria-de-educacao\/","title":{"rendered":"Orienta\u00e7\u00f5es Normativas da Secretaria de Educa\u00e7\u00e3o"},"content":{"rendered":"\n<div class=\"wp-block-stackable-button-group stk-block-button-group stk-block stk-8d9f662\" data-block-id=\"8d9f662\"><div class=\"stk-row stk-inner-blocks stk-block-content stk-button-group\">\n<div class=\"wp-block-stackable-button stk-block-button stk-block stk-617876d\" data-block-id=\"617876d\"><a class=\"stk-link stk-button stk--hover-effect-lift-scale-more\" href=\"https:\/\/portais.santoandre.sp.gov.br\/educacao\/orientacoes-normativas-da-se-2022\/\" target=\"_blank\" rel=\"noreferrer noopener\"><span class=\"stk-button__inner-text\">2022<\/span><\/a><\/div>\n\n\n\n<div class=\"wp-block-stackable-button stk-block-button stk-block stk-b567b16\" data-block-id=\"b567b16\"><a class=\"stk-link stk-button stk--hover-effect-lift-scale-more\" href=\"https:\/\/portais.santoandre.sp.gov.br\/educacao\/orientacoes-normativas-da-se-2023\/\" target=\"_blank\" rel=\"noreferrer noopener\"><span class=\"stk-button__inner-text\">2023<\/span><\/a><\/div>\n\n\n\n<div class=\"wp-block-stackable-button stk-block-button stk-block stk-0bbd8ab\" data-block-id=\"0bbd8ab\"><a class=\"stk-link stk-button stk--hover-effect-lift-scale-more\" href=\"https:\/\/portais.santoandre.sp.gov.br\/educacao\/orientacoes-normativas-da-se-2024\/\" target=\"_blank\" rel=\"noreferrer noopener\"><span class=\"stk-button__inner-text\">2024<\/span><\/a><\/div>\n\n\n\n<div class=\"wp-block-stackable-button stk-block-button stk-block stk-072c4d3\" data-block-id=\"072c4d3\"><a class=\"stk-link stk-button stk--hover-effect-lift-scale-more\" href=\"https:\/\/portais.santoandre.sp.gov.br\/educacao\/orientacoes-normativas-da-se-2025\/\" target=\"_blank\" rel=\"noreferrer noopener\"><span class=\"stk-button__inner-text\">2025<\/span><\/a><\/div>\n<\/div><\/div>\n\n\n\n<p><\/p>\n","protected":false},"excerpt":{"rendered":"<p>2022 2023 2024 2025<\/p>\n","protected":false},"author":50,"featured_media":0,"parent":0,"menu_order":0,"comment_status":"closed","ping_status":"closed","template":"","meta":{"footnotes":""},"class_list":["post-7302","page","type-page","status-publish","hentry"],"_links":{"self":[{"href":"https:\/\/portais.santoandre.sp.gov.br\/educacao\/wp-json\/wp\/v2\/pages\/7302","targetHints":{"allow":["GET"]}}],"collection":[{"href":"https:\/\/portais.santoandre.sp.gov.br\/educacao\/wp-json\/wp\/v2\/pages"}],"about":[{"href":"https:\/\/portais.santoandre.sp.gov.br\/educacao\/wp-json\/wp\/v2\/types\/page"}],"author":[{"embeddable":true,"href":"https:\/\/portais.santoandre.sp.gov.br\/educacao\/wp-json\/wp\/v2\/users\/50"}],"replies":[{"embeddable":true,"href":"https:\/\/portais.santoandre.sp.gov.br\/educacao\/wp-json\/wp\/v2\/comments?post=7302"}],"version-history":[{"count":6,"href":"https:\/\/portais.santoandre.sp.gov.br\/educacao\/wp-json\/wp\/v2\/pages\/7302\/revisions"}],"predecessor-version":[{"id":8973,"href":"https:\/\/portais.santoandre.sp.gov.br\/educacao\/wp-json\/wp\/v2\/pages\/7302\/revisions\/8973"}],"wp:attachment":[{"href":"https:\/\/portais.santoandre.sp.gov.br\/educacao\/wp-json\/wp\/v2\/media?parent=7302"}],"curies":[{"name":"wp","href":"https:\/\/api.w.org\/{rel}","templated":true}]}}