{"id":7260,"date":"2024-10-14T09:10:52","date_gmt":"2024-10-14T12:10:52","guid":{"rendered":"https:\/\/portais.santoandre.sp.gov.br\/educacao\/?page_id=7260"},"modified":"2025-04-02T14:42:33","modified_gmt":"2025-04-02T17:42:33","slug":"resolucoes-da-secretaria-de-educacao-2024","status":"publish","type":"page","link":"https:\/\/portais.santoandre.sp.gov.br\/educacao\/resolucoes-da-secretaria-de-educacao-2024\/","title":{"rendered":"Resolu\u00e7\u00f5es da Secretaria de Educa\u00e7\u00e3o &#8211; 2024"},"content":{"rendered":"\n<p><span style=\"color: #000000\" class=\"stk-highlight\">Resolu\u00e7\u00e3o n\u00ba 01\/2024 \u2013 SE: Estabelece diretrizes para a defini\u00e7\u00e3o dos calend\u00e1rios das Unidades Escolares da rede municipal de ensino para o ano letivo de 2024.&nbsp;<\/span><a href=\"https:\/\/portais.santoandre.sp.gov.br\/educacao\/wp-content\/uploads\/sites\/17\/2024\/10\/Resolucao-01-2023-estabelece-regular-funcionamento-das-unidades-1.pdf\" target=\"_blank\" rel=\"noreferrer noopener\">Clique Aqui!<\/a><\/p>\n\n\n\n<p><span style=\"color: #000000\" class=\"stk-highlight\">Resolu\u00e7\u00e3o n\u00ba 01\/2024 \u2013 SE: Errata.<\/span> <a href=\"https:\/\/portais.santoandre.sp.gov.br\/educacao\/wp-content\/uploads\/sites\/17\/2024\/10\/Errata-Resolucao-01-2024-Calendario-Escolar-inclusao-CAEM.pdf\" target=\"_blank\" rel=\"noreferrer noopener\">Clique Aqui!<\/a><\/p>\n\n\n\n<p><span style=\"color: #000000\" class=\"stk-highlight\">Resolu\u00e7\u00e3o n\u00ba 01\/2024 \u2013 SE: Errata.<\/span> <a href=\"https:\/\/portais.santoandre.sp.gov.br\/educacao\/wp-content\/uploads\/sites\/17\/2024\/10\/Errata-Resolucao-01-2024SE-calendario.pdf\" target=\"_blank\" rel=\"noreferrer noopener\">Clique Aqui!<\/a><\/p>\n\n\n\n<p><span style=\"color: #000000\" class=\"stk-highlight\">Resolu\u00e7\u00e3o n\u00ba 02\/2024 \u2013 SE: Estabelece regular funcionamento das unidades escolares da rede municipal de ensino para o ano letivo de 2024, bem como as suas respectivas modalidades de atendimento. <\/span><a href=\"https:\/\/portais.santoandre.sp.gov.br\/educacao\/wp-content\/uploads\/sites\/17\/2024\/10\/Resolucao-02-2024-estabelece-regular-funcionamento-das-unidades.pdf\" target=\"_blank\" rel=\"noreferrer noopener\">Clique Aqui!<\/a><\/p>\n\n\n\n<p><span style=\"color: #000000\" class=\"stk-highlight\">Resolu\u00e7\u00e3o n\u00ba 02\/2024 \u2013 SE:<\/span> <span style=\"color: #000000\" class=\"stk-highlight\">Anexo I.<\/span> <a href=\"https:\/\/portais.santoandre.sp.gov.br\/educacao\/wp-content\/uploads\/sites\/17\/2024\/10\/Anexo-I-Resolucao-02-2024SE-funcionamento-CRECHES.pdf\" target=\"_blank\" rel=\"noreferrer noopener\">Clique Aqui!<\/a><\/p>\n\n\n\n<p><span style=\"color: #000000\" class=\"stk-highlight\">Resolu\u00e7\u00e3o n\u00ba 02\/2024 \u2013 SE: Anexo II.<\/span> <a href=\"https:\/\/portais.santoandre.sp.gov.br\/educacao\/wp-content\/uploads\/sites\/17\/2024\/10\/Anexo-II-Resolucao-02-2024SE-funcionamento-EMEF-EMEI-e-EMEIEF.pdf\" target=\"_blank\" rel=\"noreferrer noopener\">Clique Aqui!<\/a><\/p>\n\n\n\n<p><span style=\"color: #000000\" class=\"stk-highlight\">Resolu\u00e7\u00e3o n\u00ba 02\/2024 \u2013 SE: Anexo III.<\/span> <a href=\"https:\/\/portais.santoandre.sp.gov.br\/educacao\/wp-content\/uploads\/sites\/17\/2024\/10\/Anexo-III-Resolucao-02-2024SE-funcionamento-CPFP.pdf\" target=\"_blank\" rel=\"noreferrer noopener\">Clique Aqui!<\/a><\/p>\n\n\n\n<p><span style=\"color: #000000\" class=\"stk-highlight\">Resolu\u00e7\u00e3o n\u00ba 03\/2024 \u2013 SE: Institui o Protocolo Municipal de Enfrentamento ao Bullying nas escolas da Rede Municipal de Ensino, a fim de estabelecer medidas de prote\u00e7\u00e3o \u00e0 crian\u00e7a e ao adolescente contra qualquer forma de viol\u00eancia no \u00e2mbito escolar.<\/span> <a href=\"https:\/\/portais.santoandre.sp.gov.br\/educacao\/wp-content\/uploads\/sites\/17\/2024\/10\/Resolucao-03-2024-Bullying.pdf\" target=\"_blank\" rel=\"noreferrer noopener\">Clique Aqui!<\/a><\/p>\n\n\n\n<p><span style=\"color: #000000\" class=\"stk-highlight\">Resolu\u00e7\u00e3o n\u00ba 04\/2024 \u2013 SE: Disp\u00f5e sobre normas relacionadas ao processo de Inscri\u00e7\u00e3o e Disponibiliza\u00e7\u00e3o de Vagas na Educa\u00e7\u00e3o Infantil da Rede Municipal de 04 meses a 03 anos, em Creches Municipais e Conveniadas para atendimento \u00e0 demanda da Rede P\u00fablica Municipal de Ensino. <\/span><a href=\"https:\/\/portais.santoandre.sp.gov.br\/educacao\/wp-content\/uploads\/sites\/17\/2024\/10\/Resolucao-04-2024-inscricao-e-disponibilizacao-de-vagas-creches-e-conveniadas-revisada-Erica.pdf\" target=\"_blank\" rel=\"noreferrer noopener\">Clique Aqui!<\/a><\/p>\n\n\n\n<p><span style=\"color: #000000\" class=\"stk-highlight\">Resolu\u00e7\u00e3o n\u00ba 05\/2024 \u2013 SE: Disp\u00f5e sobre Normas relacionadas ao Processo de Inscri\u00e7\u00e3o e Disponibiliza\u00e7\u00e3o de vagas na Educa\u00e7\u00e3o Infantil da Rede Municipal (Pr\u00e9-Escola &#8211; crian\u00e7as de 04 e 05 anos) em Escola Municipal de Educa\u00e7\u00e3o Infantil (EMEI) e Escola Municipal de Educa\u00e7\u00e3o Infantil e Ensino Fundamental (EMEIEF) que atendem a pr\u00e9-escola, para o atendimento \u00e0 demanda da Rede P\u00fablica Municipal de Ensino.<\/span> <a rel=\"noreferrer noopener\" href=\"https:\/\/portais.santoandre.sp.gov.br\/educacao\/wp-content\/uploads\/sites\/17\/2024\/10\/Resolucao-05-2024-de-Inscricoes-2025-Pre-Escola-versao-final.pdf\" target=\"_blank\">Clique Aqui!<\/a><\/p>\n\n\n\n<p><span style=\"color: #000000\" class=\"stk-highlight\">Resolu\u00e7\u00e3o n\u00ba 06\/2024 \u2013 SE: Regulamenta as a\u00e7\u00f5es para o Processo de Remo\u00e7\u00e3o Parcial de Cargos; Atribui\u00e7\u00e3o de Classes de Jovens e Adultos I; Remo\u00e7\u00e3o de Modalidades; Atribui\u00e7\u00e3o de Cargos; e Atribui\u00e7\u00e3o de Classes &#8211; per\u00edodo e turma\/ciclo para atua\u00e7\u00e3o dos Professores de Educa\u00e7\u00e3o Infantil e Ensino Fundamental e Professores de Educa\u00e7\u00e3o Fundamental no ano letivo de 2025 na Rede Municipal de Ensino de Santo Andr\u00e9.<\/span> <a href=\"https:\/\/portais.santoandre.sp.gov.br\/educacao\/wp-content\/uploads\/sites\/17\/2024\/10\/Resolucao-06-2024-Atribuicao-e-Remocao-2023-Educ-Inf.-e-Fund-e-EJA-I.pdf\">Clique Aqui!<\/a><\/p>\n\n\n\n<p><span style=\"color: #000000\" class=\"stk-highlight\">Resolu\u00e7\u00e3o n\u00ba 06\/2024 \u2013 SE: Errata.<\/span> <a href=\"https:\/\/portais.santoandre.sp.gov.br\/educacao\/wp-content\/uploads\/sites\/17\/2024\/11\/Errata-Resolucao-n.\u00b0-06-2024_0001.pdf\" target=\"_blank\" rel=\"noreferrer noopener\">Clique Aqui!<\/a><\/p>\n\n\n\n<p><span style=\"color: #000000\" class=\"stk-highlight\">Resolu\u00e7\u00e3o n\u00ba 07\/2024 \u2013 SE: Disp\u00f5e sobre a entrega do Calend\u00e1rio Escolar e Projeto Pol\u00edtico Pedag\u00f3gico 2025 pelas Creches Filantr\u00f3picas\/Conveniadas e Escolas Particulares de Educa\u00e7\u00e3o Infantil do munic\u00edpio de Santo Andr\u00e9.<\/span> <a rel=\"noreferrer noopener\" href=\"https:\/\/portais.santoandre.sp.gov.br\/educacao\/wp-content\/uploads\/sites\/17\/2024\/11\/Resolucao-07-2024-PPP-Calendarios-creches-filantropicas.pdf\" target=\"_blank\">Clique Aqui!<\/a><\/p>\n\n\n\n<p><span style=\"color: #000000\" class=\"stk-highlight\">Resolu\u00e7\u00e3o n\u00ba 0<\/span><span style=\"color: #000000\" class=\"stk-highlight\">8<\/span><span style=\"color: #000000\" class=\"stk-highlight\">\/2024 \u2013 SE: Regulamenta as a\u00e7\u00f5es de organiza\u00e7\u00e3o dos cargos de Professor de Educa\u00e7\u00e3o F\u00edsica atuantes na Secretaria de Educa\u00e7\u00e3o, para o Processo de Remo\u00e7\u00e3o Parcial de Cargos, Atribui\u00e7\u00e3o de Cargos, Atribui\u00e7\u00e3o em Car\u00e1ter de Substitui\u00e7\u00e3o e demais etapas relacionadas ao cargo, para o ano letivo de 2025 na Rede Municipal de Ensino de Santo Andr\u00e9.<\/span> <a href=\"https:\/\/portais.santoandre.sp.gov.br\/educacao\/wp-content\/uploads\/sites\/17\/2024\/11\/Resolucao-n.\u00b0-08-2024_0001.pdf\" target=\"_blank\" rel=\"noreferrer noopener\">Clique Aqui!<\/a><\/p>\n\n\n\n<p><span style=\"color: #000000\" class=\"stk-highlight\">Resolu\u00e7\u00e3o n\u00ba 09\/2024 \u2013 SE: Regulamenta as a\u00e7\u00f5es para o Processo de Atribui\u00e7\u00e3o de aulas de Arte para titulares de cargo efetivo de Professor de Educa\u00e7\u00e3o Fundamental II na disciplina de Arte, lotados no Departamento de Educa\u00e7\u00e3o Infantil e Ensino Fundamental em 2024, para o ano de 2025 na Rede Municipal de Ensino de Santo Andr\u00e9.<\/span> <a href=\"https:\/\/portais.santoandre.sp.gov.br\/educacao\/wp-content\/uploads\/sites\/17\/2024\/11\/Resolucao-n.\u00b0-09-2024_0001.pdf\" target=\"_blank\" rel=\"noreferrer noopener\">Clique Aqui!<\/a><\/p>\n\n\n\n<p><span style=\"color: #000000\" class=\"stk-highlight\">Resolu\u00e7\u00e3o n\u00ba 10\/2024 \u2013 SE: Regulamenta as a\u00e7\u00f5es para o Processo de Atribui\u00e7\u00e3o de Aulas de Jovens e Adultos II para o ano letivo de 2025 na Rede Municipal de Ensino de Santo Andr\u00e9. <\/span><a href=\"https:\/\/portais.santoandre.sp.gov.br\/educacao\/wp-content\/uploads\/sites\/17\/2024\/11\/Resolucao-n.\u00b0-10-2024_0001.pdf\" target=\"_blank\" rel=\"noreferrer noopener\">Clique Aqui!<\/a><\/p>\n\n\n\n<p><span style=\"color: #000000\" class=\"stk-highlight\">Resolu\u00e7\u00e3o n\u00ba 11\/2024 \u2013 SE: Regulamenta as a\u00e7\u00f5es para o Processo de Atribui\u00e7\u00e3o das vagas para atua\u00e7\u00e3o dos Professores de Atendimento Educacional Especializado, para o ano letivo de 2025 na Rede Municipal de Ensino de Santo Andr\u00e9.<\/span> <a href=\"https:\/\/portais.santoandre.sp.gov.br\/educacao\/wp-content\/uploads\/sites\/17\/2024\/11\/Resolucao-n.\u00b0-11-2024_0001.pdf\" target=\"_blank\" rel=\"noreferrer noopener\">Clique Aqui!<\/a><\/p>\n\n\n\n<p><span style=\"color: #000000\" class=\"stk-highlight\">Resolu\u00e7\u00e3o n\u00ba 12\/2024 \u2013 SE: Disp\u00f5e sobre a entrega do Calend\u00e1rio Escolar e Projeto Pol\u00edtico Pedag\u00f3gico 2025 pelas Creches Filantr\u00f3picas\/Conveniadas e Escolas Particulares de Educa\u00e7\u00e3o Infantil do munic\u00edpio de Santo Andr\u00e9.<\/span> <a href=\"https:\/\/portais.santoandre.sp.gov.br\/educacao\/wp-content\/uploads\/sites\/17\/2025\/04\/Resolucao-12-2024-PPP-Calendarios-creches-filantropicas.pdf\" target=\"_blank\" rel=\"noreferrer noopener\">Clique Aqui!<\/a><\/p>\n\n\n\n<p><span style=\"color: #000000\" class=\"stk-highlight\">Resolu\u00e7\u00e3o n\u00ba 13\/2024 \u2013 SE: Estabelece diretrizes para a defini\u00e7\u00e3o dos calend\u00e1rios das Unidades Escolares da rede municipal de ensino para o ano letivo de 2025.<\/span> <a href=\"https:\/\/portais.santoandre.sp.gov.br\/educacao\/wp-content\/uploads\/sites\/17\/2025\/04\/Resolucao-13-2024-Calendario-Escolar-2025-versao-final.pdf\" target=\"_blank\" rel=\"noreferrer noopener\">Clique Aqui!<\/a><\/p>\n\n\n\n<p><\/p>\n","protected":false},"excerpt":{"rendered":"<p>Resolu\u00e7\u00e3o n\u00ba 01\/2024 \u2013 SE: Estabelece diretrizes para a defini\u00e7\u00e3o dos calend\u00e1rios das Unidades Escolares da rede municipal de ensino para o ano letivo de 2024.&nbsp;Clique Aqui! Resolu\u00e7\u00e3o n\u00ba 01\/2024 \u2013 SE: Errata. Clique Aqui! Resolu\u00e7\u00e3o n\u00ba 01\/2024 \u2013 SE: Errata. Clique Aqui! Resolu\u00e7\u00e3o n\u00ba 02\/2024 \u2013 SE: Estabelece regular funcionamento das unidades escolares da [&hellip;]<\/p>\n","protected":false},"author":50,"featured_media":0,"parent":0,"menu_order":0,"comment_status":"closed","ping_status":"closed","template":"","meta":{"footnotes":""},"class_list":["post-7260","page","type-page","status-publish","hentry"],"_links":{"self":[{"href":"https:\/\/portais.santoandre.sp.gov.br\/educacao\/wp-json\/wp\/v2\/pages\/7260","targetHints":{"allow":["GET"]}}],"collection":[{"href":"https:\/\/portais.santoandre.sp.gov.br\/educacao\/wp-json\/wp\/v2\/pages"}],"about":[{"href":"https:\/\/portais.santoandre.sp.gov.br\/educacao\/wp-json\/wp\/v2\/types\/page"}],"author":[{"embeddable":true,"href":"https:\/\/portais.santoandre.sp.gov.br\/educacao\/wp-json\/wp\/v2\/users\/50"}],"replies":[{"embeddable":true,"href":"https:\/\/portais.santoandre.sp.gov.br\/educacao\/wp-json\/wp\/v2\/comments?post=7260"}],"version-history":[{"count":7,"href":"https:\/\/portais.santoandre.sp.gov.br\/educacao\/wp-json\/wp\/v2\/pages\/7260\/revisions"}],"predecessor-version":[{"id":8968,"href":"https:\/\/portais.santoandre.sp.gov.br\/educacao\/wp-json\/wp\/v2\/pages\/7260\/revisions\/8968"}],"wp:attachment":[{"href":"https:\/\/portais.santoandre.sp.gov.br\/educacao\/wp-json\/wp\/v2\/media?parent=7260"}],"curies":[{"name":"wp","href":"https:\/\/api.w.org\/{rel}","templated":true}]}}