{"id":7252,"date":"2024-10-14T08:35:32","date_gmt":"2024-10-14T11:35:32","guid":{"rendered":"https:\/\/portais.santoandre.sp.gov.br\/educacao\/?page_id=7252"},"modified":"2024-10-14T09:12:54","modified_gmt":"2024-10-14T12:12:54","slug":"resolucoes-da-secretaria-de-educacao-2023","status":"publish","type":"page","link":"https:\/\/portais.santoandre.sp.gov.br\/educacao\/resolucoes-da-secretaria-de-educacao-2023\/","title":{"rendered":"Resolu\u00e7\u00f5es da Secretaria de Educa\u00e7\u00e3o &#8211; 2023"},"content":{"rendered":"\n<p><span style=\"color: #000000\" class=\"stk-highlight\">Resolu\u00e7\u00e3o n\u00ba 01\/2023 \u2013 SE:&nbsp;Estabelece regular funcionamento das unidades escolares da rede municipal de ensino para o ano letivo de 2023, bem como as suas respectivas modalidades de atendimento.<\/span> <a rel=\"noreferrer noopener\" href=\"https:\/\/portais.santoandre.sp.gov.br\/educacao\/wp-content\/uploads\/sites\/17\/2024\/10\/Resolucao-01-2023-estabelece-regular-funcionamento-das-unidades.pdf\" target=\"_blank\">Clique Aqui!<\/a><\/p>\n\n\n\n<p><span style=\"color: #000000\" class=\"stk-highlight\">Resolu\u00e7\u00e3o n\u00ba 01\/2023 \u2013 SE<\/span> <span style=\"color: #000000\" class=\"stk-highlight\">&#8211; Anexo I.<\/span> <a rel=\"noreferrer noopener\" href=\"https:\/\/portais.santoandre.sp.gov.br\/educacao\/wp-content\/uploads\/sites\/17\/2024\/10\/Resolucao-01-2023-Anexo-I.pdf\" target=\"_blank\">Clique Aqui!<\/a><\/p>\n\n\n\n<p><span style=\"color: #000000\" class=\"stk-highlight\">Resolu\u00e7\u00e3o n\u00ba 01\/2023 \u2013 SE<\/span> <span style=\"color: #000000\" class=\"stk-highlight\">&#8211; Anexo II.<\/span> <a rel=\"noreferrer noopener\" href=\"https:\/\/portais.santoandre.sp.gov.br\/educacao\/wp-content\/uploads\/sites\/17\/2024\/10\/Resolucao-01-2023-Anexo-II.pdf\" target=\"_blank\">Clique Aqui!<\/a><\/p>\n\n\n\n<p><span style=\"color: #000000\" class=\"stk-highlight\">Resolu\u00e7\u00e3o n\u00ba 01\/2023 \u2013 SE &#8211; Anexo III.<\/span> <a rel=\"noreferrer noopener\" href=\"https:\/\/portais.santoandre.sp.gov.br\/educacao\/wp-content\/uploads\/sites\/17\/2024\/10\/Resolucao-01-2023-Anexo-III.pdf\" target=\"_blank\">Clique Aqui!<\/a><\/p>\n\n\n\n<p><span style=\"color: #000000\" class=\"stk-highlight\">Resolu\u00e7\u00e3o n\u00ba 02\/2023 \u2013 SE: Estabelece diretrizes para a defini\u00e7\u00e3o dos calend\u00e1rios das Unidades Escolares da rede municipal de ensino para o ano letivo de 2023.<\/span> <a href=\"https:\/\/portais.santoandre.sp.gov.br\/educacao\/wp-content\/uploads\/sites\/17\/2024\/10\/Resolucao-02-2023-Calendario-Escolar.pdf\" target=\"_blank\" rel=\"noreferrer noopener\">Clique Aqui!<\/a><\/p>\n\n\n\n<p><span style=\"color: #000000\" class=\"stk-highlight\">Resolu\u00e7\u00e3o n\u00ba 02\/2023 \u2013 SE<\/span> <span style=\"color: #000000\" class=\"stk-highlight\">&#8211; Anexo I.<\/span> <a rel=\"noreferrer noopener\" href=\"https:\/\/portais.santoandre.sp.gov.br\/educacao\/wp-content\/uploads\/sites\/17\/2024\/10\/Resolucao-02-2023-Anexo-I.pdf\" target=\"_blank\">Clique Aqui!<\/a><\/p>\n\n\n\n<p><span style=\"color: #000000\" class=\"stk-highlight\">Resolu\u00e7\u00e3o n\u00ba 02\/2023 \u2013 SE<\/span> <span style=\"color: #000000\" class=\"stk-highlight\">&#8211; Anexo II.<\/span> <a rel=\"noreferrer noopener\" href=\"https:\/\/portais.santoandre.sp.gov.br\/educacao\/wp-content\/uploads\/sites\/17\/2024\/10\/Resolucao-02-2023-Anexo-II.pdf\" target=\"_blank\">Clique Aqui!<\/a><\/p>\n\n\n\n<p><span style=\"color: #000000\" class=\"stk-highlight\">Resolu\u00e7\u00e3o n\u00ba 02\/2023 \u2013 SE:<\/span> <span style=\"color: #000000\" class=\"stk-highlight\">Errata.<\/span> <a rel=\"noreferrer noopener\" href=\"https:\/\/portais.santoandre.sp.gov.br\/educacao\/wp-content\/uploads\/sites\/17\/2024\/10\/Errata-Resolucao-02-2023-Calendario-Escolar.pdf\" target=\"_blank\">Clique Aqui!<\/a><\/p>\n\n\n\n<p><span style=\"color: #000000\" class=\"stk-highlight\">Resolu\u00e7\u00e3o n\u00ba 02\/2023 \u2013 SE:<\/span> <span style=\"color: #000000\" class=\"stk-highlight\">Errata.<\/span> <a rel=\"noreferrer noopener\" href=\"https:\/\/portais.santoandre.sp.gov.br\/educacao\/wp-content\/uploads\/sites\/17\/2024\/10\/Errata-Resolucao-02-2023SE-calendario.pdf\" target=\"_blank\">Clique Aqui!<\/a><\/p>\n\n\n\n<p><span style=\"color: #000000\" class=\"stk-highlight\">Resolu\u00e7\u00e3o n\u00ba 02\/2023 \u2013 SE:<\/span> <span style=\"color: #000000\" class=\"stk-highlight\">Errata &#8211; Anexo II.<\/span> <a rel=\"noreferrer noopener\" href=\"https:\/\/portais.santoandre.sp.gov.br\/educacao\/wp-content\/uploads\/sites\/17\/2024\/10\/Errata-Anexo-II-Resolucao-02-2023SE.pdf\" target=\"_blank\">Clique Aqui!<\/a><\/p>\n\n\n\n<p><span style=\"color: #000000\" class=\"stk-highlight\">Resolu\u00e7\u00e3o n\u00ba 03\/2023 \u2013 SE: Regulamenta as a\u00e7\u00f5es para o Processo de Atribui\u00e7\u00e3o de Classes de Jovens e Adultos I; Remo\u00e7\u00e3o Parcial de Cargos; Remo\u00e7\u00e3o de Modalidades; Atribui\u00e7\u00e3o de Cargos; e Atribui\u00e7\u00e3o de Classes &#8211; per\u00edodo e turma\/ciclo para o ano letivo de 2024 na Rede Municipal de Ensino de Santo Andr\u00e9. <\/span><a rel=\"noreferrer noopener\" href=\"https:\/\/portais.santoandre.sp.gov.br\/educacao\/wp-content\/uploads\/sites\/17\/2024\/10\/Resolucao-03-2023-Atribuicao-e-Remocao-2023-Educ-Inf.-e-Fund-e-EJA-I.pdf\" target=\"_blank\">Clique Aqui!<\/a><\/p>\n\n\n\n<p><span style=\"color: #000000\" class=\"stk-highlight\">Resolu\u00e7\u00e3o n\u00ba 04\/2023 \u2013 SE: Regulamenta as a\u00e7\u00f5es de organiza\u00e7\u00e3o dos cargos de Professor de Educa\u00e7\u00e3o F\u00edsica para o Processo de Remo\u00e7\u00e3o Parcial Cargos, Atribui\u00e7\u00e3o de Cargos, Atribui\u00e7\u00e3o em car\u00e1ter de Substitui\u00e7\u00e3o e demais etapas relacionadas ao cargo, para o ano letivo de 2024 na Rede Municipal de Ensino de Santo Andr\u00e9.<\/span> <a href=\"https:\/\/portais.santoandre.sp.gov.br\/educacao\/wp-content\/uploads\/sites\/17\/2024\/10\/Resolucao-04-2023-Atribuicao-Professor-Educacao-Fisica.pdf\" target=\"_blank\" rel=\"noreferrer noopener\">Clique Aqui!<\/a><\/p>\n\n\n\n<p><span style=\"color: #000000\" class=\"stk-highlight\">Resolu\u00e7\u00e3o n\u00ba 05\/2023 \u2013 SE: Anexo I &#8211; Ficha de Pontua\u00e7\u00e3o de Professores de Ensino Fundamental II &#8211; EJA II. Anexo II &#8211; Cronograma de A\u00e7\u00f5es de Professores de Ensino Fundamental II &#8211; EJA II. <\/span><a rel=\"noreferrer noopener\" href=\"https:\/\/portais.santoandre.sp.gov.br\/educacao\/wp-content\/uploads\/sites\/17\/2024\/10\/Resolucao-05-2023-ANEXOS-I-e-II-SE.pdf\" target=\"_blank\">Clique Aqui!<\/a><\/p>\n\n\n\n<p><span style=\"color: #000000\" class=\"stk-highlight\">Resolu\u00e7\u00e3o n\u00ba 06\/2023 \u2013 SE:<\/span> <span style=\"color: #000000\" class=\"stk-highlight\">Regulamenta as a\u00e7\u00f5es para o Processo de Atribui\u00e7\u00e3o de aulas de artes para titulares de cargo efetivo de Professor de Educa\u00e7\u00e3o Fundamental na disciplina de Artes, lotados no Departamento de Educa\u00e7\u00e3o Infantil e Ensino Fundamental em 2023, para o ano letivo de 2024 na Rede Municipal de Ensino de Santo Andr\u00e9.<\/span> <a href=\"https:\/\/portais.santoandre.sp.gov.br\/educacao\/wp-content\/uploads\/sites\/17\/2024\/10\/Resolucao-06-2023-Atribuicao-Artes-DEIEF.pdf\" target=\"_blank\" rel=\"noreferrer noopener\">Clique Aqui!<\/a><\/p>\n\n\n\n<p><span style=\"color: #000000\" class=\"stk-highlight\">Resolu\u00e7\u00e3o n\u00ba 07\/2023 \u2013 SE: Disp\u00f5e sobre a apresenta\u00e7\u00e3o do Projeto Pol\u00edtico Pedag\u00f3gico 2024 e Calend\u00e1rio Escolar 2024 pelas creches filantr\u00f3picas\/conveniadas e escolas particulares de educa\u00e7\u00e3o infantil de Santo Andr\u00e9.<\/span> <a href=\"https:\/\/portais.santoandre.sp.gov.br\/educacao\/wp-content\/uploads\/sites\/17\/2024\/10\/Resolucao-07-2023-PPP-Calendarios-creches-filantropicas.pdf\" target=\"_blank\" rel=\"noreferrer noopener\">Clique Aqui!<\/a><\/p>\n","protected":false},"excerpt":{"rendered":"<p>Resolu\u00e7\u00e3o n\u00ba 01\/2023 \u2013 SE:&nbsp;Estabelece regular funcionamento das unidades escolares da rede municipal de ensino para o ano letivo de 2023, bem como as suas respectivas modalidades de atendimento. Clique Aqui! Resolu\u00e7\u00e3o n\u00ba 01\/2023 \u2013 SE &#8211; Anexo I. Clique Aqui! Resolu\u00e7\u00e3o n\u00ba 01\/2023 \u2013 SE &#8211; Anexo II. Clique Aqui! Resolu\u00e7\u00e3o n\u00ba 01\/2023 \u2013 [&hellip;]<\/p>\n","protected":false},"author":50,"featured_media":0,"parent":0,"menu_order":0,"comment_status":"closed","ping_status":"closed","template":"","meta":{"footnotes":""},"class_list":["post-7252","page","type-page","status-publish","hentry"],"_links":{"self":[{"href":"https:\/\/portais.santoandre.sp.gov.br\/educacao\/wp-json\/wp\/v2\/pages\/7252","targetHints":{"allow":["GET"]}}],"collection":[{"href":"https:\/\/portais.santoandre.sp.gov.br\/educacao\/wp-json\/wp\/v2\/pages"}],"about":[{"href":"https:\/\/portais.santoandre.sp.gov.br\/educacao\/wp-json\/wp\/v2\/types\/page"}],"author":[{"embeddable":true,"href":"https:\/\/portais.santoandre.sp.gov.br\/educacao\/wp-json\/wp\/v2\/users\/50"}],"replies":[{"embeddable":true,"href":"https:\/\/portais.santoandre.sp.gov.br\/educacao\/wp-json\/wp\/v2\/comments?post=7252"}],"version-history":[{"count":3,"href":"https:\/\/portais.santoandre.sp.gov.br\/educacao\/wp-json\/wp\/v2\/pages\/7252\/revisions"}],"predecessor-version":[{"id":7289,"href":"https:\/\/portais.santoandre.sp.gov.br\/educacao\/wp-json\/wp\/v2\/pages\/7252\/revisions\/7289"}],"wp:attachment":[{"href":"https:\/\/portais.santoandre.sp.gov.br\/educacao\/wp-json\/wp\/v2\/media?parent=7252"}],"curies":[{"name":"wp","href":"https:\/\/api.w.org\/{rel}","templated":true}]}}