{"id":7149,"date":"2024-10-10T10:42:18","date_gmt":"2024-10-10T13:42:18","guid":{"rendered":"https:\/\/portais.santoandre.sp.gov.br\/educacao\/?page_id=7149"},"modified":"2024-10-10T10:42:18","modified_gmt":"2024-10-10T13:42:18","slug":"resolucoes-da-secretaria-de-educacao-2021","status":"publish","type":"page","link":"https:\/\/portais.santoandre.sp.gov.br\/educacao\/resolucoes-da-secretaria-de-educacao-2021\/","title":{"rendered":"Resolu\u00e7\u00f5es da Secretaria de Educa\u00e7\u00e3o &#8211; 2021"},"content":{"rendered":"\n<p><span style=\"color: #000000\" class=\"stk-highlight\">Resolu\u00e7\u00e3o n\u00ba01\/2021 \u2013 SE:\u00a0Estabelece as diretrizes para a defini\u00e7\u00e3o dos\u00a0calend\u00e1rios das Unidades Escolares da rede\u00a0municipal de ensino para o ano letivo de\u00a02021.\u00a0<a href=\"https:\/\/portais.santoandre.sp.gov.br\/educacao\/wp-content\/uploads\/sites\/17\/2024\/10\/01-Resolucao-01-2021-Calendario.pdf\" target=\"_blank\" rel=\"noreferrer noopener\">Clique Aqui!<\/a><\/span><\/p>\n\n\n\n<p><span style=\"color: #000000\" class=\"stk-highlight\">Resolu\u00e7\u00e3o n\u00ba 01\/2021 \u2013 SE Anexo I.\u00a0<a href=\"https:\/\/portais.santoandre.sp.gov.br\/educacao\/wp-content\/uploads\/sites\/17\/2024\/10\/01A-Resolucao-1-2021SE-Anexo-I.pdf\" target=\"_blank\" rel=\"noreferrer noopener\">Clique Aqui!<\/a><\/span><\/p>\n\n\n\n<p><span style=\"color: #000000\" class=\"stk-highlight\">Resolu\u00e7\u00e3o n\u00ba 01\/2021 \u2013 SE Anexo II.\u00a0<a href=\"https:\/\/portais.santoandre.sp.gov.br\/educacao\/wp-content\/uploads\/sites\/17\/2024\/10\/01B-Resolucao-1-2021SE-Anexo-II.pdf\" target=\"_blank\" rel=\"noreferrer noopener\">Clique Aqui!<\/a><\/span><\/p>\n\n\n\n<p><span style=\"color: #000000\" class=\"stk-highlight\">Resolu\u00e7\u00e3o n\u00ba 02\/2021 \u2013 SE:\u00a0Altera a Resolu\u00e7\u00e3o n\u00ba 01\/2021-SE, que\u00a0estabelece as diretrizes para a defini\u00e7\u00e3o dos\u00a0calend\u00e1rios das Unidades Escolares da rede\u00a0municipal de ensino para o ano letivo de\u00a02021.\u00a0<a rel=\"noreferrer noopener\" href=\"https:\/\/portais.santoandre.sp.gov.br\/educacao\/wp-content\/uploads\/sites\/17\/2024\/10\/02-Resolucao-02-2021-Calendario.pdf\" target=\"_blank\">Clique Aqui!<\/a><\/span><\/p>\n\n\n\n<p><span style=\"color: #000000\" class=\"stk-highlight\">Resolu\u00e7\u00e3o n\u00ba 02\/2021 \u2013 SE Anexo I.\u00a0<a href=\"https:\/\/portais.santoandre.sp.gov.br\/educacao\/wp-content\/uploads\/sites\/17\/2024\/10\/02A-Resolucao-2-2021SE-Anexo-I.pdf\" target=\"_blank\" rel=\"noreferrer noopener\">Clique Aqui!<\/a><\/span><\/p>\n\n\n\n<p><span style=\"color: #000000\" class=\"stk-highlight\">Resolu\u00e7\u00e3o n\u00ba 02\/2021 \u2013 SE Anexo II.\u00a0<a href=\"https:\/\/portais.santoandre.sp.gov.br\/educacao\/wp-content\/uploads\/sites\/17\/2024\/10\/02B-Resolucao-2-2021SE-Anexo-II.pdf\" target=\"_blank\" rel=\"noreferrer noopener\">Clique Aqui!<\/a><\/span><\/p>\n\n\n\n<p><span style=\"color: #000000\" class=\"stk-highlight\">Resolu\u00e7\u00e3o n\u00ba 03\/2021 \u2013 SE:\u00a0Disp\u00f5e sobre a proibi\u00e7\u00e3o do uso de voc\u00e1bulos\u00a0n\u00e3o reconhecidos oficialmente na l\u00edngua\u00a0portuguesa por parte dos Servidores da\u00a0Secretaria Municipal de Educa\u00e7\u00e3o.\u00a0<a href=\"https:\/\/portais.santoandre.sp.gov.br\/educacao\/wp-content\/uploads\/sites\/17\/2024\/10\/03-Resolucao-03-2021-Uso-de-Verbetes.pdf\" target=\"_blank\" rel=\"noreferrer noopener\">Clique Aqui!<\/a><\/span><\/p>\n\n\n\n<p><span style=\"color: #000000\" class=\"stk-highlight\">Retifica\u00e7\u00e3o da Resolu\u00e7\u00e3o n\u00ba 03\/2021 \u2013 SE.\u00a0<a href=\"https:\/\/portais.santoandre.sp.gov.br\/educacao\/wp-content\/uploads\/sites\/17\/2024\/10\/3A-Retificacao-Resolucao-03-2021-Uso-de-Verbetes.pdf\" target=\"_blank\" rel=\"noreferrer noopener\">Clique Aqui!<\/a><\/span><\/p>\n\n\n\n<p><span style=\"color: #000000\" class=\"stk-highlight\">Resolu\u00e7\u00e3o n\u00ba 04\/2021 \u2013 SE:\u00a0Estabelece disposi\u00e7\u00f5es sobre a\u00a0reorganiza\u00e7\u00e3o do calend\u00e1rio escolar da rede\u00a0municipal de ensino para o ano letivo de\u00a02021, em virtude das disposi\u00e7\u00f5es do ensino\u00a0remoto e medidas preventivas recomendadas\u00a0pelo Minist\u00e9rio da Sa\u00fade, Governo do Estado\u00a0de S\u00e3o Paulo e Prefeitura de Santo Andr\u00e9\u00a0para conten\u00e7\u00e3o da dissemina\u00e7\u00e3o do COVID19.\u00a0<a rel=\"noreferrer noopener\" href=\"https:\/\/portais.santoandre.sp.gov.br\/educacao\/wp-content\/uploads\/sites\/17\/2024\/10\/04-Resolucao-04-2021-Calendario.pdf\" target=\"_blank\">Clique Aqui!<\/a><\/span><\/p>\n\n\n\n<p><span style=\"color: #000000\" class=\"stk-highlight\">Resolu\u00e7\u00e3o n\u00ba 04\/2021 \u2013 SE Anexo I.\u00a0<a href=\"https:\/\/portais.santoandre.sp.gov.br\/educacao\/wp-content\/uploads\/sites\/17\/2024\/10\/04A-Resolucao-04-2021SE-Anexo-I.pdf\" target=\"_blank\" rel=\"noreferrer noopener\">Clique Aqui!<\/a><\/span><\/p>\n\n\n\n<p><span style=\"color: #000000\" class=\"stk-highlight\">Resolu\u00e7\u00e3o n\u00ba 04\/2021 \u2013 SE Anexo II.\u00a0<a href=\"https:\/\/portais.santoandre.sp.gov.br\/educacao\/wp-content\/uploads\/sites\/17\/2024\/10\/04B-Resolucao-04-2021SE-Anexo-II.pdf\" target=\"_blank\" rel=\"noreferrer noopener\">Clique Aqui!<\/a><\/span><\/p>\n\n\n\n<p><span style=\"color: #000000\" class=\"stk-highlight\">Resolu\u00e7\u00e3o n\u00ba 05\/2021 \u2013 SE:\u00a0Disp\u00f5e sobre a apresenta\u00e7\u00e3o do Projeto\u00a0Pol\u00edtico Pedag\u00f3gico 2021 pelas creches\u00a0filantr\u00f3picas\/conveniadas e escolas\u00a0particulares de educa\u00e7\u00e3o infantil de Santo\u00a0Andr\u00e9.\u00a0<a href=\"https:\/\/portais.santoandre.sp.gov.br\/educacao\/wp-content\/uploads\/sites\/17\/2024\/10\/05-Resolucao-05-2021-PPP-particulares.pdf\" target=\"_blank\" rel=\"noreferrer noopener\">Clique Aqui!<\/a><\/span><\/p>\n\n\n\n<p><span style=\"color: #000000\" class=\"stk-highlight\">Resolu\u00e7\u00e3o n\u00ba 06\/2021 \u2013 SE:\u00a0Estabelece disposi\u00e7\u00f5es complementares\u00a0sobre a reorganiza\u00e7\u00e3o do calend\u00e1rio escolar \u2013 exerc\u00edcio de 2021 \u2013 para creches\u00a0filantr\u00f3picas\/conveniadas e escolas\u00a0particulares de educa\u00e7\u00e3o infantil, em virtude\u00a0da antecipa\u00e7\u00e3o de feriados para fins de\u00a0preven\u00e7\u00e3o e enfrentamento da pandemia\u00a0decorrente do Coronav\u00edrus, no Munic\u00edpio de\u00a0Santo Andr\u00e9.\u00a0<a href=\"https:\/\/portais.santoandre.sp.gov.br\/educacao\/wp-content\/uploads\/sites\/17\/2024\/10\/06-Resolucao-06-2021-Calendario.pdf\" target=\"_blank\" rel=\"noreferrer noopener\">Clique Aqui!<\/a><\/span><\/p>\n\n\n\n<p><span style=\"color: #000000\" class=\"stk-highlight\">Resolu\u00e7\u00e3o n\u00ba 07\/2021 \u2013 SE:\u00a0Disp\u00f5e acerca do retorno presencial das\u00a0atividades escolares no \u00e2mbito do Ensino\u00a0Infantil, Ensino Fundamental e Educa\u00e7\u00e3o de\u00a0Jovens e Adultos, da rede p\u00fablica municipal\u00a0de Santo Andr\u00e9, nos termos do Decreto n\u00ba\u00a017.727 de 21 de julho de 2021, em virtude das\u00a0medidas adotadas para conten\u00e7\u00e3o da\u00a0dissemina\u00e7\u00e3o da COVID-19.\u00a0<a href=\"https:\/\/portais.santoandre.sp.gov.br\/educacao\/wp-content\/uploads\/sites\/17\/2024\/10\/07-Resolucao-07-2021-Retorno-Presencial.pdf\" target=\"_blank\" rel=\"noreferrer noopener\">Clique Aqui!<\/a><\/span><\/p>\n\n\n\n<p><span style=\"color: #000000\" class=\"stk-highlight\">Resolu\u00e7\u00e3o n\u00ba 08\/2021 \u2013 SE:\u00a0Disp\u00f5e sobre a prorroga\u00e7\u00e3o de prazo da\u00a0apresenta\u00e7\u00e3o, do Projeto Pol\u00edtico Pedag\u00f3gico\u00a02021 e Calend\u00e1rio Escolar 2021 pelas\u00a0creches filantr\u00f3picas\/conveniadas e escolas\u00a0particulares de educa\u00e7\u00e3o infantil de Santo\u00a0Andr\u00e9.\u00a0<a href=\"https:\/\/portais.santoandre.sp.gov.br\/educacao\/wp-content\/uploads\/sites\/17\/2024\/10\/08-Resolucao-08-2021-Prorrogacao-PPP-2021-e-Calendario-2021.pdf\" target=\"_blank\" rel=\"noreferrer noopener\">Clique Aqui!<\/a><\/span><\/p>\n\n\n\n<p><span style=\"color: #000000\" class=\"stk-highlight\">Resolu\u00e7\u00e3o n\u00ba 09\/2021 \u2013 SE:\u00a0Regulamenta as a\u00e7\u00f5es para o Processo de\u00a0Atribui\u00e7\u00e3o de Aulas de Jovens e Adultos II para\u00a0o ano letivo de 2022 na Rede Municipal de\u00a0Ensino de Santo Andr\u00e9.\u00a0<a href=\"https:\/\/portais.santoandre.sp.gov.br\/educacao\/wp-content\/uploads\/sites\/17\/2024\/10\/09-Resolucao-09-2021-EJA-II.pdf\" target=\"_blank\" rel=\"noreferrer noopener\">Clique Aqui!<\/a><\/span><\/p>\n\n\n\n<p><span style=\"color: #000000\" class=\"stk-highlight\">Resolu\u00e7\u00e3o n\u00ba 09\/2021 \u2013 SE Anexo I.\u00a0<a href=\"https:\/\/portais.santoandre.sp.gov.br\/educacao\/wp-content\/uploads\/sites\/17\/2024\/10\/09A-Resolucao-09-2021SE-Anexo-I-EJA-II-Ficha.pdf\" target=\"_blank\" rel=\"noreferrer noopener\">Clique Aqui!<\/a><\/span><\/p>\n\n\n\n<p><span style=\"color: #000000\" class=\"stk-highlight\">Resolu\u00e7\u00e3o n\u00ba 09\/2021 \u2013 SE Anexo II.\u00a0<a href=\"https:\/\/portais.santoandre.sp.gov.br\/educacao\/wp-content\/uploads\/sites\/17\/2024\/10\/09B-Resolucao-09-2021SE-Anexo-II-EJA-II-Cronograma.pdf\" target=\"_blank\" rel=\"noreferrer noopener\">Clique Aqui!<\/a><\/span><\/p>\n\n\n\n<p><span style=\"color: #000000\" class=\"stk-highlight\">Resolu\u00e7\u00e3o n\u00ba 10\/2021 \u2013 SE:\u00a0Regulamenta as a\u00e7\u00f5es para o Processo de\u00a0Atribui\u00e7\u00e3o de Classes de Jovens e Adultos I;\u00a0Remo\u00e7\u00e3o Parcial Cargos; Remo\u00e7\u00e3o de\u00a0Modalidades; Atribui\u00e7\u00e3o de Cargos; e\u00a0Atribui\u00e7\u00e3o de Classes \u2013 per\u00edodo e turma\/ciclo\u00a0para o ano letivo de 2022 na Rede Municipal de\u00a0Ensino de Santo Andr\u00e9.\u00a0<a href=\"https:\/\/portais.santoandre.sp.gov.br\/educacao\/wp-content\/uploads\/sites\/17\/2024\/10\/10-Resolucao-10-2021-Atribuicao-EJA.pdf\" target=\"_blank\" rel=\"noreferrer noopener\">Clique Aqui!<\/a><\/span><\/p>\n\n\n\n<p><span style=\"color: #000000\" class=\"stk-highlight\">Resolu\u00e7\u00e3o n\u00ba 10\/2021 \u2013 SE Anexo I.\u00a0<a href=\"https:\/\/portais.santoandre.sp.gov.br\/educacao\/wp-content\/uploads\/sites\/17\/2024\/10\/10-Resolucao-10-2021SE-Anexo-I-Educacao-Infantil-e-Ensino-Fundamental-Cronograma.pdf\" target=\"_blank\" rel=\"noreferrer noopener\">Clique Aqui!<\/a><\/span><\/p>\n\n\n\n<p><span style=\"color: #000000\" class=\"stk-highlight\">Resolu\u00e7\u00e3o n\u00ba 10\/2021 \u2013 SE Anexo II.\u00a0<a href=\"https:\/\/portais.santoandre.sp.gov.br\/educacao\/wp-content\/uploads\/sites\/17\/2024\/10\/10-Resolucao-10-2021SE-Anexo-II-Educacao-Infantil-e-Ensino-Fundamental-Cronograma.pdf\" target=\"_blank\" rel=\"noreferrer noopener\">Clique Aqui!<\/a><\/span><\/p>\n\n\n\n<p><span style=\"color: #000000\" class=\"stk-highlight\">Resolu\u00e7\u00e3o n\u00ba 11\/2021 \u2013 SE:\u00a0Regulamenta as a\u00e7\u00f5es de organiza\u00e7\u00e3o dos\u00a0cargos de Professor de Educa\u00e7\u00e3o F\u00edsica para o\u00a0Processo de Remo\u00e7\u00e3o Parcial Cargos,\u00a0Atribui\u00e7\u00e3o de Cargos, Atribui\u00e7\u00e3o em car\u00e1ter de\u00a0Substitui\u00e7\u00e3o e demais etapas relacionadas ao\u00a0cargo, para o ano letivo de 2022 na Rede\u00a0Municipal de\u00a0 Ensino de Santo Andr\u00e9.\u00a0<a href=\"https:\/\/portais.santoandre.sp.gov.br\/educacao\/wp-content\/uploads\/sites\/17\/2024\/10\/11-Resolucao-11-2021-Educacao-Fisica.pdf\" target=\"_blank\" rel=\"noreferrer noopener\">Clique Aqui!<\/a><\/span><\/p>\n\n\n\n<p><span style=\"color: #000000\" class=\"stk-highlight\">Resolu\u00e7\u00e3o n\u00ba 11\/2021 \u2013 SE Anexo I.\u00a0<a href=\"https:\/\/portais.santoandre.sp.gov.br\/educacao\/wp-content\/uploads\/sites\/17\/2024\/10\/11A-Resolucao-11-2021SE-Anexo-I-Educacao-Fisica.pdf\" target=\"_blank\" rel=\"noreferrer noopener\">Clique Aqui!<\/a><\/span><\/p>\n\n\n\n<p><span style=\"color: #000000\" class=\"stk-highlight\">Resolu\u00e7\u00e3o n\u00ba 11\/2021 \u2013 SE Anexo II.\u00a0<a href=\"https:\/\/portais.santoandre.sp.gov.br\/educacao\/wp-content\/uploads\/sites\/17\/2024\/10\/11B-Resolucao-11-2021SE-Anexo-II-Educacao-Fisica.pdf\" target=\"_blank\" rel=\"noreferrer noopener\">Clique Aqui!<\/a><\/span><\/p>\n\n\n\n<p><span style=\"color: #000000\" class=\"stk-highlight\">Resolu\u00e7\u00e3o n\u00ba 12\/2021 \u2013 SE:\u00a0Disp\u00f5e acerca do retorno presencial das\u00a0atividades escolares no \u00e2mbito do Ensino\u00a0Infantil, Ensino Fundamental e Educa\u00e7\u00e3o de\u00a0Jovens e Adultos, da rede p\u00fablica municipal\u00a0de Santo Andr\u00e9, nos termos do Decreto n\u00ba\u00a017.727 de 21 de julho de 2021, em virtude das\u00a0medidas adotadas para\u00a0 onten\u00e7\u00e3o da\u00a0dissemina\u00e7\u00e3o da COVID-19.\u00a0<a href=\"https:\/\/portais.santoandre.sp.gov.br\/educacao\/wp-content\/uploads\/sites\/17\/2024\/10\/12-Resolucao-12-2021-retorno-aulas-presenciais.pdf\" target=\"_blank\" rel=\"noreferrer noopener\">Clique Aqui!<\/a><\/span><\/p>\n\n\n\n<p><span style=\"color: #000000\" class=\"stk-highlight\">Errata Resolu\u00e7\u00e3o n\u00ba 12\/2021 \u2013 SE.\u00a0<a href=\"https:\/\/portais.santoandre.sp.gov.br\/educacao\/wp-content\/uploads\/sites\/17\/2024\/10\/12A-Errata-Resolucao-12-2021-retorno-aulas-presenciais.pdf\" target=\"_blank\" rel=\"noreferrer noopener\">Clique Aqui!<\/a><\/span><\/p>\n\n\n\n<p><span style=\"color: #000000\" class=\"stk-highlight\">Resolu\u00e7\u00e3o n\u00ba 13\/2021 \u2013 SE:\u00a0Disp\u00f5e acerca do retorno presencial das\u00a0atividades escolares no \u00e2mbito do Ensino\u00a0Infantil, Ensino Fundamental e Educa\u00e7\u00e3o de\u00a0Jovens e Adultos, da rede p\u00fablica municipal\u00a0de Santo Andr\u00e9.\u00a0<a href=\"https:\/\/portais.santoandre.sp.gov.br\/educacao\/wp-content\/uploads\/sites\/17\/2024\/10\/13-Resolucao-13-2021-retorno-aulas-presenciais.pdf\" target=\"_blank\" rel=\"noreferrer noopener\">Clique Aqui!<\/a><\/span><\/p>\n\n\n\n<p><span style=\"color: #000000\" class=\"stk-highlight\">Resolu\u00e7\u00e3o n\u00ba 14\/2021 \u2013 SE:\u00a0Disp\u00f5e sobre a apresenta\u00e7\u00e3o do Projeto\u00a0Pol\u00edtico Pedag\u00f3gico 2022 e Calend\u00e1rio\u00a0Escolar 2022 pelas creches\u00a0filantr\u00f3picas\/conveniadas\u00a0 e escolas\u00a0particulares de educa\u00e7\u00e3o infantil de Santo\u00a0Andr\u00e9.\u00a0<a href=\"https:\/\/portais.santoandre.sp.gov.br\/educacao\/wp-content\/uploads\/sites\/17\/2024\/10\/14-Resolucao-14-2021-PPP-Calendarios-creches-filantropicas.pdf\" target=\"_blank\" rel=\"noreferrer noopener\">Clique Aqui!<\/a><\/span><\/p>\n","protected":false},"excerpt":{"rendered":"<p>Resolu\u00e7\u00e3o n\u00ba01\/2021 \u2013 SE:\u00a0Estabelece as diretrizes para a defini\u00e7\u00e3o dos\u00a0calend\u00e1rios das Unidades Escolares da rede\u00a0municipal de ensino para o ano letivo de\u00a02021.\u00a0Clique Aqui! Resolu\u00e7\u00e3o n\u00ba 01\/2021 \u2013 SE Anexo I.\u00a0Clique Aqui! Resolu\u00e7\u00e3o n\u00ba 01\/2021 \u2013 SE Anexo II.\u00a0Clique Aqui! Resolu\u00e7\u00e3o n\u00ba 02\/2021 \u2013 SE:\u00a0Altera a Resolu\u00e7\u00e3o n\u00ba 01\/2021-SE, que\u00a0estabelece as diretrizes para a defini\u00e7\u00e3o dos\u00a0calend\u00e1rios [&hellip;]<\/p>\n","protected":false},"author":50,"featured_media":0,"parent":0,"menu_order":0,"comment_status":"closed","ping_status":"closed","template":"","meta":{"footnotes":""},"class_list":["post-7149","page","type-page","status-publish","hentry"],"_links":{"self":[{"href":"https:\/\/portais.santoandre.sp.gov.br\/educacao\/wp-json\/wp\/v2\/pages\/7149","targetHints":{"allow":["GET"]}}],"collection":[{"href":"https:\/\/portais.santoandre.sp.gov.br\/educacao\/wp-json\/wp\/v2\/pages"}],"about":[{"href":"https:\/\/portais.santoandre.sp.gov.br\/educacao\/wp-json\/wp\/v2\/types\/page"}],"author":[{"embeddable":true,"href":"https:\/\/portais.santoandre.sp.gov.br\/educacao\/wp-json\/wp\/v2\/users\/50"}],"replies":[{"embeddable":true,"href":"https:\/\/portais.santoandre.sp.gov.br\/educacao\/wp-json\/wp\/v2\/comments?post=7149"}],"version-history":[{"count":1,"href":"https:\/\/portais.santoandre.sp.gov.br\/educacao\/wp-json\/wp\/v2\/pages\/7149\/revisions"}],"predecessor-version":[{"id":7180,"href":"https:\/\/portais.santoandre.sp.gov.br\/educacao\/wp-json\/wp\/v2\/pages\/7149\/revisions\/7180"}],"wp:attachment":[{"href":"https:\/\/portais.santoandre.sp.gov.br\/educacao\/wp-json\/wp\/v2\/media?parent=7149"}],"curies":[{"name":"wp","href":"https:\/\/api.w.org\/{rel}","templated":true}]}}