{"id":7122,"date":"2024-10-10T10:14:37","date_gmt":"2024-10-10T13:14:37","guid":{"rendered":"https:\/\/portais.santoandre.sp.gov.br\/educacao\/?page_id=7122"},"modified":"2024-10-10T10:14:37","modified_gmt":"2024-10-10T13:14:37","slug":"resolucoes-da-secretaria-de-educacao-2020","status":"publish","type":"page","link":"https:\/\/portais.santoandre.sp.gov.br\/educacao\/resolucoes-da-secretaria-de-educacao-2020\/","title":{"rendered":"Resolu\u00e7\u00f5es da Secretaria de Educa\u00e7\u00e3o &#8211; 2020"},"content":{"rendered":"\n<p><span style=\"color: #000000\" class=\"stk-highlight\">Resolu\u00e7\u00e3o n\u00ba 01\/2020 \u2013 SE: \u00a0Estabelece as diretrizes para a defini\u00e7\u00e3o dos\u00a0calend\u00e1rios das Unidades Escolares da rede\u00a0municipal de ensino para o ano letivo de 2020.\u00a0<a rel=\"noreferrer noopener\" href=\"https:\/\/portais.santoandre.sp.gov.br\/educacao\/wp-content\/uploads\/sites\/17\/2024\/10\/01-Resolucao-01-2020-Calendario.pdf\" target=\"_blank\">Clique Aqui!<\/a><\/span><\/p>\n\n\n\n<p><span style=\"color: #000000\" class=\"stk-highlight\">Resolu\u00e7\u00e3o n\u00ba 01\/2020 Anexo I.\u00a0<a href=\"https:\/\/portais.santoandre.sp.gov.br\/educacao\/wp-content\/uploads\/sites\/17\/2024\/10\/01A-Resolucao-1-2020SE-Anexo-I.pdf\" target=\"_blank\" rel=\"noreferrer noopener\">Clique Aqui!<\/a><\/span><\/p>\n\n\n\n<p><span style=\"color: #000000\" class=\"stk-highlight\">Resolu\u00e7\u00e3o n\u00ba 01\/2020 Anexo II.\u00a0<a href=\"https:\/\/portais.santoandre.sp.gov.br\/educacao\/wp-content\/uploads\/sites\/17\/2024\/10\/01B-Resolucao-1-2020SE-Anexo-II.pdf\" target=\"_blank\" rel=\"noreferrer noopener\">Clique Aqui!<\/a><\/span><\/p>\n\n\n\n<p><span style=\"color: #000000\" class=\"stk-highlight\">Resolu\u00e7\u00e3o n\u00ba 02\/2020 \u2013 SE: Estabelece disposi\u00e7\u00f5es complementares\u00a0sobre o calend\u00e1rio escolar, em virtude das\u00a0medidas preventivas e emergenciais\u00a0recomendadas pelo Minist\u00e9rio da Sa\u00fade,\u00a0Governo do Estado de S\u00e3o Paulo e Prefeitura\u00a0de Santo Andr\u00e9 para conten\u00e7\u00e3o da\u00a0dissemina\u00e7\u00e3o do COVID-19.\u00a0<a href=\"https:\/\/portais.santoandre.sp.gov.br\/educacao\/wp-content\/uploads\/sites\/17\/2024\/10\/02-Resolucao-02-2020-Calendario.pdf\" target=\"_blank\" rel=\"noreferrer noopener\">Clique Aqui!<\/a><\/span><\/p>\n\n\n\n<p><span style=\"color: #000000\" class=\"stk-highlight\">Resolu\u00e7\u00e3o n\u00ba 03\/2020 \u2013 SE: Estabelece disposi\u00e7\u00f5es complementares sobre\u00a0a reorganiza\u00e7\u00e3o do calend\u00e1rio escolar, em\u00a0virtude das disposi\u00e7\u00f5es do ensino remoto e\u00a0medidas preventivas recomendadas pelo\u00a0Minist\u00e9rio da Sa\u00fade, Governo do Estado de\u00a0S\u00e3o Paulo e Prefeitura de Santo Andr\u00e9 para\u00a0conten\u00e7\u00e3o da dissemina\u00e7\u00e3o do COVID-19.\u00a0<a href=\"https:\/\/portais.santoandre.sp.gov.br\/educacao\/wp-content\/uploads\/sites\/17\/2024\/10\/03-Resolucao-03-2020-Calendario-complementar.pdf\" target=\"_blank\" rel=\"noreferrer noopener\">Clique Aqui!<\/a><\/span><\/p>\n\n\n\n<p><span style=\"color: #000000\" class=\"stk-highlight\">Resolu\u00e7\u00e3o n\u00ba 03\/2020 Anexo II.\u00a0<a href=\"https:\/\/portais.santoandre.sp.gov.br\/educacao\/wp-content\/uploads\/sites\/17\/2024\/10\/03B-Resolucao-03-2020SE-Anexo-II.pdf\" target=\"_blank\" rel=\"noreferrer noopener\">Clique Aqui!<\/a><\/span><\/p>\n\n\n\n<p><span style=\"color: #000000\" class=\"stk-highlight\">Resolu\u00e7\u00e3o n\u00ba 04\/2020 \u2013 SE:\u00a0Estabelece organiza\u00e7\u00e3o especial para o\u00a0expediente administrativo das unidades\u00a0escolares, de forma excepcional, durante o\u00a0per\u00edodo de regime especial para as atividades\u00a0escolares na forma de aulas n\u00e3o presenciais na\u00a0Rede Municipal de Ensino, em raz\u00e3o do\u00a0per\u00edodo da pandemia decorrente do\u00a0Coronav\u00edrus.\u00a0<a href=\"https:\/\/portais.santoandre.sp.gov.br\/educacao\/wp-content\/uploads\/sites\/17\/2024\/10\/04-Resolucao-04-2020-Retorno-dos-servidores.pdf\" target=\"_blank\" rel=\"noreferrer noopener\">Clique Aqui!<\/a><\/span><\/p>\n\n\n\n<p><span style=\"color: #000000\" class=\"stk-highlight\">Resolu\u00e7\u00e3o n\u00ba 05\/2020 \u2013 SE:\u00a0Disp\u00f5e sobre os par\u00e2metros operacionais para\u00a0o atendimento a crian\u00e7as em creches, por meio\u00a0de Termos de Colabora\u00e7\u00e3o.\u00a0<a href=\"https:\/\/portais.santoandre.sp.gov.br\/educacao\/wp-content\/uploads\/sites\/17\/2024\/10\/05-Resolucao-05-2020-Conveniadas.pdf\" target=\"_blank\" rel=\"noreferrer noopener\">Clique Aqui!<\/a><\/span><\/p>\n\n\n\n<p><span style=\"color: #000000\" class=\"stk-highlight\">Adendo \u00e0 Resolu\u00e7\u00e3o n\u00ba 05\/2020 \u2013 SE.\u00a0<a href=\"https:\/\/portais.santoandre.sp.gov.br\/educacao\/wp-content\/uploads\/sites\/17\/2024\/10\/05A-Adendo-Resolucao-05-2020-Conveniadas-per-capita.pdf\" target=\"_blank\" rel=\"noreferrer noopener\">Clique Aqui!<\/a><\/span><\/p>\n\n\n\n<p><span style=\"color: #000000\" class=\"stk-highlight\">Resolu\u00e7\u00e3o n\u00ba 06\/2020 \u2013 SE:\u00a0Complementa as disposi\u00e7\u00f5es de calend\u00e1rio\u00a0escolar, em virtude das medidas preventivas e\u00a0emergenciais recomendadas pelo\u00a0 Minist\u00e9rio da\u00a0Sa\u00fade, Governo do Estado de S\u00e3o Paulo e\u00a0Prefeitura de Santo Andr\u00e9 para conten\u00e7\u00e3o da\u00a0dissemina\u00e7\u00e3o do Coronav\u00edrus.\u00a0<a href=\"https:\/\/portais.santoandre.sp.gov.br\/educacao\/wp-content\/uploads\/sites\/17\/2024\/10\/06-Resolucao-06-2020-Calendario-recesso-complementar.pdf\" target=\"_blank\" rel=\"noreferrer noopener\">Clique Aqui!<\/a><\/span><\/p>\n\n\n\n<p><span style=\"color: #000000\" class=\"stk-highlight\">Resolu\u00e7\u00e3o n\u00ba 06\/2020 \u2013 SE Anexo II.\u00a0<a href=\"https:\/\/portais.santoandre.sp.gov.br\/educacao\/wp-content\/uploads\/sites\/17\/2024\/10\/06A-Resolucao-06-2020SE-Anexo-II.pdf\" target=\"_blank\" rel=\"noreferrer noopener\">Clique Aqui!<\/a><\/span><\/p>\n\n\n\n<p><span style=\"color: #000000\" class=\"stk-highlight\">Resolu\u00e7\u00e3o n\u00ba 07\/2020 \u2013 SE:\u00a0Regulamenta as a\u00e7\u00f5es para o Processo de\u00a0Atribui\u00e7\u00e3o de Classes de Jovens e Adultos I;\u00a0Remo\u00e7\u00e3o Parcial Cargos; Remo\u00e7\u00e3o de\u00a0Modalidades; Atribui\u00e7\u00e3o de Cargos; e\u00a0Atribui\u00e7\u00e3o de Classes \u2013 per\u00edodo e turma\/ciclo\u00a0para o ano letivo de 2021 na Rede Municipal de\u00a0Ensino de Santo Andr\u00e9.\u00a0<a href=\"https:\/\/portais.santoandre.sp.gov.br\/educacao\/wp-content\/uploads\/sites\/17\/2024\/10\/07-Resolucao-07-2020-atribuicao-EJA.pdf\" target=\"_blank\" rel=\"noreferrer noopener\">Clique Aqui!<\/a><\/span><\/p>\n\n\n\n<p><span style=\"color: #000000\" class=\"stk-highlight\">Resolu\u00e7\u00e3o n\u00ba 07\/2020 \u2013 SE Anexo I.\u00a0<a href=\"https:\/\/portais.santoandre.sp.gov.br\/educacao\/wp-content\/uploads\/sites\/17\/2024\/10\/07A-Resolucao-07-2020SE-Anexo-I.pdf\" target=\"_blank\" rel=\"noreferrer noopener\">Clique Aqui!<\/a><\/span><\/p>\n\n\n\n<p><span style=\"color: #000000\" class=\"stk-highlight\">Resolu\u00e7\u00e3o n\u00ba 07\/2020 \u2013 SE Anexo II.\u00a0<a href=\"https:\/\/portais.santoandre.sp.gov.br\/educacao\/wp-content\/uploads\/sites\/17\/2024\/10\/07B-Resolucao-07-2020SE-Anexo-II.pdf\" target=\"_blank\" rel=\"noreferrer noopener\">Clique Aqui!<\/a><\/span><\/p>\n\n\n\n<p><span style=\"color: #000000\" class=\"stk-highlight\">Resolu\u00e7\u00e3o n\u00ba 08\/2020 \u2013 SE:\u00a0Regulamenta as a\u00e7\u00f5es de organiza\u00e7\u00e3o dos\u00a0cargos de Professor de Educa\u00e7\u00e3o F\u00edsica para o\u00a0Processo de Remo\u00e7\u00e3o Parcial Cargos,\u00a0Atribui\u00e7\u00e3o de Cargos, Atribui\u00e7\u00e3o em car\u00e1ter de\u00a0Substitui\u00e7\u00e3o e demais etapas relacionadas ao\u00a0cargo, para o ano letivo de 2021 na Rede\u00a0Municipal de\u00a0 Ensino de Santo Andr\u00e9.\u00a0<a href=\"https:\/\/portais.santoandre.sp.gov.br\/educacao\/wp-content\/uploads\/sites\/17\/2024\/10\/08-Resolucao-08-2020-Educ-Fisica.pdf\" target=\"_blank\" rel=\"noreferrer noopener\">Clique Aqui!<\/a><\/span><\/p>\n\n\n\n<p><span style=\"color: #000000\" class=\"stk-highlight\">Resolu\u00e7\u00e3o n\u00ba 08\/2020 \u2013 SE Anexo I.\u00a0<a href=\"https:\/\/portais.santoandre.sp.gov.br\/educacao\/wp-content\/uploads\/sites\/17\/2024\/10\/08A-Resolucao-08-2020SE-Anexo-I-Educacao-Fisica.pdf\" target=\"_blank\" rel=\"noreferrer noopener\">Clique Aqui!<\/a><\/span><\/p>\n\n\n\n<p><span style=\"color: #000000\" class=\"stk-highlight\">Erratas: Resolu\u00e7\u00e3o n\u00ba 07\/2020 \u2013 SE e Resolu\u00e7\u00e3o n\u00ba 08\/2020 \u2013 SE.\u00a0<a href=\"https:\/\/portais.santoandre.sp.gov.br\/educacao\/wp-content\/uploads\/sites\/17\/2024\/10\/8B-Erratas-Resolucoes-07-e-08-Atribuicoes-de-classes.pdf\" target=\"_blank\" rel=\"noreferrer noopener\">Clique Aqui!<\/a><\/span><\/p>\n\n\n\n<p><span style=\"color: #000000\" class=\"stk-highlight\">Resolu\u00e7\u00e3o n\u00ba 09\/2020 \u2013 SE:\u00a0Disp\u00f5e sobre a apresenta\u00e7\u00e3o do Projeto\u00a0Pol\u00edtico Pedag\u00f3gico 2020 pelas institui\u00e7\u00f5es\u00a0privadas de educa\u00e7\u00e3o infantil de Santo Andr\u00e9.\u00a0<a href=\"https:\/\/portais.santoandre.sp.gov.br\/educacao\/wp-content\/uploads\/sites\/17\/2024\/10\/09-Resolucao-09-2020-PPP-particulares.pdf\" target=\"_blank\" rel=\"noreferrer noopener\">Clique Aqui!<\/a><\/span><\/p>\n\n\n\n<p><span style=\"color: #000000\" class=\"stk-highlight\">Resolu\u00e7\u00e3o n\u00ba 10\/2020 \u2013 SE:\u00a0Regulamenta as a\u00e7\u00f5es para o Processo de\u00a0Atribui\u00e7\u00e3o de Aulas de Jovens e Adultos II para\u00a0o ano letivo de 2021 na Rede Municipal de\u00a0Ensino de Santo Andr\u00e9.\u00a0<a href=\"https:\/\/portais.santoandre.sp.gov.br\/educacao\/wp-content\/uploads\/sites\/17\/2024\/10\/10-Resolucao-10-2020-EJA.pdf\" target=\"_blank\" rel=\"noreferrer noopener\">Clique Aqui!<\/a><\/span><\/p>\n\n\n\n<p><span style=\"color: #000000\" class=\"stk-highlight\">Resolu\u00e7\u00e3o n\u00ba 10\/2020 \u2013 SE Anexo I.\u00a0<a href=\"https:\/\/portais.santoandre.sp.gov.br\/educacao\/wp-content\/uploads\/sites\/17\/2024\/10\/10A-Resolucao-10-2020SE-Anexo-I-EJA-II-Ficha.pdf\" target=\"_blank\" rel=\"noreferrer noopener\">Clique Aqui!<\/a><\/span><\/p>\n\n\n\n<p><span style=\"color: #000000\" class=\"stk-highlight\">Resolu\u00e7\u00e3o n\u00ba 11\/2020 \u2013 SE:\u00a0Estabelece disposi\u00e7\u00f5es complementares sobre\u00a0a reorganiza\u00e7\u00e3o do calend\u00e1rio escolar, em\u00a0virtude das disposi\u00e7\u00f5es do ensino remoto e\u00a0medidas preventivas recomendadas pelo\u00a0Minist\u00e9rio da Sa\u00fade, Governo do Estado de\u00a0S\u00e3o Paulo e Prefeitura de Santo Andr\u00e9 para\u00a0conten\u00e7\u00e3o da dissemina\u00e7\u00e3o do\u00a0 Covid-19.\u00a0<a href=\"https:\/\/portais.santoandre.sp.gov.br\/educacao\/wp-content\/uploads\/sites\/17\/2024\/10\/11-Resolucao-11-2020-complemeta-resol08-2019.pdf\" target=\"_blank\" rel=\"noreferrer noopener\">Clique Aqui!<\/a><\/span><\/p>\n\n\n\n<p><span style=\"color: #000000\" class=\"stk-highlight\">Resolu\u00e7\u00e3o n\u00ba 12\/2020 \u2013 SE:\u00a0Disp\u00f5e sobre as normas e crit\u00e9rios referentes \u00e0\u00a0aprova\u00e7\u00e3o e perman\u00eancia no ano letivo de\u00a02020 nas EMEIEFs da Rede Municipal de\u00a0Santo Andr\u00e9, considerando a Etapa de Ensino\u00a0Fundamental, mediante o processo de ensino\u00a0remoto vivenciado, devido \u00e0 pandemia do\u00a0COVID-19.\u00a0<a href=\"https:\/\/portais.santoandre.sp.gov.br\/educacao\/wp-content\/uploads\/sites\/17\/2024\/10\/12-Resolucao-12-2020-Aprovacao-permanencia-EMEIEF-2020-2021.pdf\" target=\"_blank\" rel=\"noreferrer noopener\">Clique Aqui!<\/a><\/span><\/p>\n\n\n\n<p><span style=\"color: #000000\" class=\"stk-highlight\">Resolu\u00e7\u00e3o n\u00ba 13\/2020 \u2013 SE:\u00a0Regulamenta as condi\u00e7\u00f5es para apresenta\u00e7\u00e3o\u00a0de Calend\u00e1rio Escolar \u2013 Exerc\u00edcio 2021, para\u00a0creches filantr\u00f3picas\/conveniadas e\u00a0 escolas\u00a0particulares de Educa\u00e7\u00e3o Infantil de Santo\u00a0Andr\u00e9\/SP.\u00a0<a href=\"https:\/\/portais.santoandre.sp.gov.br\/educacao\/wp-content\/uploads\/sites\/17\/2024\/10\/13-Resolucao-13-2020-Calendario-Escolar-2021-partic-e-filant.pdf\" target=\"_blank\" rel=\"noreferrer noopener\">Clique Aqui!<\/a><\/span><\/p>\n","protected":false},"excerpt":{"rendered":"<p>Resolu\u00e7\u00e3o n\u00ba 01\/2020 \u2013 SE: \u00a0Estabelece as diretrizes para a defini\u00e7\u00e3o dos\u00a0calend\u00e1rios das Unidades Escolares da rede\u00a0municipal de ensino para o ano letivo de 2020.\u00a0Clique Aqui! Resolu\u00e7\u00e3o n\u00ba 01\/2020 Anexo I.\u00a0Clique Aqui! Resolu\u00e7\u00e3o n\u00ba 01\/2020 Anexo II.\u00a0Clique Aqui! Resolu\u00e7\u00e3o n\u00ba 02\/2020 \u2013 SE: Estabelece disposi\u00e7\u00f5es complementares\u00a0sobre o calend\u00e1rio escolar, em virtude das\u00a0medidas preventivas e emergenciais\u00a0recomendadas [&hellip;]<\/p>\n","protected":false},"author":50,"featured_media":0,"parent":0,"menu_order":0,"comment_status":"closed","ping_status":"closed","template":"","meta":{"footnotes":""},"class_list":["post-7122","page","type-page","status-publish","hentry"],"_links":{"self":[{"href":"https:\/\/portais.santoandre.sp.gov.br\/educacao\/wp-json\/wp\/v2\/pages\/7122","targetHints":{"allow":["GET"]}}],"collection":[{"href":"https:\/\/portais.santoandre.sp.gov.br\/educacao\/wp-json\/wp\/v2\/pages"}],"about":[{"href":"https:\/\/portais.santoandre.sp.gov.br\/educacao\/wp-json\/wp\/v2\/types\/page"}],"author":[{"embeddable":true,"href":"https:\/\/portais.santoandre.sp.gov.br\/educacao\/wp-json\/wp\/v2\/users\/50"}],"replies":[{"embeddable":true,"href":"https:\/\/portais.santoandre.sp.gov.br\/educacao\/wp-json\/wp\/v2\/comments?post=7122"}],"version-history":[{"count":1,"href":"https:\/\/portais.santoandre.sp.gov.br\/educacao\/wp-json\/wp\/v2\/pages\/7122\/revisions"}],"predecessor-version":[{"id":7146,"href":"https:\/\/portais.santoandre.sp.gov.br\/educacao\/wp-json\/wp\/v2\/pages\/7122\/revisions\/7146"}],"wp:attachment":[{"href":"https:\/\/portais.santoandre.sp.gov.br\/educacao\/wp-json\/wp\/v2\/media?parent=7122"}],"curies":[{"name":"wp","href":"https:\/\/api.w.org\/{rel}","templated":true}]}}