{"id":7120,"date":"2024-10-10T10:14:48","date_gmt":"2024-10-10T13:14:48","guid":{"rendered":"https:\/\/portais.santoandre.sp.gov.br\/educacao\/?page_id=7120"},"modified":"2025-04-02T14:34:42","modified_gmt":"2025-04-02T17:34:42","slug":"resolucoes-da-secretaria-de-educacao","status":"publish","type":"page","link":"https:\/\/portais.santoandre.sp.gov.br\/educacao\/resolucoes-da-secretaria-de-educacao\/","title":{"rendered":"Resolu\u00e7\u00f5es da Secretaria de Educa\u00e7\u00e3o"},"content":{"rendered":"\n<div class=\"wp-block-stackable-button-group stk-block-button-group stk-block stk-7fbee1f\" data-block-id=\"7fbee1f\"><div class=\"stk-row stk-inner-blocks stk-block-content stk-button-group\">\n<div class=\"wp-block-stackable-button stk-block-button stk-block stk-2237450\" data-block-id=\"2237450\"><style>.stk-2237450 .stk-button{border-top-left-radius:11px !important;border-top-right-radius:11px !important;border-bottom-right-radius:11px !important;border-bottom-left-radius:11px !important;}<\/style><a class=\"stk-link stk-button stk--hover-effect-lift-scale\" href=\"https:\/\/portais.santoandre.sp.gov.br\/educacao\/resolucoes-da-secretaria-de-educacao-2020\/\" target=\"_blank\" rel=\"noreferrer noopener\"><span class=\"stk-button__inner-text\">2020<\/span><\/a><\/div>\n\n\n\n<div class=\"wp-block-stackable-button stk-block-button stk-block stk-db15d40\" data-block-id=\"db15d40\"><style>.stk-db15d40 .stk-button{border-top-left-radius:11px !important;border-top-right-radius:11px !important;border-bottom-right-radius:11px !important;border-bottom-left-radius:11px !important;}<\/style><a class=\"stk-link stk-button stk--hover-effect-lift-scale\" href=\"https:\/\/portais.santoandre.sp.gov.br\/educacao\/resolucoes-da-secretaria-de-educacao-2021\/\" target=\"_blank\" rel=\"noreferrer noopener\"><span class=\"stk-button__inner-text\">2021<\/span><\/a><\/div>\n\n\n\n<div class=\"wp-block-stackable-button stk-block-button stk-block stk-2ddb1b7\" data-block-id=\"2ddb1b7\"><style>.stk-2ddb1b7 .stk-button{border-top-left-radius:11px !important;border-top-right-radius:11px !important;border-bottom-right-radius:11px !important;border-bottom-left-radius:11px !important;}<\/style><a class=\"stk-link stk-button stk--hover-effect-lift-scale\" href=\"https:\/\/portais.santoandre.sp.gov.br\/educacao\/resolucoes-da-secretaria-de-educacao-2022\/\" target=\"_blank\" rel=\"noreferrer noopener\"><span class=\"stk-button__inner-text\">2022<\/span><\/a><\/div>\n\n\n\n<div class=\"wp-block-stackable-button stk-block-button stk-block stk-61dd802\" data-block-id=\"61dd802\"><style>.stk-61dd802 .stk-button{border-top-left-radius:11px !important;border-top-right-radius:11px !important;border-bottom-right-radius:11px !important;border-bottom-left-radius:11px !important;}<\/style><a class=\"stk-link stk-button stk--hover-effect-lift-scale\" href=\"https:\/\/portais.santoandre.sp.gov.br\/educacao\/resolucoes-da-secretaria-de-educacao-2023\/\" target=\"_blank\" rel=\"noreferrer noopener\"><span class=\"stk-button__inner-text\">2023<\/span><\/a><\/div>\n\n\n\n<div class=\"wp-block-stackable-button stk-block-button stk-block stk-49910fc\" data-block-id=\"49910fc\"><style>.stk-49910fc .stk-button{border-top-left-radius:11px !important;border-top-right-radius:11px !important;border-bottom-right-radius:11px !important;border-bottom-left-radius:11px !important;}<\/style><a class=\"stk-link stk-button stk--hover-effect-lift-scale\" href=\"https:\/\/portais.santoandre.sp.gov.br\/educacao\/resolucoes-da-secretaria-de-educacao-2024\/\" target=\"_blank\" rel=\"noreferrer noopener\"><span class=\"stk-button__inner-text\">2024<\/span><\/a><\/div>\n\n\n\n<div class=\"wp-block-stackable-button stk-block-button stk-block stk-f2219a8\" data-block-id=\"f2219a8\"><style>.stk-f2219a8 .stk-button{border-top-left-radius:11px !important;border-top-right-radius:11px !important;border-bottom-right-radius:11px !important;border-bottom-left-radius:11px !important;}<\/style><a class=\"stk-link stk-button stk--hover-effect-lift-scale\" href=\"https:\/\/portais.santoandre.sp.gov.br\/educacao\/resolucoes-da-secretaria-de-educacao-2025\/\" target=\"_blank\" rel=\"noreferrer noopener\"><span class=\"stk-button__inner-text\">2025<\/span><\/a><\/div>\n<\/div><\/div>\n","protected":false},"excerpt":{"rendered":"<p>2020 2021 2022 2023 2024 2025<\/p>\n","protected":false},"author":50,"featured_media":0,"parent":0,"menu_order":0,"comment_status":"closed","ping_status":"closed","template":"","meta":{"footnotes":""},"class_list":["post-7120","page","type-page","status-publish","hentry"],"_links":{"self":[{"href":"https:\/\/portais.santoandre.sp.gov.br\/educacao\/wp-json\/wp\/v2\/pages\/7120","targetHints":{"allow":["GET"]}}],"collection":[{"href":"https:\/\/portais.santoandre.sp.gov.br\/educacao\/wp-json\/wp\/v2\/pages"}],"about":[{"href":"https:\/\/portais.santoandre.sp.gov.br\/educacao\/wp-json\/wp\/v2\/types\/page"}],"author":[{"embeddable":true,"href":"https:\/\/portais.santoandre.sp.gov.br\/educacao\/wp-json\/wp\/v2\/users\/50"}],"replies":[{"embeddable":true,"href":"https:\/\/portais.santoandre.sp.gov.br\/educacao\/wp-json\/wp\/v2\/comments?post=7120"}],"version-history":[{"count":8,"href":"https:\/\/portais.santoandre.sp.gov.br\/educacao\/wp-json\/wp\/v2\/pages\/7120\/revisions"}],"predecessor-version":[{"id":8963,"href":"https:\/\/portais.santoandre.sp.gov.br\/educacao\/wp-json\/wp\/v2\/pages\/7120\/revisions\/8963"}],"wp:attachment":[{"href":"https:\/\/portais.santoandre.sp.gov.br\/educacao\/wp-json\/wp\/v2\/media?parent=7120"}],"curies":[{"name":"wp","href":"https:\/\/api.w.org\/{rel}","templated":true}]}}