{"id":681,"date":"2024-04-10T11:03:10","date_gmt":"2024-04-10T14:03:10","guid":{"rendered":"https:\/\/portais.santoandre.sp.gov.br\/educacao\/?page_id=681"},"modified":"2024-05-02T07:59:53","modified_gmt":"2024-05-02T10:59:53","slug":"creche-padre-attilio-taricco-2023","status":"publish","type":"page","link":"https:\/\/portais.santoandre.sp.gov.br\/educacao\/creche-padre-attilio-taricco-2023\/","title":{"rendered":"Creche Padre Att\u00edlio Taricco &#8211; 2023"},"content":{"rendered":"\n<ol class=\"wp-block-list\" type=\"1\">\n<li><strong><span style=\"color: #000000\" class=\"stk-highlight\">S\u00edntese de\u00a0aplica\u00e7\u00f5es financeiras &#8211;<\/span>\u00a0<\/strong><a href=\"https:\/\/santoandreedu-my.sharepoint.com\/:b:\/g\/personal\/siteeducacao_edu_santoandre_sp_gov_br\/EZCFvVmlJGVHtIgdcXCjSWMB_gacI7_4pMiz1K4ETrixVA?e=0fwBcO\" target=\"_blank\" rel=\"noreferrer noopener\">Clique Aqui!<\/a><\/li>\n\n\n\n<li><strong><span style=\"color: #000000\" class=\"stk-highlight\">Prestadores de servi\u00e7os Fornecedores &#8211;<\/span> <\/strong><a href=\"https:\/\/santoandreedu-my.sharepoint.com\/:b:\/g\/personal\/siteeducacao_edu_santoandre_sp_gov_br\/EVvX-PV30KRBmkgP4DyyYGABgp7EjUNbZjSntkWi0gci9A?e=QvkMM0\" target=\"_blank\" rel=\"noreferrer noopener\">Clique Aqui!<\/a><\/li>\n\n\n\n<li><strong><span style=\"color: #000000\" class=\"stk-highlight\">S\u00edntese do relat\u00f3rio f\u00edsico-financeiros\u00a0de receitas e despesas &#8211;<\/span>\u00a0<\/strong><a href=\"https:\/\/santoandreedu-my.sharepoint.com\/:b:\/g\/personal\/siteeducacao_edu_santoandre_sp_gov_br\/EdLCR7-E7epDmZjotAZf1kkB6_rh_8EGNomsibC-xpr-FQ?e=ADXBQr\" target=\"_blank\" rel=\"noreferrer noopener\">Clique Aqui!<\/a><\/li>\n\n\n\n<li><strong><span style=\"color: #000000\" class=\"stk-highlight\">Plano de Trabalho \u2013 2023\/2024 &#8211;<\/span> <\/strong><a href=\"https:\/\/santoandreedu-my.sharepoint.com\/:b:\/g\/personal\/siteeducacao_edu_santoandre_sp_gov_br\/EcW1wl-wC8lDg2gaAujFkz8BnL2NN-wPzEXrOj7ZNBEAiQ?e=cXASOj\" target=\"_blank\" rel=\"noreferrer noopener\">Clique Aqui!<\/a><strong> <\/strong><\/li>\n\n\n\n<li><strong><span style=\"color: #000000\" class=\"stk-highlight\">Termo de Conv\u00eanio &#8211;<\/span> <\/strong><a rel=\"noreferrer noopener\" href=\"https:\/\/santoandreedu-my.sharepoint.com\/:b:\/g\/personal\/siteeducacao_edu_santoandre_sp_gov_br\/ETfVcFgtuspCvFdv-u_lbeUBZ7ffq1REnle7wegpBMdeZA?e=Ft8fFr\" target=\"_blank\">Clique Aqui!<\/a><\/li>\n\n\n\n<li><strong><span style=\"color: #000000\" class=\"stk-highlight\">Valores Repassados &#8211;<\/span> <\/strong><a rel=\"noreferrer noopener\" href=\"https:\/\/santoandreedu-my.sharepoint.com\/:b:\/g\/personal\/siteeducacao_edu_santoandre_sp_gov_br\/EXUxLIi_xvlJr5wpV7OVwBcBFPM9A1MXyoNkJE11dwB1qA?e=9OR3Fb\" target=\"_blank\">Clique Aqui!<\/a><\/li>\n\n\n\n<li><strong><span style=\"color: #000000\" class=\"stk-highlight\">Demonstrativo de Receitas e Despesas\u00a0<\/span>&#8211; <\/strong><a href=\"https:\/\/santoandreedu-my.sharepoint.com\/:b:\/g\/personal\/siteeducacao_edu_santoandre_sp_gov_br\/EdbQEZzu-CZItDBocFYAcMMB1CvEIh0eCF_tfmoh0KGxZg?e=EghT1p\" target=\"_blank\" rel=\"noreferrer noopener\">Clique Aqui!<\/a><strong>\u00a0\u00a0<\/strong><\/li>\n\n\n\n<li><strong><span style=\"color: #000000\" class=\"stk-highlight\">Remunera\u00e7\u00e3o individualizada dos Dirigentes<\/span> &#8211;<\/strong> <a href=\"https:\/\/santoandreedu-my.sharepoint.com\/:b:\/g\/personal\/siteeducacao_edu_santoandre_sp_gov_br\/Eea9s5GmUw1AulqxXSBYjjUB24kGG5gQZJZAZxUPtSuZnQ?e=zHjj9x\" target=\"_blank\" rel=\"noreferrer noopener\">Clique Aqui!<\/a><\/li>\n\n\n\n<li><strong><span style=\"color: #000000\" class=\"stk-highlight\">Manual de Compras: Aquisi\u00e7\u00f5es, Servi\u00e7os e Contrata\u00e7\u00e3o de Pessoal &#8211;<\/span> <\/strong><a rel=\"noreferrer noopener\" href=\"https:\/\/santoandreedu-my.sharepoint.com\/:b:\/g\/personal\/siteeducacao_edu_santoandre_sp_gov_br\/EbCyXgOP03dJgncANnBvbhQBhoFq644u0L82Nm9oUBZCDw?e=NN2sR5\" target=\"_blank\">Clique Aqui!<\/a><\/li>\n\n\n\n<li><strong><span style=\"color: #000000\" class=\"stk-highlight\">Estatuto<\/span> &#8211; <\/strong><a href=\"https:\/\/santoandreedu-my.sharepoint.com\/:b:\/g\/personal\/siteeducacao_edu_santoandre_sp_gov_br\/EWB-OAxzOgJEqcADN_L8EK4BSEfYYOFplR70VRiihfBUUg?e=2oM7rV\" target=\"_blank\" rel=\"noreferrer noopener\">Clique Aqui!<\/a><\/li>\n<\/ol>\n","protected":false},"excerpt":{"rendered":"","protected":false},"author":50,"featured_media":0,"parent":0,"menu_order":0,"comment_status":"closed","ping_status":"closed","template":"","meta":{"footnotes":""},"class_list":["post-681","page","type-page","status-publish","hentry"],"_links":{"self":[{"href":"https:\/\/portais.santoandre.sp.gov.br\/educacao\/wp-json\/wp\/v2\/pages\/681","targetHints":{"allow":["GET"]}}],"collection":[{"href":"https:\/\/portais.santoandre.sp.gov.br\/educacao\/wp-json\/wp\/v2\/pages"}],"about":[{"href":"https:\/\/portais.santoandre.sp.gov.br\/educacao\/wp-json\/wp\/v2\/types\/page"}],"author":[{"embeddable":true,"href":"https:\/\/portais.santoandre.sp.gov.br\/educacao\/wp-json\/wp\/v2\/users\/50"}],"replies":[{"embeddable":true,"href":"https:\/\/portais.santoandre.sp.gov.br\/educacao\/wp-json\/wp\/v2\/comments?post=681"}],"version-history":[{"count":3,"href":"https:\/\/portais.santoandre.sp.gov.br\/educacao\/wp-json\/wp\/v2\/pages\/681\/revisions"}],"predecessor-version":[{"id":1368,"href":"https:\/\/portais.santoandre.sp.gov.br\/educacao\/wp-json\/wp\/v2\/pages\/681\/revisions\/1368"}],"wp:attachment":[{"href":"https:\/\/portais.santoandre.sp.gov.br\/educacao\/wp-json\/wp\/v2\/media?parent=681"}],"curies":[{"name":"wp","href":"https:\/\/api.w.org\/{rel}","templated":true}]}}