{"id":6472,"date":"2024-09-20T10:45:48","date_gmt":"2024-09-20T13:45:48","guid":{"rendered":"https:\/\/portais.santoandre.sp.gov.br\/educacao\/?page_id=6472"},"modified":"2026-02-19T08:34:26","modified_gmt":"2026-02-19T11:34:26","slug":"centro-de-formacao-de-professores-clarice-lispector","status":"publish","type":"page","link":"https:\/\/portais.santoandre.sp.gov.br\/educacao\/centro-de-formacao-de-professores-clarice-lispector\/","title":{"rendered":"Centro de Forma\u00e7\u00e3o de Professores Clarice Lispector"},"content":{"rendered":"\n<p><span style=\"color: #000000\" class=\"stk-highlight\">O Centro de Forma\u00e7\u00e3o de Professores Clarice Lispector, inaugurado em 18 de junho de 2004, \u00e9 um espa\u00e7o de relevante import\u00e2ncia para os profissionais que atuam na Secretaria de Educa\u00e7\u00e3o.&nbsp;Devido \u00e0&nbsp;import\u00e2ncia&nbsp;da&nbsp;forma\u00e7\u00e3o&nbsp;continuada na carreira profissional, &nbsp;os cursos de&nbsp;forma\u00e7\u00e3o&nbsp;oferecidos est\u00e3o conectados \u00e0s demandas das unidades escolares e da sociedade com o intuito de desenvolver as compet\u00eancias e habilidades essenciais a atua\u00e7\u00e3o dos professores em sala de aula e atualiza\u00e7\u00e3o dos demais profissionais que comp\u00f5em as unidades escolares.<\/span><\/p>\n\n\n\n<p><span style=\"color: #000000\" class=\"stk-highlight\">O espa\u00e7o conta com o amplo audit\u00f3rio Jorge Amado de 382 lugares, biblioteca Paulo Freire com acervo de mais de 5 mil t\u00edtulos (exclusivamente para profissionais da Rede Municipal), laborat\u00f3rio pedag\u00f3gico de inform\u00e1tica, salas de aula e espa\u00e7o para exposi\u00e7\u00f5es.<\/span><\/p>\n\n\n\n<p><span style=\"color: #000000\" class=\"stk-highlight\">O hor\u00e1rio de funcionamento \u00e9 das 8h \u00e0s 22h e n\u00e3o h\u00e1 expediente aos finais de semana e feriados.<\/span><\/p>\n\n\n\n<div class=\"wp-block-columns is-layout-flex wp-container-core-columns-is-layout-9d6595d7 wp-block-columns-is-layout-flex\">\n<div class=\"wp-block-column is-layout-flow wp-block-column-is-layout-flow\" style=\"flex-basis:100%\">\n<div class=\"wp-block-stackable-columns stk-block-columns stk-block stk-fdad5f2\" data-block-id=\"fdad5f2\"><div class=\"stk-row stk-inner-blocks stk-block-content stk-content-align stk-fdad5f2-column\">\n<div class=\"wp-block-stackable-column stk-block-column stk-column stk-block stk-2c92f5d\" data-v=\"4\" data-block-id=\"2c92f5d\"><div class=\"stk-column-wrapper stk-block-column__content stk-container stk-2c92f5d-container stk--no-background stk--no-padding\"><div class=\"stk-block-content stk-inner-blocks stk-2c92f5d-inner-blocks\">\n<div class=\"wp-block-stackable-columns stk-block-columns stk-block stk-ff0fa97\" data-block-id=\"ff0fa97\"><div class=\"stk-row stk-inner-blocks stk-block-content stk-content-align stk-ff0fa97-column\">\n<div class=\"wp-block-stackable-column stk-block-column stk-column stk-block stk-ed7979b\" data-v=\"4\" data-block-id=\"ed7979b\"><style>@media screen and (min-width: 768px){.stk-ed7979b {flex:var(--stk-flex-grow, 1) 1 25% !important;}}<\/style><div class=\"stk-column-wrapper stk-block-column__content stk-container stk-ed7979b-container stk--no-background stk--no-padding\"><div class=\"stk-block-content stk-inner-blocks stk-ed7979b-inner-blocks\"><div class=\"wp-block-image\">\n<figure class=\"aligncenter size-large\"><img fetchpriority=\"high\" decoding=\"async\" width=\"576\" height=\"1024\" src=\"https:\/\/portais.santoandre.sp.gov.br\/educacao\/wp-content\/uploads\/sites\/17\/2024\/09\/CFP-576x1024.jpg\" alt=\"\" class=\"wp-image-6475\" srcset=\"https:\/\/portais.santoandre.sp.gov.br\/educacao\/wp-content\/uploads\/sites\/17\/2024\/09\/CFP-576x1024.jpg 576w, https:\/\/portais.santoandre.sp.gov.br\/educacao\/wp-content\/uploads\/sites\/17\/2024\/09\/CFP-169x300.jpg 169w, https:\/\/portais.santoandre.sp.gov.br\/educacao\/wp-content\/uploads\/sites\/17\/2024\/09\/CFP-768x1366.jpg 768w, https:\/\/portais.santoandre.sp.gov.br\/educacao\/wp-content\/uploads\/sites\/17\/2024\/09\/CFP-864x1536.jpg 864w, https:\/\/portais.santoandre.sp.gov.br\/educacao\/wp-content\/uploads\/sites\/17\/2024\/09\/CFP.jpg 899w\" sizes=\"(max-width: 576px) 100vw, 576px\" \/><figcaption class=\"wp-element-caption\"><span style=\"color: #000000\" class=\"stk-highlight\">Espa\u00e7o de exposi\u00e7\u00f5es<\/span><\/figcaption><\/figure><\/div><\/div><\/div><\/div>\n\n\n\n<div class=\"wp-block-stackable-column stk-block-column stk-column stk-block stk-c9f7db8\" data-v=\"4\" data-block-id=\"c9f7db8\"><style>@media screen and (min-width: 768px){.stk-c9f7db8 {flex:var(--stk-flex-grow, 1) 1 50% !important;}}<\/style><div class=\"stk-column-wrapper stk-block-column__content stk-container stk-c9f7db8-container stk--no-background stk--no-padding\"><div class=\"stk-block-content stk-inner-blocks stk-c9f7db8-inner-blocks\"><div class=\"wp-block-image\">\n<figure class=\"aligncenter size-large\"><img decoding=\"async\" width=\"1024\" height=\"576\" src=\"https:\/\/portais.santoandre.sp.gov.br\/educacao\/wp-content\/uploads\/sites\/17\/2024\/09\/CFP2-1024x576.jpg\" alt=\"\" class=\"wp-image-6474\" srcset=\"https:\/\/portais.santoandre.sp.gov.br\/educacao\/wp-content\/uploads\/sites\/17\/2024\/09\/CFP2-1024x576.jpg 1024w, https:\/\/portais.santoandre.sp.gov.br\/educacao\/wp-content\/uploads\/sites\/17\/2024\/09\/CFP2-300x169.jpg 300w, https:\/\/portais.santoandre.sp.gov.br\/educacao\/wp-content\/uploads\/sites\/17\/2024\/09\/CFP2-768x432.jpg 768w, https:\/\/portais.santoandre.sp.gov.br\/educacao\/wp-content\/uploads\/sites\/17\/2024\/09\/CFP2-1536x864.jpg 1536w, https:\/\/portais.santoandre.sp.gov.br\/educacao\/wp-content\/uploads\/sites\/17\/2024\/09\/CFP2.jpg 1599w\" sizes=\"(max-width: 1024px) 100vw, 1024px\" \/><figcaption class=\"wp-element-caption\"><span style=\"color: #000000\" class=\"stk-highlight\">Biblioteca Paulo Freire<\/span><\/figcaption><\/figure><\/div><\/div><\/div><\/div>\n\n\n\n<div class=\"wp-block-stackable-column stk-block-column stk-column stk-block stk-27802fb\" data-v=\"4\" data-block-id=\"27802fb\"><style>@media screen and (min-width: 768px){.stk-27802fb {flex:var(--stk-flex-grow, 1) 1 25% !important;}}<\/style><div class=\"stk-column-wrapper stk-block-column__content stk-container stk-27802fb-container stk--no-background stk--no-padding\"><div class=\"stk-block-content stk-inner-blocks stk-27802fb-inner-blocks\"><div class=\"wp-block-image\">\n<figure class=\"aligncenter size-large\"><img decoding=\"async\" width=\"576\" height=\"1024\" src=\"https:\/\/portais.santoandre.sp.gov.br\/educacao\/wp-content\/uploads\/sites\/17\/2024\/09\/CFP3-576x1024.jpg\" alt=\"\" class=\"wp-image-6473\" srcset=\"https:\/\/portais.santoandre.sp.gov.br\/educacao\/wp-content\/uploads\/sites\/17\/2024\/09\/CFP3-576x1024.jpg 576w, https:\/\/portais.santoandre.sp.gov.br\/educacao\/wp-content\/uploads\/sites\/17\/2024\/09\/CFP3-169x300.jpg 169w, https:\/\/portais.santoandre.sp.gov.br\/educacao\/wp-content\/uploads\/sites\/17\/2024\/09\/CFP3-768x1366.jpg 768w, https:\/\/portais.santoandre.sp.gov.br\/educacao\/wp-content\/uploads\/sites\/17\/2024\/09\/CFP3-864x1536.jpg 864w, https:\/\/portais.santoandre.sp.gov.br\/educacao\/wp-content\/uploads\/sites\/17\/2024\/09\/CFP3.jpg 899w\" sizes=\"(max-width: 576px) 100vw, 576px\" \/><figcaption class=\"wp-element-caption\"><span style=\"color: #000000\" class=\"stk-highlight\">Audit\u00f3rio Jorge Amado<\/span><\/figcaption><\/figure><\/div><\/div><\/div><\/div>\n<\/div><\/div>\n<\/div><\/div><\/div>\n<\/div><\/div>\n<\/div>\n<\/div>\n\n\n\n<p><span style=\"color: #000000\" class=\"stk-highlight\"><strong>Para mais informa\u00e7\u00f5es entre em contato pelos telefones:<\/strong><br>3356-8142 \/ 3356-8143<\/span><br><span style=\"color: #000000\" class=\"stk-highlight\">Rua Tirol, 5 \u2013\u00a0Vila Matarazzo \u2013 Santo Andr\u00e9<\/span><br><span style=\"color: #0f0e17\" class=\"stk-highlight\">E-mail: centrodeformacao@santoandre.sp.gov.br<\/span><\/p>\n\n\n\n<p><\/p>\n","protected":false},"excerpt":{"rendered":"<p>O Centro de Forma\u00e7\u00e3o de Professores Clarice Lispector, inaugurado em 18 de junho de 2004, \u00e9 um espa\u00e7o de relevante import\u00e2ncia para os profissionais que atuam na Secretaria de Educa\u00e7\u00e3o.&nbsp;Devido \u00e0&nbsp;import\u00e2ncia&nbsp;da&nbsp;forma\u00e7\u00e3o&nbsp;continuada na carreira profissional, &nbsp;os cursos de&nbsp;forma\u00e7\u00e3o&nbsp;oferecidos est\u00e3o conectados \u00e0s demandas das unidades escolares e da sociedade com o intuito de desenvolver as compet\u00eancias e [&hellip;]<\/p>\n","protected":false},"author":50,"featured_media":0,"parent":0,"menu_order":0,"comment_status":"closed","ping_status":"closed","template":"","meta":{"footnotes":""},"class_list":["post-6472","page","type-page","status-publish","hentry"],"_links":{"self":[{"href":"https:\/\/portais.santoandre.sp.gov.br\/educacao\/wp-json\/wp\/v2\/pages\/6472","targetHints":{"allow":["GET"]}}],"collection":[{"href":"https:\/\/portais.santoandre.sp.gov.br\/educacao\/wp-json\/wp\/v2\/pages"}],"about":[{"href":"https:\/\/portais.santoandre.sp.gov.br\/educacao\/wp-json\/wp\/v2\/types\/page"}],"author":[{"embeddable":true,"href":"https:\/\/portais.santoandre.sp.gov.br\/educacao\/wp-json\/wp\/v2\/users\/50"}],"replies":[{"embeddable":true,"href":"https:\/\/portais.santoandre.sp.gov.br\/educacao\/wp-json\/wp\/v2\/comments?post=6472"}],"version-history":[{"count":3,"href":"https:\/\/portais.santoandre.sp.gov.br\/educacao\/wp-json\/wp\/v2\/pages\/6472\/revisions"}],"predecessor-version":[{"id":12544,"href":"https:\/\/portais.santoandre.sp.gov.br\/educacao\/wp-json\/wp\/v2\/pages\/6472\/revisions\/12544"}],"wp:attachment":[{"href":"https:\/\/portais.santoandre.sp.gov.br\/educacao\/wp-json\/wp\/v2\/media?parent=6472"}],"curies":[{"name":"wp","href":"https:\/\/api.w.org\/{rel}","templated":true}]}}