{"id":6300,"date":"2024-09-17T11:39:04","date_gmt":"2024-09-17T14:39:04","guid":{"rendered":"https:\/\/portais.santoandre.sp.gov.br\/educacao\/?page_id=6300"},"modified":"2024-09-17T11:39:04","modified_gmt":"2024-09-17T14:39:04","slug":"emeief-tarsila-do-amaral-2021","status":"publish","type":"page","link":"https:\/\/portais.santoandre.sp.gov.br\/educacao\/emeief-tarsila-do-amaral-2021\/","title":{"rendered":"EMEIEF Tarsila do Amaral &#8211; 2021"},"content":{"rendered":"\n<p><strong><span style=\"color: #000000\" class=\"stk-highlight\">Rela\u00e7\u00e3o Nominal dos Dirigentes \u2013<\/span>\u00a0<\/strong><a href=\"https:\/\/portais.santoandre.sp.gov.br\/educacao\/wp-content\/uploads\/sites\/17\/2024\/09\/1CM-Emeief-Tarsila-do-Amaral.pdf\" target=\"_blank\" rel=\"noreferrer noopener\">Clique Aqui!<\/a><strong>\u00a0\u00a0<\/strong><\/p>\n\n\n\n<p><strong><span style=\"color: #000000\" class=\"stk-highlight\">Remunera\u00e7\u00e3o Individualizada dos Dirigentes \u2013<\/span>\u00a0<\/strong><a href=\"https:\/\/portais.santoandre.sp.gov.br\/educacao\/wp-content\/uploads\/sites\/17\/2024\/09\/2DN-Emeief-Tarsila-do-Amaral.pdf\" target=\"_blank\" rel=\"noreferrer noopener\">Clique Aqui!<\/a><\/p>\n\n\n\n<p><strong><span style=\"color: #000000\" class=\"stk-highlight\">Relat\u00f3rio Governamental 1\u00ba Semestre <strong>\u2013<\/strong><\/span>\u00a0<\/strong><a href=\"https:\/\/portais.santoandre.sp.gov.br\/educacao\/wp-content\/uploads\/sites\/17\/2024\/09\/3RG-Emeief-Tarsila-do-Amaral-1o-Sem.pdf\" target=\"_blank\" rel=\"noreferrer noopener\">Clique Aqui!<\/a><\/p>\n\n\n\n<p><strong><span style=\"color: #000000\" class=\"stk-highlight\">Relat\u00f3rio Governamental 2\u00ba Semestre <strong>\u2013<\/strong><\/span><\/strong>\u00a0<a href=\"https:\/\/portais.santoandre.sp.gov.br\/educacao\/wp-content\/uploads\/sites\/17\/2024\/09\/4RG-Emeief-Tarsila-do-Amaral-2o-Sem.pdf\" target=\"_blank\" rel=\"noreferrer noopener\">Clique Aqui!<\/a><\/p>\n\n\n\n<p><strong><span style=\"color: #000000\" class=\"stk-highlight\">Prestadores de Servi\u00e7os Fornecedores \u2013<\/span>\u00a0<\/strong><a href=\"https:\/\/portais.santoandre.sp.gov.br\/educacao\/wp-content\/uploads\/sites\/17\/2024\/09\/5Prestadores-de-Servicos-Fornecedores-2021-Emeief-Tarsila-do-Amaral.pdf\" target=\"_blank\" rel=\"noreferrer noopener\">Clique Aqui!<\/a><\/p>\n\n\n\n<p><strong><span style=\"color: #000000\" class=\"stk-highlight\">S\u00edntese do Relat\u00f3rio F\u00edsico-financeiro\u00a0de Receitas e Despesas\u00a0\u2013<\/span>\u00a0<\/strong><a href=\"https:\/\/portais.santoandre.sp.gov.br\/educacao\/wp-content\/uploads\/sites\/17\/2024\/09\/6Sintese-de-Aplicacao-Financeira-2021-Emeief-Tarsila-do-Amaral.pdf\" target=\"_blank\" rel=\"noreferrer noopener\">Clique Aqui!<\/a><\/p>\n\n\n\n<p><strong><span style=\"color: #000000\" class=\"stk-highlight\">Plano de Trabalho 2021\u00a0\u2013<\/span>\u00a0<\/strong><a href=\"https:\/\/portais.santoandre.sp.gov.br\/educacao\/wp-content\/uploads\/sites\/17\/2024\/09\/7PLANO-DE-TRABALHO-2021-Emeief-Tarsila-do-Amaral.pdf\" target=\"_blank\" rel=\"noreferrer noopener\">Clique Aqui!<\/a><\/p>\n\n\n\n<p><strong><span style=\"color: #000000\" class=\"stk-highlight\">Plano de Trabalho\u00a0Aditivo 2021 \u2013<\/span>\u00a0<\/strong><a href=\"https:\/\/portais.santoandre.sp.gov.br\/educacao\/wp-content\/uploads\/sites\/17\/2024\/09\/8PLANO-DE-TRAB-ADIT-2021-EMEIEF-TARSILA-DO-AMARAL.pdf\" target=\"_blank\" rel=\"noreferrer noopener\">Clique Aqui!<\/a><\/p>\n\n\n\n<p><strong><span style=\"color: #000000\" class=\"stk-highlight\">Termo de Conv\u00eanio 2021\u00a0\u2013<\/span>\u00a0<\/strong><a href=\"https:\/\/portais.santoandre.sp.gov.br\/educacao\/wp-content\/uploads\/sites\/17\/2024\/09\/9TERMO-DE-CONVENIO-2021-Emeief-Tarsila-do-Amaral.pdf\" target=\"_blank\" rel=\"noreferrer noopener\">Clique Aqui!<\/a><\/p>\n\n\n\n<p><strong><span style=\"color: #000000\" class=\"stk-highlight\">Valores Repassados \u2013<\/span>\u00a0<\/strong><a href=\"https:\/\/portais.santoandre.sp.gov.br\/educacao\/wp-content\/uploads\/sites\/17\/2024\/09\/10PAGAMENTOS-PSA-2021-EMEIEF-Tarsila-do-Amaral.pdf\" target=\"_blank\" rel=\"noreferrer noopener\">Clique Aqui!<\/a><\/p>\n\n\n\n<p><strong><span style=\"color: #000000\" class=\"stk-highlight\">Demonstrativo de Receitas e Despesas\u00a0\u2013<\/span>\u00a0<\/strong><a href=\"https:\/\/portais.santoandre.sp.gov.br\/educacao\/wp-content\/uploads\/sites\/17\/2024\/09\/11Demonstrativo-de-Receita-e-Despesa-2021-Emeief-Tarsila-do-Amaral.pdf\" target=\"_blank\" rel=\"noreferrer noopener\">Clique Aqui!<\/a><\/p>\n\n\n\n<p><strong><span style=\"color: #000000\" class=\"stk-highlight\">Termo Aditivo 2021\u00a0\u2013<\/span>\u00a0<\/strong><a href=\"https:\/\/portais.santoandre.sp.gov.br\/educacao\/wp-content\/uploads\/sites\/17\/2024\/09\/12TERMO-ADITIVO-2021-Emeief-Tarsila-do-Amaral.pdf\" target=\"_blank\" rel=\"noreferrer noopener\">Clique Aqui!<\/a><\/p>\n\n\n\n<p><strong><span style=\"color: #000000\" class=\"stk-highlight\">Estatuto \u2013<\/span>\u00a0<\/strong><a href=\"https:\/\/portais.santoandre.sp.gov.br\/educacao\/wp-content\/uploads\/sites\/17\/2024\/09\/13Estatuto-Emeief-Tarsila-do-Amaral_.pdf\" target=\"_blank\" rel=\"noreferrer noopener\">Clique Aqui!<\/a><\/p>\n","protected":false},"excerpt":{"rendered":"<p>Rela\u00e7\u00e3o Nominal dos Dirigentes \u2013\u00a0Clique Aqui!\u00a0\u00a0 Remunera\u00e7\u00e3o Individualizada dos Dirigentes \u2013\u00a0Clique Aqui! Relat\u00f3rio Governamental 1\u00ba Semestre \u2013\u00a0Clique Aqui! Relat\u00f3rio Governamental 2\u00ba Semestre \u2013\u00a0Clique Aqui! Prestadores de Servi\u00e7os Fornecedores \u2013\u00a0Clique Aqui! S\u00edntese do Relat\u00f3rio F\u00edsico-financeiro\u00a0de Receitas e Despesas\u00a0\u2013\u00a0Clique Aqui! Plano de Trabalho 2021\u00a0\u2013\u00a0Clique Aqui! Plano de Trabalho\u00a0Aditivo 2021 \u2013\u00a0Clique Aqui! Termo de Conv\u00eanio 2021\u00a0\u2013\u00a0Clique Aqui! Valores [&hellip;]<\/p>\n","protected":false},"author":50,"featured_media":0,"parent":0,"menu_order":0,"comment_status":"closed","ping_status":"closed","template":"","meta":{"footnotes":""},"class_list":["post-6300","page","type-page","status-publish","hentry"],"_links":{"self":[{"href":"https:\/\/portais.santoandre.sp.gov.br\/educacao\/wp-json\/wp\/v2\/pages\/6300","targetHints":{"allow":["GET"]}}],"collection":[{"href":"https:\/\/portais.santoandre.sp.gov.br\/educacao\/wp-json\/wp\/v2\/pages"}],"about":[{"href":"https:\/\/portais.santoandre.sp.gov.br\/educacao\/wp-json\/wp\/v2\/types\/page"}],"author":[{"embeddable":true,"href":"https:\/\/portais.santoandre.sp.gov.br\/educacao\/wp-json\/wp\/v2\/users\/50"}],"replies":[{"embeddable":true,"href":"https:\/\/portais.santoandre.sp.gov.br\/educacao\/wp-json\/wp\/v2\/comments?post=6300"}],"version-history":[{"count":1,"href":"https:\/\/portais.santoandre.sp.gov.br\/educacao\/wp-json\/wp\/v2\/pages\/6300\/revisions"}],"predecessor-version":[{"id":6314,"href":"https:\/\/portais.santoandre.sp.gov.br\/educacao\/wp-json\/wp\/v2\/pages\/6300\/revisions\/6314"}],"wp:attachment":[{"href":"https:\/\/portais.santoandre.sp.gov.br\/educacao\/wp-json\/wp\/v2\/media?parent=6300"}],"curies":[{"name":"wp","href":"https:\/\/api.w.org\/{rel}","templated":true}]}}