{"id":5957,"date":"2024-09-11T14:24:52","date_gmt":"2024-09-11T17:24:52","guid":{"rendered":"https:\/\/portais.santoandre.sp.gov.br\/educacao\/?page_id=5957"},"modified":"2024-09-11T14:24:52","modified_gmt":"2024-09-11T17:24:52","slug":"emei-professora-mariangela-ferreira-aranda-fuzetto-2020","status":"publish","type":"page","link":"https:\/\/portais.santoandre.sp.gov.br\/educacao\/emei-professora-mariangela-ferreira-aranda-fuzetto-2020\/","title":{"rendered":"EMEI Professora Mari\u00e2ngela Ferreira Aranda Fuzetto &#8211; 2020"},"content":{"rendered":"\n<p><strong><span style=\"color: #000000\" class=\"stk-highlight\">Balancete \u2013<\/span> <\/strong><a href=\"https:\/\/portais.santoandre.sp.gov.br\/educacao\/wp-content\/uploads\/sites\/17\/2024\/09\/1balancete-emeief-professora-mariangela-f-a-f.pdf\" target=\"_blank\" rel=\"noreferrer noopener\">Clique Aqui!<\/a><\/p>\n\n\n\n<p><strong><span style=\"color: #000000\" class=\"stk-highlight\">Aditivo \u2013 <\/span><\/strong><a href=\"https:\/\/portais.santoandre.sp.gov.br\/educacao\/wp-content\/uploads\/sites\/17\/2024\/09\/2aditivo-EMEIEF-PROFA-MARIANGELA-FERREIRA-ARANDA-FUZETTO.pdf\" target=\"_blank\" rel=\"noreferrer noopener\">Clique Aqui!<\/a><\/p>\n\n\n\n<p><strong><span style=\"color: #000000\" class=\"stk-highlight\">Demonstra\u00e7\u00f5es Cont\u00e1beis \u2013<\/span> <\/strong><a href=\"https:\/\/portais.santoandre.sp.gov.br\/educacao\/wp-content\/uploads\/sites\/17\/2024\/09\/3DRE-e-Balanco-Patrimonial-Emeief-Mariangela-F.-A.-Fuzetto.pdf\" target=\"_blank\" rel=\"noreferrer noopener\">Clique Aqui!<\/a><\/p>\n\n\n\n<p><strong><span style=\"color: #000000\" class=\"stk-highlight\">Demonstrativo de Receitas e Despesas \u2013<\/span> <\/strong><a href=\"https:\/\/portais.santoandre.sp.gov.br\/educacao\/wp-content\/uploads\/sites\/17\/2024\/09\/4Conselho-de-Escola-da-EMEIEF-Mariangela-Fuzetto-Profa-Demonstrativo-de-Receitas-e-Despesas-2020.pdf\" target=\"_blank\" rel=\"noreferrer noopener\">Clique Aqui!<\/a><\/p>\n\n\n\n<p><strong><span style=\"color: #000000\" class=\"stk-highlight\">Plano de Trabalho 2020\/2021 \u2013<\/span> <\/strong><a href=\"https:\/\/portais.santoandre.sp.gov.br\/educacao\/wp-content\/uploads\/sites\/17\/2024\/09\/5plano-EMEIEF-MARIANGELA-FERREIRA-ARANDA-FUZETO.pdf\" target=\"_blank\" rel=\"noreferrer noopener\">Clique Aqui!<\/a><\/p>\n\n\n\n<p><strong><span style=\"color: #000000\" class=\"stk-highlight\">Prestadores de Servi\u00e7os Fornecedores \u2013 <\/span><\/strong><a href=\"https:\/\/portais.santoandre.sp.gov.br\/educacao\/wp-content\/uploads\/sites\/17\/2024\/09\/6Conselho-de-Escola-da-EMEIEF-Mariangela-Fuzetto-Profa-Prestadores-de-Servicos-Fornecedores-2020.pdf\" target=\"_blank\" rel=\"noreferrer noopener\">Clique Aqui!<\/a><\/p>\n\n\n\n<p><strong><span style=\"color: #000000\" class=\"stk-highlight\">S\u00edntese de Aplica\u00e7\u00f5es Financeiras \u2013<\/span> <\/strong><a href=\"https:\/\/portais.santoandre.sp.gov.br\/educacao\/wp-content\/uploads\/sites\/17\/2024\/09\/7Conselho-de-Escola-da-EMEIEF-Mariangela-Fuzetto-Profa-Sintese-Aplicacao-Financeira-2020.pdf\" target=\"_blank\" rel=\"noreferrer noopener\">Clique Aqui!<\/a><\/p>\n\n\n\n<p><strong><span style=\"color: #000000\" class=\"stk-highlight\">S\u00edntese de Receitas e Despesas \u2013<\/span> <\/strong><a href=\"https:\/\/portais.santoandre.sp.gov.br\/educacao\/wp-content\/uploads\/sites\/17\/2024\/09\/8Conselho-de-Escola-da-EMEIEF-Mariangela-Fuzetto-Profa-Sintese-Receitas-e-Despesas-2020.pdf\" target=\"_blank\" rel=\"noreferrer noopener\">Clique Aqui!<\/a><\/p>\n\n\n\n<p class=\"has-black-color has-text-color has-medium-font-size\"><\/p>\n\n\n\n<div class=\"wp-block-stackable-divider stk-block-divider stk-block stk-e4b48d3 is-style-bar\" data-block-id=\"e4b48d3\"><style>.stk-e4b48d3 hr.stk-block-divider__hr{width:100% !important}<\/style><hr class=\"stk-block-divider__hr\" \/><\/div>\n\n\n\n<p><strong><span style=\"color: #000000\" class=\"stk-highlight\">Aditivo 2018 \u2013<\/span> <\/strong><a href=\"https:\/\/portais.santoandre.sp.gov.br\/educacao\/wp-content\/uploads\/sites\/17\/2024\/09\/9Aditivo-2018-4-1.pdf\" target=\"_blank\" rel=\"noreferrer noopener\">Clique Aqui!<\/a><\/p>\n\n\n\n<p><strong><span style=\"color: #000000\" class=\"stk-highlight\">Aditivo 2019 \u2013<\/span> <\/strong><a href=\"https:\/\/portais.santoandre.sp.gov.br\/educacao\/wp-content\/uploads\/sites\/17\/2024\/09\/10Aditivo-2019-6-1.pdf\" target=\"_blank\" rel=\"noreferrer noopener\">Clique Aqui!<\/a><\/p>\n\n\n\n<p><strong><span style=\"color: #000000\" class=\"stk-highlight\">Certificado de Membros \u2013<\/span> <\/strong><a href=\"https:\/\/portais.santoandre.sp.gov.br\/educacao\/wp-content\/uploads\/sites\/17\/2024\/09\/11Certificado-de-membros-9-1.pdf\" target=\"_blank\" rel=\"noreferrer noopener\">Clique Aqui!<\/a><\/p>\n\n\n\n<p><strong><span style=\"color: #000000\" class=\"stk-highlight\">Conv\u00eanio 2016 \u2013<\/span> <\/strong><a href=\"https:\/\/portais.santoandre.sp.gov.br\/educacao\/wp-content\/uploads\/sites\/17\/2024\/09\/12Convenio-2016-5-1.pdf\" target=\"_blank\" rel=\"noreferrer noopener\">Clique Aqui!<\/a><\/p>\n\n\n\n<p><strong><span style=\"color: #000000\" class=\"stk-highlight\">Declara\u00e7\u00e3o de Nepotismo \u2013<\/span> <\/strong><a href=\"https:\/\/portais.santoandre.sp.gov.br\/educacao\/wp-content\/uploads\/sites\/17\/2024\/09\/13Declaracao-de-nepotismo-9-1.pdf\" target=\"_blank\" rel=\"noreferrer noopener\">Clique Aqui!<\/a><\/p>\n\n\n\n<p><strong><span style=\"color: #000000\" class=\"stk-highlight\">Estatuto \u2013<\/span> <\/strong><a href=\"https:\/\/portais.santoandre.sp.gov.br\/educacao\/wp-content\/uploads\/sites\/17\/2024\/09\/14Estatuto-Social-3.pdf\" target=\"_blank\" rel=\"noreferrer noopener\">Clique Aqui!<\/a><\/p>\n\n\n\n<p><strong><span style=\"color: #000000\" class=\"stk-highlight\">Pagamento \u2013<\/span> <\/strong><a href=\"https:\/\/portais.santoandre.sp.gov.br\/educacao\/wp-content\/uploads\/sites\/17\/2024\/09\/15Pagamento-PSA-2019-Mariangela.pdf\" target=\"_blank\" rel=\"noreferrer noopener\">Clique Aqui!<\/a><\/p>\n\n\n\n<p><strong><span style=\"color: #000000\" class=\"stk-highlight\">Plano de Trabalho 2018\/2019 \u2013<\/span> <\/strong><a href=\"https:\/\/portais.santoandre.sp.gov.br\/educacao\/wp-content\/uploads\/sites\/17\/2024\/09\/16Plano-de-Trabalho-2018_2019-8.pdf\" target=\"_blank\" rel=\"noreferrer noopener\">Clique Aqui!<\/a><\/p>\n\n\n\n<p><strong><span style=\"color: #000000\" class=\"stk-highlight\">Plano de Trabalho 2019\/2020 \u2013<\/span> <\/strong><a href=\"https:\/\/portais.santoandre.sp.gov.br\/educacao\/wp-content\/uploads\/sites\/17\/2024\/09\/17Plano-de-Trabalho-2019_2020-6.pdf\" target=\"_blank\" rel=\"noreferrer noopener\">Clique Aqui!<\/a><\/p>\n\n\n\n<p><strong><span style=\"color: #000000\" class=\"stk-highlight\">S\u00edntese de Aplica\u00e7\u00f5es Financeiras \u2013<\/span> <\/strong><a href=\"https:\/\/portais.santoandre.sp.gov.br\/educacao\/wp-content\/uploads\/sites\/17\/2024\/09\/18Sintese-Aplicacao-Financeira-3-1.pdf\" target=\"_blank\" rel=\"noreferrer noopener\">Clique Aqui!<\/a><\/p>\n\n\n\n<p><strong><span style=\"color: #000000\" class=\"stk-highlight\">S\u00edntese de Receitas e Despesas &#8211;<\/span> <\/strong><a href=\"https:\/\/portais.santoandre.sp.gov.br\/educacao\/wp-content\/uploads\/sites\/17\/2024\/09\/19Sintese-Receitas-e-Despesas-4.pdf\" target=\"_blank\" rel=\"noreferrer noopener\">Clique Aqui!<\/a><\/p>\n","protected":false},"excerpt":{"rendered":"<p>Balancete \u2013 Clique Aqui! Aditivo \u2013 Clique Aqui! Demonstra\u00e7\u00f5es Cont\u00e1beis \u2013 Clique Aqui! Demonstrativo de Receitas e Despesas \u2013 Clique Aqui! Plano de Trabalho 2020\/2021 \u2013 Clique Aqui! Prestadores de Servi\u00e7os Fornecedores \u2013 Clique Aqui! S\u00edntese de Aplica\u00e7\u00f5es Financeiras \u2013 Clique Aqui! S\u00edntese de Receitas e Despesas \u2013 Clique Aqui! Aditivo 2018 \u2013 Clique Aqui! [&hellip;]<\/p>\n","protected":false},"author":50,"featured_media":0,"parent":0,"menu_order":0,"comment_status":"closed","ping_status":"closed","template":"","meta":{"footnotes":""},"class_list":["post-5957","page","type-page","status-publish","hentry"],"_links":{"self":[{"href":"https:\/\/portais.santoandre.sp.gov.br\/educacao\/wp-json\/wp\/v2\/pages\/5957","targetHints":{"allow":["GET"]}}],"collection":[{"href":"https:\/\/portais.santoandre.sp.gov.br\/educacao\/wp-json\/wp\/v2\/pages"}],"about":[{"href":"https:\/\/portais.santoandre.sp.gov.br\/educacao\/wp-json\/wp\/v2\/types\/page"}],"author":[{"embeddable":true,"href":"https:\/\/portais.santoandre.sp.gov.br\/educacao\/wp-json\/wp\/v2\/users\/50"}],"replies":[{"embeddable":true,"href":"https:\/\/portais.santoandre.sp.gov.br\/educacao\/wp-json\/wp\/v2\/comments?post=5957"}],"version-history":[{"count":1,"href":"https:\/\/portais.santoandre.sp.gov.br\/educacao\/wp-json\/wp\/v2\/pages\/5957\/revisions"}],"predecessor-version":[{"id":5977,"href":"https:\/\/portais.santoandre.sp.gov.br\/educacao\/wp-json\/wp\/v2\/pages\/5957\/revisions\/5977"}],"wp:attachment":[{"href":"https:\/\/portais.santoandre.sp.gov.br\/educacao\/wp-json\/wp\/v2\/media?parent=5957"}],"curies":[{"name":"wp","href":"https:\/\/api.w.org\/{rel}","templated":true}]}}