{"id":588,"date":"2024-04-09T11:06:46","date_gmt":"2024-04-09T14:06:46","guid":{"rendered":"https:\/\/portais.santoandre.sp.gov.br\/educacao\/?page_id=588"},"modified":"2024-05-02T08:39:02","modified_gmt":"2024-05-02T11:39:02","slug":"creche-henfil-2023","status":"publish","type":"page","link":"https:\/\/portais.santoandre.sp.gov.br\/educacao\/creche-henfil-2023\/","title":{"rendered":"Creche Henfil &#8211; 2023"},"content":{"rendered":"\n<ol class=\"wp-block-list\" type=\"1\">\n<li><strong><span style=\"color: #000000\" class=\"stk-highlight\">S\u00edntese de&nbsp;aplica\u00e7\u00f5es financeiras &#8211;<\/span> <\/strong><a rel=\"noreferrer noopener\" href=\"https:\/\/santoandreedu-my.sharepoint.com\/:b:\/g\/personal\/siteeducacao_edu_santoandre_sp_gov_br\/ERxXZDpAQrdNrGhLmhK4T2UBBKv4zpfJ_w7Rs7thQY35rw?e=hI1Qa3\" target=\"_blank\">Clique Aqui!<\/a><\/li>\n\n\n\n<li><strong><span style=\"color: #000000\" class=\"stk-highlight\">Prestadores de servi\u00e7os Fornecedores&nbsp;&#8211;<\/span> <\/strong><a href=\"https:\/\/santoandreedu-my.sharepoint.com\/:b:\/g\/personal\/siteeducacao_edu_santoandre_sp_gov_br\/EdvEAwrSvmhJuOaSBXkmBEwByE4pqDCe4vFGGNU51TMqQQ?e=koyzRy\" target=\"_blank\" rel=\"noreferrer noopener\">Clique Aqui!<\/a><\/li>\n\n\n\n<li><strong><span style=\"color: #000000\" class=\"stk-highlight\">S\u00edntese do relat\u00f3rio f\u00edsico-financeiros&nbsp;de receitas e despesas &#8211;<\/span> <\/strong><a rel=\"noreferrer noopener\" href=\"https:\/\/santoandreedu-my.sharepoint.com\/:b:\/g\/personal\/siteeducacao_edu_santoandre_sp_gov_br\/EUkzUV4eqxZEnYES06fe70YBU8sqV2ckEsdCre-WqTe0xw?e=hpxPuc\" target=\"_blank\">Clique Aqui!<\/a><\/li>\n\n\n\n<li><strong><span style=\"color: #000000\" class=\"stk-highlight\">Plano de Trabalho \u2013 2023\/2024 &#8211;<\/span> <\/strong><a rel=\"noreferrer noopener\" href=\"https:\/\/santoandreedu-my.sharepoint.com\/:b:\/g\/personal\/siteeducacao_edu_santoandre_sp_gov_br\/ERb2u1v9oYRGr3XhSnqQQc0BFK0ZKjUlLhMwPl-AZGvfAA?e=hsAAtW\" target=\"_blank\">Clique Aqui!<\/a><\/li>\n\n\n\n<li><strong><span style=\"color: #000000\" class=\"stk-highlight\">Termo Aditivo 2023\/2024 &#8211;<\/span> <\/strong><a rel=\"noreferrer noopener\" href=\"https:\/\/santoandreedu-my.sharepoint.com\/:b:\/g\/personal\/siteeducacao_edu_santoandre_sp_gov_br\/EUSbkta17c9JpDeaJQwf6K4BzGlr-IP80N9qs3TtpWblvA?e=4moh3K\" target=\"_blank\">Clique Aqui!<\/a><\/li>\n\n\n\n<li><strong><span style=\"color: #000000\" class=\"stk-highlight\">Valores Repassados &#8211;<\/span> <\/strong><a rel=\"noreferrer noopener\" href=\"https:\/\/santoandreedu-my.sharepoint.com\/:b:\/g\/personal\/siteeducacao_edu_santoandre_sp_gov_br\/EV2v2n930fxLuV-a_SEcM4YBd6OY-_sZTcBK19NvU6ioUw?e=7gChqr\" target=\"_blank\">Clique Aqui!<\/a><\/li>\n\n\n\n<li><strong><span style=\"color: #000000\" class=\"stk-highlight\">Demonstrativo de Receitas e Despesas&nbsp;&#8211;<\/span> <\/strong><a rel=\"noreferrer noopener\" href=\"https:\/\/santoandreedu-my.sharepoint.com\/:b:\/g\/personal\/siteeducacao_edu_santoandre_sp_gov_br\/EaRkJLp--DNCrcbiEo7R2h8BE9RxUQquJFvMmU5jw4iQtw?e=N0mvoz\" target=\"_blank\">Clique Aqui!<\/a><\/li>\n\n\n\n<li><strong><span style=\"color: #000000\" class=\"stk-highlight\">Remunera\u00e7\u00e3o individualizada dos Dirigentes<\/span><\/strong> <strong>&#8211;<\/strong> <a href=\"https:\/\/santoandreedu-my.sharepoint.com\/:b:\/g\/personal\/siteeducacao_edu_santoandre_sp_gov_br\/EeM_R5EXX6xLsR8vxRTE8BsB4apmKXcqwH_Zx7K-vBfhZA?e=ACAMPR\" target=\"_blank\" rel=\"noreferrer noopener\">Clique Aqui!<\/a><\/li>\n\n\n\n<li><strong><span style=\"color: #000000\" class=\"stk-highlight\">Manual de Compras: Aquisi\u00e7\u00f5es, Servi\u00e7os e Contrata\u00e7\u00e3o de Pessoal &#8211;<\/span> <\/strong><a rel=\"noreferrer noopener\" href=\"https:\/\/santoandreedu-my.sharepoint.com\/:b:\/g\/personal\/siteeducacao_edu_santoandre_sp_gov_br\/EbCyXgOP03dJgncANnBvbhQBhoFq644u0L82Nm9oUBZCDw?e=cuJEcY\" target=\"_blank\">Clique Aqui!<\/a><\/li>\n\n\n\n<li><strong><span style=\"color: #000000\" class=\"stk-highlight\">Estatuto &#8211;<\/span> <\/strong><a rel=\"noreferrer noopener\" href=\"https:\/\/santoandreedu-my.sharepoint.com\/:b:\/g\/personal\/siteeducacao_edu_santoandre_sp_gov_br\/EaXpUj_d4stBmUws8p_3YKgBDP_rVtUsjte5txBLpzkgAw?e=lyGoJl\" target=\"_blank\">Clique Aqui!<\/a><\/li>\n<\/ol>\n","protected":false},"excerpt":{"rendered":"","protected":false},"author":50,"featured_media":0,"parent":0,"menu_order":0,"comment_status":"closed","ping_status":"closed","template":"","meta":{"footnotes":""},"class_list":["post-588","page","type-page","status-publish","hentry"],"_links":{"self":[{"href":"https:\/\/portais.santoandre.sp.gov.br\/educacao\/wp-json\/wp\/v2\/pages\/588","targetHints":{"allow":["GET"]}}],"collection":[{"href":"https:\/\/portais.santoandre.sp.gov.br\/educacao\/wp-json\/wp\/v2\/pages"}],"about":[{"href":"https:\/\/portais.santoandre.sp.gov.br\/educacao\/wp-json\/wp\/v2\/types\/page"}],"author":[{"embeddable":true,"href":"https:\/\/portais.santoandre.sp.gov.br\/educacao\/wp-json\/wp\/v2\/users\/50"}],"replies":[{"embeddable":true,"href":"https:\/\/portais.santoandre.sp.gov.br\/educacao\/wp-json\/wp\/v2\/comments?post=588"}],"version-history":[{"count":2,"href":"https:\/\/portais.santoandre.sp.gov.br\/educacao\/wp-json\/wp\/v2\/pages\/588\/revisions"}],"predecessor-version":[{"id":1376,"href":"https:\/\/portais.santoandre.sp.gov.br\/educacao\/wp-json\/wp\/v2\/pages\/588\/revisions\/1376"}],"wp:attachment":[{"href":"https:\/\/portais.santoandre.sp.gov.br\/educacao\/wp-json\/wp\/v2\/media?parent=588"}],"curies":[{"name":"wp","href":"https:\/\/api.w.org\/{rel}","templated":true}]}}