{"id":546,"date":"2024-04-09T08:50:13","date_gmt":"2024-04-09T11:50:13","guid":{"rendered":"https:\/\/portais.santoandre.sp.gov.br\/educacao\/?page_id=546"},"modified":"2024-04-09T08:53:14","modified_gmt":"2024-04-09T11:53:14","slug":"creche-edson-felix-dos-santos-bigodinho-2023","status":"publish","type":"page","link":"https:\/\/portais.santoandre.sp.gov.br\/educacao\/creche-edson-felix-dos-santos-bigodinho-2023\/","title":{"rendered":"Creche Edson F\u00e9lix dos Santos Bigodinho &#8211; 2023"},"content":{"rendered":"\n<ol class=\"wp-block-list\" type=\"1\">\n<li><strong><span style=\"color: #000000\" class=\"stk-highlight\">S\u00edntese de\u00a0aplica\u00e7\u00f5es financeiras &#8211;<\/span> <\/strong><a rel=\"noreferrer noopener\" href=\"https:\/\/santoandreedu-my.sharepoint.com\/:b:\/g\/personal\/siteeducacao_edu_santoandre_sp_gov_br\/EUQUdFSqmZ1IpD7ZLqZDgqEBXyalUDfvnhWciSMa_lzEfQ?e=OK7wWF\" target=\"_blank\">Clique Aqui!<\/a><\/li>\n\n\n\n<li><strong><span style=\"color: #000000\" class=\"stk-highlight\">Prestadores de servi\u00e7os Fornecedores &#8211;<\/span> <\/strong><a rel=\"noreferrer noopener\" href=\"https:\/\/santoandreedu-my.sharepoint.com\/:b:\/g\/personal\/siteeducacao_edu_santoandre_sp_gov_br\/Ec741U4x8XJDlPp4Sp-r73wByIRjf6B9gi7EJQpFKNBgpw?e=tGwsbP\" target=\"_blank\">Clique Aqui!<\/a><\/li>\n\n\n\n<li><strong><span style=\"color: #000000\" class=\"stk-highlight\">S\u00edntese do relat\u00f3rio f\u00edsico-financeiros&nbsp;de receitas e despesas &#8211;<\/span> <\/strong><a rel=\"noreferrer noopener\" href=\"https:\/\/santoandreedu-my.sharepoint.com\/:b:\/g\/personal\/siteeducacao_edu_santoandre_sp_gov_br\/EaAknI80pFZCpm5_7VHq1RoB5qtfufOhuT5wNQIfV9ve4w?e=V1nhCk\" target=\"_blank\">Clique Aqui!<\/a><\/li>\n\n\n\n<li><strong><span style=\"color: #000000\" class=\"stk-highlight\">Plano de Trabalho \u2013 2023\/2024 &#8211;<\/span> <\/strong><a rel=\"noreferrer noopener\" href=\"https:\/\/santoandreedu-my.sharepoint.com\/:b:\/g\/personal\/siteeducacao_edu_santoandre_sp_gov_br\/ETjqpFiK1UBPqi4-REyn6sMBxDyTlp6jhpUVGUTjwjn0zg?e=Q2JNap\" target=\"_blank\">Clique Aqui!<\/a><\/li>\n\n\n\n<li><strong><span style=\"color: #000000\" class=\"stk-highlight\">Termo Aditivo 2023\/2024 &#8211;<\/span> <\/strong><a rel=\"noreferrer noopener\" href=\"https:\/\/santoandreedu-my.sharepoint.com\/:b:\/g\/personal\/siteeducacao_edu_santoandre_sp_gov_br\/Ee3Vdc0LbcJHlXQcE7l9hesBhmUuqIoxy6oq3VPd0A-8_g?e=ZfhJuk\" target=\"_blank\">Clique Aqui!<\/a><strong> <\/strong><\/li>\n\n\n\n<li><strong><span style=\"color: #000000\" class=\"stk-highlight\">Valores Repassados &#8211;<\/span> <\/strong><a rel=\"noreferrer noopener\" href=\"https:\/\/santoandreedu-my.sharepoint.com\/:b:\/g\/personal\/siteeducacao_edu_santoandre_sp_gov_br\/EbecfN4ID8FPo4322AQD6nMBdwBWRl86i5tCI5-yUVRrwQ?e=9xFssl\" target=\"_blank\">Clique Aqui!<\/a><\/li>\n\n\n\n<li><strong><span style=\"color: #000000\" class=\"stk-highlight\">Demonstrativo de Receitas e Despesas &#8211;<\/span> <\/strong><a rel=\"noreferrer noopener\" href=\"https:\/\/santoandreedu-my.sharepoint.com\/:b:\/g\/personal\/siteeducacao_edu_santoandre_sp_gov_br\/EQPD6aPUvh1MhrrTObI_rkUBoEoY2fsKoWMgGGYk0yR3kQ?e=vmccVN\" target=\"_blank\">Clique Aqui!<\/a><\/li>\n\n\n\n<li><strong><span style=\"color: #000000\" class=\"stk-highlight\">Remunera\u00e7\u00e3o individualizada dos Dirigentes &#8211;<\/span> <\/strong><a rel=\"noreferrer noopener\" href=\"https:\/\/santoandreedu-my.sharepoint.com\/:b:\/g\/personal\/siteeducacao_edu_santoandre_sp_gov_br\/EfOdiKJzlMVOmEvKYW7HdMwB2hASel7XWn16vz-kun1edg?e=B6pPtN\" target=\"_blank\">Clique Aqui!<\/a><\/li>\n\n\n\n<li><strong><span style=\"color: #000000\" class=\"stk-highlight\">Manual de Compras: Aquisi\u00e7\u00f5es, Servi\u00e7os e Contrata\u00e7\u00e3o de Pessoal &#8211;<\/span>  <\/strong><a rel=\"noreferrer noopener\" href=\"https:\/\/santoandreedu-my.sharepoint.com\/:b:\/g\/personal\/siteeducacao_edu_santoandre_sp_gov_br\/EbCyXgOP03dJgncANnBvbhQBhoFq644u0L82Nm9oUBZCDw?e=2MhoSW\" target=\"_blank\">Clique Aqui!<\/a><\/li>\n\n\n\n<li><strong><span style=\"color: #000000\" class=\"stk-highlight\">Estatuto &#8211;<\/span> <\/strong><a rel=\"noreferrer noopener\" href=\"https:\/\/santoandreedu-my.sharepoint.com\/:b:\/g\/personal\/siteeducacao_edu_santoandre_sp_gov_br\/EcrbKRQGEJ9CgCrrLIZzuu8B4kQJinZ96T_4SuuGDGXsfA?e=tqFF18\" target=\"_blank\">Clique Aqui!<\/a><\/li>\n<\/ol>\n","protected":false},"excerpt":{"rendered":"","protected":false},"author":50,"featured_media":0,"parent":0,"menu_order":0,"comment_status":"closed","ping_status":"closed","template":"","meta":{"footnotes":""},"class_list":["post-546","page","type-page","status-publish","hentry"],"_links":{"self":[{"href":"https:\/\/portais.santoandre.sp.gov.br\/educacao\/wp-json\/wp\/v2\/pages\/546","targetHints":{"allow":["GET"]}}],"collection":[{"href":"https:\/\/portais.santoandre.sp.gov.br\/educacao\/wp-json\/wp\/v2\/pages"}],"about":[{"href":"https:\/\/portais.santoandre.sp.gov.br\/educacao\/wp-json\/wp\/v2\/types\/page"}],"author":[{"embeddable":true,"href":"https:\/\/portais.santoandre.sp.gov.br\/educacao\/wp-json\/wp\/v2\/users\/50"}],"replies":[{"embeddable":true,"href":"https:\/\/portais.santoandre.sp.gov.br\/educacao\/wp-json\/wp\/v2\/comments?post=546"}],"version-history":[{"count":2,"href":"https:\/\/portais.santoandre.sp.gov.br\/educacao\/wp-json\/wp\/v2\/pages\/546\/revisions"}],"predecessor-version":[{"id":552,"href":"https:\/\/portais.santoandre.sp.gov.br\/educacao\/wp-json\/wp\/v2\/pages\/546\/revisions\/552"}],"wp:attachment":[{"href":"https:\/\/portais.santoandre.sp.gov.br\/educacao\/wp-json\/wp\/v2\/media?parent=546"}],"curies":[{"name":"wp","href":"https:\/\/api.w.org\/{rel}","templated":true}]}}