{"id":4991,"date":"2024-08-19T09:08:46","date_gmt":"2024-08-19T12:08:46","guid":{"rendered":"https:\/\/portais.santoandre.sp.gov.br\/educacao\/?page_id=4991"},"modified":"2024-08-19T09:08:46","modified_gmt":"2024-08-19T12:08:46","slug":"emeief-padre-fernando-godat-2021","status":"publish","type":"page","link":"https:\/\/portais.santoandre.sp.gov.br\/educacao\/emeief-padre-fernando-godat-2021\/","title":{"rendered":"EMEIEF Padre Fernando Godat &#8211; 2021"},"content":{"rendered":"\n<p><strong><span style=\"color: #000000\" class=\"stk-highlight\">Rela\u00e7\u00e3o Nominal dos Dirigentes\u00a0\u2013<\/span>\u00a0<\/strong><a href=\"https:\/\/portais.santoandre.sp.gov.br\/educacao\/wp-content\/uploads\/sites\/17\/2024\/08\/1CM-EMEIEF-PADRE-FERNANDO-GODAT.pdf\" target=\"_blank\" rel=\"noreferrer noopener\">Clique Aqui!<\/a><\/p>\n\n\n\n<p><strong><span style=\"color: #000000\" class=\"stk-highlight\">Remunera\u00e7\u00e3o Individualizada dos Dirigentes \u2013<\/span>\u00a0<\/strong><a href=\"https:\/\/portais.santoandre.sp.gov.br\/educacao\/wp-content\/uploads\/sites\/17\/2024\/08\/2DN-EMEIEF-PADRE-FERNANDO-GODAT.pdf\" target=\"_blank\" rel=\"noreferrer noopener\">Clique Aqui!<\/a><\/p>\n\n\n\n<p><strong><span style=\"color: #000000\" class=\"stk-highlight\">S\u00edntese de\u00a0Aplica\u00e7\u00f5es Financeiras \u2013<\/span>\u00a0<\/strong><a href=\"https:\/\/portais.santoandre.sp.gov.br\/educacao\/wp-content\/uploads\/sites\/17\/2024\/08\/3Sintese-de-Aplicacao-Financeira-2021-Emeief-Padre-Fernando-Godat.pdf\" target=\"_blank\" rel=\"noreferrer noopener\">Clique Aqui!<\/a><\/p>\n\n\n\n<p><strong><span style=\"color: #000000\" class=\"stk-highlight\">Prestadores de Servi\u00e7os Fornecedores \u2013<\/span>\u00a0<\/strong><a href=\"https:\/\/portais.santoandre.sp.gov.br\/educacao\/wp-content\/uploads\/sites\/17\/2024\/08\/4Prestadores-de-Servicos-Fornecedores-2021-Emeief-Padre-Fernando-Godat.pdf\" target=\"_blank\" rel=\"noreferrer noopener\">Clique Aqui!<\/a><\/p>\n\n\n\n<p><strong><span style=\"color: #000000\" class=\"stk-highlight\">S\u00edntese do Relat\u00f3rio F\u00edsico-financeiro\u00a0de Receitas e Despesas \u2013<\/span>\u00a0<\/strong><a href=\"https:\/\/portais.santoandre.sp.gov.br\/educacao\/wp-content\/uploads\/sites\/17\/2024\/08\/5Sintese-de-Receitas-e-Despesas-2021-Emeief-Padre-Fernando-Godat.pdf\" target=\"_blank\" rel=\"noreferrer noopener\">Clique Aqui!<\/a><\/p>\n\n\n\n<p><strong><span style=\"color: #000000\" class=\"stk-highlight\">Plano de Trabalho 2021 \u2013<\/span>\u00a0<\/strong><a href=\"https:\/\/portais.santoandre.sp.gov.br\/educacao\/wp-content\/uploads\/sites\/17\/2024\/08\/6PLANO-DE-TRABALHO-2021-Emeief-Padre-Fernando-Godat.pdf\" target=\"_blank\" rel=\"noreferrer noopener\">Clique Aqui!<\/a><\/p>\n\n\n\n<p><strong><span style=\"color: #000000\" class=\"stk-highlight\">Plano de Trabalho\u00a0Aditivo 2021 \u2013<\/span>\u00a0<\/strong><a href=\"https:\/\/portais.santoandre.sp.gov.br\/educacao\/wp-content\/uploads\/sites\/17\/2024\/08\/7PLANO-DE-TRAB-ADIT-2021-EMEIEF-PADRE-FERNANDO-GODAT.pdf\" target=\"_blank\" rel=\"noreferrer noopener\">Clique Aqui!<\/a><\/p>\n\n\n\n<p><strong><span style=\"color: #000000\" class=\"stk-highlight\">Termo de Conv\u00eanio 2021 \u2013<\/span>\u00a0<\/strong><a href=\"https:\/\/portais.santoandre.sp.gov.br\/educacao\/wp-content\/uploads\/sites\/17\/2024\/08\/8TERMO-DE-CONVENIO-2021-Emeief-Padre-Fernando-Godat.pdf\" target=\"_blank\" rel=\"noreferrer noopener\">Clique Aqui!<\/a><\/p>\n\n\n\n<p><strong><span style=\"color: #000000\" class=\"stk-highlight\">Valores Repassados \u2013<\/span>\u00a0<\/strong><a href=\"https:\/\/portais.santoandre.sp.gov.br\/educacao\/wp-content\/uploads\/sites\/17\/2024\/08\/9PAGAMENTOS-PSA-2021-EMEIEF-Padre-Fernando-Godat.pdf\" target=\"_blank\" rel=\"noreferrer noopener\">Clique Aqui!<\/a><\/p>\n\n\n\n<p><strong><span style=\"color: #000000\" class=\"stk-highlight\">Demonstrativo de Receitas e Despesas \u2013<\/span>\u00a0<\/strong><a href=\"https:\/\/portais.santoandre.sp.gov.br\/educacao\/wp-content\/uploads\/sites\/17\/2024\/08\/10Demonstrativo-de-Receita-e-Despesa-2021-Emeief-Padre-Fernando-Godat.pdf\" target=\"_blank\" rel=\"noreferrer noopener\">Clique Aqui!<\/a><\/p>\n\n\n\n<p><strong><span style=\"color: #000000\" class=\"stk-highlight\">Termo Aditivo 2021 \u2013<\/span>\u00a0<\/strong><a href=\"https:\/\/portais.santoandre.sp.gov.br\/educacao\/wp-content\/uploads\/sites\/17\/2024\/08\/11TERMO-ADITIVO-2021-Emeief-Padre-Fernando-Godat.pdf\" target=\"_blank\" rel=\"noreferrer noopener\">Clique Aqui!<\/a><\/p>\n\n\n\n<p><strong><span style=\"color: #000000\" class=\"stk-highlight\">Estatuto Social \u2013<\/span>\u00a0<\/strong><a href=\"https:\/\/portais.santoandre.sp.gov.br\/educacao\/wp-content\/uploads\/sites\/17\/2024\/08\/12Estatuto-Social.pdf\" target=\"_blank\" rel=\"noreferrer noopener\">Clique Aqui!<\/a><\/p>\n","protected":false},"excerpt":{"rendered":"<p>Rela\u00e7\u00e3o Nominal dos Dirigentes\u00a0\u2013\u00a0Clique Aqui! Remunera\u00e7\u00e3o Individualizada dos Dirigentes \u2013\u00a0Clique Aqui! S\u00edntese de\u00a0Aplica\u00e7\u00f5es Financeiras \u2013\u00a0Clique Aqui! Prestadores de Servi\u00e7os Fornecedores \u2013\u00a0Clique Aqui! S\u00edntese do Relat\u00f3rio F\u00edsico-financeiro\u00a0de Receitas e Despesas \u2013\u00a0Clique Aqui! Plano de Trabalho 2021 \u2013\u00a0Clique Aqui! Plano de Trabalho\u00a0Aditivo 2021 \u2013\u00a0Clique Aqui! Termo de Conv\u00eanio 2021 \u2013\u00a0Clique Aqui! Valores Repassados \u2013\u00a0Clique Aqui! Demonstrativo de [&hellip;]<\/p>\n","protected":false},"author":50,"featured_media":0,"parent":0,"menu_order":0,"comment_status":"closed","ping_status":"closed","template":"","meta":{"footnotes":""},"class_list":["post-4991","page","type-page","status-publish","hentry"],"_links":{"self":[{"href":"https:\/\/portais.santoandre.sp.gov.br\/educacao\/wp-json\/wp\/v2\/pages\/4991","targetHints":{"allow":["GET"]}}],"collection":[{"href":"https:\/\/portais.santoandre.sp.gov.br\/educacao\/wp-json\/wp\/v2\/pages"}],"about":[{"href":"https:\/\/portais.santoandre.sp.gov.br\/educacao\/wp-json\/wp\/v2\/types\/page"}],"author":[{"embeddable":true,"href":"https:\/\/portais.santoandre.sp.gov.br\/educacao\/wp-json\/wp\/v2\/users\/50"}],"replies":[{"embeddable":true,"href":"https:\/\/portais.santoandre.sp.gov.br\/educacao\/wp-json\/wp\/v2\/comments?post=4991"}],"version-history":[{"count":1,"href":"https:\/\/portais.santoandre.sp.gov.br\/educacao\/wp-json\/wp\/v2\/pages\/4991\/revisions"}],"predecessor-version":[{"id":5004,"href":"https:\/\/portais.santoandre.sp.gov.br\/educacao\/wp-json\/wp\/v2\/pages\/4991\/revisions\/5004"}],"wp:attachment":[{"href":"https:\/\/portais.santoandre.sp.gov.br\/educacao\/wp-json\/wp\/v2\/media?parent=4991"}],"curies":[{"name":"wp","href":"https:\/\/api.w.org\/{rel}","templated":true}]}}