{"id":4939,"date":"2024-08-19T08:24:26","date_gmt":"2024-08-19T11:24:26","guid":{"rendered":"https:\/\/portais.santoandre.sp.gov.br\/educacao\/?page_id=4939"},"modified":"2024-08-19T08:24:26","modified_gmt":"2024-08-19T11:24:26","slug":"emeief-odylo-costa-filho-2021","status":"publish","type":"page","link":"https:\/\/portais.santoandre.sp.gov.br\/educacao\/emeief-odylo-costa-filho-2021\/","title":{"rendered":"EMEIEF Odylo Costa Filho &#8211; 2021"},"content":{"rendered":"\n<p><strong><span style=\"color: #000000\" class=\"stk-highlight\">S\u00edntese de Aplica\u00e7\u00f5es Financeiras \u2013<\/span>\u00a0<\/strong><a href=\"https:\/\/portais.santoandre.sp.gov.br\/educacao\/wp-content\/uploads\/sites\/17\/2024\/08\/3Sintese-de-Aplicacao-Financeira-2021-Emeief-Odylo-Costa-Filho.pdf\" target=\"_blank\" rel=\"noreferrer noopener\">Clique Aqui!<\/a><\/p>\n\n\n\n<p><strong><span style=\"color: #000000\" class=\"stk-highlight\">Prestadores de Servi\u00e7os Fornecedores \u2013<\/span>\u00a0<\/strong><a href=\"https:\/\/portais.santoandre.sp.gov.br\/educacao\/wp-content\/uploads\/sites\/17\/2024\/08\/4Prestadores-de-Servicos-Fornecedores-2021-Emeief-Odylo-Costa-Filho.pdf\" target=\"_blank\" rel=\"noreferrer noopener\">Clique Aqui!<\/a><\/p>\n\n\n\n<p><strong><span style=\"color: #000000\" class=\"stk-highlight\">S\u00edntese do Relat\u00f3rio F\u00edsico-financeiro de Receitas e Despesas \u2013<\/span>\u00a0<\/strong><a href=\"https:\/\/portais.santoandre.sp.gov.br\/educacao\/wp-content\/uploads\/sites\/17\/2024\/08\/5Sintese-de-Receitas-e-Despesas-2021-Emeief-Odylo-Costa-Filho.pdf\" target=\"_blank\" rel=\"noreferrer noopener\">Clique Aqui!<\/a><\/p>\n\n\n\n<p><strong><span style=\"color: #000000\" class=\"stk-highlight\">Plano de Trabalho 2021 \u2013<\/span>\u00a0<\/strong><a href=\"https:\/\/portais.santoandre.sp.gov.br\/educacao\/wp-content\/uploads\/sites\/17\/2024\/08\/6PLANO-DE-TRABALHO-2021-Emeief-Odylo-Costa-Filho.pdf\" target=\"_blank\" rel=\"noreferrer noopener\">Clique Aqui!<\/a><\/p>\n\n\n\n<p><strong><span style=\"color: #000000\" class=\"stk-highlight\">Plano de Trabalho Aditivo 2021 \u2013<\/span>\u00a0<\/strong><a href=\"https:\/\/portais.santoandre.sp.gov.br\/educacao\/wp-content\/uploads\/sites\/17\/2024\/08\/7PLANO-DE-TRAB-ADIT-2021-EMEIEF-ODYLO-COSTA-FILHO.pdf\" target=\"_blank\" rel=\"noreferrer noopener\">Clique Aqui!<\/a><\/p>\n\n\n\n<p><strong><span style=\"color: #000000\" class=\"stk-highlight\">Termo de Conv\u00eanio 2021 \u2013<\/span>\u00a0<\/strong><a href=\"https:\/\/portais.santoandre.sp.gov.br\/educacao\/wp-content\/uploads\/sites\/17\/2024\/08\/8TERMO-DE-CONVENIO-2021-Emeief-Odylo-Costa-Filho.pdf\" target=\"_blank\" rel=\"noreferrer noopener\">Clique Aqui!<\/a><\/p>\n\n\n\n<p><strong><span style=\"color: #000000\" class=\"stk-highlight\">Valores Repassados \u2013<\/span>\u00a0<\/strong><a href=\"https:\/\/portais.santoandre.sp.gov.br\/educacao\/wp-content\/uploads\/sites\/17\/2024\/08\/9PAGAMENTOS-PSA-2021-EMEIEF-Odylo-C-Filho.pdf\" target=\"_blank\" rel=\"noreferrer noopener\">Clique Aqui!<\/a><\/p>\n\n\n\n<p><strong><span style=\"color: #000000\" class=\"stk-highlight\">Demonstrativo de Receitas e Despesas \u2013<\/span>\u00a0<\/strong><a href=\"https:\/\/portais.santoandre.sp.gov.br\/educacao\/wp-content\/uploads\/sites\/17\/2024\/08\/10Demonstrativo-de-Receita-e-Despesa-2021-Emeief-Odylo-Costa-Filho.pdf\" target=\"_blank\" rel=\"noreferrer noopener\">Clique Aqui!<\/a><\/p>\n\n\n\n<p><strong><span style=\"color: #000000\" class=\"stk-highlight\">Termo Aditivo 2021 \u2013<\/span>\u00a0<\/strong><a href=\"https:\/\/portais.santoandre.sp.gov.br\/educacao\/wp-content\/uploads\/sites\/17\/2024\/08\/11TERMO-ADITIVO-2021-Emeief-Odylo-Costa-Filho.pdf\" target=\"_blank\" rel=\"noreferrer noopener\">Clique Aqui!<\/a><\/p>\n\n\n\n<p><strong><span style=\"color: #000000\" class=\"stk-highlight\">Estatuto \u2013<\/span>\u00a0<\/strong><a href=\"https:\/\/portais.santoandre.sp.gov.br\/educacao\/wp-content\/uploads\/sites\/17\/2024\/08\/12Estatuto-6.pdf\" target=\"_blank\" rel=\"noreferrer noopener\">Clique Aqui!<\/a><\/p>\n","protected":false},"excerpt":{"rendered":"<p>S\u00edntese de Aplica\u00e7\u00f5es Financeiras \u2013\u00a0Clique Aqui! Prestadores de Servi\u00e7os Fornecedores \u2013\u00a0Clique Aqui! S\u00edntese do Relat\u00f3rio F\u00edsico-financeiro de Receitas e Despesas \u2013\u00a0Clique Aqui! Plano de Trabalho 2021 \u2013\u00a0Clique Aqui! Plano de Trabalho Aditivo 2021 \u2013\u00a0Clique Aqui! Termo de Conv\u00eanio 2021 \u2013\u00a0Clique Aqui! Valores Repassados \u2013\u00a0Clique Aqui! Demonstrativo de Receitas e Despesas \u2013\u00a0Clique Aqui! Termo Aditivo 2021 [&hellip;]<\/p>\n","protected":false},"author":50,"featured_media":0,"parent":0,"menu_order":0,"comment_status":"closed","ping_status":"closed","template":"","meta":{"footnotes":""},"class_list":["post-4939","page","type-page","status-publish","hentry"],"_links":{"self":[{"href":"https:\/\/portais.santoandre.sp.gov.br\/educacao\/wp-json\/wp\/v2\/pages\/4939","targetHints":{"allow":["GET"]}}],"collection":[{"href":"https:\/\/portais.santoandre.sp.gov.br\/educacao\/wp-json\/wp\/v2\/pages"}],"about":[{"href":"https:\/\/portais.santoandre.sp.gov.br\/educacao\/wp-json\/wp\/v2\/types\/page"}],"author":[{"embeddable":true,"href":"https:\/\/portais.santoandre.sp.gov.br\/educacao\/wp-json\/wp\/v2\/users\/50"}],"replies":[{"embeddable":true,"href":"https:\/\/portais.santoandre.sp.gov.br\/educacao\/wp-json\/wp\/v2\/comments?post=4939"}],"version-history":[{"count":1,"href":"https:\/\/portais.santoandre.sp.gov.br\/educacao\/wp-json\/wp\/v2\/pages\/4939\/revisions"}],"predecessor-version":[{"id":4952,"href":"https:\/\/portais.santoandre.sp.gov.br\/educacao\/wp-json\/wp\/v2\/pages\/4939\/revisions\/4952"}],"wp:attachment":[{"href":"https:\/\/portais.santoandre.sp.gov.br\/educacao\/wp-json\/wp\/v2\/media?parent=4939"}],"curies":[{"name":"wp","href":"https:\/\/api.w.org\/{rel}","templated":true}]}}