{"id":4307,"date":"2024-08-08T10:48:33","date_gmt":"2024-08-08T13:48:33","guid":{"rendered":"https:\/\/portais.santoandre.sp.gov.br\/educacao\/?page_id=4307"},"modified":"2024-08-19T14:12:50","modified_gmt":"2024-08-19T17:12:50","slug":"emei-demercindo-da-costa-brandao-2021","status":"publish","type":"page","link":"https:\/\/portais.santoandre.sp.gov.br\/educacao\/emei-demercindo-da-costa-brandao-2021\/","title":{"rendered":"EMEI Demercindo da Costa Brand\u00e3o &#8211; 2021"},"content":{"rendered":"\n<p><strong><span style=\"color: #000000\" class=\"stk-highlight\">S\u00edntese de\u00a0Aplica\u00e7\u00f5es Financeiras \u2013<\/span>\u00a0<\/strong><a rel=\"noreferrer noopener\" href=\"https:\/\/portais.santoandre.sp.gov.br\/educacao\/wp-content\/uploads\/sites\/17\/2024\/08\/1Sintese-de-Aplicacao-Financeira-2021-EMEIEF-Demercindo-da-Costa-Brandao.pdf\" target=\"_blank\">Clique Aqui!<\/a><\/p>\n\n\n\n<p><strong><span style=\"color: #000000\" class=\"stk-highlight\">Prestadores de Servi\u00e7os Fornecedores \u2013<\/span>\u00a0<\/strong><a rel=\"noreferrer noopener\" href=\"https:\/\/portais.santoandre.sp.gov.br\/educacao\/wp-content\/uploads\/sites\/17\/2024\/08\/2Prestadores-de-Servicos-Fornecedores-2021-EMEIEF-Demercindo-da-Costa-Brandao.pdf\" target=\"_blank\">Clique Aqui!<\/a><\/p>\n\n\n\n<p><strong><span style=\"color: #000000\" class=\"stk-highlight\">S\u00edntese do Relat\u00f3rio F\u00edsico-financeiros\u00a0de Receitas e Despesas \u2013<\/span>\u00a0<\/strong><a rel=\"noreferrer noopener\" href=\"https:\/\/portais.santoandre.sp.gov.br\/educacao\/wp-content\/uploads\/sites\/17\/2024\/08\/3Sintese-de-Receitas-e-Despesas-2021-EMEIEF-Demercindo-da-Costa-Brandao.pdf\" target=\"_blank\">Clique Aqui!<\/a><\/p>\n\n\n\n<p><strong><span style=\"color: #000000\" class=\"stk-highlight\">Plano de Trabalho 2021 \u2013<\/span>\u00a0<\/strong><a rel=\"noreferrer noopener\" href=\"https:\/\/portais.santoandre.sp.gov.br\/educacao\/wp-content\/uploads\/sites\/17\/2024\/08\/4PLANO-DE-TRABALHO-2021-EMEIEF-DEMERCINDO.pdf\" target=\"_blank\">Clique Aqui!<\/a><\/p>\n\n\n\n<p><strong><span style=\"color: #000000\" class=\"stk-highlight\">Termo de Conv\u00eanio 2021 \u2013<\/span>\u00a0<\/strong><a rel=\"noreferrer noopener\" href=\"https:\/\/portais.santoandre.sp.gov.br\/educacao\/wp-content\/uploads\/sites\/17\/2024\/08\/5TERMO-DE-CONVENIO-2021-EMEIEF-DEMERCINDO.pdf\" target=\"_blank\">Clique Aqui!<\/a><\/p>\n\n\n\n<p><strong><span style=\"color: #000000\" class=\"stk-highlight\">Valores Repassados \u2013<\/span>\u00a0<\/strong><a rel=\"noreferrer noopener\" href=\"https:\/\/portais.santoandre.sp.gov.br\/educacao\/wp-content\/uploads\/sites\/17\/2024\/08\/6PAGAMENTOS-PSA-2021-EMEIEF-Demercindo.pdf\" target=\"_blank\">Clique Aqui!<\/a><\/p>\n\n\n\n<p><strong><span style=\"color: #000000\" class=\"stk-highlight\">Demonstrativo de Receitas e Despesas \u2013<\/span>\u00a0<\/strong><a rel=\"noreferrer noopener\" href=\"https:\/\/portais.santoandre.sp.gov.br\/educacao\/wp-content\/uploads\/sites\/17\/2024\/08\/7Demonstrativo-de-Receita-e-Despesa-2021-EMEIEF-Demercindo-da-Costa-Brandao.pdf\" target=\"_blank\">Clique Aqui!<\/a><\/p>\n\n\n\n<p><strong><span style=\"color: #000000\" class=\"stk-highlight\">Termo Aditivo 2021 \u2013<\/span>\u00a0<\/strong><a rel=\"noreferrer noopener\" href=\"https:\/\/portais.santoandre.sp.gov.br\/educacao\/wp-content\/uploads\/sites\/17\/2024\/08\/8TERMO-ADITIVO-2021-Emeief-Demercindo-da-Costa-Brandao.pdf\" target=\"_blank\">Clique Aqui!<\/a><\/p>\n\n\n\n<p><strong><span style=\"color: #000000\" class=\"stk-highlight\">Estatuto \u2013<\/span>\u00a0<\/strong><a rel=\"noreferrer noopener\" href=\"https:\/\/portais.santoandre.sp.gov.br\/educacao\/wp-content\/uploads\/sites\/17\/2024\/08\/9Estatuto-Emeief-Demercindo-da-Costa-Brandao-1.pdf\" target=\"_blank\">Clique Aqui!<\/a><\/p>\n","protected":false},"excerpt":{"rendered":"<p>S\u00edntese de\u00a0Aplica\u00e7\u00f5es Financeiras \u2013\u00a0Clique Aqui! Prestadores de Servi\u00e7os Fornecedores \u2013\u00a0Clique Aqui! S\u00edntese do Relat\u00f3rio F\u00edsico-financeiros\u00a0de Receitas e Despesas \u2013\u00a0Clique Aqui! Plano de Trabalho 2021 \u2013\u00a0Clique Aqui! Termo de Conv\u00eanio 2021 \u2013\u00a0Clique Aqui! Valores Repassados \u2013\u00a0Clique Aqui! Demonstrativo de Receitas e Despesas \u2013\u00a0Clique Aqui! Termo Aditivo 2021 \u2013\u00a0Clique Aqui! Estatuto \u2013\u00a0Clique Aqui!<\/p>\n","protected":false},"author":50,"featured_media":0,"parent":0,"menu_order":0,"comment_status":"closed","ping_status":"closed","template":"","meta":{"footnotes":""},"class_list":["post-4307","page","type-page","status-publish","hentry"],"_links":{"self":[{"href":"https:\/\/portais.santoandre.sp.gov.br\/educacao\/wp-json\/wp\/v2\/pages\/4307","targetHints":{"allow":["GET"]}}],"collection":[{"href":"https:\/\/portais.santoandre.sp.gov.br\/educacao\/wp-json\/wp\/v2\/pages"}],"about":[{"href":"https:\/\/portais.santoandre.sp.gov.br\/educacao\/wp-json\/wp\/v2\/types\/page"}],"author":[{"embeddable":true,"href":"https:\/\/portais.santoandre.sp.gov.br\/educacao\/wp-json\/wp\/v2\/users\/50"}],"replies":[{"embeddable":true,"href":"https:\/\/portais.santoandre.sp.gov.br\/educacao\/wp-json\/wp\/v2\/comments?post=4307"}],"version-history":[{"count":2,"href":"https:\/\/portais.santoandre.sp.gov.br\/educacao\/wp-json\/wp\/v2\/pages\/4307\/revisions"}],"predecessor-version":[{"id":5152,"href":"https:\/\/portais.santoandre.sp.gov.br\/educacao\/wp-json\/wp\/v2\/pages\/4307\/revisions\/5152"}],"wp:attachment":[{"href":"https:\/\/portais.santoandre.sp.gov.br\/educacao\/wp-json\/wp\/v2\/media?parent=4307"}],"curies":[{"name":"wp","href":"https:\/\/api.w.org\/{rel}","templated":true}]}}