{"id":426,"date":"2024-04-05T09:05:40","date_gmt":"2024-04-05T12:05:40","guid":{"rendered":"https:\/\/portais.santoandre.sp.gov.br\/educacao\/?page_id=426"},"modified":"2024-04-05T09:05:40","modified_gmt":"2024-04-05T12:05:40","slug":"cpfp-governador-miguel-arraes-2023","status":"publish","type":"page","link":"https:\/\/portais.santoandre.sp.gov.br\/educacao\/cpfp-governador-miguel-arraes-2023\/","title":{"rendered":"CPFP Governador Miguel Arraes &#8211; 2023"},"content":{"rendered":"\n<ol class=\"wp-block-list\" type=\"1\">\n<li><span style=\"color: #000000\" class=\"stk-highlight\"><strong>S\u00edntese de\u00a0aplica\u00e7\u00f5es financeiras &#8211; <\/strong><a rel=\"noreferrer noopener\" href=\"https:\/\/santoandreedu-my.sharepoint.com\/:b:\/g\/personal\/siteeducacao_edu_santoandre_sp_gov_br\/EaaqlhM6i4ZGmkEfTzDfmR0ByrQHTrJrelcORKXEvULP6Q?e=DM3rPk\" target=\"_blank\">Clique Aqui<\/a><\/span><\/li>\n\n\n\n<li><span style=\"color: #000000\" class=\"stk-highlight\"><strong>Prestadores de servi\u00e7os Fornecedores &#8211; <\/strong><a rel=\"noreferrer noopener\" href=\"https:\/\/santoandreedu-my.sharepoint.com\/:b:\/g\/personal\/siteeducacao_edu_santoandre_sp_gov_br\/Eet5zbe7BvJIqjL-Wly_x-cBgU3zjsa9hjimZuihCfPaUA?e=EugCkB\" target=\"_blank\">Clique Aqui!<\/a><\/span><\/li>\n\n\n\n<li><span style=\"color: #000000\" class=\"stk-highlight\"><strong>S\u00edntese do relat\u00f3rio f\u00edsico-financeiros\u00a0de receitas e despesas &#8211; <\/strong><a rel=\"noreferrer noopener\" href=\"https:\/\/santoandreedu-my.sharepoint.com\/:b:\/g\/personal\/siteeducacao_edu_santoandre_sp_gov_br\/EStgmfBCdvxEkmeQnAK4TSMBj2dsQrfJJhdUxnMR-ruOAg?e=xO32fg\" target=\"_blank\">Clique Aqui!<\/a><\/span><\/li>\n\n\n\n<li><span style=\"color: #000000\" class=\"stk-highlight\"><strong>Plano de Trabalho \u2013 2023\/2024 &#8211; <\/strong><a rel=\"noreferrer noopener\" href=\"https:\/\/santoandreedu-my.sharepoint.com\/:b:\/g\/personal\/siteeducacao_edu_santoandre_sp_gov_br\/EQnF6Z8qDbZOrTBVFJyfSCUBCE3clwQFvy0z3tIDXZwElw?e=Hpal4S\" target=\"_blank\">Clique Aqui!<\/a><\/span><\/li>\n\n\n\n<li><span style=\"color: #000000\" class=\"stk-highlight\"><strong>Termo Aditivo 2023\/2024<\/strong> &#8211; <a rel=\"noreferrer noopener\" href=\"https:\/\/santoandreedu-my.sharepoint.com\/:b:\/g\/personal\/siteeducacao_edu_santoandre_sp_gov_br\/Ef4LDQKZPJxHqvcjZW-KIV4BEw2oTSraZl0vzC4MSZToog?e=6eXilc\" target=\"_blank\">Clique Aqui!<\/a><\/span><\/li>\n\n\n\n<li><span style=\"color: #000000\" class=\"stk-highlight\"><strong>Valores Repassados &#8211; <\/strong><a href=\"https:\/\/santoandreedu-my.sharepoint.com\/:b:\/g\/personal\/siteeducacao_edu_santoandre_sp_gov_br\/EXRCiyZwv8RKnEkgSCTC7aoBn_uEO8Kw2F6i0wn4iaBmCw?e=0zLyjL\" target=\"_blank\" rel=\"noreferrer noopener\">Clique Aqui!<\/a><\/span><\/li>\n\n\n\n<li><span style=\"color: #000000\" class=\"stk-highlight\"><strong>Demonstrativo de Receitas e Despesas\u00a0&#8211; <\/strong><a rel=\"noreferrer noopener\" href=\"https:\/\/santoandreedu-my.sharepoint.com\/:b:\/g\/personal\/siteeducacao_edu_santoandre_sp_gov_br\/EVluRwfc6nlJm_6-jRcGnbgBNk8REy5ytDd8X-Qu3xunMw?e=elbPca\" target=\"_blank\">Clique Aqui!<\/a><\/span><\/li>\n\n\n\n<li><span style=\"color: #000000\" class=\"stk-highlight\"><strong>Remunera\u00e7\u00e3o individualizada dos Dirigentes &#8211; <\/strong><a rel=\"noreferrer noopener\" href=\"https:\/\/santoandreedu-my.sharepoint.com\/:b:\/g\/personal\/siteeducacao_edu_santoandre_sp_gov_br\/ETzkVfwYcLlAjGek8ZWvK8kBeuJHVzrYv5W1_wVxGN2C8w?e=0afMN1\" target=\"_blank\">Clique Aqui!<\/a><\/span><\/li>\n\n\n\n<li><span style=\"color: #000000\" class=\"stk-highlight\"><strong>Manual de Compras: Aquisi\u00e7\u00f5es, Servi\u00e7os e Contrata\u00e7\u00e3o de Pessoal\u00a0 &#8211; <\/strong><a rel=\"noreferrer noopener\" href=\"https:\/\/santoandreedu-my.sharepoint.com\/:b:\/g\/personal\/siteeducacao_edu_santoandre_sp_gov_br\/EbCyXgOP03dJgncANnBvbhQBANwH59UnnrDPAhHbnvSQGQ?e=mAByFo\" target=\"_blank\">Clique Aqui!<\/a><\/span><\/li>\n\n\n\n<li><span style=\"color: #000000\" class=\"stk-highlight\"><strong>Estatuto <\/strong>&#8211; <a rel=\"noreferrer noopener\" href=\"https:\/\/santoandreedu-my.sharepoint.com\/:b:\/g\/personal\/siteeducacao_edu_santoandre_sp_gov_br\/EVg4MdxOtrZGswGQebv5MYYBbsBmzNtzwuVSfN-0BQVjYg?e=KJQbyc\" target=\"_blank\">Clique Aqui!<\/a><\/span><\/li>\n<\/ol>\n","protected":false},"excerpt":{"rendered":"","protected":false},"author":50,"featured_media":0,"parent":0,"menu_order":0,"comment_status":"closed","ping_status":"closed","template":"","meta":{"footnotes":""},"class_list":["post-426","page","type-page","status-publish","hentry"],"_links":{"self":[{"href":"https:\/\/portais.santoandre.sp.gov.br\/educacao\/wp-json\/wp\/v2\/pages\/426","targetHints":{"allow":["GET"]}}],"collection":[{"href":"https:\/\/portais.santoandre.sp.gov.br\/educacao\/wp-json\/wp\/v2\/pages"}],"about":[{"href":"https:\/\/portais.santoandre.sp.gov.br\/educacao\/wp-json\/wp\/v2\/types\/page"}],"author":[{"embeddable":true,"href":"https:\/\/portais.santoandre.sp.gov.br\/educacao\/wp-json\/wp\/v2\/users\/50"}],"replies":[{"embeddable":true,"href":"https:\/\/portais.santoandre.sp.gov.br\/educacao\/wp-json\/wp\/v2\/comments?post=426"}],"version-history":[{"count":1,"href":"https:\/\/portais.santoandre.sp.gov.br\/educacao\/wp-json\/wp\/v2\/pages\/426\/revisions"}],"predecessor-version":[{"id":428,"href":"https:\/\/portais.santoandre.sp.gov.br\/educacao\/wp-json\/wp\/v2\/pages\/426\/revisions\/428"}],"wp:attachment":[{"href":"https:\/\/portais.santoandre.sp.gov.br\/educacao\/wp-json\/wp\/v2\/media?parent=426"}],"curies":[{"name":"wp","href":"https:\/\/api.w.org\/{rel}","templated":true}]}}