{"id":3759,"date":"2024-06-26T09:43:02","date_gmt":"2024-06-26T12:43:02","guid":{"rendered":"https:\/\/portais.santoandre.sp.gov.br\/educacao\/?page_id=3759"},"modified":"2024-08-19T14:57:39","modified_gmt":"2024-08-19T17:57:39","slug":"emeief-augusto-boal-2020","status":"publish","type":"page","link":"https:\/\/portais.santoandre.sp.gov.br\/educacao\/emeief-augusto-boal-2020\/","title":{"rendered":"EMEIEF Augusto Boal &#8211; 2020"},"content":{"rendered":"\n<p><strong><span style=\"color: #000000\" class=\"stk-highlight\">Balancete\u00a0\u2013<\/span>\u00a0<\/strong><a rel=\"noreferrer noopener\" href=\"https:\/\/portais.santoandre.sp.gov.br\/educacao\/wp-content\/uploads\/sites\/17\/2024\/06\/1balancete-emeief-augusto-boal.pdf\" target=\"_blank\">Clique Aqui!<\/a><\/p>\n\n\n\n<p><strong><span style=\"color: #000000\" class=\"stk-highlight\">Aditivo \u2013\u00a0<\/span><\/strong><a rel=\"noreferrer noopener\" href=\"https:\/\/portais.santoandre.sp.gov.br\/educacao\/wp-content\/uploads\/sites\/17\/2024\/06\/2aditivo-EMEIEF-AUGUSTO-BOAL.pdf\" target=\"_blank\">Clique Aqui!<\/a><\/p>\n\n\n\n<p><strong><span style=\"color: #000000\" class=\"stk-highlight\">Demonstra\u00e7\u00f5es Cont\u00e1beis \u2013<\/span>\u00a0<\/strong><a rel=\"noreferrer noopener\" href=\"https:\/\/portais.santoandre.sp.gov.br\/educacao\/wp-content\/uploads\/sites\/17\/2024\/06\/3Emeief-Augusto-Boal.pdf\" target=\"_blank\">Clique Aqui!<\/a><\/p>\n\n\n\n<p><strong><span style=\"color: #000000\" class=\"stk-highlight\">Demonstrativo de Receitas e Despesas \u2013<\/span>\u00a0<\/strong><a rel=\"noreferrer noopener\" href=\"https:\/\/portais.santoandre.sp.gov.br\/educacao\/wp-content\/uploads\/sites\/17\/2024\/06\/4Conselho-de-Escola-da-EMEIEF-Augusto-Boal-Demonstrativo-de-Receitas-e-Despesas-Prestacao-de-Contas-2020.pdf\" target=\"_blank\">Clique Aqui!<\/a><\/p>\n\n\n\n<p><strong><span style=\"color: #000000\" class=\"stk-highlight\">Plano de Trabalho 2020\/2021 \u2013<\/span>\u00a0<\/strong><a rel=\"noreferrer noopener\" href=\"https:\/\/portais.santoandre.sp.gov.br\/educacao\/wp-content\/uploads\/sites\/17\/2024\/06\/5plano-EMEIEF-AUGUSTO-BOAL.pdf\" target=\"_blank\">Clique Aqui!<\/a><\/p>\n\n\n\n<p><strong><span style=\"color: #000000\" class=\"stk-highlight\">Prestadores de Servi\u00e7os Fornecedores \u2013<\/span>\u00a0<\/strong><a rel=\"noreferrer noopener\" href=\"https:\/\/portais.santoandre.sp.gov.br\/educacao\/wp-content\/uploads\/sites\/17\/2024\/06\/6Conselho-de-Escola-da-EMEIEF-Augusto-Boal-Prestadores-de-Servicos-Fornecedores-2020.pdf\" target=\"_blank\">Clique Aqui!<\/a><\/p>\n\n\n\n<p><strong><span style=\"color: #000000\" class=\"stk-highlight\">S\u00edntese de Aplica\u00e7\u00f5es Financeiras \u2013<\/span>\u00a0<\/strong><a rel=\"noreferrer noopener\" href=\"https:\/\/portais.santoandre.sp.gov.br\/educacao\/wp-content\/uploads\/sites\/17\/2024\/06\/7Conselho-de-Escola-da-EMEIEF-Augusto-Boal-Sintese-Aplicacao-Financeira-2020.pdf\" target=\"_blank\">Clique Aqui!<\/a><\/p>\n\n\n\n<p><strong><span style=\"color: #000000\" class=\"stk-highlight\">S\u00edntese de Receitas e Despesas \u2013<\/span>\u00a0<\/strong><a rel=\"noreferrer noopener\" href=\"https:\/\/portais.santoandre.sp.gov.br\/educacao\/wp-content\/uploads\/sites\/17\/2024\/06\/8Conselho-de-Escola-da-EMEIEF-Augusto-Boal-Sintese-Receitas-e-Despesas-2020.pdf\" target=\"_blank\">Clique Aqui!<\/a><\/p>\n\n\n\n<p class=\"has-black-color has-text-color has-medium-font-size\"><\/p>\n\n\n\n<div class=\"wp-block-stackable-divider stk-block-divider stk-block stk-e4b48d3 is-style-bar\" data-block-id=\"e4b48d3\"><style>.stk-e4b48d3 hr.stk-block-divider__hr{width:100% !important}<\/style><hr class=\"stk-block-divider__hr\" \/><\/div>\n\n\n\n<p><strong><span style=\"color: #000000\" class=\"stk-highlight\">Aditivo 1 \u2013<\/span>\u00a0<\/strong><a rel=\"noreferrer noopener\" href=\"https:\/\/portais.santoandre.sp.gov.br\/educacao\/wp-content\/uploads\/sites\/17\/2024\/06\/9ADITIVO-1-EMEIEF-AUGUSTO-BOAL.pdf\" target=\"_blank\">Clique Aqui!<\/a><\/p>\n\n\n\n<p><strong><span style=\"color: #000000\" class=\"stk-highlight\">Aditivo 2 \u2013<\/span>\u00a0<\/strong><a rel=\"noreferrer noopener\" href=\"https:\/\/portais.santoandre.sp.gov.br\/educacao\/wp-content\/uploads\/sites\/17\/2024\/06\/10ADITIVO-2-EMEIEF-AUGUSTO-BOAL.pdf\" target=\"_blank\">Clique Aqui!<\/a><\/p>\n\n\n\n<p><strong><span style=\"color: #000000\" class=\"stk-highlight\">Certificado de Membros \u2013<\/span>\u00a0<\/strong><a rel=\"noreferrer noopener\" href=\"https:\/\/portais.santoandre.sp.gov.br\/educacao\/wp-content\/uploads\/sites\/17\/2024\/06\/11Certificado-de-membros-27.pdf\" target=\"_blank\">Clique Aqui!<\/a><\/p>\n\n\n\n<p><strong><span style=\"color: #000000\" class=\"stk-highlight\">Conv\u00eanio \u2013<\/span>\u00a0<\/strong><a rel=\"noreferrer noopener\" href=\"https:\/\/portais.santoandre.sp.gov.br\/educacao\/wp-content\/uploads\/sites\/17\/2024\/06\/12Termo-de-Convenio-13.pdf\" target=\"_blank\">Clique Aqui!<\/a><\/p>\n\n\n\n<p><strong><span style=\"color: #000000\" class=\"stk-highlight\">Declara\u00e7\u00e3o de Nepotismo \u2013<\/span>\u00a0<\/strong><a rel=\"noreferrer noopener\" href=\"https:\/\/portais.santoandre.sp.gov.br\/educacao\/wp-content\/uploads\/sites\/17\/2024\/06\/13Declaracao-de-nepotismo-28.pdf\" target=\"_blank\">Clique Aqui!<\/a><\/p>\n\n\n\n<p><strong><span style=\"color: #000000\" class=\"stk-highlight\">Estatuto \u2013<\/span>\u00a0<\/strong><a rel=\"noreferrer noopener\" href=\"https:\/\/portais.santoandre.sp.gov.br\/educacao\/wp-content\/uploads\/sites\/17\/2024\/06\/14Estatuto-Emeief-Augusto-Boal.pdf\" target=\"_blank\">Clique Aqui!<\/a><\/p>\n\n\n\n<p><strong><span style=\"color: #000000\" class=\"stk-highlight\">Pagamento \u2013<\/span>\u00a0<\/strong><a rel=\"noreferrer noopener\" href=\"https:\/\/portais.santoandre.sp.gov.br\/educacao\/wp-content\/uploads\/sites\/17\/2024\/06\/15Pagamento-2019-6.pdf\" target=\"_blank\">Clique Aqui!<\/a><\/p>\n\n\n\n<p><strong><span style=\"color: #000000\" class=\"stk-highlight\">Plano de Trabalho \u2013<\/span>\u00a0<\/strong><a rel=\"noreferrer noopener\" href=\"https:\/\/portais.santoandre.sp.gov.br\/educacao\/wp-content\/uploads\/sites\/17\/2024\/06\/16Plano-de-Trabalho-Emeief-Augusto-Boal.pdf\" target=\"_blank\">Clique Aqui!<\/a><\/p>\n\n\n\n<p><strong><span style=\"color: #000000\" class=\"stk-highlight\">Plano de Trabalho 2018\/2019 \u2013<\/span>\u00a0<\/strong><a rel=\"noreferrer noopener\" href=\"https:\/\/portais.santoandre.sp.gov.br\/educacao\/wp-content\/uploads\/sites\/17\/2024\/06\/17plano-de-Trabalho-2018-2019.pdf\" target=\"_blank\">Clique Aqui!<\/a><\/p>\n\n\n\n<p><strong><span style=\"color: #000000\" class=\"stk-highlight\">S\u00edntese de Aplica\u00e7\u00e3o Financeira \u2013<\/span>\u00a0<\/strong><a rel=\"noreferrer noopener\" href=\"https:\/\/portais.santoandre.sp.gov.br\/educacao\/wp-content\/uploads\/sites\/17\/2024\/06\/18Sintese-de-Aplicacoes-Financeiras-16.pdf\" target=\"_blank\">Clique Aqui!<\/a><\/p>\n\n\n\n<p><strong><span style=\"color: #000000\" class=\"stk-highlight\">S\u00edntese de Receitas e Despesas \u2013<\/span>\u00a0<\/strong><a rel=\"noreferrer noopener\" href=\"https:\/\/portais.santoandre.sp.gov.br\/educacao\/wp-content\/uploads\/sites\/17\/2024\/06\/19Sintese-de-Receitas-e-Despesas-CC-13.pdf\" target=\"_blank\">Clique Aqui!<\/a><\/p>\n","protected":false},"excerpt":{"rendered":"<p>Balancete\u00a0\u2013\u00a0Clique Aqui! Aditivo \u2013\u00a0Clique Aqui! Demonstra\u00e7\u00f5es Cont\u00e1beis \u2013\u00a0Clique Aqui! Demonstrativo de Receitas e Despesas \u2013\u00a0Clique Aqui! Plano de Trabalho 2020\/2021 \u2013\u00a0Clique Aqui! Prestadores de Servi\u00e7os Fornecedores \u2013\u00a0Clique Aqui! S\u00edntese de Aplica\u00e7\u00f5es Financeiras \u2013\u00a0Clique Aqui! S\u00edntese de Receitas e Despesas \u2013\u00a0Clique Aqui! Aditivo 1 \u2013\u00a0Clique Aqui! Aditivo 2 \u2013\u00a0Clique Aqui! Certificado de Membros \u2013\u00a0Clique Aqui! Conv\u00eanio [&hellip;]<\/p>\n","protected":false},"author":50,"featured_media":0,"parent":0,"menu_order":0,"comment_status":"closed","ping_status":"closed","template":"","meta":{"footnotes":""},"class_list":["post-3759","page","type-page","status-publish","hentry"],"_links":{"self":[{"href":"https:\/\/portais.santoandre.sp.gov.br\/educacao\/wp-json\/wp\/v2\/pages\/3759","targetHints":{"allow":["GET"]}}],"collection":[{"href":"https:\/\/portais.santoandre.sp.gov.br\/educacao\/wp-json\/wp\/v2\/pages"}],"about":[{"href":"https:\/\/portais.santoandre.sp.gov.br\/educacao\/wp-json\/wp\/v2\/types\/page"}],"author":[{"embeddable":true,"href":"https:\/\/portais.santoandre.sp.gov.br\/educacao\/wp-json\/wp\/v2\/users\/50"}],"replies":[{"embeddable":true,"href":"https:\/\/portais.santoandre.sp.gov.br\/educacao\/wp-json\/wp\/v2\/comments?post=3759"}],"version-history":[{"count":4,"href":"https:\/\/portais.santoandre.sp.gov.br\/educacao\/wp-json\/wp\/v2\/pages\/3759\/revisions"}],"predecessor-version":[{"id":5179,"href":"https:\/\/portais.santoandre.sp.gov.br\/educacao\/wp-json\/wp\/v2\/pages\/3759\/revisions\/5179"}],"wp:attachment":[{"href":"https:\/\/portais.santoandre.sp.gov.br\/educacao\/wp-json\/wp\/v2\/media?parent=3759"}],"curies":[{"name":"wp","href":"https:\/\/api.w.org\/{rel}","templated":true}]}}