{"id":3505,"date":"2024-06-20T10:22:14","date_gmt":"2024-06-20T13:22:14","guid":{"rendered":"https:\/\/portais.santoandre.sp.gov.br\/educacao\/?page_id=3505"},"modified":"2024-08-19T13:38:51","modified_gmt":"2024-08-19T16:38:51","slug":"creche-professora-sueli-leal-barros-2020","status":"publish","type":"page","link":"https:\/\/portais.santoandre.sp.gov.br\/educacao\/creche-professora-sueli-leal-barros-2020\/","title":{"rendered":"Creche Professora Sueli Leal Barros &#8211; 2020"},"content":{"rendered":"\n<p><strong><span style=\"color: #000000\" class=\"stk-highlight\">Balancete\u00a0\u2013<\/span>\u00a0<\/strong><a rel=\"noreferrer noopener\" href=\"https:\/\/portais.santoandre.sp.gov.br\/educacao\/wp-content\/uploads\/sites\/17\/2024\/06\/1BALANCETE-CR-PROFA-SUELI-LEAL-BARROS.pdf\" target=\"_blank\">Clique Aqui<\/a><strong>!<\/strong><\/p>\n\n\n\n<p><strong><span style=\"color: #000000\" class=\"stk-highlight\">Aditivo \u2013<\/span>\u00a0<\/strong><a rel=\"noreferrer noopener\" href=\"https:\/\/portais.santoandre.sp.gov.br\/educacao\/wp-content\/uploads\/sites\/17\/2024\/06\/2aditivo-CRECHE-PROFA-SUELI-LEAL-BARROS-Copia.pdf\" target=\"_blank\">Clique Aqui!<\/a><\/p>\n\n\n\n<p><strong><span style=\"color: #000000\" class=\"stk-highlight\">Demonstra\u00e7\u00f5es Cont\u00e1beis \u2013<\/span>\u00a0<\/strong><a rel=\"noreferrer noopener\" href=\"https:\/\/portais.santoandre.sp.gov.br\/educacao\/wp-content\/uploads\/sites\/17\/2024\/06\/3Creche-Professora-Sueli-Leal-Barros.pdf\" target=\"_blank\">Clique Aqui!<\/a><\/p>\n\n\n\n<p><strong><span style=\"color: #000000\" class=\"stk-highlight\">Demonstrativo de Receitas e Despesas \u2013<\/span>\u00a0<\/strong><a rel=\"noreferrer noopener\" href=\"https:\/\/portais.santoandre.sp.gov.br\/educacao\/wp-content\/uploads\/sites\/17\/2024\/06\/4Conselho-de-Escola-da-Creche-Professora-Sueli-Leal-Barros-Demonstrativo-de-Receitas-e-Despesas-Prestacao-de-.pdf\" target=\"_blank\">Clique Aqui!<\/a><\/p>\n\n\n\n<p><strong><span style=\"color: #000000\" class=\"stk-highlight\">Plano de Trabalho 2020\/2021 \u2013<\/span>\u00a0<\/strong><a rel=\"noreferrer noopener\" href=\"https:\/\/portais.santoandre.sp.gov.br\/educacao\/wp-content\/uploads\/sites\/17\/2024\/06\/5plano-CRECHE-SUELI-LEAL-BARROS.pdf\" target=\"_blank\">Clique Aqui!<\/a><\/p>\n\n\n\n<p><strong><span style=\"color: #000000\" class=\"stk-highlight\">Prestadores de Servi\u00e7os Fornecedores \u2013<\/span>\u00a0<\/strong><a rel=\"noreferrer noopener\" href=\"https:\/\/portais.santoandre.sp.gov.br\/educacao\/wp-content\/uploads\/sites\/17\/2024\/06\/6Conselho-de-Escola-da-Creche-Professora-Sueli-Leal-Barros-Prestadores-de-Servicos-Fornecedores-2020.pdf\" target=\"_blank\">Clique Aqui!<\/a><\/p>\n\n\n\n<p><strong><span style=\"color: #000000\" class=\"stk-highlight\">S\u00edntese de Aplica\u00e7\u00f5es Financeiras \u2013<\/span>\u00a0<\/strong><a rel=\"noreferrer noopener\" href=\"https:\/\/portais.santoandre.sp.gov.br\/educacao\/wp-content\/uploads\/sites\/17\/2024\/06\/7Conselho-de-Escola-da-Creche-Professora-Sueli-Leal-Barros-Sintese-Aplicacao-Financeira-2020.pdf\" target=\"_blank\">Clique Aqui!<\/a><\/p>\n\n\n\n<p><strong><span style=\"color: #000000\" class=\"stk-highlight\">S\u00edntese de Aplica\u00e7\u00f5es Financeiras I \u2013<\/span>\u00a0<\/strong><a rel=\"noreferrer noopener\" href=\"https:\/\/portais.santoandre.sp.gov.br\/educacao\/wp-content\/uploads\/sites\/17\/2024\/06\/8Conselho-de-Escola-da-Creche-Professora-Sueli-Leal-Barros-Sintese-Aplicacao-Financeira-20201.pdf\" target=\"_blank\">Clique Aqui!<\/a><\/p>\n\n\n\n<p><strong><span style=\"color: #000000\" class=\"stk-highlight\">S\u00edntese de Receitas e Despesas \u2013<\/span>\u00a0<\/strong><a rel=\"noreferrer noopener\" href=\"https:\/\/portais.santoandre.sp.gov.br\/educacao\/wp-content\/uploads\/sites\/17\/2024\/06\/9Conselho-de-Escola-da-Creche-Professora-Sueli-Leal-Barros-Sintese-Receitas-e-Despesas-2020.pdf\" target=\"_blank\">Clique Aqui!<\/a><\/p>\n\n\n\n<div class=\"wp-block-stackable-divider stk-block-divider stk-block stk-e4b48d3 is-style-bar\" data-block-id=\"e4b48d3\"><style>.stk-e4b48d3 hr.stk-block-divider__hr{width:100% !important}<\/style><hr class=\"stk-block-divider__hr\" \/><\/div>\n\n\n\n<p><strong><span style=\"color: #000000\" class=\"stk-highlight\">Aditivo\u00a0\u2013<\/span>\u00a0<\/strong><a rel=\"noreferrer noopener\" href=\"https:\/\/portais.santoandre.sp.gov.br\/educacao\/wp-content\/uploads\/sites\/17\/2024\/06\/10Aditivo-5.pdf\" target=\"_blank\">Clique Aqui<\/a><strong>!<\/strong><\/p>\n\n\n\n<p><strong><span style=\"color: #000000\" class=\"stk-highlight\">Certificado de Membros \u2013<\/span>\u00a0<\/strong><a rel=\"noreferrer noopener\" href=\"https:\/\/portais.santoandre.sp.gov.br\/educacao\/wp-content\/uploads\/sites\/17\/2024\/06\/11Certificado-de-membros-8.pdf\" target=\"_blank\">Clique Aqui<\/a><strong>!<\/strong><\/p>\n\n\n\n<p><strong><span style=\"color: #000000\" class=\"stk-highlight\">Conv\u00eanio\u00a0\u2013<\/span>\u00a0<\/strong><a rel=\"noreferrer noopener\" href=\"https:\/\/portais.santoandre.sp.gov.br\/educacao\/wp-content\/uploads\/sites\/17\/2024\/06\/12Termo-de-convenio-1.pdf\" target=\"_blank\">Clique Aqui<\/a><strong>!<\/strong><\/p>\n\n\n\n<p><strong><span style=\"color: #000000\" class=\"stk-highlight\">Declara\u00e7\u00e3o de Nepotismo \u2013<\/span>\u00a0<\/strong><a rel=\"noreferrer noopener\" href=\"https:\/\/portais.santoandre.sp.gov.br\/educacao\/wp-content\/uploads\/sites\/17\/2024\/06\/13Declaracao-de-nepotismo-7.pdf\" target=\"_blank\">Clique Aqui<\/a><strong>!<\/strong><\/p>\n\n\n\n<p><strong><span style=\"color: #000000\" class=\"stk-highlight\">Estatuto \u2013<\/span>\u00a0<\/strong><a rel=\"noreferrer noopener\" href=\"https:\/\/portais.santoandre.sp.gov.br\/educacao\/wp-content\/uploads\/sites\/17\/2024\/06\/14Estatuto-Creche-Sueli-Leal-Barros.pdf\" target=\"_blank\">Clique Aqui<\/a><strong>!<\/strong><\/p>\n\n\n\n<p><strong><span style=\"color: #000000\" class=\"stk-highlight\">Pagamento PSA \u2013<\/span>\u00a0<\/strong><a rel=\"noreferrer noopener\" href=\"https:\/\/portais.santoandre.sp.gov.br\/educacao\/wp-content\/uploads\/sites\/17\/2024\/06\/15Pagamento-PSA-2019-10.pdf\" target=\"_blank\">Clique Aqui<\/a><strong>!<\/strong><\/p>\n\n\n\n<p><strong><span style=\"color: #000000\" class=\"stk-highlight\">Plano de Trabalho \u2013<\/span>\u00a0<\/strong><a rel=\"noreferrer noopener\" href=\"https:\/\/portais.santoandre.sp.gov.br\/educacao\/wp-content\/uploads\/sites\/17\/2024\/06\/16Plano-de-trabalho-5.pdf\" target=\"_blank\">Clique Aqui<\/a><strong>!<\/strong><\/p>\n\n\n\n<p><strong><span style=\"color: #000000\" class=\"stk-highlight\">S\u00edntese Aplica\u00e7\u00f5es Financeiras \u2013<\/span>\u00a0<\/strong><a rel=\"noreferrer noopener\" href=\"https:\/\/portais.santoandre.sp.gov.br\/educacao\/wp-content\/uploads\/sites\/17\/2024\/06\/17Sintese-de-Aplicacoes-Financeiras-7.pdf\" target=\"_blank\">Clique Aqui<\/a><strong>!<\/strong><\/p>\n\n\n\n<p><strong><span style=\"color: #000000\" class=\"stk-highlight\">S\u00edntese Receitas e Despesas \u2013<\/span>\u00a0<\/strong><a rel=\"noreferrer noopener\" href=\"https:\/\/portais.santoandre.sp.gov.br\/educacao\/wp-content\/uploads\/sites\/17\/2024\/06\/18Sintese-de-Receitas-e-Despesas-CC-6.pdf\" target=\"_blank\">Clique Aqui<\/a><strong>!<\/strong><\/p>\n","protected":false},"excerpt":{"rendered":"<p>Balancete\u00a0\u2013\u00a0Clique Aqui! Aditivo \u2013\u00a0Clique Aqui! Demonstra\u00e7\u00f5es Cont\u00e1beis \u2013\u00a0Clique Aqui! Demonstrativo de Receitas e Despesas \u2013\u00a0Clique Aqui! Plano de Trabalho 2020\/2021 \u2013\u00a0Clique Aqui! Prestadores de Servi\u00e7os Fornecedores \u2013\u00a0Clique Aqui! S\u00edntese de Aplica\u00e7\u00f5es Financeiras \u2013\u00a0Clique Aqui! S\u00edntese de Aplica\u00e7\u00f5es Financeiras I \u2013\u00a0Clique Aqui! S\u00edntese de Receitas e Despesas \u2013\u00a0Clique Aqui! Aditivo\u00a0\u2013\u00a0Clique Aqui! Certificado de Membros \u2013\u00a0Clique Aqui! [&hellip;]<\/p>\n","protected":false},"author":50,"featured_media":0,"parent":0,"menu_order":0,"comment_status":"closed","ping_status":"closed","template":"","meta":{"footnotes":""},"class_list":["post-3505","page","type-page","status-publish","hentry"],"_links":{"self":[{"href":"https:\/\/portais.santoandre.sp.gov.br\/educacao\/wp-json\/wp\/v2\/pages\/3505","targetHints":{"allow":["GET"]}}],"collection":[{"href":"https:\/\/portais.santoandre.sp.gov.br\/educacao\/wp-json\/wp\/v2\/pages"}],"about":[{"href":"https:\/\/portais.santoandre.sp.gov.br\/educacao\/wp-json\/wp\/v2\/types\/page"}],"author":[{"embeddable":true,"href":"https:\/\/portais.santoandre.sp.gov.br\/educacao\/wp-json\/wp\/v2\/users\/50"}],"replies":[{"embeddable":true,"href":"https:\/\/portais.santoandre.sp.gov.br\/educacao\/wp-json\/wp\/v2\/comments?post=3505"}],"version-history":[{"count":3,"href":"https:\/\/portais.santoandre.sp.gov.br\/educacao\/wp-json\/wp\/v2\/pages\/3505\/revisions"}],"predecessor-version":[{"id":5127,"href":"https:\/\/portais.santoandre.sp.gov.br\/educacao\/wp-json\/wp\/v2\/pages\/3505\/revisions\/5127"}],"wp:attachment":[{"href":"https:\/\/portais.santoandre.sp.gov.br\/educacao\/wp-json\/wp\/v2\/media?parent=3505"}],"curies":[{"name":"wp","href":"https:\/\/api.w.org\/{rel}","templated":true}]}}