{"id":2978,"date":"2024-06-12T15:06:10","date_gmt":"2024-06-12T18:06:10","guid":{"rendered":"https:\/\/portais.santoandre.sp.gov.br\/educacao\/?page_id=2978"},"modified":"2024-08-19T10:13:51","modified_gmt":"2024-08-19T13:13:51","slug":"creche-professor-maximo-manssur-2021","status":"publish","type":"page","link":"https:\/\/portais.santoandre.sp.gov.br\/educacao\/creche-professor-maximo-manssur-2021\/","title":{"rendered":"Creche Professor M\u00e1ximo Manssur &#8211; 2021"},"content":{"rendered":"\n<p><strong><span style=\"color: #000000\" class=\"stk-highlight\">S\u00edntese de\u00a0aplica\u00e7\u00f5es financeiras\u00a0\u2013\u00a0<\/span><\/strong><a rel=\"noreferrer noopener\" href=\"https:\/\/portais.santoandre.sp.gov.br\/educacao\/wp-content\/uploads\/sites\/17\/2024\/06\/1Termo-de-Convenio-2-1.pdf\" target=\"_blank\">Clique Aqui!<\/a><\/p>\n\n\n\n<p><strong><span style=\"color: #000000\" class=\"stk-highlight\">Prestadores de servi\u00e7os Fornecedores \u2013\u00a0<\/span><\/strong><a rel=\"noreferrer noopener\" href=\"https:\/\/portais.santoandre.sp.gov.br\/educacao\/wp-content\/uploads\/sites\/17\/2024\/06\/2Prestadores-de-Servicos-Fornecedores-2021-Creche-Professor-Jorge-Guimaraes-Lopes-da-Costa-2.pdf\" target=\"_blank\">Clique Aqui!<\/a><\/p>\n\n\n\n<p><strong><span style=\"color: #000000\" class=\"stk-highlight\">S\u00edntese do relat\u00f3rio f\u00edsico-financeiros\u00a0de receitas e despesas\u00a0\u2013<\/span>\u00a0<\/strong><a rel=\"noreferrer noopener\" href=\"https:\/\/portais.santoandre.sp.gov.br\/educacao\/wp-content\/uploads\/sites\/17\/2024\/06\/3Sintese-de-Receitas-e-Despesas-2021-Creche-Professor-Jorge-Guimaraes-Lopes-da-Costa-2.pdf\" target=\"_blank\">Clique Aqui!<\/a><\/p>\n\n\n\n<p><strong><span style=\"color: #000000\" class=\"stk-highlight\">Plano de Trabalho 2021\u00a0\u2013\u00a0<\/span><\/strong><a rel=\"noreferrer noopener\" href=\"https:\/\/portais.santoandre.sp.gov.br\/educacao\/wp-content\/uploads\/sites\/17\/2024\/06\/4PLANO-DE-TRABALHO-2021-CRECHE-JORGE-GUIMARAES-2.pdf\" target=\"_blank\">Clique Aqui!<\/a><\/p>\n\n\n\n<p><strong><span style=\"color: #000000\" class=\"stk-highlight\">Termo de Conv\u00eanio 2021\u00a0\u2013<\/span>\u00a0<\/strong><a rel=\"noreferrer noopener\" href=\"https:\/\/portais.santoandre.sp.gov.br\/educacao\/wp-content\/uploads\/sites\/17\/2024\/06\/5TERMO-DE-CONVENIO-2021-CRECHE-JORGE-GUIMARAES-LOPES-DA-COSTA-PROF-2.pdf\" target=\"_blank\">Clique Aqui!<\/a><\/p>\n\n\n\n<p><strong><span style=\"color: #000000\" class=\"stk-highlight\">Rela\u00e7\u00e3o Nominal dos Dirigentes\u00a0\u2013<\/span>\u00a0<\/strong><a rel=\"noreferrer noopener\" href=\"https:\/\/portais.santoandre.sp.gov.br\/educacao\/wp-content\/uploads\/sites\/17\/2024\/06\/6CM-CRECHE-JORGE-GUIMARAES-2.pdf\" target=\"_blank\">Clique Aqui!<\/a><\/p>\n\n\n\n<p><strong><span style=\"color: #000000\" class=\"stk-highlight\">Valores Repassados \u2013<\/span>\u00a0<\/strong><a rel=\"noreferrer noopener\" href=\"https:\/\/portais.santoandre.sp.gov.br\/educacao\/wp-content\/uploads\/sites\/17\/2024\/06\/7PAGAMENTOS-PSA-2021-Creche-Jorge-Guimaraes-2.pdf\" target=\"_blank\">Clique Aqui!<\/a><\/p>\n\n\n\n<p><strong><span style=\"color: #000000\" class=\"stk-highlight\">Remunera\u00e7\u00e3o individualizada dos Dirigentes \u2013<\/span>\u00a0<\/strong><a rel=\"noreferrer noopener\" href=\"https:\/\/portais.santoandre.sp.gov.br\/educacao\/wp-content\/uploads\/sites\/17\/2024\/06\/8DN-CRECHE-JORGE-GUIMARAES-2.pdf\" target=\"_blank\">Clique Aqui!<\/a><\/p>\n\n\n\n<p><strong><span style=\"color: #000000\" class=\"stk-highlight\">Demonstrativo de Receitas e Despesas &#8211;<\/span>\u00a0<\/strong><a rel=\"noreferrer noopener\" href=\"https:\/\/portais.santoandre.sp.gov.br\/educacao\/wp-content\/uploads\/sites\/17\/2024\/06\/9Demonstrativo-de-Receita-e-Despesa-2021-Creche-Professor-Jorge-Guimaraes-Lopes-da-Costa-2.pdf\" target=\"_blank\">Clique Aqui!<\/a><\/p>\n\n\n\n<p><strong><span style=\"color: #000000\" class=\"stk-highlight\">Termo Aditivo 2021 &#8211;<\/span>\u00a0<\/strong><a rel=\"noreferrer noopener\" href=\"https:\/\/portais.santoandre.sp.gov.br\/educacao\/wp-content\/uploads\/sites\/17\/2024\/06\/10TERMO-ADITIVO-2021-Creche-Jorge-Guimaraes-Lopes-da-Costa-2.pdf\" target=\"_blank\">Clique Aqui!<\/a><\/p>\n\n\n\n<p><strong><span style=\"color: #000000\" class=\"stk-highlight\">Estatuto \u2013\u00a0<\/span><\/strong><a rel=\"noreferrer noopener\" href=\"https:\/\/portais.santoandre.sp.gov.br\/educacao\/wp-content\/uploads\/sites\/17\/2024\/06\/11Estatuto-Creche-Prof-Jorge-Guimaraes-2.pdf\" target=\"_blank\">Clique Aqui!<\/a><\/p>\n","protected":false},"excerpt":{"rendered":"<p>S\u00edntese de\u00a0aplica\u00e7\u00f5es financeiras\u00a0\u2013\u00a0Clique Aqui! Prestadores de servi\u00e7os Fornecedores \u2013\u00a0Clique Aqui! S\u00edntese do relat\u00f3rio f\u00edsico-financeiros\u00a0de receitas e despesas\u00a0\u2013\u00a0Clique Aqui! Plano de Trabalho 2021\u00a0\u2013\u00a0Clique Aqui! Termo de Conv\u00eanio 2021\u00a0\u2013\u00a0Clique Aqui! Rela\u00e7\u00e3o Nominal dos Dirigentes\u00a0\u2013\u00a0Clique Aqui! Valores Repassados \u2013\u00a0Clique Aqui! Remunera\u00e7\u00e3o individualizada dos Dirigentes \u2013\u00a0Clique Aqui! Demonstrativo de Receitas e Despesas &#8211;\u00a0Clique Aqui! Termo Aditivo 2021 &#8211;\u00a0Clique Aqui! [&hellip;]<\/p>\n","protected":false},"author":50,"featured_media":0,"parent":0,"menu_order":0,"comment_status":"closed","ping_status":"closed","template":"","meta":{"footnotes":""},"class_list":["post-2978","page","type-page","status-publish","hentry"],"_links":{"self":[{"href":"https:\/\/portais.santoandre.sp.gov.br\/educacao\/wp-json\/wp\/v2\/pages\/2978","targetHints":{"allow":["GET"]}}],"collection":[{"href":"https:\/\/portais.santoandre.sp.gov.br\/educacao\/wp-json\/wp\/v2\/pages"}],"about":[{"href":"https:\/\/portais.santoandre.sp.gov.br\/educacao\/wp-json\/wp\/v2\/types\/page"}],"author":[{"embeddable":true,"href":"https:\/\/portais.santoandre.sp.gov.br\/educacao\/wp-json\/wp\/v2\/users\/50"}],"replies":[{"embeddable":true,"href":"https:\/\/portais.santoandre.sp.gov.br\/educacao\/wp-json\/wp\/v2\/comments?post=2978"}],"version-history":[{"count":4,"href":"https:\/\/portais.santoandre.sp.gov.br\/educacao\/wp-json\/wp\/v2\/pages\/2978\/revisions"}],"predecessor-version":[{"id":5077,"href":"https:\/\/portais.santoandre.sp.gov.br\/educacao\/wp-json\/wp\/v2\/pages\/2978\/revisions\/5077"}],"wp:attachment":[{"href":"https:\/\/portais.santoandre.sp.gov.br\/educacao\/wp-json\/wp\/v2\/media?parent=2978"}],"curies":[{"name":"wp","href":"https:\/\/api.w.org\/{rel}","templated":true}]}}