{"id":270,"date":"2024-04-03T14:06:03","date_gmt":"2024-04-03T17:06:03","guid":{"rendered":"https:\/\/portais.santoandre.sp.gov.br\/educacao\/?page_id=270"},"modified":"2024-09-20T09:06:15","modified_gmt":"2024-09-20T12:06:15","slug":"requerimentos","status":"publish","type":"page","link":"https:\/\/portais.santoandre.sp.gov.br\/educacao\/requerimentos\/","title":{"rendered":"Requerimentos"},"content":{"rendered":"\n<p><span style=\"color: #000000\" class=\"stk-highlight\">REQUERIMENTO PARA ATENDIMENTO DE SERVIDORES\/FUNCION\u00c1RIOS &#8211;<\/span> <a rel=\"noreferrer noopener\" href=\"https:\/\/portais.santoandre.sp.gov.br\/educacao\/wp-content\/uploads\/sites\/17\/2024\/09\/REQUERIMENTO-DE-ATENDIMENTO-FUNCIONARIOS.pdf\" target=\"_blank\">Clique Aqui!<\/a><\/p>\n\n\n\n<p><span style=\"color: #000000\" class=\"stk-highlight\">REQUERIMENTO DE PROGRESS\u00c3O FUNCIONAL &#8211;<\/span> <a href=\"https:\/\/portais.santoandre.sp.gov.br\/educacao\/wp-content\/uploads\/sites\/17\/2024\/09\/REQUERIMENTO-DE-PROGRESSAO-FUNCIONAL.pdf\" target=\"_blank\" rel=\"noreferrer noopener\">Clique Aqui!<\/a><\/p>\n\n\n\n<p><span style=\"color: #000000\" class=\"stk-highlight\">REQUERIMENTO PARA REALIZA\u00c7\u00c3O DE PESQUISA &#8211;<\/span> <a rel=\"noreferrer noopener\" href=\"https:\/\/portais.santoandre.sp.gov.br\/educacao\/wp-content\/uploads\/sites\/17\/2024\/09\/REQUERIMENTO-DE-SOLICITACAO-DE-PESQUISA.pdf\" target=\"_blank\">Clique Aqui!<\/a><\/p>\n","protected":false},"excerpt":{"rendered":"<p>REQUERIMENTO PARA ATENDIMENTO DE SERVIDORES\/FUNCION\u00c1RIOS &#8211; Clique Aqui! REQUERIMENTO DE PROGRESS\u00c3O FUNCIONAL &#8211; Clique Aqui! REQUERIMENTO PARA REALIZA\u00c7\u00c3O DE PESQUISA &#8211; Clique Aqui!<\/p>\n","protected":false},"author":50,"featured_media":0,"parent":0,"menu_order":0,"comment_status":"closed","ping_status":"closed","template":"","meta":{"footnotes":""},"class_list":["post-270","page","type-page","status-publish","hentry"],"_links":{"self":[{"href":"https:\/\/portais.santoandre.sp.gov.br\/educacao\/wp-json\/wp\/v2\/pages\/270","targetHints":{"allow":["GET"]}}],"collection":[{"href":"https:\/\/portais.santoandre.sp.gov.br\/educacao\/wp-json\/wp\/v2\/pages"}],"about":[{"href":"https:\/\/portais.santoandre.sp.gov.br\/educacao\/wp-json\/wp\/v2\/types\/page"}],"author":[{"embeddable":true,"href":"https:\/\/portais.santoandre.sp.gov.br\/educacao\/wp-json\/wp\/v2\/users\/50"}],"replies":[{"embeddable":true,"href":"https:\/\/portais.santoandre.sp.gov.br\/educacao\/wp-json\/wp\/v2\/comments?post=270"}],"version-history":[{"count":5,"href":"https:\/\/portais.santoandre.sp.gov.br\/educacao\/wp-json\/wp\/v2\/pages\/270\/revisions"}],"predecessor-version":[{"id":6464,"href":"https:\/\/portais.santoandre.sp.gov.br\/educacao\/wp-json\/wp\/v2\/pages\/270\/revisions\/6464"}],"wp:attachment":[{"href":"https:\/\/portais.santoandre.sp.gov.br\/educacao\/wp-json\/wp\/v2\/media?parent=270"}],"curies":[{"name":"wp","href":"https:\/\/api.w.org\/{rel}","templated":true}]}}