{"id":219,"date":"2024-04-03T11:09:55","date_gmt":"2024-04-03T14:09:55","guid":{"rendered":"https:\/\/portais.santoandre.sp.gov.br\/educacao\/?page_id=219"},"modified":"2024-09-18T15:42:10","modified_gmt":"2024-09-18T18:42:10","slug":"estatuto-do-magisterio","status":"publish","type":"page","link":"https:\/\/portais.santoandre.sp.gov.br\/educacao\/estatuto-do-magisterio\/","title":{"rendered":"Estatuto do Magist\u00e9rio"},"content":{"rendered":"\n<p><a href=\"https:\/\/portais.santoandre.sp.gov.br\/educacao\/wp-content\/uploads\/sites\/17\/2024\/09\/6.833_1991.pdf\">Clique aqui para consultar a Lei n\u00ba 6.833, de 15 de outubro de 1991 &#8211; Disp\u00f5e sobre a organiza\u00e7\u00e3o administrativa do Magist\u00e9rio Municipal. <\/a><\/p>\n","protected":false},"excerpt":{"rendered":"<p>Clique aqui para consultar a Lei n\u00ba 6.833, de 15 de outubro de 1991 &#8211; Disp\u00f5e sobre a organiza\u00e7\u00e3o administrativa do Magist\u00e9rio Municipal.<\/p>\n","protected":false},"author":50,"featured_media":0,"parent":0,"menu_order":0,"comment_status":"closed","ping_status":"closed","template":"","meta":{"footnotes":""},"class_list":["post-219","page","type-page","status-publish","hentry"],"_links":{"self":[{"href":"https:\/\/portais.santoandre.sp.gov.br\/educacao\/wp-json\/wp\/v2\/pages\/219","targetHints":{"allow":["GET"]}}],"collection":[{"href":"https:\/\/portais.santoandre.sp.gov.br\/educacao\/wp-json\/wp\/v2\/pages"}],"about":[{"href":"https:\/\/portais.santoandre.sp.gov.br\/educacao\/wp-json\/wp\/v2\/types\/page"}],"author":[{"embeddable":true,"href":"https:\/\/portais.santoandre.sp.gov.br\/educacao\/wp-json\/wp\/v2\/users\/50"}],"replies":[{"embeddable":true,"href":"https:\/\/portais.santoandre.sp.gov.br\/educacao\/wp-json\/wp\/v2\/comments?post=219"}],"version-history":[{"count":3,"href":"https:\/\/portais.santoandre.sp.gov.br\/educacao\/wp-json\/wp\/v2\/pages\/219\/revisions"}],"predecessor-version":[{"id":6439,"href":"https:\/\/portais.santoandre.sp.gov.br\/educacao\/wp-json\/wp\/v2\/pages\/219\/revisions\/6439"}],"wp:attachment":[{"href":"https:\/\/portais.santoandre.sp.gov.br\/educacao\/wp-json\/wp\/v2\/media?parent=219"}],"curies":[{"name":"wp","href":"https:\/\/api.w.org\/{rel}","templated":true}]}}