{"id":216,"date":"2024-04-03T11:08:48","date_gmt":"2024-04-03T14:08:48","guid":{"rendered":"https:\/\/portais.santoandre.sp.gov.br\/educacao\/?page_id=216"},"modified":"2025-10-10T07:55:54","modified_gmt":"2025-10-10T10:55:54","slug":"educacenso","status":"publish","type":"page","link":"https:\/\/portais.santoandre.sp.gov.br\/educacao\/educacenso\/","title":{"rendered":"Educacenso"},"content":{"rendered":"\n<p class=\"has-black-color has-text-color\">O Educacenso \u00e9 uma radiografia detalhada do sistema educacional brasileiro. A ferramenta permite obter dados individualizados de cada estudante, professor, turma e escola do pa\u00eds, tanto das redes p\u00fablicas (federal, estaduais e municipais) quanto da rede privada. Todo o levantamento \u00e9 feito pela internet.<\/p>\n\n\n\n<p class=\"has-black-color has-text-color\">A partir dos dados do Educacenso, \u00e9 calculado o \u00cdndice de Desenvolvimento da Educa\u00e7\u00e3o B\u00e1sica (Ideb) e planejada a distribui\u00e7\u00e3o de recursos para alimenta\u00e7\u00e3o, transporte escolar e livros did\u00e1ticos, entre outros.<\/p>\n\n\n\n<div class=\"wp-block-buttons is-layout-flex wp-block-buttons-is-layout-flex\">\n<div class=\"wp-block-button is-style-fill\"><a class=\"wp-block-button__link has-vivid-cyan-blue-background-color has-background has-medium-font-size has-text-align-center has-custom-font-size wp-element-button\" href=\"https:\/\/educacenso.inep.gov.br\/educacenso\/\" style=\"border-radius:46px\">Acesso ao Educacenso<\/a><\/div>\n<\/div>\n","protected":false},"excerpt":{"rendered":"<p>O Educacenso \u00e9 uma radiografia detalhada do sistema educacional brasileiro. A ferramenta permite obter dados individualizados de cada estudante, professor, turma e escola do pa\u00eds, tanto das redes p\u00fablicas (federal, estaduais e municipais) quanto da rede privada. Todo o levantamento \u00e9 feito pela internet. A partir dos dados do Educacenso, \u00e9 calculado o \u00cdndice de [&hellip;]<\/p>\n","protected":false},"author":50,"featured_media":0,"parent":0,"menu_order":0,"comment_status":"closed","ping_status":"closed","template":"","meta":{"footnotes":""},"class_list":["post-216","page","type-page","status-publish","hentry"],"_links":{"self":[{"href":"https:\/\/portais.santoandre.sp.gov.br\/educacao\/wp-json\/wp\/v2\/pages\/216","targetHints":{"allow":["GET"]}}],"collection":[{"href":"https:\/\/portais.santoandre.sp.gov.br\/educacao\/wp-json\/wp\/v2\/pages"}],"about":[{"href":"https:\/\/portais.santoandre.sp.gov.br\/educacao\/wp-json\/wp\/v2\/types\/page"}],"author":[{"embeddable":true,"href":"https:\/\/portais.santoandre.sp.gov.br\/educacao\/wp-json\/wp\/v2\/users\/50"}],"replies":[{"embeddable":true,"href":"https:\/\/portais.santoandre.sp.gov.br\/educacao\/wp-json\/wp\/v2\/comments?post=216"}],"version-history":[{"count":6,"href":"https:\/\/portais.santoandre.sp.gov.br\/educacao\/wp-json\/wp\/v2\/pages\/216\/revisions"}],"predecessor-version":[{"id":10857,"href":"https:\/\/portais.santoandre.sp.gov.br\/educacao\/wp-json\/wp\/v2\/pages\/216\/revisions\/10857"}],"wp:attachment":[{"href":"https:\/\/portais.santoandre.sp.gov.br\/educacao\/wp-json\/wp\/v2\/media?parent=216"}],"curies":[{"name":"wp","href":"https:\/\/api.w.org\/{rel}","templated":true}]}}